{"id":12572,"date":"2017-12-24T16:55:57","date_gmt":"2017-12-24T15:55:57","guid":{"rendered":"https:\/\/www.bipea.org\/fonctionnement-des-cil-bipea\/"},"modified":"2024-11-13T12:08:33","modified_gmt":"2024-11-13T11:08:33","slug":"fonctionnement-des-cil-bipea","status":"publish","type":"page","link":"https:\/\/www.bipea.org\/fr\/fonctionnement-des-cil-bipea\/","title":{"rendered":"Fonctionnement des CIL BIPEA"},"content":{"rendered":"<p><div class=\"fusion-fullwidth fullwidth-box fusion-builder-row-1 back_box nonhundred-percent-fullwidth non-hundred-percent-height-scrolling\" style=\"--awb-border-radius-top-left:0px;--awb-border-radius-top-right:0px;--awb-border-radius-bottom-right:0px;--awb-border-radius-bottom-left:0px;--awb-flex-wrap:wrap;\" ><div class=\"fusion-builder-row fusion-row\"><div class=\"fusion-layout-column fusion_builder_column fusion-builder-column-0 fusion_builder_column_5_6 5_6 fusion-five-sixth fusion-column-first\" style=\"--awb-bg-size:cover;width:83.333333333333%;width:calc(83.333333333333% - ( ( 4% ) * 0.83333333333333 ) );margin-right: 4%;\"><div class=\"fusion-column-wrapper fusion-flex-column-wrapper-legacy\"><div class=\"fusion-clearfix\"><\/div><\/div><\/div><div class=\"fusion-layout-column fusion_builder_column fusion-builder-column-1 fusion_builder_column_1_6 1_6 fusion-one-sixth fusion-column-last\" style=\"--awb-bg-size:cover;width:16.666666666667%;width:calc(16.666666666667% - ( ( 4% ) * 0.16666666666667 ) );\"><div class=\"fusion-column-wrapper fusion-flex-column-wrapper-legacy\"><div class=\"fusion-text fusion-text-1\"><p><a href=\"https:\/\/www.bipea.org\/fr\/essais-interlaboratoires-eils\/\">Retour \u00e0 la liste compl\u00e8te des EILs<\/a><\/p>\n<\/div><div class=\"fusion-clearfix\"><\/div><\/div><\/div><\/div><\/div><div class=\"fusion-fullwidth fullwidth-box fusion-builder-row-2 nonhundred-percent-fullwidth non-hundred-percent-height-scrolling\" style=\"--awb-border-radius-top-left:0px;--awb-border-radius-top-right:0px;--awb-border-radius-bottom-right:0px;--awb-border-radius-bottom-left:0px;--awb-flex-wrap:wrap;\" ><div class=\"fusion-builder-row fusion-row\"><div class=\"fusion-layout-column fusion_builder_column fusion-builder-column-2 fusion_builder_column_2_3 2_3 fusion-two-third fusion-column-first\" style=\"--awb-bg-size:cover;--awb-margin-bottom:0px;width:65.3333%; margin-right: 4%;\"><div class=\"fusion-column-wrapper fusion-flex-column-wrapper-legacy\"><div class=\"fusion-text fusion-text-2\"><p class=\"font_8\" style=\"text-align: justify;\"><strong><span style=\"color: #0076b3; font-size: 14pt;\">NOS PROGRAMMES D&rsquo;ESSAIS<\/span><\/strong><br \/>\n<span style=\"font-size: 14pt;\">Le BIPEA met chaque ann\u00e9e, \u00e0 disposition de ses adh\u00e9rents, des programmes annuels de comparaisons interlaboratoires de septembre \u00e0 juin de l\u2019ann\u00e9e suivante. Les plannings de chaque programme sont disponibles sur le site du BIPEA <span style=\"text-decoration: underline;\"><a href=\"https:\/\/www.bipea.org\" target=\"_blank\" rel=\"noopener\" data-type=\"external\" data-content=\"https:\/\/www.bipea.org\">www.bipea.org<\/a><\/span><\/span><\/p>\n<p class=\"font_8\" style=\"text-align: justify;\"><span style=\"font-size: 14pt;\">Un laboratoire qui s&rsquo;inscrit \u00e0 un programme recevra tous les \u00e9chantillons relatifs \u00e0 celui-ci. Chaque programme est compos\u00e9 d&rsquo;un certain nombre d\u2019essais qui eux-m\u00eames peuvent comprendre un ou plusieurs \u00e9chantillons \u00e0 analyser.<\/span><\/p>\n<p class=\"font_8\" style=\"text-align: justify;\"><span style=\"text-decoration: underline; font-size: 14pt;\"><span class=\"wixGuard\">\u200b<\/span><\/span><\/p>\n<p class=\"font_8\" style=\"text-align: justify;\"><span style=\"text-decoration: underline; font-size: 14pt;\"><span class=\"wixGuard\">\u200b<\/span><\/span><\/p>\n<p class=\"font_8\" style=\"text-align: justify;\"><strong><span style=\"color: #0076b3; font-size: 14pt;\">INSCRIPTION DES ADH\u00c9RENTS<\/span><\/strong><br \/>\n<span style=\"font-size: 14pt;\">Les laboratoires peuvent s&rsquo;inscrire \u00e0 nos programmes de comparaisons interlaboratoires en d\u00e9but de campagne, et \u00e0 tout moment au cours de l\u2019&rsquo;ann\u00e9e. \u200b<\/span><\/p>\n<p class=\"font_8\" style=\"text-align: justify;\"><span class=\"wixGuard\" style=\"font-size: 14pt;\">\u200b<\/span><\/p>\n<p class=\"font_8\" style=\"text-align: justify;\"><span class=\"wixGuard\" style=\"font-size: 14pt;\">\u200b<\/span><\/p>\n<p class=\"font_8\" style=\"text-align: justify;\"><strong><span style=\"color: #0076b3; font-size: 14pt;\">FABRICATION ET EXP\u00c9DITION DES \u00c9CHANTILLONS<\/span><\/strong><br \/>\n<span style=\"font-size: 14pt;\">Nos \u00e9chantillons sont fabriqu\u00e9s par notre service fabrication et r\u00e9pondent \u00e0 des exigences tr\u00e8s strictes afin de garantir leur homog\u00e9n\u00e9it\u00e9. Les mat\u00e9riaux utilis\u00e9s sont tr\u00e8s proches de ceux analys\u00e9s en routine. Des dopages peuvent \u00eatre r\u00e9alis\u00e9s afin de contr\u00f4ler la qualit\u00e9 de vos analyses sur tout le domaine d\u2019application de la norme ou de la m\u00e9thode.<\/span><br \/>\n<span style=\"font-size: 14pt;\">Le BIPEA a d\u00e9velopp\u00e9 une grande expertise logistique dans le choix du conditionnement et du transport afin de garantir la livraison des \u00e9chantillons rapide et conforme. Le service fabrication et exp\u00e9dition attribue un num\u00e9ro \u00e0 chaque \u00e9chantillon ce qui permet une tra\u00e7abilit\u00e9 totale de ce dernier durant tout le d\u00e9roulement de l\u2019essai\u00a0: de l\u2019achat de la matrice au r\u00e9sultat du laboratoire.<\/span><\/p>\n<p class=\"font_8\" style=\"text-align: justify;\"><span style=\"text-decoration: underline; font-size: 14pt;\"><span class=\"wixGuard\">\u200b<\/span><\/span><\/p>\n<p class=\"font_8\" style=\"text-align: justify;\"><span style=\"text-decoration: underline; font-size: 14pt;\"><span class=\"wixGuard\">\u200b<\/span><\/span><\/p>\n<p class=\"font_8\" style=\"text-align: justify;\"><strong><span style=\"color: #0076b3; font-size: 14pt;\">ANALYSE DES \u00c9CHANTILLONS ET TRAITEMENT STATISTIQUE<\/span><\/strong><br \/>\n<span style=\"font-size: 14pt;\">D\u00e8s r\u00e9ception des \u00e9chantillons, le formulaire de report de r\u00e9sultats est mis en ligne sur notre site. Les laboratoires sont invit\u00e9s \u00e0 r\u00e9aliser les analyses et \u00e0 saisir leurs r\u00e9sultats avant la date limite de r\u00e9ponse mentionn\u00e9e sur le formulaire.<\/span><br \/>\n<span style=\"font-size: 14pt;\">Les r\u00e9sultats des participants sont trait\u00e9s par notre service statistique qui publiera le Rapport de Comparaisons Interlaboratoires sous 17 jours ouvr\u00e9s (en moyenne) apr\u00e8s la date limite de rendu des r\u00e9sultats.<\/span><\/p>\n<\/div><div class=\"fusion-clearfix\"><\/div><\/div><\/div><div class=\"fusion-layout-column fusion_builder_column fusion-builder-column-3 fusion_builder_column_1_3 1_3 fusion-one-third fusion-column-last\" style=\"--awb-bg-size:cover;width:30.6666%;\"><div class=\"fusion-column-wrapper fusion-flex-column-wrapper-legacy\"><div class=\"fusion-image-element in-legacy-container\" style=\"--awb-caption-title-font-family:var(--h2_typography-font-family);--awb-caption-title-font-weight:var(--h2_typography-font-weight);--awb-caption-title-font-style:var(--h2_typography-font-style);--awb-caption-title-size:var(--h2_typography-font-size);--awb-caption-title-transform:var(--h2_typography-text-transform);--awb-caption-title-line-height:var(--h2_typography-line-height);--awb-caption-title-letter-spacing:var(--h2_typography-letter-spacing);\"><span class=\" fusion-imageframe imageframe-none imageframe-1 hover-type-none\"><img decoding=\"async\" width=\"347\" height=\"589\" title=\"chart2fr\" src=\"https:\/\/www.bipea.org\/wp-content\/uploads\/2017\/12\/chart2fr.png\" alt class=\"img-responsive wp-image-12579\" srcset=\"https:\/\/www.bipea.org\/wp-content\/uploads\/2017\/12\/chart2fr-200x339.png 200w, https:\/\/www.bipea.org\/wp-content\/uploads\/2017\/12\/chart2fr.png 347w\" sizes=\"(max-width: 800px) 100vw, 347px\" \/><\/span><\/div><div class=\"fusion-clearfix\"><\/div><\/div><\/div><\/div><\/div><\/p>\n","protected":false},"excerpt":{"rendered":"","protected":false},"author":1,"featured_media":0,"parent":0,"menu_order":0,"comment_status":"closed","ping_status":"closed","template":"","meta":{"footnotes":""},"class_list":["post-12572","page","type-page","status-publish","hentry"],"yoast_head":"<!-- This site is optimized with the Yoast SEO plugin v27.0 - https:\/\/yoast.com\/product\/yoast-seo-wordpress\/ -->\n<title>Fonctionnement des CIL BIPEA - Bipea<\/title>\n<meta name=\"robots\" content=\"index, follow, max-snippet:-1, max-image-preview:large, max-video-preview:-1\" \/>\n<link rel=\"canonical\" href=\"https:\/\/www.bipea.org\/fr\/fonctionnement-des-cil-bipea\/\" \/>\n<meta property=\"og:locale\" content=\"fr_FR\" \/>\n<meta property=\"og:type\" content=\"article\" \/>\n<meta property=\"og:title\" content=\"Fonctionnement des CIL BIPEA - Bipea\" \/>\n<meta property=\"og:url\" content=\"https:\/\/www.bipea.org\/fr\/fonctionnement-des-cil-bipea\/\" \/>\n<meta property=\"og:site_name\" content=\"Bipea\" \/>\n<meta property=\"article:publisher\" content=\"https:\/\/www.facebook.com\/Bipea-Proficiency-Testing-Programs-1726595444310313\/\" \/>\n<meta property=\"article:modified_time\" content=\"2024-11-13T11:08:33+00:00\" \/>\n<meta name=\"twitter:card\" content=\"summary_large_image\" \/>\n<meta name=\"twitter:site\" content=\"@BipeaP\" \/>\n<meta name=\"twitter:label1\" content=\"Dur\u00e9e de lecture estim\u00e9e\" \/>\n\t<meta name=\"twitter:data1\" content=\"3 minutes\" \/>\n<script type=\"application\/ld+json\" class=\"yoast-schema-graph\">{\"@context\":\"https:\/\/schema.org\",\"@graph\":[{\"@type\":\"WebPage\",\"@id\":\"https:\/\/www.bipea.org\/fr\/fonctionnement-des-cil-bipea\/\",\"url\":\"https:\/\/www.bipea.org\/fr\/fonctionnement-des-cil-bipea\/\",\"name\":\"Fonctionnement des CIL BIPEA - Bipea\",\"isPartOf\":{\"@id\":\"https:\/\/www.bipea.org\/fr\/#website\"},\"datePublished\":\"2017-12-24T15:55:57+00:00\",\"dateModified\":\"2024-11-13T11:08:33+00:00\",\"breadcrumb\":{\"@id\":\"https:\/\/www.bipea.org\/fr\/fonctionnement-des-cil-bipea\/#breadcrumb\"},\"inLanguage\":\"fr-FR\",\"potentialAction\":[{\"@type\":\"ReadAction\",\"target\":[\"https:\/\/www.bipea.org\/fr\/fonctionnement-des-cil-bipea\/\"]}]},{\"@type\":\"BreadcrumbList\",\"@id\":\"https:\/\/www.bipea.org\/fr\/fonctionnement-des-cil-bipea\/#breadcrumb\",\"itemListElement\":[{\"@type\":\"ListItem\",\"position\":1,\"name\":\"Accueil\",\"item\":\"https:\/\/www.bipea.org\/fr\/\"},{\"@type\":\"ListItem\",\"position\":2,\"name\":\"Fonctionnement des CIL BIPEA\"}]},{\"@type\":\"WebSite\",\"@id\":\"https:\/\/www.bipea.org\/fr\/#website\",\"url\":\"https:\/\/www.bipea.org\/fr\/\",\"name\":\"Bipea\",\"description\":\"\",\"potentialAction\":[{\"@type\":\"SearchAction\",\"target\":{\"@type\":\"EntryPoint\",\"urlTemplate\":\"https:\/\/www.bipea.org\/fr\/?s={search_term_string}\"},\"query-input\":{\"@type\":\"PropertyValueSpecification\",\"valueRequired\":true,\"valueName\":\"search_term_string\"}}],\"inLanguage\":\"fr-FR\"}]}<\/script>\n<!-- \/ Yoast SEO plugin. -->","yoast_head_json":{"title":"Fonctionnement des CIL BIPEA - Bipea","robots":{"index":"index","follow":"follow","max-snippet":"max-snippet:-1","max-image-preview":"max-image-preview:large","max-video-preview":"max-video-preview:-1"},"canonical":"https:\/\/www.bipea.org\/fr\/fonctionnement-des-cil-bipea\/","og_locale":"fr_FR","og_type":"article","og_title":"Fonctionnement des CIL BIPEA - Bipea","og_url":"https:\/\/www.bipea.org\/fr\/fonctionnement-des-cil-bipea\/","og_site_name":"Bipea","article_publisher":"https:\/\/www.facebook.com\/Bipea-Proficiency-Testing-Programs-1726595444310313\/","article_modified_time":"2024-11-13T11:08:33+00:00","twitter_card":"summary_large_image","twitter_site":"@BipeaP","twitter_misc":{"Dur\u00e9e de lecture estim\u00e9e":"3 minutes"},"schema":{"@context":"https:\/\/schema.org","@graph":[{"@type":"WebPage","@id":"https:\/\/www.bipea.org\/fr\/fonctionnement-des-cil-bipea\/","url":"https:\/\/www.bipea.org\/fr\/fonctionnement-des-cil-bipea\/","name":"Fonctionnement des CIL BIPEA - Bipea","isPartOf":{"@id":"https:\/\/www.bipea.org\/fr\/#website"},"datePublished":"2017-12-24T15:55:57+00:00","dateModified":"2024-11-13T11:08:33+00:00","breadcrumb":{"@id":"https:\/\/www.bipea.org\/fr\/fonctionnement-des-cil-bipea\/#breadcrumb"},"inLanguage":"fr-FR","potentialAction":[{"@type":"ReadAction","target":["https:\/\/www.bipea.org\/fr\/fonctionnement-des-cil-bipea\/"]}]},{"@type":"BreadcrumbList","@id":"https:\/\/www.bipea.org\/fr\/fonctionnement-des-cil-bipea\/#breadcrumb","itemListElement":[{"@type":"ListItem","position":1,"name":"Accueil","item":"https:\/\/www.bipea.org\/fr\/"},{"@type":"ListItem","position":2,"name":"Fonctionnement des CIL BIPEA"}]},{"@type":"WebSite","@id":"https:\/\/www.bipea.org\/fr\/#website","url":"https:\/\/www.bipea.org\/fr\/","name":"Bipea","description":"","potentialAction":[{"@type":"SearchAction","target":{"@type":"EntryPoint","urlTemplate":"https:\/\/www.bipea.org\/fr\/?s={search_term_string}"},"query-input":{"@type":"PropertyValueSpecification","valueRequired":true,"valueName":"search_term_string"}}],"inLanguage":"fr-FR"}]}},"_links":{"self":[{"href":"https:\/\/www.bipea.org\/fr\/wp-json\/wp\/v2\/pages\/12572","targetHints":{"allow":["GET"]}}],"collection":[{"href":"https:\/\/www.bipea.org\/fr\/wp-json\/wp\/v2\/pages"}],"about":[{"href":"https:\/\/www.bipea.org\/fr\/wp-json\/wp\/v2\/types\/page"}],"author":[{"embeddable":true,"href":"https:\/\/www.bipea.org\/fr\/wp-json\/wp\/v2\/users\/1"}],"replies":[{"embeddable":true,"href":"https:\/\/www.bipea.org\/fr\/wp-json\/wp\/v2\/comments?post=12572"}],"version-history":[{"count":7,"href":"https:\/\/www.bipea.org\/fr\/wp-json\/wp\/v2\/pages\/12572\/revisions"}],"predecessor-version":[{"id":22276,"href":"https:\/\/www.bipea.org\/fr\/wp-json\/wp\/v2\/pages\/12572\/revisions\/22276"}],"wp:attachment":[{"href":"https:\/\/www.bipea.org\/fr\/wp-json\/wp\/v2\/media?parent=12572"}],"curies":[{"name":"wp","href":"https:\/\/api.w.org\/{rel}","templated":true}]}}