{"id":12568,"date":"2017-12-23T19:33:35","date_gmt":"2017-12-23T18:33:35","guid":{"rendered":"https:\/\/www.bipea.org\/accuracy-monitoring-charts\/"},"modified":"2024-11-13T10:59:38","modified_gmt":"2024-11-13T09:59:38","slug":"carte-de-suivi-de-la-justesse","status":"publish","type":"page","link":"https:\/\/www.bipea.org\/fr\/carte-de-suivi-de-la-justesse\/","title":{"rendered":"Carte de suivi de la justesse"},"content":{"rendered":"<p><div class=\"fusion-fullwidth fullwidth-box fusion-builder-row-1 back_box nonhundred-percent-fullwidth non-hundred-percent-height-scrolling\" style=\"--awb-border-radius-top-left:0px;--awb-border-radius-top-right:0px;--awb-border-radius-bottom-right:0px;--awb-border-radius-bottom-left:0px;--awb-flex-wrap:wrap;\" ><div class=\"fusion-builder-row fusion-row\"><div class=\"fusion-layout-column fusion_builder_column fusion-builder-column-0 fusion_builder_column_5_6 5_6 fusion-five-sixth fusion-column-first\" style=\"--awb-bg-size:cover;width:83.333333333333%;width:calc(83.333333333333% - ( ( 4% ) * 0.83333333333333 ) );margin-right: 4%;\"><div class=\"fusion-column-wrapper fusion-flex-column-wrapper-legacy\"><div class=\"fusion-clearfix\"><\/div><\/div><\/div><div class=\"fusion-layout-column fusion_builder_column fusion-builder-column-1 fusion_builder_column_1_6 1_6 fusion-one-sixth fusion-column-last\" style=\"--awb-bg-size:cover;width:16.666666666667%;width:calc(16.666666666667% - ( ( 4% ) * 0.16666666666667 ) );\"><div class=\"fusion-column-wrapper fusion-flex-column-wrapper-legacy\"><div class=\"fusion-text fusion-text-1\"><p><a href=\"https:\/\/www.bipea.org\/fr\/essais-interlaboratoires-eils\/\">Retour \u00e0 la liste compl\u00e8te des EILs<\/a><\/p>\n<\/div><div class=\"fusion-clearfix\"><\/div><\/div><\/div><\/div><\/div><div class=\"fusion-fullwidth fullwidth-box fusion-builder-row-2 nonhundred-percent-fullwidth non-hundred-percent-height-scrolling\" style=\"--awb-border-radius-top-left:0px;--awb-border-radius-top-right:0px;--awb-border-radius-bottom-right:0px;--awb-border-radius-bottom-left:0px;--awb-flex-wrap:wrap;\" ><div class=\"fusion-builder-row fusion-row\"><div class=\"fusion-layout-column fusion_builder_column fusion-builder-column-2 fusion_builder_column_1_1 1_1 fusion-one-full fusion-column-first fusion-column-last\" style=\"--awb-bg-size:cover;--awb-margin-bottom:0px;\"><div class=\"fusion-column-wrapper fusion-flex-column-wrapper-legacy\"><div class=\"fusion-text fusion-text-2\"><p class=\"font_8\" style=\"text-align: justify;\"><span style=\"font-size: 14pt;\">Participer \u00e0 un essai d&rsquo;aptitude, c&rsquo;est contr\u00f4ler la justesse de son r\u00e9sultat d&rsquo;analyse.<\/span><\/p>\n<p class=\"font_8\" style=\"text-align: justify;\"><span style=\"font-size: 14pt;\">Le BIPEA offre l&rsquo;opportunit\u00e9 de suivre cette justesse par la mise en forme graphique, pour un crit\u00e8re donn\u00e9, des \u00e9carts \u00e0 la valeur assign\u00e9e dans le temps :\u00a0c&rsquo;est la carte de suivi de la justesse.<\/span><\/p>\n<p><span style=\"font-size: 14pt;\">A chaque essai, une carte de suivi est g\u00e9n\u00e9r\u00e9e pour chaque crit\u00e8re d\u2019analyse et permet aux laboratoires de suivre leur justesse d\u2019analyse sur la dur\u00e9e.<br \/>\n<\/span><\/p>\n<p><strong><span style=\"font-size: 14pt;\"><br \/>\nExemple : MOLYBDENE DANS LES EAUX<\/span><\/strong><\/p>\n<p><img decoding=\"async\" class=\"alignnone wp-image-18239\" src=\"https:\/\/www.bipea.org\/wp-content\/uploads\/2022\/08\/cds-300x159.png\" alt=\"\" width=\"1083\" height=\"574\" srcset=\"https:\/\/www.bipea.org\/wp-content\/uploads\/2022\/08\/cds-200x106.png 200w, https:\/\/www.bipea.org\/wp-content\/uploads\/2022\/08\/cds-300x159.png 300w, https:\/\/www.bipea.org\/wp-content\/uploads\/2022\/08\/cds-400x212.png 400w, https:\/\/www.bipea.org\/wp-content\/uploads\/2022\/08\/cds-600x318.png 600w, https:\/\/www.bipea.org\/wp-content\/uploads\/2022\/08\/cds-768x407.png 768w, https:\/\/www.bipea.org\/wp-content\/uploads\/2022\/08\/cds-800x424.png 800w, https:\/\/www.bipea.org\/wp-content\/uploads\/2022\/08\/cds-1024x543.png 1024w, https:\/\/www.bipea.org\/wp-content\/uploads\/2022\/08\/cds-1200x636.png 1200w, https:\/\/www.bipea.org\/wp-content\/uploads\/2022\/08\/cds.png 1302w\" sizes=\"(max-width: 1083px) 100vw, 1083px\" \/><\/p>\n<p class=\"font_8\" style=\"text-align: justify;\"><span style=\"font-size: 14pt;\">Les avantages sont multiples. C&rsquo;est un outil de surveillance et d&rsquo;aide \u00e0 la d\u00e9cision qui peut mettre en \u00e9vidence rapidement des \u00e9carts ne correspondant pas \u00e0 un d\u00e9faut de justesse et du type :<\/span><\/p>\n<ul class=\"font_8\" style=\"text-align: justify;\">\n<li>\n<p class=\"font_8\"><span style=\"font-size: 14pt;\">D\u00e9rive lente et continue (ascendante ou descendante),<\/span><\/p>\n<\/li>\n<li>\n<p class=\"font_8\"><span style=\"font-size: 14pt;\">Biais syst\u00e9matique,<\/span><\/p>\n<\/li>\n<li>\n<p class=\"font_8\"><span style=\"font-size: 14pt;\">Effet matrice.<\/span><\/p>\n<\/li>\n<\/ul>\n<p class=\"font_8\" style=\"text-align: justify;\"><span style=\"font-size: 14pt;\">Pour un \u00e9valuateur lors d&rsquo;un audit, ou pour tout autre interlocuteur de votre choix, votre carte de suivi permet de visualiser rapidement les r\u00e9sultats dans le cadre d&rsquo;un essai de comparaisons interlaboratoires, et pour le crit\u00e8re s\u00e9lectionn\u00e9, de pouvoir montrer l&rsquo;efficacit\u00e9 des actions correctives entreprises.<\/span><\/p>\n<\/div><div class=\"fusion-clearfix\"><\/div><\/div><\/div><\/div><\/div><\/p>\n","protected":false},"excerpt":{"rendered":"","protected":false},"author":1,"featured_media":0,"parent":0,"menu_order":0,"comment_status":"closed","ping_status":"closed","template":"","meta":{"footnotes":""},"class_list":["post-12568","page","type-page","status-publish","hentry"],"yoast_head":"<!-- This site is optimized with the Yoast SEO plugin v27.0 - https:\/\/yoast.com\/product\/yoast-seo-wordpress\/ -->\n<title>Carte de suivi de la justesse - Bipea<\/title>\n<meta name=\"robots\" content=\"index, follow, max-snippet:-1, max-image-preview:large, max-video-preview:-1\" \/>\n<link rel=\"canonical\" href=\"https:\/\/www.bipea.org\/fr\/carte-de-suivi-de-la-justesse\/\" \/>\n<meta property=\"og:locale\" content=\"fr_FR\" \/>\n<meta property=\"og:type\" content=\"article\" \/>\n<meta property=\"og:title\" content=\"Carte de suivi de la justesse - Bipea\" \/>\n<meta property=\"og:url\" content=\"https:\/\/www.bipea.org\/fr\/carte-de-suivi-de-la-justesse\/\" \/>\n<meta property=\"og:site_name\" content=\"Bipea\" \/>\n<meta property=\"article:publisher\" content=\"https:\/\/www.facebook.com\/Bipea-Proficiency-Testing-Programs-1726595444310313\/\" \/>\n<meta property=\"article:modified_time\" content=\"2024-11-13T09:59:38+00:00\" \/>\n<meta property=\"og:image\" content=\"https:\/\/www.bipea.org\/wp-content\/uploads\/2022\/08\/cds-300x159.png\" \/>\n<meta name=\"twitter:card\" content=\"summary_large_image\" \/>\n<meta name=\"twitter:site\" content=\"@BipeaP\" \/>\n<meta name=\"twitter:label1\" content=\"Dur\u00e9e de lecture estim\u00e9e\" \/>\n\t<meta name=\"twitter:data1\" content=\"3 minutes\" \/>\n<script type=\"application\/ld+json\" class=\"yoast-schema-graph\">{\"@context\":\"https:\/\/schema.org\",\"@graph\":[{\"@type\":\"WebPage\",\"@id\":\"https:\/\/www.bipea.org\/fr\/carte-de-suivi-de-la-justesse\/\",\"url\":\"https:\/\/www.bipea.org\/fr\/carte-de-suivi-de-la-justesse\/\",\"name\":\"Carte de suivi de la justesse - Bipea\",\"isPartOf\":{\"@id\":\"https:\/\/www.bipea.org\/fr\/#website\"},\"primaryImageOfPage\":{\"@id\":\"https:\/\/www.bipea.org\/fr\/carte-de-suivi-de-la-justesse\/#primaryimage\"},\"image\":{\"@id\":\"https:\/\/www.bipea.org\/fr\/carte-de-suivi-de-la-justesse\/#primaryimage\"},\"thumbnailUrl\":\"https:\/\/www.bipea.org\/wp-content\/uploads\/2022\/08\/cds-300x159.png\",\"datePublished\":\"2017-12-23T18:33:35+00:00\",\"dateModified\":\"2024-11-13T09:59:38+00:00\",\"breadcrumb\":{\"@id\":\"https:\/\/www.bipea.org\/fr\/carte-de-suivi-de-la-justesse\/#breadcrumb\"},\"inLanguage\":\"fr-FR\",\"potentialAction\":[{\"@type\":\"ReadAction\",\"target\":[\"https:\/\/www.bipea.org\/fr\/carte-de-suivi-de-la-justesse\/\"]}]},{\"@type\":\"ImageObject\",\"inLanguage\":\"fr-FR\",\"@id\":\"https:\/\/www.bipea.org\/fr\/carte-de-suivi-de-la-justesse\/#primaryimage\",\"url\":\"https:\/\/www.bipea.org\/wp-content\/uploads\/2022\/08\/cds-300x159.png\",\"contentUrl\":\"https:\/\/www.bipea.org\/wp-content\/uploads\/2022\/08\/cds-300x159.png\"},{\"@type\":\"BreadcrumbList\",\"@id\":\"https:\/\/www.bipea.org\/fr\/carte-de-suivi-de-la-justesse\/#breadcrumb\",\"itemListElement\":[{\"@type\":\"ListItem\",\"position\":1,\"name\":\"Accueil\",\"item\":\"https:\/\/www.bipea.org\/fr\/\"},{\"@type\":\"ListItem\",\"position\":2,\"name\":\"Carte de suivi de la justesse\"}]},{\"@type\":\"WebSite\",\"@id\":\"https:\/\/www.bipea.org\/fr\/#website\",\"url\":\"https:\/\/www.bipea.org\/fr\/\",\"name\":\"Bipea\",\"description\":\"\",\"potentialAction\":[{\"@type\":\"SearchAction\",\"target\":{\"@type\":\"EntryPoint\",\"urlTemplate\":\"https:\/\/www.bipea.org\/fr\/?s={search_term_string}\"},\"query-input\":{\"@type\":\"PropertyValueSpecification\",\"valueRequired\":true,\"valueName\":\"search_term_string\"}}],\"inLanguage\":\"fr-FR\"}]}<\/script>\n<!-- \/ Yoast SEO plugin. -->","yoast_head_json":{"title":"Carte de suivi de la justesse - Bipea","robots":{"index":"index","follow":"follow","max-snippet":"max-snippet:-1","max-image-preview":"max-image-preview:large","max-video-preview":"max-video-preview:-1"},"canonical":"https:\/\/www.bipea.org\/fr\/carte-de-suivi-de-la-justesse\/","og_locale":"fr_FR","og_type":"article","og_title":"Carte de suivi de la justesse - Bipea","og_url":"https:\/\/www.bipea.org\/fr\/carte-de-suivi-de-la-justesse\/","og_site_name":"Bipea","article_publisher":"https:\/\/www.facebook.com\/Bipea-Proficiency-Testing-Programs-1726595444310313\/","article_modified_time":"2024-11-13T09:59:38+00:00","og_image":[{"url":"https:\/\/www.bipea.org\/wp-content\/uploads\/2022\/08\/cds-300x159.png","type":"","width":"","height":""}],"twitter_card":"summary_large_image","twitter_site":"@BipeaP","twitter_misc":{"Dur\u00e9e de lecture estim\u00e9e":"3 minutes"},"schema":{"@context":"https:\/\/schema.org","@graph":[{"@type":"WebPage","@id":"https:\/\/www.bipea.org\/fr\/carte-de-suivi-de-la-justesse\/","url":"https:\/\/www.bipea.org\/fr\/carte-de-suivi-de-la-justesse\/","name":"Carte de suivi de la justesse - Bipea","isPartOf":{"@id":"https:\/\/www.bipea.org\/fr\/#website"},"primaryImageOfPage":{"@id":"https:\/\/www.bipea.org\/fr\/carte-de-suivi-de-la-justesse\/#primaryimage"},"image":{"@id":"https:\/\/www.bipea.org\/fr\/carte-de-suivi-de-la-justesse\/#primaryimage"},"thumbnailUrl":"https:\/\/www.bipea.org\/wp-content\/uploads\/2022\/08\/cds-300x159.png","datePublished":"2017-12-23T18:33:35+00:00","dateModified":"2024-11-13T09:59:38+00:00","breadcrumb":{"@id":"https:\/\/www.bipea.org\/fr\/carte-de-suivi-de-la-justesse\/#breadcrumb"},"inLanguage":"fr-FR","potentialAction":[{"@type":"ReadAction","target":["https:\/\/www.bipea.org\/fr\/carte-de-suivi-de-la-justesse\/"]}]},{"@type":"ImageObject","inLanguage":"fr-FR","@id":"https:\/\/www.bipea.org\/fr\/carte-de-suivi-de-la-justesse\/#primaryimage","url":"https:\/\/www.bipea.org\/wp-content\/uploads\/2022\/08\/cds-300x159.png","contentUrl":"https:\/\/www.bipea.org\/wp-content\/uploads\/2022\/08\/cds-300x159.png"},{"@type":"BreadcrumbList","@id":"https:\/\/www.bipea.org\/fr\/carte-de-suivi-de-la-justesse\/#breadcrumb","itemListElement":[{"@type":"ListItem","position":1,"name":"Accueil","item":"https:\/\/www.bipea.org\/fr\/"},{"@type":"ListItem","position":2,"name":"Carte de suivi de la justesse"}]},{"@type":"WebSite","@id":"https:\/\/www.bipea.org\/fr\/#website","url":"https:\/\/www.bipea.org\/fr\/","name":"Bipea","description":"","potentialAction":[{"@type":"SearchAction","target":{"@type":"EntryPoint","urlTemplate":"https:\/\/www.bipea.org\/fr\/?s={search_term_string}"},"query-input":{"@type":"PropertyValueSpecification","valueRequired":true,"valueName":"search_term_string"}}],"inLanguage":"fr-FR"}]}},"_links":{"self":[{"href":"https:\/\/www.bipea.org\/fr\/wp-json\/wp\/v2\/pages\/12568","targetHints":{"allow":["GET"]}}],"collection":[{"href":"https:\/\/www.bipea.org\/fr\/wp-json\/wp\/v2\/pages"}],"about":[{"href":"https:\/\/www.bipea.org\/fr\/wp-json\/wp\/v2\/types\/page"}],"author":[{"embeddable":true,"href":"https:\/\/www.bipea.org\/fr\/wp-json\/wp\/v2\/users\/1"}],"replies":[{"embeddable":true,"href":"https:\/\/www.bipea.org\/fr\/wp-json\/wp\/v2\/comments?post=12568"}],"version-history":[{"count":6,"href":"https:\/\/www.bipea.org\/fr\/wp-json\/wp\/v2\/pages\/12568\/revisions"}],"predecessor-version":[{"id":22253,"href":"https:\/\/www.bipea.org\/fr\/wp-json\/wp\/v2\/pages\/12568\/revisions\/22253"}],"wp:attachment":[{"href":"https:\/\/www.bipea.org\/fr\/wp-json\/wp\/v2\/media?parent=12568"}],"curies":[{"name":"wp","href":"https:\/\/api.w.org\/{rel}","templated":true}]}}