{"id":12499,"date":"2017-12-21T20:07:39","date_gmt":"2017-12-21T19:07:39","guid":{"rendered":"https:\/\/www.bipea.org\/downloading\/"},"modified":"2025-09-12T11:48:41","modified_gmt":"2025-09-12T09:48:41","slug":"telechargements","status":"publish","type":"page","link":"https:\/\/www.bipea.org\/fr\/telechargements\/","title":{"rendered":"T\u00e9l\u00e9chargements"},"content":{"rendered":"<div class=\"fusion-fullwidth fullwidth-box fusion-builder-row-1 fusion-flex-container nonhundred-percent-fullwidth non-hundred-percent-height-scrolling\" style=\"--awb-border-radius-top-left:0px;--awb-border-radius-top-right:0px;--awb-border-radius-bottom-right:0px;--awb-border-radius-bottom-left:0px;--awb-flex-wrap:wrap;\" ><div class=\"fusion-builder-row fusion-row fusion-flex-align-items-flex-start fusion-flex-content-wrap\" style=\"max-width:1144px;margin-left: calc(-4% \/ 2 );margin-right: calc(-4% \/ 2 );\"><div class=\"fusion-layout-column fusion_builder_column fusion-builder-column-0 fusion_builder_column_1_1 1_1 fusion-flex-column\" style=\"--awb-bg-size:cover;--awb-width-large:100%;--awb-margin-top-large:0px;--awb-spacing-right-large:1.92%;--awb-margin-bottom-large:0px;--awb-spacing-left-large:1.92%;--awb-width-medium:100%;--awb-spacing-right-medium:1.92%;--awb-spacing-left-medium:1.92%;--awb-width-small:100%;--awb-spacing-right-small:1.92%;--awb-spacing-left-small:1.92%;\"><div class=\"fusion-column-wrapper fusion-flex-justify-content-flex-start fusion-content-layout-column\"><div class=\"fusion-text fusion-text-1\"><p style=\"text-align: right;\"><em><span style=\"font-size: 10pt;\">|<a href=\"https:\/\/www.bipea.org\/fr\">Retour \u00e0 la page d&rsquo;accueil<\/a><\/span><\/em><\/p>\n<p style=\"text-align: right;\"><em><span style=\"font-size: 10pt;\">|<a href=\"https:\/\/www.bipea.org\/fr\/essais-interlaboratoires-eils\/\">Retour \u00e0 la liste des EIL<\/a><\/span><\/em><\/p>\n<p style=\"text-align: center;\"><span style=\"font-size: 24pt; color: #008000;\"><strong>A TELECHARGER<\/strong><\/span><\/p>\n<p class=\"font_8\" style=\"font-size: 19px;\"><a href=\"https:\/\/extranet.bipea.org\/documents\/information\/FR\/Essais-interlaboratoires-catalogue-2025-2026.pdf\"><span style=\"color: #0076b3;\"><span style=\"text-decoration: underline;\"><span style=\"font-size: 19px;\">Catalogue des Essais Interlaboratoires<\/span><\/span><\/span><\/a><\/p>\n<p class=\"font_8\" style=\"font-size: 19px;\"><a href=\"https:\/\/extranet.bipea.org\/documents\/information\/FR\/Protocole-EIL.pdf\" target=\"_blank\" rel=\"noopener\" data-content=\"https:\/\/extranet.bipea.org\/documents\/information\/FR\/Protocole-EIL.pdf\" data-type=\"external\"><span style=\"color: #0076b3;\"><span style=\"text-decoration: underline;\"><span style=\"font-size: 19px;\">Protocole : Conception des Essais Interlaboratoires<\/span><\/span><\/span><\/a><\/p>\n<p class=\"font_8\" style=\"font-size: 19px;\"><a href=\"https:\/\/extranet.bipea.org\/documents\/information\/FR\/Conditions-de-vente.pdf\" target=\"_blank\" rel=\"noopener\" data-content=\"https:\/\/extranet.bipea.org\/documents\/information\/FR\/Conditions-de-vente.pdf\" data-type=\"external\"><span style=\"color: #0076b3;\"><span style=\"text-decoration: underline;\"><span style=\"font-size: 19px;\">Conditions g\u00e9n\u00e9rales de vente<\/span><\/span><\/span><\/a><\/p>\n<p class=\"font_8\" style=\"font-size: 19px;\"><a href=\"https:\/\/extranet.bipea.org\/documents\/information\/FR\/Politique-securite-confidentialite.pdf\" target=\"_blank\" rel=\"noopener\" data-content=\"https:\/\/extranet.bipea.org\/documents\/information\/FR\/Politique-securite-confidentialite.pdf\" data-type=\"external\"><span style=\"color: #0076b3;\"><span style=\"text-decoration: underline;\"><span style=\"font-size: 19px;\">Politique de s\u00e9curit\u00e9 et de confidentialit\u00e9<\/span><\/span><\/span><\/a><\/p>\n<\/div><\/div><\/div><\/div><\/div>\n","protected":false},"excerpt":{"rendered":"","protected":false},"author":1,"featured_media":0,"parent":0,"menu_order":0,"comment_status":"closed","ping_status":"closed","template":"","meta":{"footnotes":""},"class_list":["post-12499","page","type-page","status-publish","hentry"],"yoast_head":"<!-- This site is optimized with the Yoast SEO plugin v27.0 - https:\/\/yoast.com\/product\/yoast-seo-wordpress\/ -->\n<title>T\u00e9l\u00e9chargements - Bipea<\/title>\n<meta name=\"robots\" content=\"index, follow, max-snippet:-1, max-image-preview:large, max-video-preview:-1\" \/>\n<link rel=\"canonical\" href=\"https:\/\/www.bipea.org\/fr\/telechargements\/\" \/>\n<meta property=\"og:locale\" content=\"fr_FR\" \/>\n<meta property=\"og:type\" content=\"article\" \/>\n<meta property=\"og:title\" content=\"T\u00e9l\u00e9chargements - Bipea\" \/>\n<meta property=\"og:url\" content=\"https:\/\/www.bipea.org\/fr\/telechargements\/\" \/>\n<meta property=\"og:site_name\" content=\"Bipea\" \/>\n<meta property=\"article:publisher\" content=\"https:\/\/www.facebook.com\/Bipea-Proficiency-Testing-Programs-1726595444310313\/\" \/>\n<meta property=\"article:modified_time\" content=\"2025-09-12T09:48:41+00:00\" \/>\n<meta name=\"twitter:card\" content=\"summary_large_image\" \/>\n<meta name=\"twitter:site\" content=\"@BipeaP\" \/>\n<meta name=\"twitter:label1\" content=\"Dur\u00e9e de lecture estim\u00e9e\" \/>\n\t<meta name=\"twitter:data1\" content=\"1 minute\" \/>\n<script type=\"application\/ld+json\" class=\"yoast-schema-graph\">{\"@context\":\"https:\/\/schema.org\",\"@graph\":[{\"@type\":\"WebPage\",\"@id\":\"https:\/\/www.bipea.org\/fr\/telechargements\/\",\"url\":\"https:\/\/www.bipea.org\/fr\/telechargements\/\",\"name\":\"T\u00e9l\u00e9chargements - Bipea\",\"isPartOf\":{\"@id\":\"https:\/\/www.bipea.org\/fr\/#website\"},\"datePublished\":\"2017-12-21T19:07:39+00:00\",\"dateModified\":\"2025-09-12T09:48:41+00:00\",\"breadcrumb\":{\"@id\":\"https:\/\/www.bipea.org\/fr\/telechargements\/#breadcrumb\"},\"inLanguage\":\"fr-FR\",\"potentialAction\":[{\"@type\":\"ReadAction\",\"target\":[\"https:\/\/www.bipea.org\/fr\/telechargements\/\"]}]},{\"@type\":\"BreadcrumbList\",\"@id\":\"https:\/\/www.bipea.org\/fr\/telechargements\/#breadcrumb\",\"itemListElement\":[{\"@type\":\"ListItem\",\"position\":1,\"name\":\"Accueil\",\"item\":\"https:\/\/www.bipea.org\/fr\/\"},{\"@type\":\"ListItem\",\"position\":2,\"name\":\"T\u00e9l\u00e9chargements\"}]},{\"@type\":\"WebSite\",\"@id\":\"https:\/\/www.bipea.org\/fr\/#website\",\"url\":\"https:\/\/www.bipea.org\/fr\/\",\"name\":\"Bipea\",\"description\":\"\",\"potentialAction\":[{\"@type\":\"SearchAction\",\"target\":{\"@type\":\"EntryPoint\",\"urlTemplate\":\"https:\/\/www.bipea.org\/fr\/?s={search_term_string}\"},\"query-input\":{\"@type\":\"PropertyValueSpecification\",\"valueRequired\":true,\"valueName\":\"search_term_string\"}}],\"inLanguage\":\"fr-FR\"}]}<\/script>\n<!-- \/ Yoast SEO plugin. -->","yoast_head_json":{"title":"T\u00e9l\u00e9chargements - Bipea","robots":{"index":"index","follow":"follow","max-snippet":"max-snippet:-1","max-image-preview":"max-image-preview:large","max-video-preview":"max-video-preview:-1"},"canonical":"https:\/\/www.bipea.org\/fr\/telechargements\/","og_locale":"fr_FR","og_type":"article","og_title":"T\u00e9l\u00e9chargements - Bipea","og_url":"https:\/\/www.bipea.org\/fr\/telechargements\/","og_site_name":"Bipea","article_publisher":"https:\/\/www.facebook.com\/Bipea-Proficiency-Testing-Programs-1726595444310313\/","article_modified_time":"2025-09-12T09:48:41+00:00","twitter_card":"summary_large_image","twitter_site":"@BipeaP","twitter_misc":{"Dur\u00e9e de lecture estim\u00e9e":"1 minute"},"schema":{"@context":"https:\/\/schema.org","@graph":[{"@type":"WebPage","@id":"https:\/\/www.bipea.org\/fr\/telechargements\/","url":"https:\/\/www.bipea.org\/fr\/telechargements\/","name":"T\u00e9l\u00e9chargements - Bipea","isPartOf":{"@id":"https:\/\/www.bipea.org\/fr\/#website"},"datePublished":"2017-12-21T19:07:39+00:00","dateModified":"2025-09-12T09:48:41+00:00","breadcrumb":{"@id":"https:\/\/www.bipea.org\/fr\/telechargements\/#breadcrumb"},"inLanguage":"fr-FR","potentialAction":[{"@type":"ReadAction","target":["https:\/\/www.bipea.org\/fr\/telechargements\/"]}]},{"@type":"BreadcrumbList","@id":"https:\/\/www.bipea.org\/fr\/telechargements\/#breadcrumb","itemListElement":[{"@type":"ListItem","position":1,"name":"Accueil","item":"https:\/\/www.bipea.org\/fr\/"},{"@type":"ListItem","position":2,"name":"T\u00e9l\u00e9chargements"}]},{"@type":"WebSite","@id":"https:\/\/www.bipea.org\/fr\/#website","url":"https:\/\/www.bipea.org\/fr\/","name":"Bipea","description":"","potentialAction":[{"@type":"SearchAction","target":{"@type":"EntryPoint","urlTemplate":"https:\/\/www.bipea.org\/fr\/?s={search_term_string}"},"query-input":{"@type":"PropertyValueSpecification","valueRequired":true,"valueName":"search_term_string"}}],"inLanguage":"fr-FR"}]}},"_links":{"self":[{"href":"https:\/\/www.bipea.org\/fr\/wp-json\/wp\/v2\/pages\/12499","targetHints":{"allow":["GET"]}}],"collection":[{"href":"https:\/\/www.bipea.org\/fr\/wp-json\/wp\/v2\/pages"}],"about":[{"href":"https:\/\/www.bipea.org\/fr\/wp-json\/wp\/v2\/types\/page"}],"author":[{"embeddable":true,"href":"https:\/\/www.bipea.org\/fr\/wp-json\/wp\/v2\/users\/1"}],"replies":[{"embeddable":true,"href":"https:\/\/www.bipea.org\/fr\/wp-json\/wp\/v2\/comments?post=12499"}],"version-history":[{"count":9,"href":"https:\/\/www.bipea.org\/fr\/wp-json\/wp\/v2\/pages\/12499\/revisions"}],"predecessor-version":[{"id":23540,"href":"https:\/\/www.bipea.org\/fr\/wp-json\/wp\/v2\/pages\/12499\/revisions\/23540"}],"wp:attachment":[{"href":"https:\/\/www.bipea.org\/fr\/wp-json\/wp\/v2\/media?parent=12499"}],"curies":[{"name":"wp","href":"https:\/\/api.w.org\/{rel}","templated":true}]}}