{"id":12490,"date":"2017-12-24T18:26:09","date_gmt":"2017-12-24T17:26:09","guid":{"rendered":"https:\/\/www.bipea.org\/technical-support\/"},"modified":"2024-11-13T11:18:15","modified_gmt":"2024-11-13T10:18:15","slug":"service-technique","status":"publish","type":"page","link":"https:\/\/www.bipea.org\/fr\/service-technique\/","title":{"rendered":"Contactez le service technique"},"content":{"rendered":"<p><div class=\"fusion-fullwidth fullwidth-box fusion-builder-row-1 nonhundred-percent-fullwidth non-hundred-percent-height-scrolling\" style=\"--awb-border-radius-top-left:0px;--awb-border-radius-top-right:0px;--awb-border-radius-bottom-right:0px;--awb-border-radius-bottom-left:0px;--awb-flex-wrap:wrap;\" ><div class=\"fusion-builder-row fusion-row\"><div class=\"fusion-layout-column fusion_builder_column fusion-builder-column-0 fusion_builder_column_1_1 1_1 fusion-one-full fusion-column-first fusion-column-last\" style=\"--awb-bg-size:cover;--awb-margin-bottom:0px;\"><div class=\"fusion-column-wrapper fusion-flex-column-wrapper-legacy\"><div class=\"fusion-text fusion-text-1\"><p>Pour toute question technique, relative \u00e0 nos services, nous vous invitons \u00e0 remplir le formulaire ci-dessous :<\/p>\n<\/div><div class=\"fusion-clearfix\"><\/div><\/div><\/div><\/div><\/div><div class=\"fusion-fullwidth fullwidth-box fusion-builder-row-2 nonhundred-percent-fullwidth non-hundred-percent-height-scrolling\" style=\"--awb-border-radius-top-left:0px;--awb-border-radius-top-right:0px;--awb-border-radius-bottom-right:0px;--awb-border-radius-bottom-left:0px;--awb-flex-wrap:wrap;\" ><div class=\"fusion-builder-row fusion-row\"><div class=\"fusion-layout-column fusion_builder_column fusion-builder-column-1 fusion_builder_column_5_6 5_6 fusion-five-sixth fusion-column-first\" style=\"--awb-padding-top:40px;--awb-padding-right:80px;--awb-padding-left:80px;--awb-bg-size:cover;--awb-margin-bottom:0px;width:82.6666%; margin-right: 4%;\"><div class=\"fusion-column-wrapper fusion-flex-column-wrapper-legacy\"><div class=\"fusion-text fusion-text-2\">\n<div class=\"wpcf7 no-js\" id=\"wpcf7-f23623-o1\" lang=\"fr-FR\" dir=\"ltr\" data-wpcf7-id=\"23623\">\n<div class=\"screen-reader-response\"><p role=\"status\" aria-live=\"polite\" aria-atomic=\"true\"><\/p> <ul><\/ul><\/div>\n<form action=\"\/fr\/wp-json\/wp\/v2\/pages\/12490#wpcf7-f23623-o1\" method=\"post\" class=\"wpcf7-form init\" aria-label=\"Formulaire de contact\" novalidate=\"novalidate\" data-status=\"init\">\n<fieldset class=\"hidden-fields-container\"><input type=\"hidden\" name=\"_wpcf7\" value=\"23623\" \/><input type=\"hidden\" name=\"_wpcf7_version\" value=\"6.1.5\" \/><input type=\"hidden\" name=\"_wpcf7_locale\" value=\"fr_FR\" \/><input type=\"hidden\" name=\"_wpcf7_unit_tag\" value=\"wpcf7-f23623-o1\" \/><input type=\"hidden\" name=\"_wpcf7_container_post\" value=\"0\" \/><input type=\"hidden\" name=\"_wpcf7_posted_data_hash\" value=\"\" \/><input type=\"hidden\" name=\"_wpcf7_recaptcha_response\" value=\"\" \/>\n<\/fieldset>\n<p>Contact - Raison Sociale - Code adh\u00e9rent (si adh\u00e9rent) *\n<\/p>\n<p><span class=\"wpcf7-form-control-wrap\" data-name=\"Code\"><input size=\"40\" maxlength=\"400\" class=\"wpcf7-form-control wpcf7-text wpcf7-validates-as-required\" aria-required=\"true\" aria-invalid=\"false\" value=\"\" type=\"text\" name=\"Code\" \/><\/span>\n<\/p>\n<p>E-mail *\n<\/p>\n<p><span class=\"wpcf7-form-control-wrap\" data-name=\"email\"><input size=\"40\" maxlength=\"400\" class=\"wpcf7-form-control wpcf7-email wpcf7-validates-as-required wpcf7-text wpcf7-validates-as-email\" aria-required=\"true\" aria-invalid=\"false\" value=\"\" type=\"email\" name=\"email\" \/><\/span>\n<\/p>\n<p>Num\u00e9ro de t\u00e9l\u00e9phone *\n<\/p>\n<p><span class=\"wpcf7-form-control-wrap\" data-name=\"Phone\"><input size=\"40\" maxlength=\"400\" class=\"wpcf7-form-control wpcf7-text wpcf7-validates-as-required\" aria-required=\"true\" aria-invalid=\"false\" value=\"\" type=\"text\" name=\"Phone\" \/><\/span>\n<\/p>\n<p>Adresse - Pays *\n<\/p>\n<p><span class=\"wpcf7-form-control-wrap\" data-name=\"Address\"><input size=\"40\" maxlength=\"400\" class=\"wpcf7-form-control wpcf7-text wpcf7-validates-as-required\" aria-required=\"true\" aria-invalid=\"false\" value=\"\" type=\"text\" name=\"Address\" \/><\/span>\n<\/p>\n<p>Demande technique *\n<\/p>\n<p><span class=\"wpcf7-form-control-wrap\" data-name=\"Request\"><input size=\"40\" maxlength=\"400\" class=\"wpcf7-form-control wpcf7-text wpcf7-validates-as-required\" aria-required=\"true\" aria-invalid=\"false\" value=\"\" type=\"text\" name=\"Request\" \/><\/span>\n<\/p>\n<p>Message *\n<\/p>\n<p><span class=\"wpcf7-form-control-wrap\" data-name=\"Message\"><textarea cols=\"40\" rows=\"10\" maxlength=\"2000\" class=\"wpcf7-form-control wpcf7-textarea wpcf7-validates-as-required\" aria-required=\"true\" aria-invalid=\"false\" name=\"Message\"><\/textarea><\/span>\n<\/p>\n<p class=\"accept2\"><span class=\"wpcf7-form-control-wrap\" data-name=\"acceptance-882\"><span class=\"wpcf7-form-control wpcf7-acceptance\"><span class=\"wpcf7-list-item\"><input type=\"checkbox\" name=\"acceptance-882\" value=\"1\" aria-invalid=\"false\" \/><\/span><\/span><\/span> J'ai lu la <a target=\"_blank\"  href=\"https:\/\/extranet.bipea.org\/documents\/information\/FR\/Politique-securite-confidentialite.pdf\">politique de protection des donn\u00e9es personnelles de BIPEA<\/a>\n<\/p>\n<p>Question de s\u00e9curit\u00e9 *\n<\/p>\n<p><p class=\"cf7ascaptcha\"><input name=\"cf7as_hdn_cpthaval1\" id=\"cf7as_hdn_cpthaval1\" type=\"hidden\" value=\"9\" \/><input name=\"cf7as_hdn_cpthaval2\" id=\"cf7as_hdn_cpthaval2\" type=\"hidden\" value=\"7\" \/><input name=\"cf7as_hdn_cpthaaction\" id=\"cf7as_hdn_cpthaaction\" type=\"hidden\" value=\"x\" \/>Combien font  <span class=\"cf7as-firstAct\">7<\/span> x<span class=\"cf7as-firstAct\"> 9<\/span> <br><span class=\"wpcf7-form-control-wrap cf7as-captchcode\" data-name=\"cf7as-captchcode\"> <input type=\"text\" aria-invalid=\"false\" aria-required=\"true\" class=\"wpcf7-form-control wpcf7-text wpcf7-validates-as-required\" size=\"5\" value=\"\" name=\"cf7as-captchcode\" placeholder=\"Ecrivez la r\u00e9ponse \" style=\"width:200px;margin-bottom:10px;\" oninput=\"this.value = this.value.replace(\/[^0-9.]\/g, '').replace(\/(\\..*)\\.\/g, '$1');\"><\/span><input type=\"hidden\" name=\"cf7as-zplus\" value=\"\"><\/p>\n<\/p>\n<p>* champs requis\n<\/p>\n<p><input class=\"wpcf7-form-control wpcf7-submit has-spinner\" type=\"submit\" value=\"Envoyer\" \/>\n<\/p><div class=\"wpcf7-response-output\" aria-hidden=\"true\"><\/div>\n<\/form>\n<\/div>\n\n<\/div><div class=\"fusion-clearfix\"><\/div><\/div><\/div><\/div><\/div><\/p>\n","protected":false},"excerpt":{"rendered":"","protected":false},"author":1,"featured_media":0,"parent":0,"menu_order":0,"comment_status":"closed","ping_status":"closed","template":"","meta":{"footnotes":""},"class_list":["post-12490","page","type-page","status-publish","hentry"],"yoast_head":"<!-- This site is optimized with the Yoast SEO plugin v27.0 - https:\/\/yoast.com\/product\/yoast-seo-wordpress\/ -->\n<title>Contactez le service technique - Bipea<\/title>\n<meta name=\"robots\" content=\"index, follow, max-snippet:-1, max-image-preview:large, max-video-preview:-1\" \/>\n<link rel=\"canonical\" href=\"https:\/\/www.bipea.org\/fr\/service-technique\/\" \/>\n<meta property=\"og:locale\" content=\"fr_FR\" \/>\n<meta property=\"og:type\" content=\"article\" \/>\n<meta property=\"og:title\" content=\"Contactez le service technique - Bipea\" \/>\n<meta property=\"og:url\" content=\"https:\/\/www.bipea.org\/fr\/service-technique\/\" \/>\n<meta property=\"og:site_name\" content=\"Bipea\" \/>\n<meta property=\"article:publisher\" content=\"https:\/\/www.facebook.com\/Bipea-Proficiency-Testing-Programs-1726595444310313\/\" \/>\n<meta property=\"article:modified_time\" content=\"2024-11-13T10:18:15+00:00\" \/>\n<meta name=\"twitter:card\" content=\"summary_large_image\" \/>\n<meta name=\"twitter:site\" content=\"@BipeaP\" \/>\n<meta name=\"twitter:label1\" content=\"Dur\u00e9e de lecture estim\u00e9e\" \/>\n\t<meta name=\"twitter:data1\" content=\"2 minutes\" \/>\n<script type=\"application\/ld+json\" class=\"yoast-schema-graph\">{\"@context\":\"https:\/\/schema.org\",\"@graph\":[{\"@type\":\"WebPage\",\"@id\":\"https:\/\/www.bipea.org\/fr\/service-technique\/\",\"url\":\"https:\/\/www.bipea.org\/fr\/service-technique\/\",\"name\":\"Contactez le service technique - Bipea\",\"isPartOf\":{\"@id\":\"https:\/\/www.bipea.org\/fr\/#website\"},\"datePublished\":\"2017-12-24T17:26:09+00:00\",\"dateModified\":\"2024-11-13T10:18:15+00:00\",\"breadcrumb\":{\"@id\":\"https:\/\/www.bipea.org\/fr\/service-technique\/#breadcrumb\"},\"inLanguage\":\"fr-FR\",\"potentialAction\":[{\"@type\":\"ReadAction\",\"target\":[\"https:\/\/www.bipea.org\/fr\/service-technique\/\"]}]},{\"@type\":\"BreadcrumbList\",\"@id\":\"https:\/\/www.bipea.org\/fr\/service-technique\/#breadcrumb\",\"itemListElement\":[{\"@type\":\"ListItem\",\"position\":1,\"name\":\"Accueil\",\"item\":\"https:\/\/www.bipea.org\/fr\/\"},{\"@type\":\"ListItem\",\"position\":2,\"name\":\"Contactez le service technique\"}]},{\"@type\":\"WebSite\",\"@id\":\"https:\/\/www.bipea.org\/fr\/#website\",\"url\":\"https:\/\/www.bipea.org\/fr\/\",\"name\":\"Bipea\",\"description\":\"\",\"potentialAction\":[{\"@type\":\"SearchAction\",\"target\":{\"@type\":\"EntryPoint\",\"urlTemplate\":\"https:\/\/www.bipea.org\/fr\/?s={search_term_string}\"},\"query-input\":{\"@type\":\"PropertyValueSpecification\",\"valueRequired\":true,\"valueName\":\"search_term_string\"}}],\"inLanguage\":\"fr-FR\"}]}<\/script>\n<!-- \/ Yoast SEO plugin. -->","yoast_head_json":{"title":"Contactez le service technique - Bipea","robots":{"index":"index","follow":"follow","max-snippet":"max-snippet:-1","max-image-preview":"max-image-preview:large","max-video-preview":"max-video-preview:-1"},"canonical":"https:\/\/www.bipea.org\/fr\/service-technique\/","og_locale":"fr_FR","og_type":"article","og_title":"Contactez le service technique - Bipea","og_url":"https:\/\/www.bipea.org\/fr\/service-technique\/","og_site_name":"Bipea","article_publisher":"https:\/\/www.facebook.com\/Bipea-Proficiency-Testing-Programs-1726595444310313\/","article_modified_time":"2024-11-13T10:18:15+00:00","twitter_card":"summary_large_image","twitter_site":"@BipeaP","twitter_misc":{"Dur\u00e9e de lecture estim\u00e9e":"2 minutes"},"schema":{"@context":"https:\/\/schema.org","@graph":[{"@type":"WebPage","@id":"https:\/\/www.bipea.org\/fr\/service-technique\/","url":"https:\/\/www.bipea.org\/fr\/service-technique\/","name":"Contactez le service technique - Bipea","isPartOf":{"@id":"https:\/\/www.bipea.org\/fr\/#website"},"datePublished":"2017-12-24T17:26:09+00:00","dateModified":"2024-11-13T10:18:15+00:00","breadcrumb":{"@id":"https:\/\/www.bipea.org\/fr\/service-technique\/#breadcrumb"},"inLanguage":"fr-FR","potentialAction":[{"@type":"ReadAction","target":["https:\/\/www.bipea.org\/fr\/service-technique\/"]}]},{"@type":"BreadcrumbList","@id":"https:\/\/www.bipea.org\/fr\/service-technique\/#breadcrumb","itemListElement":[{"@type":"ListItem","position":1,"name":"Accueil","item":"https:\/\/www.bipea.org\/fr\/"},{"@type":"ListItem","position":2,"name":"Contactez le service technique"}]},{"@type":"WebSite","@id":"https:\/\/www.bipea.org\/fr\/#website","url":"https:\/\/www.bipea.org\/fr\/","name":"Bipea","description":"","potentialAction":[{"@type":"SearchAction","target":{"@type":"EntryPoint","urlTemplate":"https:\/\/www.bipea.org\/fr\/?s={search_term_string}"},"query-input":{"@type":"PropertyValueSpecification","valueRequired":true,"valueName":"search_term_string"}}],"inLanguage":"fr-FR"}]}},"_links":{"self":[{"href":"https:\/\/www.bipea.org\/fr\/wp-json\/wp\/v2\/pages\/12490","targetHints":{"allow":["GET"]}}],"collection":[{"href":"https:\/\/www.bipea.org\/fr\/wp-json\/wp\/v2\/pages"}],"about":[{"href":"https:\/\/www.bipea.org\/fr\/wp-json\/wp\/v2\/types\/page"}],"author":[{"embeddable":true,"href":"https:\/\/www.bipea.org\/fr\/wp-json\/wp\/v2\/users\/1"}],"replies":[{"embeddable":true,"href":"https:\/\/www.bipea.org\/fr\/wp-json\/wp\/v2\/comments?post=12490"}],"version-history":[{"count":4,"href":"https:\/\/www.bipea.org\/fr\/wp-json\/wp\/v2\/pages\/12490\/revisions"}],"predecessor-version":[{"id":22259,"href":"https:\/\/www.bipea.org\/fr\/wp-json\/wp\/v2\/pages\/12490\/revisions\/22259"}],"wp:attachment":[{"href":"https:\/\/www.bipea.org\/fr\/wp-json\/wp\/v2\/media?parent=12490"}],"curies":[{"name":"wp","href":"https:\/\/api.w.org\/{rel}","templated":true}]}}