{"id":12467,"date":"2017-12-24T18:03:52","date_gmt":"2017-12-24T17:03:52","guid":{"rendered":"https:\/\/www.bipea.org\/technical-agreement\/"},"modified":"2024-11-14T13:34:40","modified_gmt":"2024-11-14T12:34:40","slug":"controles-techniques-et-agrements","status":"publish","type":"page","link":"https:\/\/www.bipea.org\/fr\/controles-techniques-et-agrements\/","title":{"rendered":"Contr\u00f4les techniques et agr\u00e9ments"},"content":{"rendered":"<div class=\"fusion-fullwidth fullwidth-box fusion-builder-row-1 fusion-flex-container nonhundred-percent-fullwidth non-hundred-percent-height-scrolling\" style=\"--awb-border-radius-top-left:0px;--awb-border-radius-top-right:0px;--awb-border-radius-bottom-right:0px;--awb-border-radius-bottom-left:0px;--awb-flex-wrap:wrap;\" ><div class=\"fusion-builder-row fusion-row fusion-flex-align-items-flex-start fusion-flex-content-wrap\" style=\"max-width:1144px;margin-left: calc(-4% \/ 2 );margin-right: calc(-4% \/ 2 );\"><div class=\"fusion-layout-column fusion_builder_column fusion-builder-column-0 fusion_builder_column_1_1 1_1 fusion-flex-column\" style=\"--awb-bg-size:cover;--awb-width-large:100%;--awb-margin-top-large:0px;--awb-spacing-right-large:1.92%;--awb-margin-bottom-large:0px;--awb-spacing-left-large:1.92%;--awb-width-medium:100%;--awb-spacing-right-medium:1.92%;--awb-spacing-left-medium:1.92%;--awb-width-small:100%;--awb-spacing-right-small:1.92%;--awb-spacing-left-small:1.92%;\"><div class=\"fusion-column-wrapper fusion-flex-justify-content-flex-start fusion-content-layout-column\"><div class=\"fusion-text fusion-text-1\"><p class=\"font_8\" style=\"text-align: justify;\"><span style=\"color: #0076b3; font-size: 14pt;\"><strong>QU&rsquo;EST CE QU&rsquo;UN CONTROLE TECHNIQUE ? UN AGREMENT ?<\/strong> <\/span><\/p>\n<p><span style=\"color: #ffffff;\">.<\/span><\/p>\n<p class=\"font_8\"><span style=\"font-size: 14pt;\">Les contr\u00f4les techniques sont des conventions sign\u00e9es entre le BIPEA et un organisme (Minist\u00e8re, organisme officiel ou professionnel, ou autre) en vue de l&rsquo;attribution par ce dernier d&rsquo;un agr\u00e9ment technique.<\/span><\/p>\n<p class=\"font_8\"><span style=\"font-size: 14pt;\">Un agr\u00e9ment technique est une approbation octroy\u00e9e \u00e0 un laboratoire par cet organisme, pour la reconnaissance de ses activit\u00e9s.<\/span><\/p>\n<p class=\"font_8\"><span style=\"font-size: 14pt;\">Le BIPEA n&rsquo;agr\u00e9e pas et il ne recommande pas de laboratoire. L&rsquo;organisme agr\u00e9eur garde la responsabilit\u00e9 de l&rsquo;agr\u00e9ment, le BIPEA agissant en tant qu\u2019appui technique.<\/span><\/p>\n<p class=\"font_8\"><span style=\"font-size: 14pt;\">Apr\u00e8s \u00e9tude des r\u00e9sultats par un groupe d&rsquo;experts, il transmet un avis technique sur chaque laboratoire candidat en se basant sur :<\/span><\/p>\n<ul class=\"font_8\">\n<li>\n<p class=\"font_8\"><span style=\"font-size: 14pt;\">L&rsquo;assiduit\u00e9 aux programmes,<\/span><\/p>\n<\/li>\n<li>\n<p class=\"font_8\"><span style=\"font-size: 14pt;\">L&rsquo;\u00e9valuation des performances,<\/span><\/p>\n<\/li>\n<li>\n<p class=\"font_8\"><span style=\"font-size: 14pt;\">La visite du laboratoire.<\/span><\/p>\n<\/li>\n<\/ul>\n<p class=\"font_8\"><span style=\"font-size: 14pt;\">Le BIPEA peut apporter une assistance technique aux laboratoires au travers de sessions de formation, de r\u00e9unions et de questionnaires.<\/span><\/p>\n<p class=\"font_8\" style=\"text-align: justify;\"><span style=\"font-size: 14pt;\">Pour tout renseignement ou compl\u00e9ment d&rsquo;information concernant ces agr\u00e9ments, vous pouvez contacter le service scientifique et technique : scientifique@bipea.org<\/span><\/p>\n<p><span style=\"font-size: 14pt;\"><a class=\"more-link\" href=\"https:\/\/www.bipea.org\/wp-content\/uploads\/2018\/01\/70c41a_a95d4b3904f740f88444bca74a9d8d67.pdf\" target=\"blank_\" rel=\"noopener\">En savoir +<\/a><\/span><\/p>\n<\/div><\/div><\/div><\/div><\/div>\n","protected":false},"excerpt":{"rendered":"","protected":false},"author":1,"featured_media":0,"parent":0,"menu_order":0,"comment_status":"closed","ping_status":"closed","template":"","meta":{"footnotes":""},"class_list":["post-12467","page","type-page","status-publish","hentry"],"yoast_head":"<!-- This site is optimized with the Yoast SEO plugin v27.0 - https:\/\/yoast.com\/product\/yoast-seo-wordpress\/ -->\n<title>Contr\u00f4les techniques et agr\u00e9ments - Bipea<\/title>\n<meta name=\"robots\" content=\"index, follow, max-snippet:-1, max-image-preview:large, max-video-preview:-1\" \/>\n<link rel=\"canonical\" href=\"https:\/\/www.bipea.org\/fr\/controles-techniques-et-agrements\/\" \/>\n<meta property=\"og:locale\" content=\"fr_FR\" \/>\n<meta property=\"og:type\" content=\"article\" \/>\n<meta property=\"og:title\" content=\"Contr\u00f4les techniques et agr\u00e9ments - Bipea\" \/>\n<meta property=\"og:url\" content=\"https:\/\/www.bipea.org\/fr\/controles-techniques-et-agrements\/\" \/>\n<meta property=\"og:site_name\" content=\"Bipea\" \/>\n<meta property=\"article:publisher\" content=\"https:\/\/www.facebook.com\/Bipea-Proficiency-Testing-Programs-1726595444310313\/\" \/>\n<meta property=\"article:modified_time\" content=\"2024-11-14T12:34:40+00:00\" \/>\n<meta name=\"twitter:card\" content=\"summary_large_image\" \/>\n<meta name=\"twitter:site\" content=\"@BipeaP\" \/>\n<meta name=\"twitter:label1\" content=\"Dur\u00e9e de lecture estim\u00e9e\" \/>\n\t<meta name=\"twitter:data1\" content=\"1 minute\" \/>\n<script type=\"application\/ld+json\" class=\"yoast-schema-graph\">{\"@context\":\"https:\/\/schema.org\",\"@graph\":[{\"@type\":\"WebPage\",\"@id\":\"https:\/\/www.bipea.org\/fr\/controles-techniques-et-agrements\/\",\"url\":\"https:\/\/www.bipea.org\/fr\/controles-techniques-et-agrements\/\",\"name\":\"Contr\u00f4les techniques et agr\u00e9ments - Bipea\",\"isPartOf\":{\"@id\":\"https:\/\/www.bipea.org\/fr\/#website\"},\"datePublished\":\"2017-12-24T17:03:52+00:00\",\"dateModified\":\"2024-11-14T12:34:40+00:00\",\"breadcrumb\":{\"@id\":\"https:\/\/www.bipea.org\/fr\/controles-techniques-et-agrements\/#breadcrumb\"},\"inLanguage\":\"fr-FR\",\"potentialAction\":[{\"@type\":\"ReadAction\",\"target\":[\"https:\/\/www.bipea.org\/fr\/controles-techniques-et-agrements\/\"]}]},{\"@type\":\"BreadcrumbList\",\"@id\":\"https:\/\/www.bipea.org\/fr\/controles-techniques-et-agrements\/#breadcrumb\",\"itemListElement\":[{\"@type\":\"ListItem\",\"position\":1,\"name\":\"Accueil\",\"item\":\"https:\/\/www.bipea.org\/fr\/\"},{\"@type\":\"ListItem\",\"position\":2,\"name\":\"Contr\u00f4les techniques et agr\u00e9ments\"}]},{\"@type\":\"WebSite\",\"@id\":\"https:\/\/www.bipea.org\/fr\/#website\",\"url\":\"https:\/\/www.bipea.org\/fr\/\",\"name\":\"Bipea\",\"description\":\"\",\"potentialAction\":[{\"@type\":\"SearchAction\",\"target\":{\"@type\":\"EntryPoint\",\"urlTemplate\":\"https:\/\/www.bipea.org\/fr\/?s={search_term_string}\"},\"query-input\":{\"@type\":\"PropertyValueSpecification\",\"valueRequired\":true,\"valueName\":\"search_term_string\"}}],\"inLanguage\":\"fr-FR\"}]}<\/script>\n<!-- \/ Yoast SEO plugin. -->","yoast_head_json":{"title":"Contr\u00f4les techniques et agr\u00e9ments - Bipea","robots":{"index":"index","follow":"follow","max-snippet":"max-snippet:-1","max-image-preview":"max-image-preview:large","max-video-preview":"max-video-preview:-1"},"canonical":"https:\/\/www.bipea.org\/fr\/controles-techniques-et-agrements\/","og_locale":"fr_FR","og_type":"article","og_title":"Contr\u00f4les techniques et agr\u00e9ments - Bipea","og_url":"https:\/\/www.bipea.org\/fr\/controles-techniques-et-agrements\/","og_site_name":"Bipea","article_publisher":"https:\/\/www.facebook.com\/Bipea-Proficiency-Testing-Programs-1726595444310313\/","article_modified_time":"2024-11-14T12:34:40+00:00","twitter_card":"summary_large_image","twitter_site":"@BipeaP","twitter_misc":{"Dur\u00e9e de lecture estim\u00e9e":"1 minute"},"schema":{"@context":"https:\/\/schema.org","@graph":[{"@type":"WebPage","@id":"https:\/\/www.bipea.org\/fr\/controles-techniques-et-agrements\/","url":"https:\/\/www.bipea.org\/fr\/controles-techniques-et-agrements\/","name":"Contr\u00f4les techniques et agr\u00e9ments - Bipea","isPartOf":{"@id":"https:\/\/www.bipea.org\/fr\/#website"},"datePublished":"2017-12-24T17:03:52+00:00","dateModified":"2024-11-14T12:34:40+00:00","breadcrumb":{"@id":"https:\/\/www.bipea.org\/fr\/controles-techniques-et-agrements\/#breadcrumb"},"inLanguage":"fr-FR","potentialAction":[{"@type":"ReadAction","target":["https:\/\/www.bipea.org\/fr\/controles-techniques-et-agrements\/"]}]},{"@type":"BreadcrumbList","@id":"https:\/\/www.bipea.org\/fr\/controles-techniques-et-agrements\/#breadcrumb","itemListElement":[{"@type":"ListItem","position":1,"name":"Accueil","item":"https:\/\/www.bipea.org\/fr\/"},{"@type":"ListItem","position":2,"name":"Contr\u00f4les techniques et agr\u00e9ments"}]},{"@type":"WebSite","@id":"https:\/\/www.bipea.org\/fr\/#website","url":"https:\/\/www.bipea.org\/fr\/","name":"Bipea","description":"","potentialAction":[{"@type":"SearchAction","target":{"@type":"EntryPoint","urlTemplate":"https:\/\/www.bipea.org\/fr\/?s={search_term_string}"},"query-input":{"@type":"PropertyValueSpecification","valueRequired":true,"valueName":"search_term_string"}}],"inLanguage":"fr-FR"}]}},"_links":{"self":[{"href":"https:\/\/www.bipea.org\/fr\/wp-json\/wp\/v2\/pages\/12467","targetHints":{"allow":["GET"]}}],"collection":[{"href":"https:\/\/www.bipea.org\/fr\/wp-json\/wp\/v2\/pages"}],"about":[{"href":"https:\/\/www.bipea.org\/fr\/wp-json\/wp\/v2\/types\/page"}],"author":[{"embeddable":true,"href":"https:\/\/www.bipea.org\/fr\/wp-json\/wp\/v2\/users\/1"}],"replies":[{"embeddable":true,"href":"https:\/\/www.bipea.org\/fr\/wp-json\/wp\/v2\/comments?post=12467"}],"version-history":[{"count":9,"href":"https:\/\/www.bipea.org\/fr\/wp-json\/wp\/v2\/pages\/12467\/revisions"}],"predecessor-version":[{"id":22262,"href":"https:\/\/www.bipea.org\/fr\/wp-json\/wp\/v2\/pages\/12467\/revisions\/22262"}],"wp:attachment":[{"href":"https:\/\/www.bipea.org\/fr\/wp-json\/wp\/v2\/media?parent=12467"}],"curies":[{"name":"wp","href":"https:\/\/api.w.org\/{rel}","templated":true}]}}