{"id":12464,"date":"2017-12-24T18:08:06","date_gmt":"2017-12-24T17:08:06","guid":{"rendered":"https:\/\/www.bipea.org\/training\/"},"modified":"2026-03-16T14:24:33","modified_gmt":"2026-03-16T13:24:33","slug":"formations","status":"publish","type":"page","link":"https:\/\/www.bipea.org\/fr\/formations\/","title":{"rendered":"Formations"},"content":{"rendered":"<div class=\"fusion-fullwidth fullwidth-box fusion-builder-row-1 fusion-flex-container nonhundred-percent-fullwidth non-hundred-percent-height-scrolling\" style=\"--awb-border-radius-top-left:0px;--awb-border-radius-top-right:0px;--awb-border-radius-bottom-right:0px;--awb-border-radius-bottom-left:0px;--awb-flex-wrap:wrap;\" ><div class=\"fusion-builder-row fusion-row fusion-flex-align-items-flex-start fusion-flex-content-wrap\" style=\"max-width:1144px;margin-left: calc(-4% \/ 2 );margin-right: calc(-4% \/ 2 );\"><div class=\"fusion-layout-column fusion_builder_column fusion-builder-column-0 fusion_builder_column_1_1 1_1 fusion-flex-column\" style=\"--awb-bg-size:cover;--awb-width-large:100%;--awb-margin-top-large:0px;--awb-spacing-right-large:1.92%;--awb-margin-bottom-large:0px;--awb-spacing-left-large:1.92%;--awb-width-medium:100%;--awb-spacing-right-medium:1.92%;--awb-spacing-left-medium:1.92%;--awb-width-small:100%;--awb-spacing-right-small:1.92%;--awb-spacing-left-small:1.92%;\"><div class=\"fusion-column-wrapper fusion-flex-justify-content-flex-start fusion-content-layout-column\"><div class=\"fusion-text fusion-text-1\"><p class=\"font_8\"><span style=\"font-size: 12pt;\">Le BIPEA est habilit\u00e9 \u00e0 organiser des stages de formation professionnelle.<\/span><\/p>\n<p class=\"font_8\"><span style=\"font-size: 12pt;\">Ces stages s&rsquo;int\u00e8grent dans la vocation de support technique du BIPEA aupr\u00e8s de ses adh\u00e9rents. Ils sont organis\u00e9s en fonction des sujets techniques d\u2019int\u00e9r\u00eats et constituent un compl\u00e9ment logique aux programmes d&rsquo;essais.<\/span><\/p>\n<p class=\"font_8\"><span style=\"font-size: 12pt;\">Ce sont des formations th\u00e9oriques et\/ou pratiques sur un sujet technique ou professionnel (incluant des travaux pratiques dans des locaux adapt\u00e9s).<\/span><\/p>\n<p class=\"font_8\"><span style=\"font-size: 12pt;\">Elles sont g\u00e9r\u00e9es par le BIPEA mais peuvent \u00eatre dispens\u00e9es par un ou\u00a0plusieurs experts reconnus dans le domaine concern\u00e9.<\/span><\/p>\n<p><span style=\"color: #ffffff;\">.<\/span><\/p>\n<p><span style=\"font-size: 12pt;\"><strong>Le BIPEA<\/strong> <strong>est <\/strong><strong>certifi\u00e9 Qualiopi depuis le 7 f\u00e9vrier 2022, Certificat n\u00b0 FR072103-1<\/strong>. Cette certification a pour objectif d\u2019attester la qualit\u00e9 du processus mis en \u0153uvre par le BIPEA pour ses actions de formation. L\u2019action de formation permet au salari\u00e9 (ing\u00e9nieur, responsable de\u00a0laboratoire, technicien de laboratoire, responsable qualit\u00e9&#8230;) de d\u00e9velopper ses comp\u00e9tences. Participer \u00e0 une formation lui permet ainsi d\u2019atteindre un ou plusieurs objectifs professionnels, de renforcer ses acquis d\u2019exp\u00e9rience ou de se former sur de nouveaux sujets.<\/span><\/p>\n<p><span style=\"color: #ffffff;\">.<\/span><\/p>\n<p><img decoding=\"async\" class=\"wp-image-17555 alignleft\" src=\"https:\/\/www.bipea.org\/wp-content\/uploads\/2022\/03\/BV_Cert_RNQ_Qualiopi-72dpi.jpg\" alt=\"\" width=\"425\" height=\"137\" \/><\/p>\n<p><span style=\"color: #ffffff;\">.<\/span><\/p>\n<p style=\"text-align: left;\"><span style=\"font-size: 10pt;\">La certification qualit\u00e9 a \u00e9t\u00e9 d\u00e9livr\u00e9 au titre de la cat\u00e9gorie d&rsquo;action suivante :<\/span><\/p>\n<p style=\"text-align: left;\"><span style=\"font-size: 10pt;\">Actions de formation<\/span><\/p>\n<p class=\"font_8\"><span style=\"color: #000000;\">\u200b<\/span><\/p>\n<p><a href=\"https:\/\/extranet.bipea.org\/documents\/information\/Certificat-QUALIOPI.pdf\"><strong>T\u00e9l\u00e9chargez le certificat Qualiopi<\/strong><\/a><\/p>\n<p><span style=\"font-size: 12pt;\"><span style=\"color: #ffffff;\">.<\/span><\/span><\/p>\n<p><span style=\"font-size: 12pt;\">Le BIPEA est un organisme de formation depuis <strong>juin 2018<\/strong>.<\/span><\/p>\n<p><span style=\"font-size: 12pt;\">De Janvier 2024 \u00e0 Novembre 2024, deux de nos formateurs ont anim\u00e9 <strong>7 formations<\/strong> techniques sur <strong>5 th\u00e9matiques<\/strong> diff\u00e9rentes soit un total de <strong>45 personnes<\/strong> form\u00e9es.\u00a0<\/span><\/p>\n<p><span style=\"font-size: 12pt;\">Le taux de satisfaction des stagiaires est de <strong>97.14 %<\/strong> <em>(pourcentages calcul\u00e9s \u00e0 partir des questionnaires de satisfaction stagiaires 2024)<\/em>.<\/span><span style=\"color: #ffffff;\">.<\/span><\/p>\n<p><span style=\"color: #ffffff;\">.<\/span><\/p>\n<p><span style=\"font-size: 12pt;\">Pour tout renseignement ou compl\u00e9ment d\u2019information concernant ces stages, vous pouvez nous contacter \u00e0 :\u00a0<u><a href=\"mailto:contact@bipea.org\">formation@bipea.org<\/a><\/u><\/span><\/p>\n<p><span style=\"font-size: 12pt;\">Notre r\u00e9f\u00e9rente Handicap, Mme Florence PENELET est \u00e0 votre disposition par t\u00e9l\u00e9phone au 01.40.05.26.35 ou par mail\u00a0<a href=\"mailto:fpenelet@bipea.org\">fpenelet@bipea.org<\/a> pour r\u00e9pondre \u00e0 toute question ou demande sp\u00e9cifique.<\/span><\/p>\n<p><em>Mise \u00e0 jour le 18.12.2024<\/em><\/p>\n<p><span style=\"color: #ffffff;\">.<\/span><\/p>\n<p class=\"font_8\" style=\"text-align: center;\"><span style=\"font-weight: bold; font-size: 18pt;\"><span style=\"text-decoration: underline;\">PROCHAINES SESSIONS<\/span><\/span><\/p>\n<p><span style=\"color: #ff0000;\"><span class=\"wixGuard\"><span style=\"font-size: 36pt;\">2025 &#8211; 2026<\/span><\/span><\/span><\/p>\n<p><span style=\"color: #ffffff;\">.<\/span><\/p>\n<p><span style=\"font-size: 14pt;\"><span style=\"color: #000000;\"><strong><span style=\"color: #ff0000; font-size: 12pt;\"><sup>NEW<\/sup> <\/span>Th\u00e8me<\/strong> :<\/span> <span style=\"color: #2e75b6;\"><strong>RECHERCHE DES IMPURET\u00c9S<\/strong><\/span><\/span><\/p>\n<p class=\"font_8\"><span style=\"color: #000000; font-size: 14pt;\"><strong>Lieu<\/strong> : <span style=\"color: #ff0000;\">EN PR\u00c9SENTIEL<\/span><\/span><\/p>\n<p class=\"font_8\"><span style=\"font-size: 14pt;\"><span style=\"color: #000000;\"><strong>Dates<\/strong>\u00a0:<\/span> <span style=\"color: #2e75b6;\">\u00a03 et 4 juin 2026 \/ 23 et 24 septembre 2026 \/ 18 et 19 novembre 2026 <span style=\"color: #000000;\">(dur\u00e9e 2 jours)<\/span><br \/>\n<\/span><\/span><\/p>\n<p class=\"font_8\"><span style=\"color: #000000; font-size: 14pt;\"><strong>Public concern\u00e9<\/strong> : ing\u00e9nieurs, responsables de laboratoires, responsables qualit\u00e9, techniciens de laboratoires.<\/span><\/p>\n<p><span style=\"font-size: 14pt;\"><span style=\"color: #000000;\">T\u00e9l\u00e9chargez le<\/span> <span style=\"color: #008000;\"><a style=\"color: #008000;\" href=\"https:\/\/extranet.bipea.org\/documents\/information\/FR\/Formation-Recherche-des-impuret\u00e9s-2526.pdf\">descriptif technique<\/a> <\/span><span style=\"color: #000000;\">et le<\/span> <span style=\"color: #008000;\"><a style=\"color: #008000;\" href=\"https:\/\/extranet.bipea.org\/documents\/information\/FR\/2526-Inscription-Recherche-des-impuret\u00e9s.docx\" target=\"_blank\" rel=\"noopener noreferrer\" data-type=\"external\" data-content=\"http:\/\/www.bipea.org\/sites\/default\/files\/marketing\/FR\/FICHIER-INSCRIPTION.docx\">formulaire d&rsquo;inscription<\/a><\/span><\/span><\/p>\n<p><span style=\"color: #ffffff;\">.<\/span><\/p>\n<p><span style=\"color: #ffffff;\">.<\/span><\/p>\n<p><span style=\"font-size: 14pt;\"><span style=\"color: #000000;\"><strong>Th\u00e8me<\/strong> :<\/span> <span style=\"color: #2e75b6;\"><strong>INCERTITUDES DE MESURE<\/strong><\/span><\/span><\/p>\n<p class=\"font_8\"><span style=\"color: #000000; font-size: 14pt;\"><strong>Lieu<\/strong>\u00a0: <span style=\"color: #ff0000;\">VISIOCONFERENCE<\/span><\/span><\/p>\n<p class=\"font_8\"><span style=\"font-size: 14pt;\"><span style=\"color: #000000;\"><strong>Dates<\/strong>\u00a0:<\/span> <span style=\"color: #2e75b6;\">06 octobre 2026<br \/>\n<\/span><\/span><\/p>\n<p class=\"font_8\"><span style=\"color: #000000; font-size: 14pt;\"><strong>Public concern\u00e9<\/strong> : ing\u00e9nieurs, responsables de laboratoires, responsables qualit\u00e9, techniciens de laboratoires.<\/span><\/p>\n<p><span style=\"font-size: 14pt;\"><span style=\"color: #000000;\">T\u00e9l\u00e9chargez le<\/span> <span style=\"color: #008000;\"><a style=\"color: #008000;\" href=\"https:\/\/extranet.bipea.org\/documents\/information\/FR\/Formation-Incertitudes-mesure-2526.pdf\">descriptif technique<\/a> <\/span><span style=\"color: #000000;\">et le<\/span> <span style=\"color: #008000;\"><a style=\"color: #008000;\" href=\"https:\/\/extranet.bipea.org\/documents\/information\/FR\/2526-inscription-Incertitudes.docx\" target=\"_blank\" rel=\"noopener noreferrer\" data-type=\"external\" data-content=\"http:\/\/www.bipea.org\/sites\/default\/files\/marketing\/FR\/FICHIER-INSCRIPTION.docx\">formulaire d&rsquo;inscription<\/a><\/span><\/span><\/p>\n<p><span style=\"color: #ffffff;\">.<\/span><\/p>\n<p><span style=\"color: #ffffff;\">.<\/span><\/p>\n<p class=\"font_8\"><span style=\"font-size: 14pt;\"><span style=\"color: #000000;\"><strong>Th\u00e8me<\/strong> :<\/span> <span style=\"color: #2e75b6;\"><strong>DEVENIR AUDITEUR INTERNE<\/strong><\/span><\/span><\/p>\n<p class=\"font_8\"><span style=\"color: #000000; font-size: 14pt;\"><strong>Lieu<\/strong>\u00a0: <span style=\"color: #ff0000;\">VISIOCONFERENCE<\/span><\/span><\/p>\n<p class=\"font_8\"><span style=\"font-size: 14pt;\"><span style=\"color: #000000;\"><strong>Dates<\/strong>\u00a0:<\/span> <span style=\"color: #2e75b6;\">\u00a004 et 07 mai 2026 <strong><em>ou<\/em> <\/strong>12 et 16 octobre 2026<\/span><\/span><\/p>\n<p class=\"font_8\"><span style=\"color: #000000; font-size: 14pt;\"><strong>Public concern\u00e9<\/strong> : ing\u00e9nieurs, responsables de laboratoires, responsables qualit\u00e9, techniciens de laboratoires.<\/span><\/p>\n<p><span style=\"font-size: 14pt;\"><span style=\"color: #000000;\">T\u00e9l\u00e9chargez le<\/span> <span style=\"color: #008000;\"><a style=\"color: #008000;\" href=\"https:\/\/extranet.bipea.org\/documents\/information\/FR\/Formation-Auditeur-Interne-2526.pdf\">descriptif technique<\/a> <\/span><span style=\"color: #000000;\">et le<\/span> <span style=\"color: #008000;\"><a style=\"color: #008000;\" href=\"https:\/\/extranet.bipea.org\/documents\/information\/FR\/2526-inscription-auditeur-interne.docx\" target=\"_blank\" rel=\"noopener noreferrer\" data-type=\"external\" data-content=\"http:\/\/www.bipea.org\/sites\/default\/files\/marketing\/FR\/FICHIER-INSCRIPTION.docx\">formulaire d&rsquo;inscription<\/a><\/span><\/span><\/p>\n<p><span style=\"color: #ffffff;\">.<\/span><\/p>\n<p><span style=\"color: #ffffff;\">.<\/span><\/p>\n<p><span style=\"font-size: 14pt;\"><span style=\"color: #000000;\"><strong>Th\u00e8me<\/strong> :<\/span> <span style=\"color: #2e75b6;\"><strong>DES CONCEPTS ET DES OUTILS POUR ABORDER L&rsquo;ISO 17025<\/strong><\/span><\/span><\/p>\n<p class=\"font_8\"><span style=\"color: #000000; font-size: 14pt;\"><strong>Lieu<\/strong>\u00a0: <span style=\"color: #ff0000;\">VISIOCONFERENCE<\/span><\/span><\/p>\n<p class=\"font_8\"><span style=\"font-size: 14pt;\"><span style=\"color: #000000;\"><strong>Dates<\/strong>\u00a0:<\/span> <span style=\"color: #2e75b6;\">1er et 04 juin 2026 <strong><em>ou<\/em> <\/strong>07 et 10 d\u00e9cembre 2026<br \/>\n<\/span><\/span><\/p>\n<p class=\"font_8\"><span style=\"color: #000000; font-size: 14pt;\"><strong>Public concern\u00e9<\/strong> : ing\u00e9nieurs, responsables de laboratoires, responsables qualit\u00e9, techniciens de laboratoires.<\/span><\/p>\n<p><span style=\"font-size: 14pt;\"><span style=\"color: #000000;\">T\u00e9l\u00e9chargez le<\/span> <span style=\"color: #008000;\"><a style=\"color: #008000;\" href=\"https:\/\/extranet.bipea.org\/documents\/information\/FR\/Formation-ISO17025-2526.pdf\">descriptif technique<\/a> <\/span><span style=\"color: #000000;\">et le<\/span> <span style=\"color: #008000;\"><a style=\"color: #008000;\" href=\"https:\/\/extranet.bipea.org\/documents\/information\/FR\/2526-inscription-ISO-17025.docx\" target=\"_blank\" rel=\"noopener noreferrer\" data-type=\"external\" data-content=\"http:\/\/www.bipea.org\/sites\/default\/files\/marketing\/FR\/FICHIER-INSCRIPTION.docx\">formulaire d&rsquo;inscription<\/a><\/span><\/span><\/p>\n<p><span style=\"color: #ffffff;\">.<\/span><\/p>\n<p><span style=\"color: #ffffff;\">.<\/span><\/p>\n<p><span style=\"font-size: 14pt;\"><span style=\"color: #000000;\"><strong><span style=\"font-size: 12pt; color: #ffff00;\"><sup><span style=\"color: #ff0000;\">NEW<\/span> <\/sup><\/span>Th\u00e8me<\/strong> :<\/span> <span style=\"color: #2e75b6;\"><strong>INTRODUCTION A LA CHIMIE ANALYTIQUE DURABLE<\/strong><\/span><\/span><\/p>\n<p class=\"font_8\"><span style=\"color: #000000; font-size: 14pt;\"><strong>Lieu<\/strong>\u00a0: <span style=\"color: #ff0000;\">VISIOCONFERENCE<\/span><\/span><\/p>\n<p class=\"font_8\"><span style=\"font-size: 14pt;\"><span style=\"color: #000000;\"><strong>Dates<\/strong>\u00a0:<\/span> <span style=\"color: #2e75b6;\">02, 12, 18 et 22 juin 2026 <strong><em>ou<\/em><\/strong> 06, 13, 20 et 27 octobre 2026<br \/>\n<\/span><\/span><\/p>\n<p class=\"font_8\"><span style=\"color: #000000; font-size: 14pt;\"><strong>Public concern\u00e9<\/strong> : ing\u00e9nieurs, responsables de laboratoires, responsables qualit\u00e9, techniciens de laboratoires.<\/span><\/p>\n<p><span style=\"font-size: 14pt;\"><span style=\"color: #000000;\">T\u00e9l\u00e9chargez le<\/span> <span style=\"color: #008000;\"><a style=\"color: #008000;\" href=\"https:\/\/extranet.bipea.org\/documents\/information\/FR\/Formation-Introduction-chimie-analytique-durable-2627.pdf\">descriptif technique<\/a> <\/span><span style=\"color: #000000;\">et le<\/span> <span style=\"color: #008000;\"><a style=\"color: #008000;\" href=\"https:\/\/extranet.bipea.org\/documents\/information\/FR\/2627-Inscription-formation-chimie-analytique-durable.docx\" target=\"_blank\" rel=\"noopener noreferrer\" data-type=\"external\" data-content=\"http:\/\/www.bipea.org\/sites\/default\/files\/marketing\/FR\/FICHIER-INSCRIPTION.docx\">formulaire d&rsquo;inscription<\/a><\/span><\/span><\/p>\n<p><span style=\"font-size: 14pt;\"><span style=\"color: #000000;\"><strong><span style=\"color: #ffffff;\">.<\/span><\/strong><\/span><\/span><\/p>\n<p><span style=\"color: #ffffff;\">.<\/span><\/p>\n<p><span style=\"font-size: 14pt;\"><span style=\"color: #000000;\"><strong>Th\u00e8me<\/strong> :<\/span> <span style=\"color: #2e75b6;\"><strong>EXPLOITATION DES DONNEES QUANTITATIVES ISSUES DES RCIL<\/strong><\/span><\/span><\/p>\n<p class=\"font_8\"><span style=\"color: #000000; font-size: 14pt;\"><strong>Lieu<\/strong>\u00a0: <span style=\"color: #ff0000;\">VISIOCONFERENCE<\/span><\/span><\/p>\n<p class=\"font_8\"><span style=\"font-size: 14pt;\"><span style=\"color: #000000;\"><strong>Dates<\/strong>\u00a0:<\/span> <span style=\"color: #2e75b6;\">02 juin 2026 \/ 29 septembre 2026<br \/>\n<\/span><\/span><\/p>\n<p class=\"font_8\"><span style=\"color: #000000; font-size: 14pt;\"><strong>Public concern\u00e9<\/strong> : ing\u00e9nieurs, responsables de laboratoires, responsables qualit\u00e9, techniciens de laboratoires.<\/span><\/p>\n<p><span style=\"font-size: 14pt;\"><span style=\"color: #000000;\">T\u00e9l\u00e9chargez le<\/span> <a href=\"https:\/\/extranet.bipea.org\/documents\/information\/FR\/Formation-RCIL-donnees-quantitatives-2526.pdf\"><span style=\"color: #008000;\">descriptif technique <\/span><\/a><span style=\"color: #000000;\">et le<\/span> <span style=\"color: #008000;\"><a style=\"color: #008000;\" href=\"https:\/\/extranet.bipea.org\/documents\/information\/FR\/2526-inscription-RCIL-donnees-quantitatives.docx\" target=\"_blank\" rel=\"noopener noreferrer\" data-type=\"external\" data-content=\"http:\/\/www.bipea.org\/sites\/default\/files\/marketing\/FR\/FICHIER-INSCRIPTION.docx\">formulaire d&rsquo;inscription<\/a><\/span><\/span><\/p>\n<p><span style=\"font-size: 14pt;\"><span style=\"color: #000000;\"><strong><span style=\"color: #ffffff;\">.<\/span><\/strong><\/span><\/span><\/p>\n<p><span style=\"color: #ffffff;\">.<\/span><\/p>\n<p><span style=\"font-size: 14pt;\"><span style=\"color: #000000;\"><strong>Th\u00e8me<\/strong> :<\/span> <span style=\"color: #2e75b6;\"><strong>VALIDATION DES METHODES D\u2019ANALYSE<\/strong><\/span><\/span><\/p>\n<p class=\"font_8\"><span style=\"color: #000000; font-size: 14pt;\"><strong>Lieu<\/strong>\u00a0: <span style=\"color: #ff0000;\">VISIOCONFERENCE<\/span><\/span><\/p>\n<p class=\"font_8\"><span style=\"font-size: 14pt;\"><span style=\"color: #000000;\"><strong>Dates<\/strong>\u00a0:<\/span> <span style=\"color: #2e75b6;\">\u00a023 juin 2026 \/ 17 novembre 2026<\/span><\/span><\/p>\n<p class=\"font_8\"><span style=\"color: #000000; font-size: 14pt;\"><strong>Public concern\u00e9<\/strong> : ing\u00e9nieurs, responsables de laboratoires, responsables qualit\u00e9, techniciens de laboratoires.<\/span><\/p>\n<p><span style=\"font-size: 14pt;\"><span style=\"color: #000000;\">T\u00e9l\u00e9chargez le<\/span> <span style=\"color: #008000;\"><a style=\"color: #008000;\" href=\"https:\/\/extranet.bipea.org\/documents\/information\/FR\/Formation-Validation-methode-2526.pdf\">descriptif technique<\/a> <\/span><span style=\"color: #000000;\">et le<\/span> <span style=\"color: #008000;\"><a style=\"color: #008000;\" href=\"https:\/\/extranet.bipea.org\/documents\/information\/FR\/2526-inscription-validation-methodes.docx\" target=\"_blank\" rel=\"noopener noreferrer\" data-type=\"external\" data-content=\"http:\/\/www.bipea.org\/sites\/default\/files\/marketing\/FR\/FICHIER-INSCRIPTION.docx\">formulaire d&rsquo;inscription<\/a><\/span><\/span><\/p>\n<p><span style=\"color: #ffffff;\">.<\/span><\/p>\n<p><span style=\"color: #ffffff;\">.<\/span><\/p>\n<p><span style=\"font-size: 14pt;\"><span style=\"color: #000000;\"><strong>Th\u00e8me<\/strong> :<\/span> <span style=\"color: #2e75b6;\"><strong>EXPLOITATION DES DONNEES QUALITATIVES ISSUES DES RCIL<\/strong><\/span><\/span><\/p>\n<p class=\"font_8\"><span style=\"color: #000000; font-size: 14pt;\"><strong>Lieu<\/strong>\u00a0: <span style=\"color: #ff0000;\">VISIOCONFERENCE<\/span><\/span><\/p>\n<p class=\"font_8\"><span style=\"font-size: 14pt;\"><span style=\"color: #000000;\"><strong>Date<\/strong>\u00a0:<\/span> <span style=\"color: #2e75b6;\">Dispens\u00e9e sur demande<\/span><\/span><\/p>\n<p class=\"font_8\"><span style=\"color: #000000; font-size: 14pt;\"><strong>Public concern\u00e9<\/strong> : ing\u00e9nieurs, responsables de laboratoires, responsables qualit\u00e9, techniciens de laboratoires.<\/span><\/p>\n<p><span style=\"font-size: 14pt;\"><span style=\"color: #000000;\">T\u00e9l\u00e9chargez le<\/span> <span style=\"color: #008000;\"><a style=\"color: #008000;\" href=\"https:\/\/extranet.bipea.org\/documents\/information\/FR\/Formation-RCIL-donnees-qualititaves-2526.pdf\">descriptif technique<\/a> <\/span><span style=\"color: #000000;\">et le<\/span> <span style=\"color: #008000;\"><a style=\"color: #008000;\" href=\"https:\/\/extranet.bipea.org\/documents\/information\/FR\/2324-inscription-RCIL-donnees-qualititaves.docx\" target=\"_blank\" rel=\"noopener noreferrer\" data-type=\"external\" data-content=\"http:\/\/www.bipea.org\/sites\/default\/files\/marketing\/FR\/FICHIER-INSCRIPTION.docx\">formulaire d&rsquo;inscription<\/a><\/span><\/span><\/p>\n<p><span style=\"color: #ffffff;\">.<\/span><\/p>\n<p><span style=\"color: #ffffff;\">.<\/span><\/p>\n<p class=\"font_8\"><span style=\"font-size: 14pt;\">Pour tout renseignement ou compl\u00e9ment d&rsquo;information concernant ces stages, vous pouvez nous contacter \u00e0 : <span style=\"text-decoration: underline;\"><a href=\"mailto:contact@bipea.org\" target=\"_self\" rel=\"noopener noreferrer\" data-type=\"mail\" data-content=\"scientifique@bipea.org\">formation@bipea.org<\/a><\/span><\/span><\/p>\n<p class=\"font_8\"><span style=\"font-size: 14pt;\">Nous restons bien \u00e9videmment ouverts \u00e0 toutes suggestions dans ce domaine que nous traiterons avec soin.<\/span><\/p>\n<p class=\"font_8\"><span style=\"color: #605e5e;\"><span class=\"wixGuard\">\u200b<\/span><\/span><\/p>\n<\/div><\/div><\/div><\/div><\/div>\n","protected":false},"excerpt":{"rendered":"","protected":false},"author":1,"featured_media":0,"parent":0,"menu_order":0,"comment_status":"closed","ping_status":"closed","template":"","meta":{"footnotes":""},"class_list":["post-12464","page","type-page","status-publish","hentry"],"yoast_head":"<!-- This site is optimized with the Yoast SEO plugin v27.0 - https:\/\/yoast.com\/product\/yoast-seo-wordpress\/ -->\n<title>Formations - Bipea<\/title>\n<meta name=\"robots\" content=\"index, follow, max-snippet:-1, max-image-preview:large, max-video-preview:-1\" \/>\n<link rel=\"canonical\" href=\"https:\/\/www.bipea.org\/fr\/formations\/\" \/>\n<meta property=\"og:locale\" content=\"fr_FR\" \/>\n<meta property=\"og:type\" content=\"article\" \/>\n<meta property=\"og:title\" content=\"Formations - Bipea\" \/>\n<meta property=\"og:url\" content=\"https:\/\/www.bipea.org\/fr\/formations\/\" \/>\n<meta property=\"og:site_name\" content=\"Bipea\" \/>\n<meta property=\"article:publisher\" content=\"https:\/\/www.facebook.com\/Bipea-Proficiency-Testing-Programs-1726595444310313\/\" \/>\n<meta property=\"article:modified_time\" content=\"2026-03-16T13:24:33+00:00\" \/>\n<meta name=\"twitter:card\" content=\"summary_large_image\" \/>\n<meta name=\"twitter:site\" content=\"@BipeaP\" \/>\n<meta name=\"twitter:label1\" content=\"Dur\u00e9e de lecture estim\u00e9e\" \/>\n\t<meta name=\"twitter:data1\" content=\"3 minutes\" \/>\n<script type=\"application\/ld+json\" class=\"yoast-schema-graph\">{\"@context\":\"https:\/\/schema.org\",\"@graph\":[{\"@type\":\"WebPage\",\"@id\":\"https:\/\/www.bipea.org\/fr\/formations\/\",\"url\":\"https:\/\/www.bipea.org\/fr\/formations\/\",\"name\":\"Formations - Bipea\",\"isPartOf\":{\"@id\":\"https:\/\/www.bipea.org\/fr\/#website\"},\"primaryImageOfPage\":{\"@id\":\"https:\/\/www.bipea.org\/fr\/formations\/#primaryimage\"},\"image\":{\"@id\":\"https:\/\/www.bipea.org\/fr\/formations\/#primaryimage\"},\"thumbnailUrl\":\"https:\/\/www.bipea.org\/wp-content\/uploads\/2022\/03\/BV_Cert_RNQ_Qualiopi-72dpi.jpg\",\"datePublished\":\"2017-12-24T17:08:06+00:00\",\"dateModified\":\"2026-03-16T13:24:33+00:00\",\"breadcrumb\":{\"@id\":\"https:\/\/www.bipea.org\/fr\/formations\/#breadcrumb\"},\"inLanguage\":\"fr-FR\",\"potentialAction\":[{\"@type\":\"ReadAction\",\"target\":[\"https:\/\/www.bipea.org\/fr\/formations\/\"]}]},{\"@type\":\"ImageObject\",\"inLanguage\":\"fr-FR\",\"@id\":\"https:\/\/www.bipea.org\/fr\/formations\/#primaryimage\",\"url\":\"https:\/\/www.bipea.org\/wp-content\/uploads\/2022\/03\/BV_Cert_RNQ_Qualiopi-72dpi.jpg\",\"contentUrl\":\"https:\/\/www.bipea.org\/wp-content\/uploads\/2022\/03\/BV_Cert_RNQ_Qualiopi-72dpi.jpg\"},{\"@type\":\"BreadcrumbList\",\"@id\":\"https:\/\/www.bipea.org\/fr\/formations\/#breadcrumb\",\"itemListElement\":[{\"@type\":\"ListItem\",\"position\":1,\"name\":\"Accueil\",\"item\":\"https:\/\/www.bipea.org\/fr\/\"},{\"@type\":\"ListItem\",\"position\":2,\"name\":\"Formations\"}]},{\"@type\":\"WebSite\",\"@id\":\"https:\/\/www.bipea.org\/fr\/#website\",\"url\":\"https:\/\/www.bipea.org\/fr\/\",\"name\":\"Bipea\",\"description\":\"\",\"potentialAction\":[{\"@type\":\"SearchAction\",\"target\":{\"@type\":\"EntryPoint\",\"urlTemplate\":\"https:\/\/www.bipea.org\/fr\/?s={search_term_string}\"},\"query-input\":{\"@type\":\"PropertyValueSpecification\",\"valueRequired\":true,\"valueName\":\"search_term_string\"}}],\"inLanguage\":\"fr-FR\"}]}<\/script>\n<!-- \/ Yoast SEO plugin. -->","yoast_head_json":{"title":"Formations - Bipea","robots":{"index":"index","follow":"follow","max-snippet":"max-snippet:-1","max-image-preview":"max-image-preview:large","max-video-preview":"max-video-preview:-1"},"canonical":"https:\/\/www.bipea.org\/fr\/formations\/","og_locale":"fr_FR","og_type":"article","og_title":"Formations - Bipea","og_url":"https:\/\/www.bipea.org\/fr\/formations\/","og_site_name":"Bipea","article_publisher":"https:\/\/www.facebook.com\/Bipea-Proficiency-Testing-Programs-1726595444310313\/","article_modified_time":"2026-03-16T13:24:33+00:00","twitter_card":"summary_large_image","twitter_site":"@BipeaP","twitter_misc":{"Dur\u00e9e de lecture estim\u00e9e":"3 minutes"},"schema":{"@context":"https:\/\/schema.org","@graph":[{"@type":"WebPage","@id":"https:\/\/www.bipea.org\/fr\/formations\/","url":"https:\/\/www.bipea.org\/fr\/formations\/","name":"Formations - Bipea","isPartOf":{"@id":"https:\/\/www.bipea.org\/fr\/#website"},"primaryImageOfPage":{"@id":"https:\/\/www.bipea.org\/fr\/formations\/#primaryimage"},"image":{"@id":"https:\/\/www.bipea.org\/fr\/formations\/#primaryimage"},"thumbnailUrl":"https:\/\/www.bipea.org\/wp-content\/uploads\/2022\/03\/BV_Cert_RNQ_Qualiopi-72dpi.jpg","datePublished":"2017-12-24T17:08:06+00:00","dateModified":"2026-03-16T13:24:33+00:00","breadcrumb":{"@id":"https:\/\/www.bipea.org\/fr\/formations\/#breadcrumb"},"inLanguage":"fr-FR","potentialAction":[{"@type":"ReadAction","target":["https:\/\/www.bipea.org\/fr\/formations\/"]}]},{"@type":"ImageObject","inLanguage":"fr-FR","@id":"https:\/\/www.bipea.org\/fr\/formations\/#primaryimage","url":"https:\/\/www.bipea.org\/wp-content\/uploads\/2022\/03\/BV_Cert_RNQ_Qualiopi-72dpi.jpg","contentUrl":"https:\/\/www.bipea.org\/wp-content\/uploads\/2022\/03\/BV_Cert_RNQ_Qualiopi-72dpi.jpg"},{"@type":"BreadcrumbList","@id":"https:\/\/www.bipea.org\/fr\/formations\/#breadcrumb","itemListElement":[{"@type":"ListItem","position":1,"name":"Accueil","item":"https:\/\/www.bipea.org\/fr\/"},{"@type":"ListItem","position":2,"name":"Formations"}]},{"@type":"WebSite","@id":"https:\/\/www.bipea.org\/fr\/#website","url":"https:\/\/www.bipea.org\/fr\/","name":"Bipea","description":"","potentialAction":[{"@type":"SearchAction","target":{"@type":"EntryPoint","urlTemplate":"https:\/\/www.bipea.org\/fr\/?s={search_term_string}"},"query-input":{"@type":"PropertyValueSpecification","valueRequired":true,"valueName":"search_term_string"}}],"inLanguage":"fr-FR"}]}},"_links":{"self":[{"href":"https:\/\/www.bipea.org\/fr\/wp-json\/wp\/v2\/pages\/12464","targetHints":{"allow":["GET"]}}],"collection":[{"href":"https:\/\/www.bipea.org\/fr\/wp-json\/wp\/v2\/pages"}],"about":[{"href":"https:\/\/www.bipea.org\/fr\/wp-json\/wp\/v2\/types\/page"}],"author":[{"embeddable":true,"href":"https:\/\/www.bipea.org\/fr\/wp-json\/wp\/v2\/users\/1"}],"replies":[{"embeddable":true,"href":"https:\/\/www.bipea.org\/fr\/wp-json\/wp\/v2\/comments?post=12464"}],"version-history":[{"count":219,"href":"https:\/\/www.bipea.org\/fr\/wp-json\/wp\/v2\/pages\/12464\/revisions"}],"predecessor-version":[{"id":27176,"href":"https:\/\/www.bipea.org\/fr\/wp-json\/wp\/v2\/pages\/12464\/revisions\/27176"}],"wp:attachment":[{"href":"https:\/\/www.bipea.org\/fr\/wp-json\/wp\/v2\/media?parent=12464"}],"curies":[{"name":"wp","href":"https:\/\/api.w.org\/{rel}","templated":true}]}}