{"id":12438,"date":"2017-12-24T18:02:32","date_gmt":"2017-12-24T17:02:32","guid":{"rendered":"https:\/\/www.bipea.org\/customized-pt-programs\/"},"modified":"2024-11-14T13:31:55","modified_gmt":"2024-11-14T12:31:55","slug":"comparaisons-interlaboratoires-personnalises","status":"publish","type":"page","link":"https:\/\/www.bipea.org\/fr\/comparaisons-interlaboratoires-personnalises\/","title":{"rendered":"Comparaisons interlaboratoires personnalis\u00e9es"},"content":{"rendered":"<div class=\"fusion-fullwidth fullwidth-box fusion-builder-row-1 fusion-flex-container nonhundred-percent-fullwidth non-hundred-percent-height-scrolling\" style=\"--awb-border-radius-top-left:0px;--awb-border-radius-top-right:0px;--awb-border-radius-bottom-right:0px;--awb-border-radius-bottom-left:0px;--awb-flex-wrap:wrap;\" ><div class=\"fusion-builder-row fusion-row fusion-flex-align-items-flex-start fusion-flex-content-wrap\" style=\"max-width:1144px;margin-left: calc(-4% \/ 2 );margin-right: calc(-4% \/ 2 );\"><div class=\"fusion-layout-column fusion_builder_column fusion-builder-column-0 fusion_builder_column_1_1 1_1 fusion-flex-column\" style=\"--awb-bg-size:cover;--awb-width-large:100%;--awb-margin-top-large:0px;--awb-spacing-right-large:1.92%;--awb-margin-bottom-large:0px;--awb-spacing-left-large:1.92%;--awb-width-medium:100%;--awb-spacing-right-medium:1.92%;--awb-spacing-left-medium:1.92%;--awb-width-small:100%;--awb-spacing-right-small:1.92%;--awb-spacing-left-small:1.92%;\"><div class=\"fusion-column-wrapper fusion-flex-justify-content-flex-start fusion-content-layout-column\"><div class=\"fusion-text fusion-text-1\"><p class=\"font_8\"><span style=\"font-size: 14pt;\">En parall\u00e8le des essais interlaboratoires r\u00e9guliers, le BIPEA organise des CILs personnalis\u00e9es.<\/span><\/p>\n<p class=\"font_8\"><span style=\"font-size: 14pt;\">Ce sont des essais ou des programmes d\u2019essais personnalis\u00e9s r\u00e9pondant \u00e0 la demande sp\u00e9cifique d&rsquo;un groupe de laboratoires, d&rsquo;une interprofession ou d&rsquo;un groupe industriel et prenant en compte les objectifs et les besoins sp\u00e9cifiques du donneur d\u2019ordre.<\/span><\/p>\n<p class=\"font_8\"><span class=\"wixGuard\" style=\"font-size: 14pt;\">\u200b<\/span><\/p>\n<p class=\"font_8\"><span style=\"font-size: 14pt;\">Il peut s&rsquo;agir entre autre de :<\/span><\/p>\n<ul class=\"font_8\" style=\"color: #0076b3;\">\n<li>\n<p class=\"font_8\"><span style=\"color: #0076b3; font-size: 14pt;\">Contr\u00f4le qualit\u00e9 pour un groupe de laboratoires,<\/span><\/p>\n<\/li>\n<li>\n<p class=\"font_8\"><span style=\"color: #0076b3; font-size: 14pt;\">V\u00e9rification \/ comparaison de m\u00e9thodes,<\/span><\/p>\n<\/li>\n<li>\n<p class=\"font_8\"><span style=\"color: #0076b3; font-size: 14pt;\">Caract\u00e9risation de m\u00e9thodes (ISO 5725) : estimation de l&rsquo;exactitude (justesse) d&rsquo;une m\u00e9thode en cours de validation,<\/span><\/p>\n<\/li>\n<li>\n<p class=\"font_8\"><span style=\"color: #0076b3; font-size: 14pt;\">Etude statistique de r\u00e9sultats,<\/span><\/p>\n<\/li>\n<li>\n<p class=\"font_8\"><span style=\"color: #0076b3; font-size: 14pt;\">Fabrication de Mat\u00e9riaux de R\u00e9f\u00e9rence Interne,<\/span><\/p>\n<\/li>\n<li>\n<p class=\"font_8\"><span style=\"color: #0076b3; font-size: 14pt;\">Pr\u00e9paration d&rsquo;\u00e9chantillons de contr\u00f4le.<\/span><\/p>\n<\/li>\n<\/ul>\n<p class=\"font_8\" style=\"text-align: justify;\"><span style=\"font-size: 14pt;\">Ces EILs personnalis\u00e9s peuvent concerner tout ou partie de l&rsquo;organisation de ces circuits :<\/span><\/p>\n<ul class=\"font_8\" style=\"color: #2b689c; text-align: justify;\">\n<li>\n<p class=\"font_8\"><span style=\"color: #2b689c; font-size: 14pt;\">Fourniture des mati\u00e8res premi\u00e8res,<\/span><\/p>\n<\/li>\n<li>\n<p class=\"font_8\"><span style=\"color: #2b689c; font-size: 14pt;\">Fabrication et\/ou exp\u00e9dition des \u00e9chantillons,<\/span><\/p>\n<\/li>\n<li>\n<p class=\"font_8\"><span style=\"color: #2b689c; font-size: 14pt;\">Traitement statistique des r\u00e9sultats,<\/span><\/p>\n<\/li>\n<li>\n<p class=\"font_8\"><span style=\"color: #2b689c; font-size: 14pt;\">Publication et\/ou diffusion du rapport des r\u00e9sultats.<\/span><\/p>\n<\/li>\n<\/ul>\n<p class=\"font_8\"><span style=\"font-size: 14pt;\">Dans le cadre de ces travaux, le BIPEA vous apporte son expertise et vous assure de la bonne tenue des exigences et imp\u00e9ratifs de l\u2019organisation d\u2019une CIL.<\/span><\/p>\n<p class=\"font_8\"><span style=\"font-size: 14pt;\">Pour ces CILs personnalis\u00e9es, les matrices, les param\u00e8tres analys\u00e9s, le nombre de r\u00e9p\u00e9titions et les m\u00e9thodes sont d\u00e9finis en \u00e9troite collaboration entre l&rsquo;organisme demandeur et les services concern\u00e9s du BIPEA (fabrication, scientifique et technique, traitement statistique), en fonction des objectifs et des co\u00fbts.<\/span><\/p>\n<p class=\"font_8\"><span style=\"font-size: 14pt;\">Apr\u00e8s une d\u00e9finition minutieuse des besoins sp\u00e9cifiques du projet, la demande fait l&rsquo;objet d&rsquo;un devis.\u200b<\/span><\/p>\n<p class=\"font_8\"><span style=\"font-size: 14pt;\">Pour la mise en place de ces projets sp\u00e9cifiques, nous vous prions de contacter le Directeur du BIPEA par email : <span style=\"text-decoration: underline;\"><a href=\"mailto:direction@bipea.org\" target=\"_self\" rel=\"noopener\" data-type=\"mail\" data-content=\"direction@bipea.org\">direction@bipea.org<\/a><\/span><\/span><\/p>\n<\/div><\/div><\/div><\/div><\/div>\n","protected":false},"excerpt":{"rendered":"","protected":false},"author":1,"featured_media":0,"parent":0,"menu_order":0,"comment_status":"closed","ping_status":"closed","template":"","meta":{"footnotes":""},"class_list":["post-12438","page","type-page","status-publish","hentry"],"yoast_head":"<!-- This site is optimized with the Yoast SEO plugin v27.0 - https:\/\/yoast.com\/product\/yoast-seo-wordpress\/ -->\n<title>Comparaisons interlaboratoires personnalis\u00e9es - Bipea<\/title>\n<meta name=\"robots\" content=\"index, follow, max-snippet:-1, max-image-preview:large, max-video-preview:-1\" \/>\n<link rel=\"canonical\" href=\"https:\/\/www.bipea.org\/fr\/comparaisons-interlaboratoires-personnalises\/\" \/>\n<meta property=\"og:locale\" content=\"fr_FR\" \/>\n<meta property=\"og:type\" content=\"article\" \/>\n<meta property=\"og:title\" content=\"Comparaisons interlaboratoires personnalis\u00e9es - Bipea\" \/>\n<meta property=\"og:url\" content=\"https:\/\/www.bipea.org\/fr\/comparaisons-interlaboratoires-personnalises\/\" \/>\n<meta property=\"og:site_name\" content=\"Bipea\" \/>\n<meta property=\"article:publisher\" content=\"https:\/\/www.facebook.com\/Bipea-Proficiency-Testing-Programs-1726595444310313\/\" \/>\n<meta property=\"article:modified_time\" content=\"2024-11-14T12:31:55+00:00\" \/>\n<meta name=\"twitter:card\" content=\"summary_large_image\" \/>\n<meta name=\"twitter:site\" content=\"@BipeaP\" \/>\n<meta name=\"twitter:label1\" content=\"Dur\u00e9e de lecture estim\u00e9e\" \/>\n\t<meta name=\"twitter:data1\" content=\"2 minutes\" \/>\n<script type=\"application\/ld+json\" class=\"yoast-schema-graph\">{\"@context\":\"https:\/\/schema.org\",\"@graph\":[{\"@type\":\"WebPage\",\"@id\":\"https:\/\/www.bipea.org\/fr\/comparaisons-interlaboratoires-personnalises\/\",\"url\":\"https:\/\/www.bipea.org\/fr\/comparaisons-interlaboratoires-personnalises\/\",\"name\":\"Comparaisons interlaboratoires personnalis\u00e9es - Bipea\",\"isPartOf\":{\"@id\":\"https:\/\/www.bipea.org\/fr\/#website\"},\"datePublished\":\"2017-12-24T17:02:32+00:00\",\"dateModified\":\"2024-11-14T12:31:55+00:00\",\"breadcrumb\":{\"@id\":\"https:\/\/www.bipea.org\/fr\/comparaisons-interlaboratoires-personnalises\/#breadcrumb\"},\"inLanguage\":\"fr-FR\",\"potentialAction\":[{\"@type\":\"ReadAction\",\"target\":[\"https:\/\/www.bipea.org\/fr\/comparaisons-interlaboratoires-personnalises\/\"]}]},{\"@type\":\"BreadcrumbList\",\"@id\":\"https:\/\/www.bipea.org\/fr\/comparaisons-interlaboratoires-personnalises\/#breadcrumb\",\"itemListElement\":[{\"@type\":\"ListItem\",\"position\":1,\"name\":\"Accueil\",\"item\":\"https:\/\/www.bipea.org\/fr\/\"},{\"@type\":\"ListItem\",\"position\":2,\"name\":\"Comparaisons interlaboratoires personnalis\u00e9es\"}]},{\"@type\":\"WebSite\",\"@id\":\"https:\/\/www.bipea.org\/fr\/#website\",\"url\":\"https:\/\/www.bipea.org\/fr\/\",\"name\":\"Bipea\",\"description\":\"\",\"potentialAction\":[{\"@type\":\"SearchAction\",\"target\":{\"@type\":\"EntryPoint\",\"urlTemplate\":\"https:\/\/www.bipea.org\/fr\/?s={search_term_string}\"},\"query-input\":{\"@type\":\"PropertyValueSpecification\",\"valueRequired\":true,\"valueName\":\"search_term_string\"}}],\"inLanguage\":\"fr-FR\"}]}<\/script>\n<!-- \/ Yoast SEO plugin. -->","yoast_head_json":{"title":"Comparaisons interlaboratoires personnalis\u00e9es - Bipea","robots":{"index":"index","follow":"follow","max-snippet":"max-snippet:-1","max-image-preview":"max-image-preview:large","max-video-preview":"max-video-preview:-1"},"canonical":"https:\/\/www.bipea.org\/fr\/comparaisons-interlaboratoires-personnalises\/","og_locale":"fr_FR","og_type":"article","og_title":"Comparaisons interlaboratoires personnalis\u00e9es - Bipea","og_url":"https:\/\/www.bipea.org\/fr\/comparaisons-interlaboratoires-personnalises\/","og_site_name":"Bipea","article_publisher":"https:\/\/www.facebook.com\/Bipea-Proficiency-Testing-Programs-1726595444310313\/","article_modified_time":"2024-11-14T12:31:55+00:00","twitter_card":"summary_large_image","twitter_site":"@BipeaP","twitter_misc":{"Dur\u00e9e de lecture estim\u00e9e":"2 minutes"},"schema":{"@context":"https:\/\/schema.org","@graph":[{"@type":"WebPage","@id":"https:\/\/www.bipea.org\/fr\/comparaisons-interlaboratoires-personnalises\/","url":"https:\/\/www.bipea.org\/fr\/comparaisons-interlaboratoires-personnalises\/","name":"Comparaisons interlaboratoires personnalis\u00e9es - Bipea","isPartOf":{"@id":"https:\/\/www.bipea.org\/fr\/#website"},"datePublished":"2017-12-24T17:02:32+00:00","dateModified":"2024-11-14T12:31:55+00:00","breadcrumb":{"@id":"https:\/\/www.bipea.org\/fr\/comparaisons-interlaboratoires-personnalises\/#breadcrumb"},"inLanguage":"fr-FR","potentialAction":[{"@type":"ReadAction","target":["https:\/\/www.bipea.org\/fr\/comparaisons-interlaboratoires-personnalises\/"]}]},{"@type":"BreadcrumbList","@id":"https:\/\/www.bipea.org\/fr\/comparaisons-interlaboratoires-personnalises\/#breadcrumb","itemListElement":[{"@type":"ListItem","position":1,"name":"Accueil","item":"https:\/\/www.bipea.org\/fr\/"},{"@type":"ListItem","position":2,"name":"Comparaisons interlaboratoires personnalis\u00e9es"}]},{"@type":"WebSite","@id":"https:\/\/www.bipea.org\/fr\/#website","url":"https:\/\/www.bipea.org\/fr\/","name":"Bipea","description":"","potentialAction":[{"@type":"SearchAction","target":{"@type":"EntryPoint","urlTemplate":"https:\/\/www.bipea.org\/fr\/?s={search_term_string}"},"query-input":{"@type":"PropertyValueSpecification","valueRequired":true,"valueName":"search_term_string"}}],"inLanguage":"fr-FR"}]}},"_links":{"self":[{"href":"https:\/\/www.bipea.org\/fr\/wp-json\/wp\/v2\/pages\/12438","targetHints":{"allow":["GET"]}}],"collection":[{"href":"https:\/\/www.bipea.org\/fr\/wp-json\/wp\/v2\/pages"}],"about":[{"href":"https:\/\/www.bipea.org\/fr\/wp-json\/wp\/v2\/types\/page"}],"author":[{"embeddable":true,"href":"https:\/\/www.bipea.org\/fr\/wp-json\/wp\/v2\/users\/1"}],"replies":[{"embeddable":true,"href":"https:\/\/www.bipea.org\/fr\/wp-json\/wp\/v2\/comments?post=12438"}],"version-history":[{"count":5,"href":"https:\/\/www.bipea.org\/fr\/wp-json\/wp\/v2\/pages\/12438\/revisions"}],"predecessor-version":[{"id":22257,"href":"https:\/\/www.bipea.org\/fr\/wp-json\/wp\/v2\/pages\/12438\/revisions\/22257"}],"wp:attachment":[{"href":"https:\/\/www.bipea.org\/fr\/wp-json\/wp\/v2\/media?parent=12438"}],"curies":[{"name":"wp","href":"https:\/\/api.w.org\/{rel}","templated":true}]}}