{"id":12433,"date":"2017-12-21T23:57:19","date_gmt":"2017-12-21T22:57:19","guid":{"rendered":"https:\/\/www.bipea.org\/organization-of-our-association\/"},"modified":"2025-01-15T09:04:28","modified_gmt":"2025-01-15T08:04:28","slug":"structure-associative","status":"publish","type":"page","link":"https:\/\/www.bipea.org\/fr\/structure-associative\/","title":{"rendered":"Structure Associative"},"content":{"rendered":"<p><div class=\"fusion-fullwidth fullwidth-box fusion-builder-row-1 nonhundred-percent-fullwidth non-hundred-percent-height-scrolling\" style=\"--awb-border-radius-top-left:0px;--awb-border-radius-top-right:0px;--awb-border-radius-bottom-right:0px;--awb-border-radius-bottom-left:0px;--awb-flex-wrap:wrap;\" ><div class=\"fusion-builder-row fusion-row\"><div class=\"fusion-layout-column fusion_builder_column fusion-builder-column-0 fusion_builder_column_1_1 1_1 fusion-one-full fusion-column-first fusion-column-last\" style=\"--awb-bg-blend:overlay;--awb-bg-size:cover;\"><div class=\"fusion-column-wrapper fusion-flex-column-wrapper-legacy\"><div class=\"fusion-text fusion-text-1\"><p style=\"text-align: right;\"><em><span style=\"font-size: 10pt;\">|<a href=\"https:\/\/www.bipea.org\/fr\/\">Retour \u00e0 la page d&rsquo;accueil<\/a><\/span><\/em><\/p>\n<p style=\"text-align: right;\"><em><span style=\"font-size: 10pt;\">|<a href=\"https:\/\/www.bipea.org\/fr\/essais-interlaboratoires-eils\/\">Retour \u00e0 la liste compl\u00e8te des EILs<\/a><\/span><\/em><\/p>\n<p style=\"text-align: center;\"><span style=\"color: #008000;\"><strong><span style=\"font-size: 24pt;\">STRUCTURE ASSOCIATIVE<\/span><\/strong><\/span><\/p>\n<\/div><div class=\"fusion-clearfix\"><\/div><\/div><\/div><\/div><\/div><div class=\"fusion-fullwidth fullwidth-box fusion-builder-row-2 fusion-flex-container has-pattern-background has-mask-background nonhundred-percent-fullwidth non-hundred-percent-height-scrolling\" style=\"--awb-border-radius-top-left:0px;--awb-border-radius-top-right:0px;--awb-border-radius-bottom-right:0px;--awb-border-radius-bottom-left:0px;--awb-flex-wrap:wrap;\" ><div class=\"fusion-builder-row fusion-row fusion-flex-align-items-flex-start fusion-flex-content-wrap\" style=\"max-width:1144px;margin-left: calc(-4% \/ 2 );margin-right: calc(-4% \/ 2 );\"><div class=\"fusion-layout-column fusion_builder_column fusion-builder-column-1 fusion_builder_column_1_4 1_4 fusion-flex-column\" style=\"--awb-bg-size:cover;--awb-width-large:25%;--awb-margin-top-large:0px;--awb-spacing-right-large:7.68%;--awb-margin-bottom-large:20px;--awb-spacing-left-large:7.68%;--awb-width-medium:100%;--awb-order-medium:0;--awb-spacing-right-medium:1.92%;--awb-spacing-left-medium:1.92%;--awb-width-small:100%;--awb-order-small:0;--awb-spacing-right-small:1.92%;--awb-spacing-left-small:1.92%;\"><div class=\"fusion-column-wrapper fusion-column-has-shadow fusion-flex-justify-content-flex-start fusion-content-layout-column\"><div style=\"text-align:center;\"><a class=\"fusion-button button-flat button-xlarge button-custom fusion-button-default button-1 fusion-button-default-span fusion-button-default-type button100 fusion-has-button-gradient\" style=\"--button_accent_color:#ffffff;--button_border_color:#ffffff;--button_accent_hover_color:#787878;--button_border_hover_color:#787878;--button_gradient_top_color:#0076b3;--button_gradient_bottom_color:#0076b3;--button_gradient_top_color_hover:#d6d6d6;--button_gradient_bottom_color_hover:#e8e8e8;\" target=\"_self\" href=\" https:\/\/www.bipea.org\/fr\/organigramme\/ \"><span class=\"fusion-button-text\">ORGANIGRAMME DU BIPEA<\/span><\/a><\/div><\/div><\/div><div class=\"fusion-layout-column fusion_builder_column fusion-builder-column-2 fusion_builder_column_1_4 1_4 fusion-flex-column\" style=\"--awb-bg-size:cover;--awb-width-large:25%;--awb-margin-top-large:0px;--awb-spacing-right-large:7.68%;--awb-margin-bottom-large:20px;--awb-spacing-left-large:7.68%;--awb-width-medium:100%;--awb-order-medium:0;--awb-spacing-right-medium:1.92%;--awb-spacing-left-medium:1.92%;--awb-width-small:100%;--awb-order-small:0;--awb-spacing-right-small:1.92%;--awb-spacing-left-small:1.92%;\"><div class=\"fusion-column-wrapper fusion-column-has-shadow fusion-flex-justify-content-flex-start fusion-content-layout-column\"><div style=\"text-align:center;\"><a class=\"fusion-button button-flat button-xlarge button-custom fusion-button-default button-2 fusion-button-default-span fusion-button-default-type button100 fusion-has-button-gradient\" style=\"--button_accent_color:#ffffff;--button_border_color:#ffffff;--button_accent_hover_color:#787878;--button_border_hover_color:#787878;--button_gradient_top_color:#0076b3;--button_gradient_bottom_color:#0076b3;--button_gradient_top_color_hover:#d6d6d6;--button_gradient_bottom_color_hover:#e8e8e8;\" target=\"_self\" href=\"https:\/\/www.bipea.org\/fr\/ca-et-cdt\/\"><span class=\"fusion-button-text\">MEMBRES DU CA &amp; CDT<\/span><\/a><\/div><\/div><\/div><div class=\"fusion-layout-column fusion_builder_column fusion-builder-column-3 fusion_builder_column_1_4 1_4 fusion-flex-column\" style=\"--awb-bg-size:cover;--awb-width-large:25%;--awb-margin-top-large:0px;--awb-spacing-right-large:7.68%;--awb-margin-bottom-large:20px;--awb-spacing-left-large:7.68%;--awb-width-medium:100%;--awb-order-medium:0;--awb-spacing-right-medium:1.92%;--awb-spacing-left-medium:1.92%;--awb-width-small:100%;--awb-order-small:0;--awb-spacing-right-small:1.92%;--awb-spacing-left-small:1.92%;\"><div class=\"fusion-column-wrapper fusion-column-has-shadow fusion-flex-justify-content-flex-start fusion-content-layout-column\"><div style=\"text-align:center;\"><a class=\"fusion-button button-flat button-xlarge button-custom fusion-button-default button-3 fusion-button-default-span fusion-button-default-type button100 fusion-has-button-gradient\" style=\"--button_accent_color:#ffffff;--button_border_color:#ffffff;--button_accent_hover_color:#787878;--button_border_hover_color:#787878;--button_gradient_top_color:#0076b3;--button_gradient_bottom_color:#0076b3;--button_gradient_top_color_hover:#d6d6d6;--button_gradient_bottom_color_hover:#e8e8e8;\" target=\"_self\" href=\"https:\/\/www.bipea.org\/fr\/presidents\/\"><span class=\"fusion-button-text\">PRESIDENTS D&rsquo;EILS<\/span><\/a><\/div><\/div><\/div><div class=\"fusion-layout-column fusion_builder_column fusion-builder-column-4 fusion_builder_column_1_4 1_4 fusion-flex-column\" style=\"--awb-bg-size:cover;--awb-width-large:25%;--awb-margin-top-large:0px;--awb-spacing-right-large:7.68%;--awb-margin-bottom-large:20px;--awb-spacing-left-large:7.68%;--awb-width-medium:100%;--awb-order-medium:0;--awb-spacing-right-medium:1.92%;--awb-spacing-left-medium:1.92%;--awb-width-small:100%;--awb-order-small:0;--awb-spacing-right-small:1.92%;--awb-spacing-left-small:1.92%;\"><div class=\"fusion-column-wrapper fusion-column-has-shadow fusion-flex-justify-content-flex-start fusion-content-layout-column\"><div style=\"text-align:center;\"><a class=\"fusion-button button-flat button-xlarge button-custom fusion-button-default button-4 fusion-button-default-span fusion-button-default-type button100 fusion-has-button-gradient\" style=\"--button_accent_color:#ffffff;--button_border_color:#ffffff;--button_accent_hover_color:#787878;--button_border_hover_color:#787878;--button_gradient_top_color:#0076b3;--button_gradient_bottom_color:#0076b3;--button_gradient_top_color_hover:#d6d6d6;--button_gradient_bottom_color_hover:#e8e8e8;\" target=\"_self\" href=\"https:\/\/www.bipea.org\/fr\/commissions-scientifiques\/\"><span class=\"fusion-button-text\">COMMISSIONS SCIENTIFIQUES<\/span><\/a><\/div><\/div><\/div><\/div><\/div><div class=\"fusion-fullwidth fullwidth-box fusion-builder-row-3 nonhundred-percent-fullwidth non-hundred-percent-height-scrolling\" style=\"--awb-border-radius-top-left:0px;--awb-border-radius-top-right:0px;--awb-border-radius-bottom-right:0px;--awb-border-radius-bottom-left:0px;--awb-flex-wrap:wrap;\" ><div class=\"fusion-builder-row fusion-row\"><div class=\"fusion-layout-column fusion_builder_column fusion-builder-column-5 fusion_builder_column_1_1 1_1 fusion-one-full fusion-column-first fusion-column-last\" style=\"--awb-bg-blend:overlay;--awb-bg-size:cover;\"><div class=\"fusion-column-wrapper fusion-flex-column-wrapper-legacy\"><div class=\"fusion-text fusion-text-2\"><p><span style=\"font-size: 14pt;\">Le BIPEA est compos\u00e9 d&rsquo;une <strong>Assembl\u00e9e G\u00e9n\u00e9rale<\/strong>, d&rsquo;un <strong>Conseil d&rsquo;Administration<\/strong>, d&rsquo;un <strong>Conseil Scientifique et Technique<\/strong> et d&rsquo;un <strong>Bureau<\/strong>. Ensemble, ces entit\u00e9s dirigent l&rsquo;organisation tant sur le plan administratif que technique.<\/span><\/p>\n<ul>\n<li><span style=\"font-size: 14pt;\"><strong>L&rsquo;Assembl\u00e9e g\u00e9n\u00e9rale<\/strong> est le principal acteur responsable de la gouvernance globale de l&rsquo;organisation.<\/span><\/li>\n<li><span style=\"font-size: 14pt;\"><strong>Le Conseil d&rsquo;Administration<\/strong> dirige ensuite la prise de d\u00e9cision au niveau des activit\u00e9s administratives et op\u00e9rationnelles du BIPEA.<\/span><\/li>\n<li><span style=\"font-size: 14pt;\"><strong>Le Conseil scientifique et technique<\/strong> :<\/span><\/li>\n<li><span style=\"font-size: 14pt;\">Le conseil est compos\u00e9 d&rsquo;experts qui aident le BIPEA \u00e0 d\u00e9finir et \u00e0 mettre en \u0153uvre ses politiques scientifiques et techniques.<\/span><\/li>\n<li><span style=\"font-size: 14pt;\"><strong>Les pr\u00e9sidents d&rsquo;essai inter laboratoires<\/strong> supervisent chacun un programme sp\u00e9cifique. Ils assurent un dialogue qui permet aux participants d\u2019avoir un retour d&rsquo;information et des suggestions pour am\u00e9liorer les programmes d&rsquo;essais d&rsquo;aptitude.<\/span><\/li>\n<li><span style=\"font-size: 14pt;\"><strong>Bureau du BIPEA : <\/strong>Cette structure permanente est responsable des activit\u00e9s quotidiennes du BIPEA qui impliquent une gestion scientifique, qualitative et op\u00e9rationnelle. Le Bureau est compos\u00e9 de plusieurs services sp\u00e9cifiques :<\/span>\n<ul>\n<li><span style=\"font-size: 14pt;\">Le d\u00e9partement Scientifique<\/span><\/li>\n<li><span style=\"font-size: 14pt;\">Le d\u00e9partement des Statistiques<\/span><\/li>\n<li><span style=\"font-size: 14pt;\">Le d\u00e9partement de Fabrication des \u00e9chantillons<\/span><\/li>\n<li><span style=\"font-size: 14pt;\">Le service Qualit\u00e9<\/span><\/li>\n<li><span style=\"font-size: 14pt;\">Les services Support<\/span><\/li>\n<\/ul>\n<\/li>\n<\/ul>\n<\/div><div class=\"fusion-clearfix\"><\/div><\/div><\/div><\/div><\/div><\/p>\n","protected":false},"excerpt":{"rendered":"","protected":false},"author":1,"featured_media":0,"parent":0,"menu_order":0,"comment_status":"closed","ping_status":"closed","template":"","meta":{"footnotes":""},"class_list":["post-12433","page","type-page","status-publish","hentry"],"yoast_head":"<!-- This site is optimized with the Yoast SEO plugin v27.0 - https:\/\/yoast.com\/product\/yoast-seo-wordpress\/ -->\n<title>Structure Associative - Bipea<\/title>\n<meta name=\"robots\" content=\"index, follow, max-snippet:-1, max-image-preview:large, max-video-preview:-1\" \/>\n<link rel=\"canonical\" href=\"https:\/\/www.bipea.org\/fr\/structure-associative\/\" \/>\n<meta property=\"og:locale\" content=\"fr_FR\" \/>\n<meta property=\"og:type\" content=\"article\" \/>\n<meta property=\"og:title\" content=\"Structure Associative - Bipea\" \/>\n<meta property=\"og:url\" content=\"https:\/\/www.bipea.org\/fr\/structure-associative\/\" \/>\n<meta property=\"og:site_name\" content=\"Bipea\" \/>\n<meta property=\"article:publisher\" content=\"https:\/\/www.facebook.com\/Bipea-Proficiency-Testing-Programs-1726595444310313\/\" \/>\n<meta property=\"article:modified_time\" content=\"2025-01-15T08:04:28+00:00\" \/>\n<meta property=\"og:image\" content=\"https:\/\/www.bipea.org\/wp-content\/uploads\/2017\/12\/graph.png\" \/>\n<meta name=\"twitter:card\" content=\"summary_large_image\" \/>\n<meta name=\"twitter:site\" content=\"@BipeaP\" \/>\n<meta name=\"twitter:label1\" content=\"Dur\u00e9e de lecture estim\u00e9e\" \/>\n\t<meta name=\"twitter:data1\" content=\"2 minutes\" \/>\n<script type=\"application\/ld+json\" class=\"yoast-schema-graph\">{\"@context\":\"https:\/\/schema.org\",\"@graph\":[{\"@type\":\"WebPage\",\"@id\":\"https:\/\/www.bipea.org\/fr\/structure-associative\/\",\"url\":\"https:\/\/www.bipea.org\/fr\/structure-associative\/\",\"name\":\"Structure Associative - Bipea\",\"isPartOf\":{\"@id\":\"https:\/\/www.bipea.org\/fr\/#website\"},\"datePublished\":\"2017-12-21T22:57:19+00:00\",\"dateModified\":\"2025-01-15T08:04:28+00:00\",\"breadcrumb\":{\"@id\":\"https:\/\/www.bipea.org\/fr\/structure-associative\/#breadcrumb\"},\"inLanguage\":\"fr-FR\",\"potentialAction\":[{\"@type\":\"ReadAction\",\"target\":[\"https:\/\/www.bipea.org\/fr\/structure-associative\/\"]}]},{\"@type\":\"BreadcrumbList\",\"@id\":\"https:\/\/www.bipea.org\/fr\/structure-associative\/#breadcrumb\",\"itemListElement\":[{\"@type\":\"ListItem\",\"position\":1,\"name\":\"Accueil\",\"item\":\"https:\/\/www.bipea.org\/fr\/\"},{\"@type\":\"ListItem\",\"position\":2,\"name\":\"Instances associatives\"}]},{\"@type\":\"WebSite\",\"@id\":\"https:\/\/www.bipea.org\/fr\/#website\",\"url\":\"https:\/\/www.bipea.org\/fr\/\",\"name\":\"Bipea\",\"description\":\"\",\"potentialAction\":[{\"@type\":\"SearchAction\",\"target\":{\"@type\":\"EntryPoint\",\"urlTemplate\":\"https:\/\/www.bipea.org\/fr\/?s={search_term_string}\"},\"query-input\":{\"@type\":\"PropertyValueSpecification\",\"valueRequired\":true,\"valueName\":\"search_term_string\"}}],\"inLanguage\":\"fr-FR\"}]}<\/script>\n<!-- \/ Yoast SEO plugin. -->","yoast_head_json":{"title":"Structure Associative - Bipea","robots":{"index":"index","follow":"follow","max-snippet":"max-snippet:-1","max-image-preview":"max-image-preview:large","max-video-preview":"max-video-preview:-1"},"canonical":"https:\/\/www.bipea.org\/fr\/structure-associative\/","og_locale":"fr_FR","og_type":"article","og_title":"Structure Associative - Bipea","og_url":"https:\/\/www.bipea.org\/fr\/structure-associative\/","og_site_name":"Bipea","article_publisher":"https:\/\/www.facebook.com\/Bipea-Proficiency-Testing-Programs-1726595444310313\/","article_modified_time":"2025-01-15T08:04:28+00:00","og_image":[{"url":"https:\/\/www.bipea.org\/wp-content\/uploads\/2017\/12\/graph.png","type":"","width":"","height":""}],"twitter_card":"summary_large_image","twitter_site":"@BipeaP","twitter_misc":{"Dur\u00e9e de lecture estim\u00e9e":"2 minutes"},"schema":{"@context":"https:\/\/schema.org","@graph":[{"@type":"WebPage","@id":"https:\/\/www.bipea.org\/fr\/structure-associative\/","url":"https:\/\/www.bipea.org\/fr\/structure-associative\/","name":"Structure Associative - Bipea","isPartOf":{"@id":"https:\/\/www.bipea.org\/fr\/#website"},"datePublished":"2017-12-21T22:57:19+00:00","dateModified":"2025-01-15T08:04:28+00:00","breadcrumb":{"@id":"https:\/\/www.bipea.org\/fr\/structure-associative\/#breadcrumb"},"inLanguage":"fr-FR","potentialAction":[{"@type":"ReadAction","target":["https:\/\/www.bipea.org\/fr\/structure-associative\/"]}]},{"@type":"BreadcrumbList","@id":"https:\/\/www.bipea.org\/fr\/structure-associative\/#breadcrumb","itemListElement":[{"@type":"ListItem","position":1,"name":"Accueil","item":"https:\/\/www.bipea.org\/fr\/"},{"@type":"ListItem","position":2,"name":"Instances associatives"}]},{"@type":"WebSite","@id":"https:\/\/www.bipea.org\/fr\/#website","url":"https:\/\/www.bipea.org\/fr\/","name":"Bipea","description":"","potentialAction":[{"@type":"SearchAction","target":{"@type":"EntryPoint","urlTemplate":"https:\/\/www.bipea.org\/fr\/?s={search_term_string}"},"query-input":{"@type":"PropertyValueSpecification","valueRequired":true,"valueName":"search_term_string"}}],"inLanguage":"fr-FR"}]}},"_links":{"self":[{"href":"https:\/\/www.bipea.org\/fr\/wp-json\/wp\/v2\/pages\/12433","targetHints":{"allow":["GET"]}}],"collection":[{"href":"https:\/\/www.bipea.org\/fr\/wp-json\/wp\/v2\/pages"}],"about":[{"href":"https:\/\/www.bipea.org\/fr\/wp-json\/wp\/v2\/types\/page"}],"author":[{"embeddable":true,"href":"https:\/\/www.bipea.org\/fr\/wp-json\/wp\/v2\/users\/1"}],"replies":[{"embeddable":true,"href":"https:\/\/www.bipea.org\/fr\/wp-json\/wp\/v2\/comments?post=12433"}],"version-history":[{"count":17,"href":"https:\/\/www.bipea.org\/fr\/wp-json\/wp\/v2\/pages\/12433\/revisions"}],"predecessor-version":[{"id":22524,"href":"https:\/\/www.bipea.org\/fr\/wp-json\/wp\/v2\/pages\/12433\/revisions\/22524"}],"wp:attachment":[{"href":"https:\/\/www.bipea.org\/fr\/wp-json\/wp\/v2\/media?parent=12433"}],"curies":[{"name":"wp","href":"https:\/\/api.w.org\/{rel}","templated":true}]}}