{"id":12430,"date":"2017-12-24T18:32:57","date_gmt":"2017-12-24T17:32:57","guid":{"rendered":"https:\/\/www.bipea.org\/quality\/"},"modified":"2026-03-20T12:00:02","modified_gmt":"2026-03-20T11:00:02","slug":"qualite","status":"publish","type":"page","link":"https:\/\/www.bipea.org\/fr\/qualite\/","title":{"rendered":"Qualit\u00e9"},"content":{"rendered":"<div class=\"fusion-fullwidth fullwidth-box fusion-builder-row-1 nonhundred-percent-fullwidth non-hundred-percent-height-scrolling\" style=\"--awb-border-radius-top-left:0px;--awb-border-radius-top-right:0px;--awb-border-radius-bottom-right:0px;--awb-border-radius-bottom-left:0px;--awb-flex-wrap:wrap;\" ><div class=\"fusion-builder-row fusion-row\"><div class=\"fusion-layout-column fusion_builder_column fusion-builder-column-0 fusion_builder_column_1_1 1_1 fusion-one-full fusion-column-first fusion-column-last\" style=\"--awb-bg-size:cover;--awb-margin-bottom:0px;\"><div class=\"fusion-column-wrapper fusion-flex-column-wrapper-legacy\"><div class=\"fusion-text fusion-text-1\"><p style=\"text-align: right;\"><em><span style=\"font-size: 10pt;\">|<a href=\"https:\/\/www.bipea.org\/fr\">Retour \u00e0 la page d&rsquo;accueil<\/a><\/span><\/em><\/p>\n<p style=\"text-align: right;\"><em><span style=\"font-size: 10pt;\">|<a href=\"https:\/\/www.bipea.org\/fr\/essais-interlaboratoires-eils\/\">Retour \u00e0 la liste des EIL<\/a><\/span><\/em><\/p>\n<p style=\"text-align: center;\"><span style=\"font-size: 24pt; color: #008000;\"><strong>QUALITE<\/strong><\/span><\/p>\n<p class=\"font_8\" style=\"text-align: justify;\"><span style=\"font-weight: bold; font-size: 14pt;\">La qualit\u00e9, notre c\u0153ur de m\u00e9tier<\/span><\/p>\n<p class=\"font_8\" style=\"text-align: justify;\"><span style=\"font-size: 14pt;\">Le BIPEA accorde une grande importance \u00e0 sa d\u00e9marche qualit\u00e9. Par son accr\u00e9ditation ISO\/CEI 17043, il garantit aux laboratoires sa comp\u00e9tence d&rsquo;organisateur d&rsquo;essais interlaboratoires. Il \u0153uvre \u00e0 l&rsquo;am\u00e9lioration de la qualit\u00e9 des analyses des laboratoires.<\/span><\/p>\n<p class=\"font_8\" style=\"text-align: justify;\"><span class=\"wixGuard\" style=\"font-size: 14pt;\">\u200b<\/span><\/p>\n<p class=\"font_8\" style=\"text-align: justify;\"><strong><span style=\"color: #0076b3; font-size: 14pt;\">ACCREDITATION ISO 17043<\/span><\/strong><\/p>\n<p class=\"font_8\"><span style=\"font-size: 14pt;\">Le BIPEA est accr\u00e9dit\u00e9 par le COFRAC selon la norme NF EN ISO\/CEI 17043 pour l&rsquo;organisation de comparaisons interlaboratoires.<\/span><\/p>\n<p class=\"font_8\"><span style=\"font-size: 14pt;\">Accr\u00e9ditation obtenue en avril 2004.<\/span><\/p>\n<p class=\"font_8\"><span style=\"font-size: 14pt;\">Depuis juillet 2016, le BIPEA est accr\u00e9dit\u00e9 en port\u00e9e flexible par le COFRAC selon les exigences du r\u00e9f\u00e9rentiel LAB CIL REF 08.<\/span><\/p>\n<p class=\"font_8\"><span style=\"font-weight: bold; font-size: 14pt;\">Num\u00e9ro d&rsquo;accr\u00e9ditation : 1-1495<\/span><\/p>\n<p class=\"font_8\"><span style=\"font-size: 14pt;\">La port\u00e9e g\u00e9n\u00e9rale de cette accr\u00e9ditation est disponible sur le site du COFRAC <span style=\"text-decoration: underline;\"><a href=\"http:\/\/www.cofrac.fr\/fr\/organismes\/fiche.php?entite_id=12066380\" target=\"_blank\" rel=\"noopener\" data-content=\"http:\/\/www.cofrac.fr\/fr\/organismes\/fiche.php?entite_id=12066380\" data-type=\"external\">www.cofrac.fr.<\/a><\/span><\/span><\/p>\n<p class=\"font_8\"><span style=\"color: #339966;\"><strong><span style=\"font-size: 14pt;\"><a style=\"color: #339966;\" href=\"https:\/\/extranet.bipea.org\/documents\/information\/FR\/Certificat-COFRAC.pdf\"><span style=\"text-decoration: underline;\">T\u00e9l\u00e9charger l&rsquo;attestation COFRAC<\/span><\/a><\/span><\/strong><\/span><\/p>\n<p class=\"font_8\"><span style=\"color: #339966;\"><strong><span style=\"text-decoration: underline; font-size: 14pt;\"><a style=\"color: #339966; text-decoration: underline;\" href=\"https:\/\/extranet.bipea.org\/documents\/information\/FR\/FI-SMQ-004-PORTEE-ACCREDITATION-DETAILLEE26.pdf\" target=\"_blank\" rel=\"noopener\" data-content=\"http:\/\/www.bipea.org\/sites\/default\/files\/fiches\/divers\/cofrac.pdf\" data-type=\"external\">T\u00e9l\u00e9chargez la port\u00e9e d\u00e9taill\u00e9e de notre accr\u00e9ditation COFRAC<\/a><\/span><\/strong><\/span><\/p>\n<p><span style=\"color: #ffffff;\">..<\/span><\/p>\n<p class=\"font_8\" style=\"text-align: justify;\"><strong><span style=\"color: #0076b3; font-size: 14pt;\">ACCREDITATION ISO 17034<\/span><\/strong><\/p>\n<p class=\"font_8\"><span style=\"font-size: 14pt;\">\u00a0Le BIPEA est accr\u00e9dit\u00e9 par le COFRAC selon la norme NF EN ISO 17034 pour ses activit\u00e9s de producteur de mat\u00e9riaux de r\u00e9f\u00e9rence (PMR).<\/span><\/p>\n<p class=\"font_8\"><span style=\"font-weight: bold; font-size: 14pt;\"><span style=\"font-size: 14pt;\">Accr\u00e9ditation obtenue en janvier 2025.<\/span><\/span><\/p>\n<p class=\"font_8\"><span style=\"font-weight: bold; font-size: 14pt;\">Num\u00e9ro d&rsquo;accr\u00e9ditation : 1-7400<\/span><\/p>\n<p class=\"font_8\"><span style=\"font-size: 14pt;\">La port\u00e9e g\u00e9n\u00e9rale de cette accr\u00e9ditation est disponible sur le site du COFRAC <span style=\"text-decoration: underline;\"><a href=\"http:\/\/www.cofrac.fr\/fr\/organismes\/fiche.php?entite_id=12066380\" target=\"_blank\" rel=\"noopener\" data-content=\"http:\/\/www.cofrac.fr\/fr\/organismes\/fiche.php?entite_id=12066380\" data-type=\"external\">www.cofrac.fr.<\/a><\/span><\/span><\/p>\n<p class=\"font_8\"><span style=\"color: #339966;\"><strong><span style=\"font-size: 14pt;\"><a style=\"color: #339966;\" href=\"https:\/\/extranet.bipea.org\/documents\/information\/FR\/1-7400_ATTESTATION D'ACCREDITATION_LAB_FORM_37.pdf\"><span style=\"text-decoration: underline;\">T\u00e9l\u00e9charger l&rsquo;attestation COFRAC<\/span><\/a><\/span><\/strong><\/span><\/p>\n<p><span style=\"color: #ffffff;\">.<\/span><\/p>\n<p class=\"font_8\" style=\"text-align: justify;\"><strong><span style=\"color: #0076b3; font-size: 14pt;\">CERTIFICATION QUALIOPI<\/span><\/strong><\/p>\n<p class=\"font_8\"><span style=\"font-size: 14pt;\">Le BIPEA est certifi\u00e9 Qualiopi depuis le 7 f\u00e9vrier 2022. Cette certification a pour objectif d\u2019attester la qualit\u00e9 du processus mis en \u0153uvre par le BIPEA pour ses actions de formation.<\/span><\/p>\n<p class=\"font_8\"><span style=\"font-weight: bold; font-size: 14pt;\">Certificat n\u00b0FR072103-1<\/span><\/p>\n<p class=\"font_8\"><span style=\"color: #339966;\"><strong><span style=\"text-decoration: underline; font-size: 14pt;\"><a style=\"color: #339966; text-decoration: underline;\" href=\"https:\/\/extranet.bipea.org\/documents\/information\/Certificat-QUALIOPI.pdf\" target=\"_blank\" rel=\"noopener\" data-content=\"http:\/\/www.bipea.org\/sites\/default\/files\/fiches\/divers\/Certificat-ISO-fr.pdf\" data-type=\"external\">T\u00e9l\u00e9chargez le certificat Qualiopi du BIPEA<\/a><\/span><\/strong><\/span><\/p>\n<\/div><div class=\"fusion-sep-clear\"><\/div><div class=\"fusion-separator fusion-full-width-sep\" style=\"margin-left: auto;margin-right: auto;margin-top:40px;width:100%;\"><\/div><div class=\"fusion-sep-clear\"><\/div><div class=\"fusion-clearfix\"><\/div><\/div><\/div><div class=\"fusion-layout-column fusion_builder_column fusion-builder-column-1 fusion_builder_column_1_3 1_3 fusion-one-third fusion-column-first\" style=\"--awb-bg-size:cover;width:33.333333333333%;width:calc(33.333333333333% - ( ( 4% + 4% ) * 0.33333333333333 ) );margin-right: 4%;\"><div class=\"fusion-column-wrapper fusion-flex-column-wrapper-legacy\"><div class=\"fusion-text fusion-text-2\"><p><img decoding=\"async\" class=\" wp-image-19616 alignnone\" src=\"https:\/\/www.bipea.org\/wp-content\/uploads\/2023\/07\/logo-cofrac-953x1024.jpg\" alt=\"\" width=\"162\" height=\"174\" srcset=\"https:\/\/www.bipea.org\/wp-content\/uploads\/2023\/07\/logo-cofrac-200x215.jpg 200w, https:\/\/www.bipea.org\/wp-content\/uploads\/2023\/07\/logo-cofrac-279x300.jpg 279w, https:\/\/www.bipea.org\/wp-content\/uploads\/2023\/07\/logo-cofrac-400x430.jpg 400w, https:\/\/www.bipea.org\/wp-content\/uploads\/2023\/07\/logo-cofrac-600x645.jpg 600w, https:\/\/www.bipea.org\/wp-content\/uploads\/2023\/07\/logo-cofrac-768x826.jpg 768w, https:\/\/www.bipea.org\/wp-content\/uploads\/2023\/07\/logo-cofrac-800x860.jpg 800w, https:\/\/www.bipea.org\/wp-content\/uploads\/2023\/07\/logo-cofrac-953x1024.jpg 953w, https:\/\/www.bipea.org\/wp-content\/uploads\/2023\/07\/logo-cofrac.jpg 1014w\" sizes=\"(max-width: 162px) 100vw, 162px\" \/><\/p>\n<p><span style=\"color: #ffffff; font-size: 14pt;\">..<\/span><\/p>\n<h2>ACCREDITATION<\/h2>\n<p>Port\u00e9e 1-1495<br \/>\n04.2004<\/p>\n<\/div><div class=\"fusion-clearfix\"><\/div><\/div><\/div><div class=\"fusion-layout-column fusion_builder_column fusion-builder-column-2 fusion_builder_column_1_3 1_3 fusion-one-third\" style=\"--awb-bg-size:cover;width:33.333333333333%;width:calc(33.333333333333% - ( ( 4% + 4% ) * 0.33333333333333 ) );margin-right: 4%;\"><div class=\"fusion-column-wrapper fusion-flex-column-wrapper-legacy\"><div class=\"fusion-text fusion-text-3\"><p><img decoding=\"async\" class=\"wp-image-23018 alignnone\" src=\"https:\/\/www.bipea.org\/wp-content\/uploads\/2025\/06\/materiaux_ref_RVB-167x300.gif\" alt=\"\" width=\"82\" height=\"147\" srcset=\"https:\/\/www.bipea.org\/wp-content\/uploads\/2025\/06\/materiaux_ref_RVB-167x300.gif 167w, https:\/\/www.bipea.org\/wp-content\/uploads\/2025\/06\/materiaux_ref_RVB-200x360.gif 200w, https:\/\/www.bipea.org\/wp-content\/uploads\/2025\/06\/materiaux_ref_RVB-400x721.gif 400w, https:\/\/www.bipea.org\/wp-content\/uploads\/2025\/06\/materiaux_ref_RVB-568x1024.gif 568w, https:\/\/www.bipea.org\/wp-content\/uploads\/2025\/06\/materiaux_ref_RVB-600x1081.gif 600w, https:\/\/www.bipea.org\/wp-content\/uploads\/2025\/06\/materiaux_ref_RVB-768x1384.gif 768w, https:\/\/www.bipea.org\/wp-content\/uploads\/2025\/06\/materiaux_ref_RVB-800x1441.gif 800w, https:\/\/www.bipea.org\/wp-content\/uploads\/2025\/06\/materiaux_ref_RVB-852x1536.gif 852w, https:\/\/www.bipea.org\/wp-content\/uploads\/2025\/06\/materiaux_ref_RVB-1137x2048.gif 1137w, https:\/\/www.bipea.org\/wp-content\/uploads\/2025\/06\/materiaux_ref_RVB-1200x2162.gif 1200w\" sizes=\"(max-width: 82px) 100vw, 82px\" \/><\/p>\n<p><span style=\"color: #ffffff; font-size: 14pt;\">..<\/span><\/p>\n<h2>ACCREDITATION<\/h2>\n<p>Port\u00e9e 1-7400<br \/>\n01.2025<\/p>\n<p>Disponible sur www.cofrac.fr<\/p>\n<\/div><div class=\"fusion-clearfix\"><\/div><\/div><\/div><div class=\"fusion-layout-column fusion_builder_column fusion-builder-column-3 fusion_builder_column_1_3 1_3 fusion-one-third fusion-column-last\" style=\"--awb-bg-size:cover;width:33.333333333333%;width:calc(33.333333333333% - ( ( 4% + 4% ) * 0.33333333333333 ) );\"><div class=\"fusion-column-wrapper fusion-flex-column-wrapper-legacy\"><div class=\"fusion-text fusion-text-4\"><p><span style=\"font-size: 14pt; color: #ffffff;\">..<\/span><img decoding=\"async\" class=\"wp-image-17555 alignleft\" src=\"https:\/\/www.bipea.org\/wp-content\/uploads\/2022\/03\/BV_Cert_RNQ_Qualiopi-72dpi.jpg\" alt=\"\" width=\"472\" height=\"152\" \/><\/p>\n<p style=\"text-align: left;\"><span style=\"font-size: 10pt;\">La certification qualit\u00e9 a \u00e9t\u00e9 d\u00e9livr\u00e9 au titre de la cat\u00e9gorie d&rsquo;action suivante :<\/span><\/p>\n<p style=\"text-align: left;\"><span style=\"font-size: 10pt;\">Actions de formation<\/span><\/p>\n<p class=\"font_8\"><span style=\"color: #000000;\">\u200b<\/span><\/p>\n<h2>CERTIFICATION<\/h2>\n<p>Certificat n\u00b0 FR072103-1<\/p>\n<p><span style=\"color: #ffffff;\">.<\/span>02.2022<\/p>\n<\/div><div class=\"fusion-clearfix\"><\/div><\/div><\/div><\/div><\/div>\n","protected":false},"excerpt":{"rendered":"","protected":false},"author":1,"featured_media":0,"parent":0,"menu_order":0,"comment_status":"closed","ping_status":"closed","template":"","meta":{"footnotes":""},"class_list":["post-12430","page","type-page","status-publish","hentry"],"yoast_head":"<!-- This site is optimized with the Yoast SEO plugin v27.0 - https:\/\/yoast.com\/product\/yoast-seo-wordpress\/ -->\n<title>Qualit\u00e9 - Bipea<\/title>\n<meta name=\"robots\" content=\"index, follow, max-snippet:-1, max-image-preview:large, max-video-preview:-1\" \/>\n<link rel=\"canonical\" href=\"https:\/\/www.bipea.org\/fr\/qualite\/\" \/>\n<meta property=\"og:locale\" content=\"fr_FR\" \/>\n<meta property=\"og:type\" content=\"article\" \/>\n<meta property=\"og:title\" content=\"Qualit\u00e9 - Bipea\" \/>\n<meta property=\"og:url\" content=\"https:\/\/www.bipea.org\/fr\/qualite\/\" \/>\n<meta property=\"og:site_name\" content=\"Bipea\" \/>\n<meta property=\"article:publisher\" content=\"https:\/\/www.facebook.com\/Bipea-Proficiency-Testing-Programs-1726595444310313\/\" \/>\n<meta property=\"article:modified_time\" content=\"2026-03-20T11:00:02+00:00\" \/>\n<meta property=\"og:image\" content=\"https:\/\/www.bipea.org\/wp-content\/uploads\/2023\/07\/logo-cofrac.jpg\" \/>\n\t<meta property=\"og:image:width\" content=\"1014\" \/>\n\t<meta property=\"og:image:height\" content=\"1090\" \/>\n\t<meta property=\"og:image:type\" content=\"image\/jpeg\" \/>\n<meta name=\"twitter:card\" content=\"summary_large_image\" \/>\n<meta name=\"twitter:site\" content=\"@BipeaP\" \/>\n<meta name=\"twitter:label1\" content=\"Dur\u00e9e de lecture estim\u00e9e\" \/>\n\t<meta name=\"twitter:data1\" content=\"3 minutes\" \/>\n<script type=\"application\/ld+json\" class=\"yoast-schema-graph\">{\"@context\":\"https:\/\/schema.org\",\"@graph\":[{\"@type\":\"WebPage\",\"@id\":\"https:\/\/www.bipea.org\/fr\/qualite\/\",\"url\":\"https:\/\/www.bipea.org\/fr\/qualite\/\",\"name\":\"Qualit\u00e9 - Bipea\",\"isPartOf\":{\"@id\":\"https:\/\/www.bipea.org\/fr\/#website\"},\"primaryImageOfPage\":{\"@id\":\"https:\/\/www.bipea.org\/fr\/qualite\/#primaryimage\"},\"image\":{\"@id\":\"https:\/\/www.bipea.org\/fr\/qualite\/#primaryimage\"},\"thumbnailUrl\":\"https:\/\/www.bipea.org\/wp-content\/uploads\/2023\/07\/logo-cofrac-953x1024.jpg\",\"datePublished\":\"2017-12-24T17:32:57+00:00\",\"dateModified\":\"2026-03-20T11:00:02+00:00\",\"breadcrumb\":{\"@id\":\"https:\/\/www.bipea.org\/fr\/qualite\/#breadcrumb\"},\"inLanguage\":\"fr-FR\",\"potentialAction\":[{\"@type\":\"ReadAction\",\"target\":[\"https:\/\/www.bipea.org\/fr\/qualite\/\"]}]},{\"@type\":\"ImageObject\",\"inLanguage\":\"fr-FR\",\"@id\":\"https:\/\/www.bipea.org\/fr\/qualite\/#primaryimage\",\"url\":\"https:\/\/www.bipea.org\/wp-content\/uploads\/2023\/07\/logo-cofrac-953x1024.jpg\",\"contentUrl\":\"https:\/\/www.bipea.org\/wp-content\/uploads\/2023\/07\/logo-cofrac-953x1024.jpg\"},{\"@type\":\"BreadcrumbList\",\"@id\":\"https:\/\/www.bipea.org\/fr\/qualite\/#breadcrumb\",\"itemListElement\":[{\"@type\":\"ListItem\",\"position\":1,\"name\":\"Accueil\",\"item\":\"https:\/\/www.bipea.org\/fr\/\"},{\"@type\":\"ListItem\",\"position\":2,\"name\":\"Qualit\u00e9\"}]},{\"@type\":\"WebSite\",\"@id\":\"https:\/\/www.bipea.org\/fr\/#website\",\"url\":\"https:\/\/www.bipea.org\/fr\/\",\"name\":\"Bipea\",\"description\":\"\",\"potentialAction\":[{\"@type\":\"SearchAction\",\"target\":{\"@type\":\"EntryPoint\",\"urlTemplate\":\"https:\/\/www.bipea.org\/fr\/?s={search_term_string}\"},\"query-input\":{\"@type\":\"PropertyValueSpecification\",\"valueRequired\":true,\"valueName\":\"search_term_string\"}}],\"inLanguage\":\"fr-FR\"}]}<\/script>\n<!-- \/ Yoast SEO plugin. -->","yoast_head_json":{"title":"Qualit\u00e9 - Bipea","robots":{"index":"index","follow":"follow","max-snippet":"max-snippet:-1","max-image-preview":"max-image-preview:large","max-video-preview":"max-video-preview:-1"},"canonical":"https:\/\/www.bipea.org\/fr\/qualite\/","og_locale":"fr_FR","og_type":"article","og_title":"Qualit\u00e9 - Bipea","og_url":"https:\/\/www.bipea.org\/fr\/qualite\/","og_site_name":"Bipea","article_publisher":"https:\/\/www.facebook.com\/Bipea-Proficiency-Testing-Programs-1726595444310313\/","article_modified_time":"2026-03-20T11:00:02+00:00","og_image":[{"width":1014,"height":1090,"url":"https:\/\/www.bipea.org\/wp-content\/uploads\/2023\/07\/logo-cofrac.jpg","type":"image\/jpeg"}],"twitter_card":"summary_large_image","twitter_site":"@BipeaP","twitter_misc":{"Dur\u00e9e de lecture estim\u00e9e":"3 minutes"},"schema":{"@context":"https:\/\/schema.org","@graph":[{"@type":"WebPage","@id":"https:\/\/www.bipea.org\/fr\/qualite\/","url":"https:\/\/www.bipea.org\/fr\/qualite\/","name":"Qualit\u00e9 - Bipea","isPartOf":{"@id":"https:\/\/www.bipea.org\/fr\/#website"},"primaryImageOfPage":{"@id":"https:\/\/www.bipea.org\/fr\/qualite\/#primaryimage"},"image":{"@id":"https:\/\/www.bipea.org\/fr\/qualite\/#primaryimage"},"thumbnailUrl":"https:\/\/www.bipea.org\/wp-content\/uploads\/2023\/07\/logo-cofrac-953x1024.jpg","datePublished":"2017-12-24T17:32:57+00:00","dateModified":"2026-03-20T11:00:02+00:00","breadcrumb":{"@id":"https:\/\/www.bipea.org\/fr\/qualite\/#breadcrumb"},"inLanguage":"fr-FR","potentialAction":[{"@type":"ReadAction","target":["https:\/\/www.bipea.org\/fr\/qualite\/"]}]},{"@type":"ImageObject","inLanguage":"fr-FR","@id":"https:\/\/www.bipea.org\/fr\/qualite\/#primaryimage","url":"https:\/\/www.bipea.org\/wp-content\/uploads\/2023\/07\/logo-cofrac-953x1024.jpg","contentUrl":"https:\/\/www.bipea.org\/wp-content\/uploads\/2023\/07\/logo-cofrac-953x1024.jpg"},{"@type":"BreadcrumbList","@id":"https:\/\/www.bipea.org\/fr\/qualite\/#breadcrumb","itemListElement":[{"@type":"ListItem","position":1,"name":"Accueil","item":"https:\/\/www.bipea.org\/fr\/"},{"@type":"ListItem","position":2,"name":"Qualit\u00e9"}]},{"@type":"WebSite","@id":"https:\/\/www.bipea.org\/fr\/#website","url":"https:\/\/www.bipea.org\/fr\/","name":"Bipea","description":"","potentialAction":[{"@type":"SearchAction","target":{"@type":"EntryPoint","urlTemplate":"https:\/\/www.bipea.org\/fr\/?s={search_term_string}"},"query-input":{"@type":"PropertyValueSpecification","valueRequired":true,"valueName":"search_term_string"}}],"inLanguage":"fr-FR"}]}},"_links":{"self":[{"href":"https:\/\/www.bipea.org\/fr\/wp-json\/wp\/v2\/pages\/12430","targetHints":{"allow":["GET"]}}],"collection":[{"href":"https:\/\/www.bipea.org\/fr\/wp-json\/wp\/v2\/pages"}],"about":[{"href":"https:\/\/www.bipea.org\/fr\/wp-json\/wp\/v2\/types\/page"}],"author":[{"embeddable":true,"href":"https:\/\/www.bipea.org\/fr\/wp-json\/wp\/v2\/users\/1"}],"replies":[{"embeddable":true,"href":"https:\/\/www.bipea.org\/fr\/wp-json\/wp\/v2\/comments?post=12430"}],"version-history":[{"count":52,"href":"https:\/\/www.bipea.org\/fr\/wp-json\/wp\/v2\/pages\/12430\/revisions"}],"predecessor-version":[{"id":27182,"href":"https:\/\/www.bipea.org\/fr\/wp-json\/wp\/v2\/pages\/12430\/revisions\/27182"}],"wp:attachment":[{"href":"https:\/\/www.bipea.org\/fr\/wp-json\/wp\/v2\/media?parent=12430"}],"curies":[{"name":"wp","href":"https:\/\/api.w.org\/{rel}","templated":true}]}}