{"id":12427,"date":"2017-12-24T18:29:32","date_gmt":"2017-12-24T17:29:32","guid":{"rendered":"https:\/\/www.bipea.org\/role-and-services\/"},"modified":"2026-01-14T15:00:03","modified_gmt":"2026-01-14T14:00:03","slug":"missions-et-services","status":"publish","type":"page","link":"https:\/\/www.bipea.org\/fr\/missions-et-services\/","title":{"rendered":"Missions et services"},"content":{"rendered":"<div class=\"fusion-fullwidth fullwidth-box fusion-builder-row-1 fusion-flex-container nonhundred-percent-fullwidth non-hundred-percent-height-scrolling\" style=\"--awb-border-radius-top-left:0px;--awb-border-radius-top-right:0px;--awb-border-radius-bottom-right:0px;--awb-border-radius-bottom-left:0px;--awb-flex-wrap:wrap;\" ><div class=\"fusion-builder-row fusion-row fusion-flex-align-items-flex-start fusion-flex-content-wrap\" style=\"max-width:1144px;margin-left: calc(-4% \/ 2 );margin-right: calc(-4% \/ 2 );\"><div class=\"fusion-layout-column fusion_builder_column fusion-builder-column-0 fusion_builder_column_1_1 1_1 fusion-flex-column\" style=\"--awb-bg-size:cover;--awb-width-large:100%;--awb-margin-top-large:0px;--awb-spacing-right-large:1.92%;--awb-margin-bottom-large:0px;--awb-spacing-left-large:1.92%;--awb-width-medium:100%;--awb-spacing-right-medium:1.92%;--awb-spacing-left-medium:1.92%;--awb-width-small:100%;--awb-spacing-right-small:1.92%;--awb-spacing-left-small:1.92%;\"><div class=\"fusion-column-wrapper fusion-flex-justify-content-flex-start fusion-content-layout-column\"><div class=\"fusion-text fusion-text-1\"><p style=\"text-align: right;\"><em><span style=\"font-size: 10pt;\">|<a href=\"https:\/\/www.bipea.org\/fr\">Retour \u00e0 la page d&rsquo;accueil<\/a><\/span><\/em><\/p>\n<p style=\"text-align: right;\"><em><span style=\"font-size: 10pt;\">|<a href=\"https:\/\/www.bipea.org\/fr\/essais-interlaboratoires-eils\/\">Retour \u00e0 la liste des EIL<\/a><\/span><\/em><\/p>\n<p style=\"text-align: center;\"><span style=\"font-size: 24pt; color: #008000;\"><strong>MISSIONS ET SERVICES<\/strong><\/span><\/p>\n<p class=\"font_8\" style=\"text-align: justify;\"><strong><span style=\"color: #0076b3; font-size: 14pt;\">LA MISSION DU BIPEA<\/span><\/strong><\/p>\n<p class=\"font_8\" style=\"text-align: justify;\"><span style=\"font-size: 14pt;\">Le BIPEA intervient au support de la performance analytique des laboratoires. Sa mission est d\u2019assurer et d\u2019am\u00e9liorer le niveau d\u2019expertise des laboratoires en Europe et dans le monde par l\u2019organisation d\u2019essais interlaboratoires d&rsquo;aptitude et la d\u00e9livrance de tous services associ\u00e9s.<\/span><\/p>\n<p class=\"font_8\" style=\"text-align: justify;\"><span class=\"wixGuard\" style=\"font-size: 14pt;\">\u200b<\/span><\/p>\n<p class=\"font_8\" style=\"text-align: justify;\"><strong><span style=\"color: #0076b3; font-size: 14pt;\">\u200bDES SERVICES DE QUALITE<\/span><\/strong><\/p>\n<p class=\"font_8\" style=\"text-align: justify;\"><span style=\"font-size: 14pt;\">Le BIPEA propose aux laboratoires, un ensemble de services destin\u00e9s au contr\u00f4le et \u00e0 la qualit\u00e9 de leurs r\u00e9sultats d\u2019analyses :<\/span><\/p>\n<ul class=\"font_8\" style=\"text-align: justify;\">\n<li>\n<p class=\"font_8\"><span style=\"font-size: 14pt;\"><span style=\"font-weight: bold;\">Essais interlaboratoires r\u00e9guliers <\/span>: nous offrons plus de 220 programmes r\u00e9guliers pour les analyses physico-chimiques, microbiologiques, sensorielles et contaminants proposant ainsi un large\u00a0 choix de param\u00e8tres. Nous couvrons les domaines suivants : Agroalimentaire, Boissons, C\u00e9r\u00e9ales, Aliments des animaux, Eaux, Sols, Cosm\u00e9tiques, Pharmaceutiques\u2026<\/span><\/p>\n<\/li>\n<\/ul>\n<ul class=\"font_8\" style=\"text-align: justify;\">\n<li>\n<p class=\"font_8\"><span style=\"font-size: 14pt;\"><span style=\"font-weight: bold;\">Mat\u00e9riaux de r\u00e9f\u00e9rence <\/span>: le BIPEA met \u00e0 disposition plusieurs types de mat\u00e9riaux de r\u00e9f\u00e9rence, adapt\u00e9es \u00e0 diff\u00e9rents besoins : <\/span><\/p>\n<ul class=\"font_8\" style=\"text-align: justify;\">\n<li>\n<p class=\"font_8\"><span style=\"font-size: 12pt;\"><strong>Mat\u00e9riaux de R\u00e9f\u00e9rence (MR) :<\/strong>\u00a0Leurs propri\u00e9t\u00e9s sont d\u00e9finies et document\u00e9es, mais sans certification formelle.<\/span><\/p>\n<\/li>\n<li>\n<p class=\"font_8\"><span style=\"font-size: 12pt;\"><strong>Mat\u00e9riaux de R\u00e9f\u00e9rence Certifi\u00e9s (MRC)<\/strong>\u00a0: Leurs valeurs de r\u00e9f\u00e9rence sont certifi\u00e9es et accompagn\u00e9es d\u2019une tra\u00e7abilit\u00e9 m\u00e9trologique, conform\u00e9ment aux exigences normatives.<\/span><\/p>\n<\/li>\n<li>\n<p class=\"font_8\"><span style=\"font-size: 12pt;\"><strong>Mat\u00e9riaux de R\u00e9f\u00e9rence Externes (MRE)<\/strong>\u00a0: Leurs valeurs de r\u00e9f\u00e9rence sont \u00e9tablies \u00e0 partir des essais d\u2019aptitude.<\/span><\/p>\n<\/li>\n<\/ul>\n<\/li>\n<\/ul>\n<ul class=\"font_8\" style=\"text-align: justify;\">\n<li>\n<p class=\"font_8\"><span style=\"font-size: 14pt;\"><span style=\"font-weight: bold;\">EILs personnalis\u00e9s <\/span>: en fonction de vos besoins et de vos objectifs, le BIPEA est en mesure d&rsquo;organiser des comparaisons interlaboratoires sp\u00e9cifiques, qu\u2019il s\u2019agisse d\u2019\u00e9valuer la performance d\u2019un groupe de laboratoires, d\u2019une m\u00e9thode ou de produire des \u00e9chantillons de r\u00e9f\u00e9rence. Il peut \u00e9galement intervenir sur une ou plusieurs \u00e9tapes d\u2019une comparaison et apporter son expertise.<\/span><\/p>\n<\/li>\n<\/ul>\n<ul class=\"font_8\" style=\"text-align: justify;\">\n<li>\n<p class=\"font_8\"><span style=\"font-size: 14pt;\"><span style=\"font-weight: bold;\">Contr\u00f4les techniques et agr\u00e9ments <\/span>: le BIPEA g\u00e8re les contr\u00f4les techniques pour le compte d&rsquo;organismes officiels en vue de d\u00e9livrer aux laboratoires une reconnaissance sous forme d&rsquo;agr\u00e9ments ou d\u2019habilitations.<\/span><\/p>\n<\/li>\n<li>\n<p class=\"font_8\"><span style=\"font-size: 14pt;\"><span style=\"font-weight: bold;\">L&rsquo;organisation de stages de formations <\/span>: le BIPEA organise des stages de formation professionnelle th\u00e9orique et\/ou pratique sur des sujets techniques.<\/span><\/p>\n<\/li>\n<\/ul>\n<p><span style=\"color: #ffffff;\">.<\/span><\/p>\n<p><strong><span style=\"color: #0076b3; font-size: 14pt;\">POUR QUI ?<\/span><\/strong><\/p>\n<p class=\"font_8\"><span style=\"font-size: 14pt;\">Nos services s&rsquo;adressent aux laboratoires r\u00e9alisant des analyses physico-chimiques, microbiologiques et \/ou sensorielles de routine, sur diff\u00e9rents types de matrices (alimentaires, environnementales, cosm\u00e9tiques, pharmaceutiques).<\/span><\/p>\n<p class=\"font_8\"><span style=\"font-size: 14pt;\">Il peut s&rsquo;agir de laboratoires accr\u00e9dit\u00e9s ou non (laboratoires publics, priv\u00e9s, industriels&#8230;).<\/span><\/p>\n<p><span style=\"color: #ffffff;\">.<\/span><\/p>\n<p class=\"font_8\" style=\"text-align: justify;\"><span style=\"color: #0076b3; font-size: 14pt;\"><strong>OBJECTIFS POUR LES LABORATOIRES :<\/strong> <\/span><\/p>\n<ul class=\"font_8\" style=\"text-align: justify;\">\n<li>\n<p class=\"font_8\"><span style=\"font-size: 14pt;\"><strong>Evaluer la justesse<\/strong> de leurs r\u00e9sultats d&rsquo;analyses,<\/span><\/p>\n<\/li>\n<li>\n<p class=\"font_8\"><span style=\"font-size: 14pt;\"><strong>Ma\u00eetriser et am\u00e9liorer leur performance<\/strong> analytique sur le court, moyen et long terme,<\/span><\/p>\n<\/li>\n<li>\n<p class=\"font_8\"><span style=\"font-size: 14pt;\"><strong>Contr\u00f4ler le bon fonctionnement des \u00e9quipements et la technicit\u00e9 de leur personnel<\/strong>,<\/span><\/p>\n<\/li>\n<li>\n<p class=\"font_8\"><span style=\"font-size: 14pt;\"><strong>R\u00e9pondre aux exigences des normes qualit\u00e9<\/strong>,<\/span><\/p>\n<\/li>\n<li>\n<p class=\"font_8\"><span style=\"font-size: 14pt;\"><strong>Donner confiance \u00e0 leurs donneurs d&rsquo;ordre<\/strong> quant \u00e0 la qualit\u00e9 et la s\u00e9curit\u00e9 de leurs produits ou services,<\/span><\/p>\n<\/li>\n<li>\n<p class=\"font_8\"><span style=\"font-size: 14pt;\"><strong>Promouvoir leur performance analytique aupr\u00e8s de leurs clients<\/strong>.<\/span><\/p>\n<\/li>\n<\/ul>\n<\/div><\/div><\/div><\/div><\/div>\n","protected":false},"excerpt":{"rendered":"","protected":false},"author":1,"featured_media":0,"parent":0,"menu_order":0,"comment_status":"closed","ping_status":"closed","template":"","meta":{"footnotes":""},"class_list":["post-12427","page","type-page","status-publish","hentry"],"yoast_head":"<!-- This site is optimized with the Yoast SEO plugin v27.0 - https:\/\/yoast.com\/product\/yoast-seo-wordpress\/ -->\n<title>Missions et services - Bipea<\/title>\n<meta name=\"robots\" content=\"index, follow, max-snippet:-1, max-image-preview:large, max-video-preview:-1\" \/>\n<link rel=\"canonical\" href=\"https:\/\/www.bipea.org\/fr\/missions-et-services\/\" \/>\n<meta property=\"og:locale\" content=\"fr_FR\" \/>\n<meta property=\"og:type\" content=\"article\" \/>\n<meta property=\"og:title\" content=\"Missions et services - Bipea\" \/>\n<meta property=\"og:url\" content=\"https:\/\/www.bipea.org\/fr\/missions-et-services\/\" \/>\n<meta property=\"og:site_name\" content=\"Bipea\" \/>\n<meta property=\"article:publisher\" content=\"https:\/\/www.facebook.com\/Bipea-Proficiency-Testing-Programs-1726595444310313\/\" \/>\n<meta property=\"article:modified_time\" content=\"2026-01-14T14:00:03+00:00\" \/>\n<meta name=\"twitter:card\" content=\"summary_large_image\" \/>\n<meta name=\"twitter:site\" content=\"@BipeaP\" \/>\n<meta name=\"twitter:label1\" content=\"Dur\u00e9e de lecture estim\u00e9e\" \/>\n\t<meta name=\"twitter:data1\" content=\"2 minutes\" \/>\n<script type=\"application\/ld+json\" class=\"yoast-schema-graph\">{\"@context\":\"https:\/\/schema.org\",\"@graph\":[{\"@type\":\"WebPage\",\"@id\":\"https:\/\/www.bipea.org\/fr\/missions-et-services\/\",\"url\":\"https:\/\/www.bipea.org\/fr\/missions-et-services\/\",\"name\":\"Missions et services - Bipea\",\"isPartOf\":{\"@id\":\"https:\/\/www.bipea.org\/fr\/#website\"},\"datePublished\":\"2017-12-24T17:29:32+00:00\",\"dateModified\":\"2026-01-14T14:00:03+00:00\",\"breadcrumb\":{\"@id\":\"https:\/\/www.bipea.org\/fr\/missions-et-services\/#breadcrumb\"},\"inLanguage\":\"fr-FR\",\"potentialAction\":[{\"@type\":\"ReadAction\",\"target\":[\"https:\/\/www.bipea.org\/fr\/missions-et-services\/\"]}]},{\"@type\":\"BreadcrumbList\",\"@id\":\"https:\/\/www.bipea.org\/fr\/missions-et-services\/#breadcrumb\",\"itemListElement\":[{\"@type\":\"ListItem\",\"position\":1,\"name\":\"Accueil\",\"item\":\"https:\/\/www.bipea.org\/fr\/\"},{\"@type\":\"ListItem\",\"position\":2,\"name\":\"Missions et services\"}]},{\"@type\":\"WebSite\",\"@id\":\"https:\/\/www.bipea.org\/fr\/#website\",\"url\":\"https:\/\/www.bipea.org\/fr\/\",\"name\":\"Bipea\",\"description\":\"\",\"potentialAction\":[{\"@type\":\"SearchAction\",\"target\":{\"@type\":\"EntryPoint\",\"urlTemplate\":\"https:\/\/www.bipea.org\/fr\/?s={search_term_string}\"},\"query-input\":{\"@type\":\"PropertyValueSpecification\",\"valueRequired\":true,\"valueName\":\"search_term_string\"}}],\"inLanguage\":\"fr-FR\"}]}<\/script>\n<!-- \/ Yoast SEO plugin. -->","yoast_head_json":{"title":"Missions et services - Bipea","robots":{"index":"index","follow":"follow","max-snippet":"max-snippet:-1","max-image-preview":"max-image-preview:large","max-video-preview":"max-video-preview:-1"},"canonical":"https:\/\/www.bipea.org\/fr\/missions-et-services\/","og_locale":"fr_FR","og_type":"article","og_title":"Missions et services - Bipea","og_url":"https:\/\/www.bipea.org\/fr\/missions-et-services\/","og_site_name":"Bipea","article_publisher":"https:\/\/www.facebook.com\/Bipea-Proficiency-Testing-Programs-1726595444310313\/","article_modified_time":"2026-01-14T14:00:03+00:00","twitter_card":"summary_large_image","twitter_site":"@BipeaP","twitter_misc":{"Dur\u00e9e de lecture estim\u00e9e":"2 minutes"},"schema":{"@context":"https:\/\/schema.org","@graph":[{"@type":"WebPage","@id":"https:\/\/www.bipea.org\/fr\/missions-et-services\/","url":"https:\/\/www.bipea.org\/fr\/missions-et-services\/","name":"Missions et services - Bipea","isPartOf":{"@id":"https:\/\/www.bipea.org\/fr\/#website"},"datePublished":"2017-12-24T17:29:32+00:00","dateModified":"2026-01-14T14:00:03+00:00","breadcrumb":{"@id":"https:\/\/www.bipea.org\/fr\/missions-et-services\/#breadcrumb"},"inLanguage":"fr-FR","potentialAction":[{"@type":"ReadAction","target":["https:\/\/www.bipea.org\/fr\/missions-et-services\/"]}]},{"@type":"BreadcrumbList","@id":"https:\/\/www.bipea.org\/fr\/missions-et-services\/#breadcrumb","itemListElement":[{"@type":"ListItem","position":1,"name":"Accueil","item":"https:\/\/www.bipea.org\/fr\/"},{"@type":"ListItem","position":2,"name":"Missions et services"}]},{"@type":"WebSite","@id":"https:\/\/www.bipea.org\/fr\/#website","url":"https:\/\/www.bipea.org\/fr\/","name":"Bipea","description":"","potentialAction":[{"@type":"SearchAction","target":{"@type":"EntryPoint","urlTemplate":"https:\/\/www.bipea.org\/fr\/?s={search_term_string}"},"query-input":{"@type":"PropertyValueSpecification","valueRequired":true,"valueName":"search_term_string"}}],"inLanguage":"fr-FR"}]}},"_links":{"self":[{"href":"https:\/\/www.bipea.org\/fr\/wp-json\/wp\/v2\/pages\/12427","targetHints":{"allow":["GET"]}}],"collection":[{"href":"https:\/\/www.bipea.org\/fr\/wp-json\/wp\/v2\/pages"}],"about":[{"href":"https:\/\/www.bipea.org\/fr\/wp-json\/wp\/v2\/types\/page"}],"author":[{"embeddable":true,"href":"https:\/\/www.bipea.org\/fr\/wp-json\/wp\/v2\/users\/1"}],"replies":[{"embeddable":true,"href":"https:\/\/www.bipea.org\/fr\/wp-json\/wp\/v2\/comments?post=12427"}],"version-history":[{"count":13,"href":"https:\/\/www.bipea.org\/fr\/wp-json\/wp\/v2\/pages\/12427\/revisions"}],"predecessor-version":[{"id":24268,"href":"https:\/\/www.bipea.org\/fr\/wp-json\/wp\/v2\/pages\/12427\/revisions\/24268"}],"wp:attachment":[{"href":"https:\/\/www.bipea.org\/fr\/wp-json\/wp\/v2\/media?parent=12427"}],"curies":[{"name":"wp","href":"https:\/\/api.w.org\/{rel}","templated":true}]}}