{"id":12316,"date":"2017-12-28T21:27:37","date_gmt":"2017-12-28T20:27:37","guid":{"rendered":"https:\/\/www.bipea.org\/?page_id=12316\/"},"modified":"2025-05-27T01:33:38","modified_gmt":"2025-05-26T23:33:38","slug":"mentions-legales","status":"publish","type":"page","link":"https:\/\/www.bipea.org\/fr\/mentions-legales\/","title":{"rendered":"Mentions l\u00e9gales"},"content":{"rendered":"<div class=\"fusion-fullwidth fullwidth-box fusion-builder-row-1 fusion-flex-container nonhundred-percent-fullwidth non-hundred-percent-height-scrolling\" style=\"--awb-border-radius-top-left:0px;--awb-border-radius-top-right:0px;--awb-border-radius-bottom-right:0px;--awb-border-radius-bottom-left:0px;--awb-flex-wrap:wrap;\" ><div class=\"fusion-builder-row fusion-row fusion-flex-align-items-flex-start fusion-flex-content-wrap\" style=\"max-width:1144px;margin-left: calc(-4% \/ 2 );margin-right: calc(-4% \/ 2 );\"><div class=\"fusion-layout-column fusion_builder_column fusion-builder-column-0 fusion_builder_column_1_1 1_1 fusion-flex-column\" style=\"--awb-bg-size:cover;--awb-width-large:100%;--awb-margin-top-large:0px;--awb-spacing-right-large:1.92%;--awb-margin-bottom-large:0px;--awb-spacing-left-large:1.92%;--awb-width-medium:100%;--awb-spacing-right-medium:1.92%;--awb-spacing-left-medium:1.92%;--awb-width-small:100%;--awb-spacing-right-small:1.92%;--awb-spacing-left-small:1.92%;\"><div class=\"fusion-column-wrapper fusion-flex-justify-content-flex-start fusion-content-layout-column\"><div class=\"fusion-text fusion-text-1\"><h4>INFORMATIONS EDITORIALES<\/h4>\n<p><strong>Site<\/strong> : <a title=\"BIPEA - www.bipea.org\" href=\"http:\/\/www.bipea.org\/\">www.bipea.org<\/a><br \/><strong>Propri\u00e9taire<\/strong> : BIPEA<\/p>\n<p><strong>SIRET<\/strong> : 33831019600039<br \/><strong>Adresse<\/strong> : 189 rue d aubervilliers 75018 PARIS<br \/><strong>T\u00e9l\u00e9phone<\/strong> : 33 (0)1 40 05 26 30<\/p>\n<p><strong>Fax<\/strong> : 33 (0)1 42 09 26 85<\/p>\n<p><strong>Responsable de publication<\/strong> : BIPEA \u2013 contact@bipea.org<\/p>\n<p><strong>Conception<\/strong> : Antoine Rousseau <a href=\"http:\/\/www.creation-site-web-paris.com\/\">Cr\u00e9ation Site Internet <\/a><\/p>\n<h4>NOUS CONTACTER<\/h4>\n<p>BIPEA vous offre la possibilit\u00e9 de correspondre avec ses services, dans le respect du r\u00e9f\u00e9rentiel Marianne. Cette charte interminist\u00e9rielle vise \u00e0 garantir la qualit\u00e9 de l\u2019accueil et promeut des valeurs telles que la courtoisie, l\u2019accessibilit\u00e9, la rapidit\u00e9, la clart\u00e9 des r\u00e9ponses mais aussi un esprit d\u2019\u00e9coute, de rigueur et de transparence.<\/p>\n<h5>Pour vous aider dans vos \u00e9changes et trouver le bon interlocuteur :<\/h5>\n<ul>\n<li>questions g\u00e9n\u00e9rales, demandes de renseignements ou compl\u00e9ments d\u2019information : BIPEA \u2013 contact@bipea.org<\/li>\n<li>fonctionnement du site, difficult\u00e9s techniques, probl\u00e8me d\u2019affichage ou de t\u00e9l\u00e9chargement, remarques et suggestions : Rousseau Antoine \u2013 contact@creation-site-web-paris.com<\/li>\n<\/ul>\n<h4>PRESTATAIRE D\u2019HEBERGEMENT<\/h4>\n<p>La politique du site <a title=\"BIPEA - www.bipea.org\" href=\"http:\/\/www.bipea.org\/\">www.bipea.org<\/a> est en conformit\u00e9 avec la loi n\u00b02004-575 du 21 juin 2004 pour la confiance dans l\u2019\u00e9conomie num\u00e9rique.<\/p>\n<h5>H\u00e9bergement du site :<\/h5>\n<p>OVH \u2013 2 rue Kellermann \u2013 59100 ROUBAIX \u2013 France<\/p>\n<h4>CONDITIONS GENERALES D\u2019UTILISATION DU SITE ET DES SERVICES PROPOSES<\/h4>\n<p>L\u2019utilisation du site <a title=\"BIPEA - www.bipea.org\" href=\"http:\/\/www.bipea.org\/\">www.bipea.org<\/a> implique l\u2019acceptation pleine et enti\u00e8re des conditions g\u00e9n\u00e9rales d\u2019utilisation ci-apr\u00e8s d\u00e9crites. Ces conditions d\u2019utilisation sont susceptibles d\u2019\u00eatre modifi\u00e9es ou compl\u00e9t\u00e9es \u00e0 tout moment, les utilisateurs du site <a title=\"BIPEA - www.bipea.org\" href=\"http:\/\/www.bipea.org\/\">www.bipea.org<\/a> sont donc invit\u00e9s \u00e0 les consulter de mani\u00e8re r\u00e9guli\u00e8re.<\/p>\n<p>Ce site est normalement accessible \u00e0 tout moment aux utilisateurs. Une interruption pour raison de maintenance technique peut \u00eatre toutefois d\u00e9cid\u00e9e par BIPEA, qui s\u2019efforcera alors de communiquer pr\u00e9alablement aux utilisateurs les dates et heures de l\u2019intervention.<\/p>\n<p>Le site <a title=\"BIPEA - www.bipea.org\" href=\"http:\/\/www.bipea.org\/\">www.bipea.org<\/a> est mis \u00e0 jour r\u00e9guli\u00e8rement par BIPEA. De la m\u00eame fa\u00e7on, les mentions l\u00e9gales peuvent \u00eatre modifi\u00e9es \u00e0 tout moment : elles s\u2019imposent n\u00e9anmoins \u00e0 l\u2019utilisateur qui est invit\u00e9 \u00e0 s\u2019y r\u00e9f\u00e9rer le plus souvent possible afin d\u2019en prendre connaissance.<\/p>\n<h4>LIMITATIONS DE RESPONSABLITES<\/h4>\n<p>BIPEA ne pourra \u00eatre tenue responsable des dommages directs et indirects caus\u00e9s au mat\u00e9riel de l\u2019utilisateur, lors de l\u2019acc\u00e8s au site <a title=\"BIPEA - www.bipea.org\" href=\"http:\/\/www.bipea.org\/\">www.bipea.org<\/a>, et r\u00e9sultant soit de l\u2019utilisation d\u2019un mat\u00e9riel non adapt\u00e9 ou d\u00e9fectueux, soit de l\u2019apparition d\u2019un bug ou d\u2019une incompatibilit\u00e9.<\/p>\n<p>BIPEA ne pourra \u00e9galement \u00eatre tenue responsable des dommages indirects (tels par exemple qu\u2019une perte de march\u00e9 ou perte d\u2019une chance) cons\u00e9cutifs \u00e0 l\u2019utilisation du site\u00a0<a title=\"BIPEA - www.bipea.org\" href=\"http:\/\/www.bipea.org\/\">www.bipea.org<\/a>.<\/p>\n<p>Des espaces interactifs (possibilit\u00e9 de poser des questions dans l\u2019espace contact) sont \u00e0 la disposition des utilisateurs. BIPEA se r\u00e9serve le droit de supprimer, sans mise en demeure pr\u00e9alable, tout contenu d\u00e9pos\u00e9 dans cet espace qui contreviendrait \u00e0 la l\u00e9gislation applicable en France, en particulier aux dispositions relatives \u00e0 la protection des donn\u00e9es. Le cas \u00e9ch\u00e9ant, BIPEA se r\u00e9serve \u00e9galement la possibilit\u00e9 de mettre en cause la responsabilit\u00e9 civile et\/ou p\u00e9nale de l\u2019utilisateur, notamment en cas de message \u00e0 caract\u00e8re raciste, injurieux, diffamant, ou pornographique, quel que soit le support utilis\u00e9 (texte, photographie\u2026).<\/p>\n<h4>PROTECTION ET TRAITEMENT DE DONNEES A CARACTERE PERSONNEL<\/h4>\n<p>L\u2019\u00e9quipe du site <a title=\"BIPEA - www.bipea.org\" href=\"http:\/\/www.bipea.org\/\">www.bipea.org<\/a> est particuli\u00e8rement attentive au respect des obligations l\u00e9gales de tout \u00e9diteur de site internet et suit les recommandations de la commission nationale de l\u2019informatique et des libert\u00e9s (CNIL).<\/p>\n<h5>Respect des lois en vigueur<\/h5>\n<p>Le site <a title=\"BIPEA - www.bipea.org\" href=\"http:\/\/www.bipea.org\/\">www.bipea.org<\/a> respecte la vie priv\u00e9e de l\u2019internaute et se conforme strictement aux lois en vigueur sur la protection de la vie priv\u00e9e et des libert\u00e9s individuelles. Aucune information personnelle n\u2019est collect\u00e9e \u00e0 votre insu. Aucune information personnelle n\u2019est c\u00e9d\u00e9e \u00e0 des tiers. Les courriels, les adresses \u00e9lectroniques ou autres informations nominatives dont ce site est destinataire ne font l\u2019objet d\u2019aucune exploitation et ne sont conserv\u00e9s que pour la dur\u00e9e n\u00e9cessaire \u00e0 leur traitement.<\/p>\n<h5>D\u00e9claration CNIL<\/h5>\n<p>Le site <a title=\"BIPEA - www.bipea.org\" href=\"http:\/\/www.bipea.org\/\">www.bipea.org<\/a> ne g\u00e8re pas de donn\u00e9es personnelles et n\u2019a donc pas fait l\u2019objet d\u2019une d\u00e9claration \u00e0 la CNIL.<\/p>\n<h5>Donn\u00e9es statistiques : tra\u00e7abilit\u00e9 et profilage<\/h5>\n<p>Lors de leur navigation sur le site, les internautes laissent des traces informatiques. Cet ensemble d\u2019informations est recueilli \u00e0 l\u2019aide d\u2019un t\u00e9moin de connexion appel\u00e9 cookie qui ne contient, toutefois, aucune information personnelle.<\/p>\n<p>Dans le but d\u2019am\u00e9liorer l\u2019ergonomie, la navigation au sein du site, le contenu \u00e9ditorial et le service aux internautes, l\u2019outil gestionnaire des statistiques du site <a title=\"BIPEA - www.bipea.org\" href=\"http:\/\/www.bipea.org\/\">www.bipea.org<\/a>stocke des informations relatives au profil des internautes : \u00e9quipement, navigateur utilis\u00e9, origine g\u00e9ographique des requ\u00eates, date et heure de la connexion, navigation sur le site, fr\u00e9quence des visites, etc. Ces donn\u00e9es de connexion permettent des extractions statistiques et sont conserv\u00e9es pendant un an.<\/p>\n<p>Tout internaute a la possibilit\u00e9 de refuser l\u2019enregistrement de ces donn\u00e9es en modifiant la configuration du navigateur de son ordinateur qui autorise ou non l\u2019enregistrement de cookies. Il vous est possible de les refuser ou de les supprimer sans que cela ait une quelconque influence sur votre acc\u00e8s aux pages du site. Pour vous opposer \u00e0 l\u2019enregistrement de cookies ou \u00eatre pr\u00e9venu avant d\u2019accepter les cookies, nous vous recommandons la lecture de la rubrique d\u2019aide de votre navigateur qui vous pr\u00e9cisera la marche \u00e0 suivre.<\/p>\n<h4>DROITS D\u2019AUTEUR ET DROITS DE REPRODUCTION DU CONTENU MIS EN LIGNE<\/h4>\n<h5>Droits de reproduction des documents publics ou officiels<\/h5>\n<p>Depuis la publication de l\u2019ordonnance n\u00b0 2005-650 du 6 juin 2005 relative \u00e0 la libert\u00e9 d\u2019acc\u00e8s aux documents administratifs et \u00e0 la r\u00e9utilisation des informations publiques, ces informations peuvent \u00eatre r\u00e9utilis\u00e9es \u00e0 d\u2019autres fins que celles pour lesquelles elles ont \u00e9t\u00e9 produites, et particuli\u00e8rement les informations faisant l\u2019objet d\u2019une diffusion publique. Ces documents pr\u00e9vus pour une diffusion publique ne sont couverts par aucun droit d\u2019auteur et peuvent donc \u00eatre reproduits librement. Le graphisme, l\u2019iconographie ainsi que le contenu \u00e9ditorial demeurent la propri\u00e9t\u00e9 de l\u2019\u00c9tat, et, \u00e0 ce titre, font l\u2019objet des protections pr\u00e9vues par le Code de la propri\u00e9t\u00e9 intellectuelle.<\/p>\n<p>L\u2019article L.122-5 du code de la propri\u00e9t\u00e9 intellectuelle pose le principe selon lequel, \u00ab\u00a0lorsque l\u2019oeuvre a \u00e9t\u00e9 divulgu\u00e9e, l\u2019auteur ne peut interdire la diffusion, m\u00eame int\u00e9grale, par la voie de presse ou de t\u00e9l\u00e9diffusion, \u00e0 titre d\u2019information d\u2019actualit\u00e9, des discours destin\u00e9s au public prononc\u00e9s dans les assembl\u00e9es politiques, (\u2026), ainsi que dans les r\u00e9unions publiques d\u2019ordre politique et les c\u00e9r\u00e9monies officielles\u00a0\u00bb.<br \/>C\u2019est donc le cas notamment pour les discours et interventions publiques qui s\u2019apparentent \u00e0 une exception au droit d\u2019auteur. De m\u00eame, les documents publics ou officiels tels que les communiqu\u00e9s officiels ne sont couverts par aucun droit d\u2019auteur, et peuvent en cons\u00e9quence \u00eatre reproduits librement.<br \/>Si la reprise de ces contenus de fa\u00e7on partielle ou int\u00e9grale est autoris\u00e9e, elle doit \u00eatre obligatoirement assortie de la mention du nom de l\u2019auteur, de la source, et \u00e9ventuellement d\u2019un lien renvoyant vers le document original en ligne sur le site. La mention \u00ab\u00a0\u00a9 BIPEA \u2013 www.bipea.org\u00a0\u00bb devra donc \u00eatre indiqu\u00e9e.<\/p>\n<p>Tous les autres contenus pr\u00e9sents sur le site sont couverts par le droit d\u2019auteur. Toute reproduction est d\u00e8s lors conditionn\u00e9e \u00e0 l\u2019accord de l\u2019auteur en vertu de l\u2019article L.122-4 du Code de la propri\u00e9t\u00e9 Intellectuelle.<br \/>Les informations reproduites ne doivent l\u2019\u00eatre qu\u2019\u00e0 des fins personnelles, associatives ou professionnelles ; toute diffusion ou utilisation \u00e0 des fins commerciales ou publicitaires \u00e9tant interdites.<\/p>\n<h5>Demande d\u2019autorisation de reproduction des contenus<\/h5>\n<p>La demande devra pr\u00e9ciser le contenu vis\u00e9 ainsi que la publication ou le site sur lequel ce dernier figurera. Une fois cette autorisation obtenue, la reproduction d\u2019un contenu doit ob\u00e9ir aux principes suivants :<\/p>\n<ul>\n<li>gratuit\u00e9 de la diffusion<\/li>\n<li>respect de l\u2019int\u00e9grit\u00e9 des documents reproduits (aucune modification, ni alt\u00e9ration d\u2019aucune sorte)<\/li>\n<li>mention obligatoire : \u00ab\u00a0\u00a9 BIPEA \u2013 www.bipea.org \u2013 droits r\u00e9serv\u00e9s\u00a0\u00bb. Cette mention pointera gr\u00e2ce \u00e0 un lien hypertexte directement sur le contenu<\/li>\n<li>insertion d\u2019une ic\u00f4ne repr\u00e9sentant le site internet<\/li>\n<\/ul>\n<p>Les organismes sous tutelle ainsi que les autres minist\u00e8res sont dispens\u00e9s de cette demande d\u2019autorisation sous r\u00e9serve d\u2019insertion de la mention : \u00ab\u00a0\u00a9 BIPEA \u2013 www.bipea.org \u2013 droits r\u00e9serv\u00e9s\u00a0\u00bb. Cette mention pointera gr\u00e2ce \u00e0 un lien hypertexte directement sur le contenu.<\/p>\n<h4>RESPONSABILITE FACE AUX LIENS VERS D\u2019AUTRES SITES<\/h4>\n<p>Le site <a title=\"BIPEA - www.bipea.org\" href=\"http:\/\/www.bipea.org\/\">www.bipea.org<\/a> propose de nombreux liens vers d\u2019autres sites, essentiellement des sites officiels (gouvernement, institutions, organismes publics, etc.) mais aussi vers des sites, fran\u00e7ais ou \u00e9trangers, d\u2019associations, d\u2019organismes professionnels du secteur \u00e9ducatif ou d\u2019entreprises partenaires sur des op\u00e9rations ponctuelles.<\/p>\n<p>Chaque fois, il est syst\u00e9matiquement pr\u00e9cis\u00e9 vers quel site nous vous proposons d\u2019aller. Ces pages, dont les adresses sont r\u00e9guli\u00e8rement v\u00e9rifi\u00e9es, ne font pas partie du site <a title=\"BIPEA - www.bipea.org\" href=\"http:\/\/www.bipea.org\/\">www.bipea.org<\/a> : elles n\u2019engagent pas la responsabilit\u00e9 de la r\u00e9daction du site qui ne peut \u00eatre tenue pour responsable des contenus vers lesquels ces liens pointent. Ils ne visent qu\u2019\u00e0 permettre \u00e0 l\u2019internaute d\u2019acc\u00e9der plus facilement \u00e0 d\u2019autres ressources documentaires sur le sujet consult\u00e9.<\/p>\n<h4>DEMANDE DE CREATION DE LIENS<\/h4>\n<h5>Cr\u00e9ation de liens vers le site <a title=\"BIPEA - www.bipea.org\" href=\"http:\/\/www.bipea.org\/\">www.bipea.org<\/a><\/h5>\n<p>Le site <a title=\"BIPEA - www.bipea.org\" href=\"http:\/\/www.bipea.org\/\">www.bipea.org<\/a> autorise, sans autorisation pr\u00e9alable, la mise en place de liens hypertextes pointant vers ses pages, sous r\u00e9serve de :<\/p>\n<ul>\n<li>ne pas utiliser la technique du lien profond, c\u2019est-\u00e0-dire que les pages du site <a title=\"BIPEA - www.bipea.org\" href=\"http:\/\/www.bipea.org\/\">www.bipea.org<\/a> ne doivent pas \u00eatre imbriqu\u00e9es \u00e0 l\u2019int\u00e9rieur des pages d\u2019un autre site, mais visibles par l\u2019ouverture d\u2019une fen\u00eatre ind\u00e9pendante<\/li>\n<li>mentionner la source qui pointera gr\u00e2ce \u00e0 un lien hypertexte directement sur le contenu vis\u00e9<\/li>\n<\/ul>\n<p>Les sites qui font le choix de pointer vers <a title=\"BIPEA - www.bipea.org\" href=\"http:\/\/www.bipea.org\/\">www.bipea.org<\/a> engagent leur responsabilit\u00e9 d\u00e8s lors qu\u2019ils porteraient atteinte \u00e0 l\u2019image du site public.<\/p>\n<h4>DROIT APPLICABLE ET ATTRIBUTION DE JURIDICTION<\/h4>\n<p>Tout litige en relation avec l\u2019utilisation du site <a title=\"BIPEA - www.bipea.org\" href=\"http:\/\/www.bipea.org\/\">www.bipea.org<\/a> est soumis au droit fran\u00e7ais. Il est fait attribution exclusive de juridiction aux tribunaux comp\u00e9tents de Paris.<\/p>\n<h4>ACCESSIBILITE DU SITE<\/h4>\n<p>Un soin tout particulier est pris pour rendre le site internet <a title=\"BIPEA - www.bipea.org\" href=\"http:\/\/www.bipea.org\/\">www.bipea.org<\/a> le plus accessible possible, et tout particuli\u00e8rement aux personnes ayant un handicap visuel. Les pages sont mises progressivement en conformit\u00e9 avec les recommandations du r\u00e9f\u00e9rentiel commun des crit\u00e8res d\u2019accessibilit\u00e9 des services Internet de l\u2019administration fran\u00e7aise pour respecter la loi n\u00b02005-102 du 11 f\u00e9vrier 2005 pour l\u2019\u00e9galit\u00e9 des droits et des chances, la participation et la citoyennet\u00e9 des personnes handicap\u00e9es.<\/p>\n<\/div><\/div><\/div><\/div><\/div>\n","protected":false},"excerpt":{"rendered":"","protected":false},"author":1,"featured_media":0,"parent":0,"menu_order":0,"comment_status":"closed","ping_status":"closed","template":"","meta":{"footnotes":""},"class_list":["post-12316","page","type-page","status-publish","hentry"],"yoast_head":"<!-- This site is optimized with the Yoast SEO plugin v27.0 - https:\/\/yoast.com\/product\/yoast-seo-wordpress\/ -->\n<title>Mentions l\u00e9gales - Bipea<\/title>\n<meta name=\"robots\" content=\"index, follow, max-snippet:-1, max-image-preview:large, max-video-preview:-1\" \/>\n<link rel=\"canonical\" href=\"https:\/\/www.bipea.org\/fr\/mentions-legales\/\" \/>\n<meta property=\"og:locale\" content=\"fr_FR\" \/>\n<meta property=\"og:type\" content=\"article\" \/>\n<meta property=\"og:title\" content=\"Mentions l\u00e9gales - Bipea\" \/>\n<meta property=\"og:url\" content=\"https:\/\/www.bipea.org\/fr\/mentions-legales\/\" \/>\n<meta property=\"og:site_name\" content=\"Bipea\" \/>\n<meta property=\"article:publisher\" content=\"https:\/\/www.facebook.com\/Bipea-Proficiency-Testing-Programs-1726595444310313\/\" \/>\n<meta property=\"article:modified_time\" content=\"2025-05-26T23:33:38+00:00\" \/>\n<meta name=\"twitter:card\" content=\"summary_large_image\" \/>\n<meta name=\"twitter:site\" content=\"@BipeaP\" \/>\n<meta name=\"twitter:label1\" content=\"Dur\u00e9e de lecture estim\u00e9e\" \/>\n\t<meta name=\"twitter:data1\" content=\"10 minutes\" \/>\n<script type=\"application\/ld+json\" class=\"yoast-schema-graph\">{\"@context\":\"https:\/\/schema.org\",\"@graph\":[{\"@type\":\"WebPage\",\"@id\":\"https:\/\/www.bipea.org\/fr\/mentions-legales\/\",\"url\":\"https:\/\/www.bipea.org\/fr\/mentions-legales\/\",\"name\":\"Mentions l\u00e9gales - Bipea\",\"isPartOf\":{\"@id\":\"https:\/\/www.bipea.org\/fr\/#website\"},\"datePublished\":\"2017-12-28T20:27:37+00:00\",\"dateModified\":\"2025-05-26T23:33:38+00:00\",\"breadcrumb\":{\"@id\":\"https:\/\/www.bipea.org\/fr\/mentions-legales\/#breadcrumb\"},\"inLanguage\":\"fr-FR\",\"potentialAction\":[{\"@type\":\"ReadAction\",\"target\":[\"https:\/\/www.bipea.org\/fr\/mentions-legales\/\"]}]},{\"@type\":\"BreadcrumbList\",\"@id\":\"https:\/\/www.bipea.org\/fr\/mentions-legales\/#breadcrumb\",\"itemListElement\":[{\"@type\":\"ListItem\",\"position\":1,\"name\":\"Accueil\",\"item\":\"https:\/\/www.bipea.org\/fr\/\"},{\"@type\":\"ListItem\",\"position\":2,\"name\":\"Mentions l\u00e9gales\"}]},{\"@type\":\"WebSite\",\"@id\":\"https:\/\/www.bipea.org\/fr\/#website\",\"url\":\"https:\/\/www.bipea.org\/fr\/\",\"name\":\"Bipea\",\"description\":\"\",\"potentialAction\":[{\"@type\":\"SearchAction\",\"target\":{\"@type\":\"EntryPoint\",\"urlTemplate\":\"https:\/\/www.bipea.org\/fr\/?s={search_term_string}\"},\"query-input\":{\"@type\":\"PropertyValueSpecification\",\"valueRequired\":true,\"valueName\":\"search_term_string\"}}],\"inLanguage\":\"fr-FR\"}]}<\/script>\n<!-- \/ Yoast SEO plugin. -->","yoast_head_json":{"title":"Mentions l\u00e9gales - Bipea","robots":{"index":"index","follow":"follow","max-snippet":"max-snippet:-1","max-image-preview":"max-image-preview:large","max-video-preview":"max-video-preview:-1"},"canonical":"https:\/\/www.bipea.org\/fr\/mentions-legales\/","og_locale":"fr_FR","og_type":"article","og_title":"Mentions l\u00e9gales - Bipea","og_url":"https:\/\/www.bipea.org\/fr\/mentions-legales\/","og_site_name":"Bipea","article_publisher":"https:\/\/www.facebook.com\/Bipea-Proficiency-Testing-Programs-1726595444310313\/","article_modified_time":"2025-05-26T23:33:38+00:00","twitter_card":"summary_large_image","twitter_site":"@BipeaP","twitter_misc":{"Dur\u00e9e de lecture estim\u00e9e":"10 minutes"},"schema":{"@context":"https:\/\/schema.org","@graph":[{"@type":"WebPage","@id":"https:\/\/www.bipea.org\/fr\/mentions-legales\/","url":"https:\/\/www.bipea.org\/fr\/mentions-legales\/","name":"Mentions l\u00e9gales - Bipea","isPartOf":{"@id":"https:\/\/www.bipea.org\/fr\/#website"},"datePublished":"2017-12-28T20:27:37+00:00","dateModified":"2025-05-26T23:33:38+00:00","breadcrumb":{"@id":"https:\/\/www.bipea.org\/fr\/mentions-legales\/#breadcrumb"},"inLanguage":"fr-FR","potentialAction":[{"@type":"ReadAction","target":["https:\/\/www.bipea.org\/fr\/mentions-legales\/"]}]},{"@type":"BreadcrumbList","@id":"https:\/\/www.bipea.org\/fr\/mentions-legales\/#breadcrumb","itemListElement":[{"@type":"ListItem","position":1,"name":"Accueil","item":"https:\/\/www.bipea.org\/fr\/"},{"@type":"ListItem","position":2,"name":"Mentions l\u00e9gales"}]},{"@type":"WebSite","@id":"https:\/\/www.bipea.org\/fr\/#website","url":"https:\/\/www.bipea.org\/fr\/","name":"Bipea","description":"","potentialAction":[{"@type":"SearchAction","target":{"@type":"EntryPoint","urlTemplate":"https:\/\/www.bipea.org\/fr\/?s={search_term_string}"},"query-input":{"@type":"PropertyValueSpecification","valueRequired":true,"valueName":"search_term_string"}}],"inLanguage":"fr-FR"}]}},"_links":{"self":[{"href":"https:\/\/www.bipea.org\/fr\/wp-json\/wp\/v2\/pages\/12316","targetHints":{"allow":["GET"]}}],"collection":[{"href":"https:\/\/www.bipea.org\/fr\/wp-json\/wp\/v2\/pages"}],"about":[{"href":"https:\/\/www.bipea.org\/fr\/wp-json\/wp\/v2\/types\/page"}],"author":[{"embeddable":true,"href":"https:\/\/www.bipea.org\/fr\/wp-json\/wp\/v2\/users\/1"}],"replies":[{"embeddable":true,"href":"https:\/\/www.bipea.org\/fr\/wp-json\/wp\/v2\/comments?post=12316"}],"version-history":[{"count":7,"href":"https:\/\/www.bipea.org\/fr\/wp-json\/wp\/v2\/pages\/12316\/revisions"}],"predecessor-version":[{"id":22895,"href":"https:\/\/www.bipea.org\/fr\/wp-json\/wp\/v2\/pages\/12316\/revisions\/22895"}],"wp:attachment":[{"href":"https:\/\/www.bipea.org\/fr\/wp-json\/wp\/v2\/media?parent=12316"}],"curies":[{"name":"wp","href":"https:\/\/api.w.org\/{rel}","templated":true}]}}