{"id":13538,"date":"2017-12-24T18:02:32","date_gmt":"2017-12-24T17:02:32","guid":{"rendered":"https:\/\/www.bipea.org\/customized-pt-programs\/"},"modified":"2022-10-13T14:22:56","modified_gmt":"2022-10-13T12:22:56","slug":"ejercicios-personalizados","status":"publish","type":"page","link":"https:\/\/www.bipea.org\/es\/ejercicios-personalizados\/","title":{"rendered":"Ejercicios personalizados"},"content":{"rendered":"<p><span style=\"font-size: 14pt;\">Adem\u00e1s de nuestros programas regulares, BIPEA organiza ejercicios de intercomparacion personalizados.<\/span><\/p>\n<p><span style=\"font-size: 14pt;\">Este servicio es un ejercicio de pruebas de competencia personalizado organizado para un grupo de laboratorios, un grupo interprofesional o industrial y teniendo en cuenta los objetivos y las necesidades espec\u00edficas de los clientes.<\/span><\/p>\n<p class=\"font_8\" style=\"text-align: justify;\"><span style=\"font-size: 14pt;\">Configuraremos estos programas seg\u00fan las especificaciones decididas del cliente.<\/span><\/p>\n<p class=\"font_8\" style=\"text-align: justify;\"><span style=\"font-size: 14pt;\">Esto puede incluir:<\/span><\/p>\n<ul>\n<li><span style=\"color: #0076b3; font-size: 14pt;\">Control de calidad para un grupo de laboratorios,<\/span><\/li>\n<li><span style=\"color: #0076b3; font-size: 14pt;\">Verificaci\u00f3n \/ comparaci\u00f3n de m\u00e9todos,<\/span><\/li>\n<li><span style=\"color: #0076b3; font-size: 14pt;\">Caracterizaci\u00f3n de m\u00e9todos (ISO 5725): estimaci\u00f3n de la precisi\u00f3n de un m\u00e9todo validado<\/span><\/li>\n<li><span style=\"color: #0076b3; font-size: 14pt;\">Estudio estad\u00edstico de resultados,<\/span><\/li>\n<li><span style=\"color: #0076b3; font-size: 14pt;\">Fabricaci\u00f3n de materiales de referencia internos,<\/span><\/li>\n<li><span style=\"color: #0076b3; font-size: 14pt;\">Preparaci\u00f3n de muestras de control.<\/span><\/li>\n<\/ul>\n<p class=\"font_8\" style=\"text-align: justify;\"><span style=\"font-size: 14pt;\">Podemos ofrecer la totalidad o parte de la organizaci\u00f3n de un programa:<\/span><\/p>\n<ul>\n<li><span style=\"color: #0076b3; font-size: 14pt;\">Suministro de materias primas,<\/span><\/li>\n<li><span style=\"color: #0076b3; font-size: 14pt;\">Fabricaci\u00f3n y \/ o env\u00edo de muestras,<\/span><\/li>\n<li><span style=\"color: #0076b3; font-size: 14pt;\">Tratamiento estad\u00edstico de los resultados,<\/span><\/li>\n<li><span style=\"color: #0076b3; font-size: 14pt;\">Publicaci\u00f3n de los informes.<\/span><\/li>\n<\/ul>\n<p><span style=\"font-size: 14pt;\">BIPEA apoya con su experiencia y se asegura de que se respeten todos los requisitos.<\/span><\/p>\n<p><span style=\"font-size: 14pt;\">Para los programas personalizados, las matrices, los par\u00e1metros, el n\u00famero de repeticiones y los m\u00e9todos se definen en colaboraci\u00f3n entre el cliente y los departamentos t\u00e9cnicos de BIPEA (fabricaci\u00f3n, cient\u00edficos y t\u00e9cnicos, tratamiento estad\u00edstico), seg\u00fan los objetivos y los costos.<\/span><\/p>\n<p class=\"font_8\" style=\"text-align: justify;\"><span style=\"font-size: 14pt;\">Despu\u00e9s de una cuidadosa definici\u00f3n del proyecto, un presupuesto es enviado al cliente.<\/span><\/p>\n<p class=\"font_8\" style=\"text-align: justify;\"><span style=\"font-size: 14pt;\">Para planear un ejercicio personalizado, por favor cont\u00e1ctenos: direction@bipea.org<\/span><\/p>\n","protected":false},"excerpt":{"rendered":"<p>Adem\u00e1s de nuestros programas regulares, BIPEA organiza ejercicios de intercomparacion personalizados. Este servicio es un ejercicio de pruebas de competencia personalizado organizado para un grupo de laboratorios, un grupo interprofesional o industrial y teniendo en cuenta los objetivos y las necesidades espec\u00edficas de los clientes. Configuraremos estos programas seg\u00fan las especificaciones decididas del cliente. Esto puede [&hellip;]<\/p>\n","protected":false},"author":1,"featured_media":0,"parent":0,"menu_order":0,"comment_status":"closed","ping_status":"closed","template":"","meta":{"footnotes":""},"class_list":["post-13538","page","type-page","status-publish","hentry"],"yoast_head":"<!-- This site is optimized with the Yoast SEO plugin v27.0 - https:\/\/yoast.com\/product\/yoast-seo-wordpress\/ -->\n<title>Ejercicios personalizados - Bipea<\/title>\n<meta name=\"robots\" content=\"index, follow, max-snippet:-1, max-image-preview:large, max-video-preview:-1\" \/>\n<link rel=\"canonical\" href=\"https:\/\/www.bipea.org\/es\/ejercicios-personalizados\/\" \/>\n<meta property=\"og:locale\" content=\"es_ES\" \/>\n<meta property=\"og:type\" content=\"article\" \/>\n<meta property=\"og:title\" content=\"Ejercicios personalizados - Bipea\" \/>\n<meta property=\"og:description\" content=\"Adem\u00e1s de nuestros programas regulares, BIPEA organiza ejercicios de intercomparacion personalizados. Este servicio es un ejercicio de pruebas de competencia personalizado organizado para un grupo de laboratorios, un grupo interprofesional o industrial y teniendo en cuenta los objetivos y las necesidades espec\u00edficas de los clientes. Configuraremos estos programas seg\u00fan las especificaciones decididas del cliente. Esto puede [&hellip;]\" \/>\n<meta property=\"og:url\" content=\"https:\/\/www.bipea.org\/es\/ejercicios-personalizados\/\" \/>\n<meta property=\"og:site_name\" content=\"Bipea\" \/>\n<meta property=\"article:publisher\" content=\"https:\/\/www.facebook.com\/Bipea-Proficiency-Testing-Programs-1726595444310313\/\" \/>\n<meta property=\"article:modified_time\" content=\"2022-10-13T12:22:56+00:00\" \/>\n<meta name=\"twitter:card\" content=\"summary_large_image\" \/>\n<meta name=\"twitter:site\" content=\"@BipeaP\" \/>\n<meta name=\"twitter:label1\" content=\"Tiempo de lectura\" \/>\n\t<meta name=\"twitter:data1\" content=\"2 minutos\" \/>\n<script type=\"application\/ld+json\" class=\"yoast-schema-graph\">{\"@context\":\"https:\/\/schema.org\",\"@graph\":[{\"@type\":\"WebPage\",\"@id\":\"https:\/\/www.bipea.org\/es\/ejercicios-personalizados\/\",\"url\":\"https:\/\/www.bipea.org\/es\/ejercicios-personalizados\/\",\"name\":\"Ejercicios personalizados - Bipea\",\"isPartOf\":{\"@id\":\"https:\/\/www.bipea.org\/es\/#website\"},\"datePublished\":\"2017-12-24T17:02:32+00:00\",\"dateModified\":\"2022-10-13T12:22:56+00:00\",\"breadcrumb\":{\"@id\":\"https:\/\/www.bipea.org\/es\/ejercicios-personalizados\/#breadcrumb\"},\"inLanguage\":\"es\",\"potentialAction\":[{\"@type\":\"ReadAction\",\"target\":[\"https:\/\/www.bipea.org\/es\/ejercicios-personalizados\/\"]}]},{\"@type\":\"BreadcrumbList\",\"@id\":\"https:\/\/www.bipea.org\/es\/ejercicios-personalizados\/#breadcrumb\",\"itemListElement\":[{\"@type\":\"ListItem\",\"position\":1,\"name\":\"Accueil\",\"item\":\"https:\/\/www.bipea.org\/es\/\"},{\"@type\":\"ListItem\",\"position\":2,\"name\":\"Ejercicios personalizados\"}]},{\"@type\":\"WebSite\",\"@id\":\"https:\/\/www.bipea.org\/es\/#website\",\"url\":\"https:\/\/www.bipea.org\/es\/\",\"name\":\"Bipea\",\"description\":\"\",\"potentialAction\":[{\"@type\":\"SearchAction\",\"target\":{\"@type\":\"EntryPoint\",\"urlTemplate\":\"https:\/\/www.bipea.org\/es\/?s={search_term_string}\"},\"query-input\":{\"@type\":\"PropertyValueSpecification\",\"valueRequired\":true,\"valueName\":\"search_term_string\"}}],\"inLanguage\":\"es\"}]}<\/script>\n<!-- \/ Yoast SEO plugin. -->","yoast_head_json":{"title":"Ejercicios personalizados - Bipea","robots":{"index":"index","follow":"follow","max-snippet":"max-snippet:-1","max-image-preview":"max-image-preview:large","max-video-preview":"max-video-preview:-1"},"canonical":"https:\/\/www.bipea.org\/es\/ejercicios-personalizados\/","og_locale":"es_ES","og_type":"article","og_title":"Ejercicios personalizados - Bipea","og_description":"Adem\u00e1s de nuestros programas regulares, BIPEA organiza ejercicios de intercomparacion personalizados. Este servicio es un ejercicio de pruebas de competencia personalizado organizado para un grupo de laboratorios, un grupo interprofesional o industrial y teniendo en cuenta los objetivos y las necesidades espec\u00edficas de los clientes. Configuraremos estos programas seg\u00fan las especificaciones decididas del cliente. Esto puede [&hellip;]","og_url":"https:\/\/www.bipea.org\/es\/ejercicios-personalizados\/","og_site_name":"Bipea","article_publisher":"https:\/\/www.facebook.com\/Bipea-Proficiency-Testing-Programs-1726595444310313\/","article_modified_time":"2022-10-13T12:22:56+00:00","twitter_card":"summary_large_image","twitter_site":"@BipeaP","twitter_misc":{"Tiempo de lectura":"2 minutos"},"schema":{"@context":"https:\/\/schema.org","@graph":[{"@type":"WebPage","@id":"https:\/\/www.bipea.org\/es\/ejercicios-personalizados\/","url":"https:\/\/www.bipea.org\/es\/ejercicios-personalizados\/","name":"Ejercicios personalizados - Bipea","isPartOf":{"@id":"https:\/\/www.bipea.org\/es\/#website"},"datePublished":"2017-12-24T17:02:32+00:00","dateModified":"2022-10-13T12:22:56+00:00","breadcrumb":{"@id":"https:\/\/www.bipea.org\/es\/ejercicios-personalizados\/#breadcrumb"},"inLanguage":"es","potentialAction":[{"@type":"ReadAction","target":["https:\/\/www.bipea.org\/es\/ejercicios-personalizados\/"]}]},{"@type":"BreadcrumbList","@id":"https:\/\/www.bipea.org\/es\/ejercicios-personalizados\/#breadcrumb","itemListElement":[{"@type":"ListItem","position":1,"name":"Accueil","item":"https:\/\/www.bipea.org\/es\/"},{"@type":"ListItem","position":2,"name":"Ejercicios personalizados"}]},{"@type":"WebSite","@id":"https:\/\/www.bipea.org\/es\/#website","url":"https:\/\/www.bipea.org\/es\/","name":"Bipea","description":"","potentialAction":[{"@type":"SearchAction","target":{"@type":"EntryPoint","urlTemplate":"https:\/\/www.bipea.org\/es\/?s={search_term_string}"},"query-input":{"@type":"PropertyValueSpecification","valueRequired":true,"valueName":"search_term_string"}}],"inLanguage":"es"}]}},"_links":{"self":[{"href":"https:\/\/www.bipea.org\/es\/wp-json\/wp\/v2\/pages\/13538","targetHints":{"allow":["GET"]}}],"collection":[{"href":"https:\/\/www.bipea.org\/es\/wp-json\/wp\/v2\/pages"}],"about":[{"href":"https:\/\/www.bipea.org\/es\/wp-json\/wp\/v2\/types\/page"}],"author":[{"embeddable":true,"href":"https:\/\/www.bipea.org\/es\/wp-json\/wp\/v2\/users\/1"}],"replies":[{"embeddable":true,"href":"https:\/\/www.bipea.org\/es\/wp-json\/wp\/v2\/comments?post=13538"}],"version-history":[{"count":4,"href":"https:\/\/www.bipea.org\/es\/wp-json\/wp\/v2\/pages\/13538\/revisions"}],"predecessor-version":[{"id":18757,"href":"https:\/\/www.bipea.org\/es\/wp-json\/wp\/v2\/pages\/13538\/revisions\/18757"}],"wp:attachment":[{"href":"https:\/\/www.bipea.org\/es\/wp-json\/wp\/v2\/media?parent=13538"}],"curies":[{"name":"wp","href":"https:\/\/api.w.org\/{rel}","templated":true}]}}