{"id":13362,"date":"2017-12-21T20:05:59","date_gmt":"2017-12-21T19:05:59","guid":{"rendered":"https:\/\/www.bipea.org\/who-we-are\/"},"modified":"2022-10-13T16:50:50","modified_gmt":"2022-10-13T14:50:50","slug":"nosotros","status":"publish","type":"page","link":"https:\/\/www.bipea.org\/es\/nosotros\/","title":{"rendered":"Nosotros"},"content":{"rendered":"<p class=\"font_8\" style=\"text-align: justify;\"><span style=\"font-size: 14pt;\">BIPEA es una organizaci\u00f3n europea ubicada en Francia. Al reunir cerca de 2600 laboratorios en el mundo (en 130 pa\u00edses), ofrece m\u00e1s de 220 programas de pruebas de competencia regulares.<\/span><\/p>\n<p class=\"font_8\" style=\"text-align: justify;\"><span class=\"wixGuard\" style=\"font-size: 14pt;\">\u200b<\/span><\/p>\n<p class=\"font_8\" style=\"text-align: justify;\"><strong><span style=\"color: #0076b3; font-size: 14pt;\">CREACI\u00d3N DE BIPEA<\/span><\/strong><\/p>\n<p><span style=\"font-size: 14pt;\">En 1970, las entidades profesionales de los sectores de cereales y molienda, el INRA (Instituto Nacional de Investigaci\u00f3n Agron\u00f3mica) y el CNRS (Centro Nacional de Investigaci\u00f3n Cient\u00edfica) decidieron crear una estructura permanente y aut\u00f3noma, cuyas misiones principales son organizar programas de comparaciones entre laboratorios y brindar asistencia t\u00e9cnica a laboratorios: BIPEA se cre\u00f3 oficialmente el 3 de septiembre de 1970.<\/span><\/p>\n<p class=\"font_8\" style=\"text-align: justify;\"><span style=\"font-size: 14pt;\">Los miembros fundadores de BIPEA son principalmente organizaciones profesionales en los sectores de producci\u00f3n y almacenamiento (<span style=\"text-decoration: underline;\"><a href=\"https:\/\/docs.wixstatic.com\/ugd\/70c41a_3e8c69cfd91d4114a6d70b941f0b1fed.pdf\" target=\"_blank\" rel=\"noopener noreferrer\" data-type=\"document\">lista de miembros fundadores<\/a><\/span>).<\/span><\/p>\n<p style=\"text-align: justify;\"><span class=\"wixGuard\" style=\"font-size: 14pt;\">\u200b<\/span><\/p>\n<p class=\"font_8\" style=\"text-align: justify;\"><strong><span style=\"color: #0076b3; font-size: 14pt;\">BIPEA HOY<\/span><\/strong><\/p>\n<p><span style=\"font-size: 14pt;\">Cuando se cre\u00f3, BIPEA cont\u00f3 60 laboratorios y ofreci\u00f3 8 programas de pruebas de competencia en los temas de granos y molienda.<\/span><\/p>\n<p><span style=\"font-size: 14pt;\">A principios de los a\u00f1os 1990, BIPEA decidi\u00f3 lanzar programas de pruebas de competencia en los campos de agroalimentaci\u00f3n y contaminantes.<\/span><\/p>\n<p><span style=\"font-size: 14pt;\">Los programas intercomparativos en el tema del Medio Ambiente se crearon a finales de la d\u00e9cada de 1990.<\/span><\/p>\n<p><span style=\"font-size: 14pt;\">En 2009, BIPEA innov\u00f3 mediante la creaci\u00f3n de programas en el tema de los cosm\u00e9ticos, especialmente los productos de protecci\u00f3n solar.<\/span><\/p>\n<p class=\"font_8\"><span style=\"font-size: 14pt;\">BIPEA tambi\u00e9n se ha expandido internacionalmente, aumentando el n\u00famero de participantes en sus programas de ensayos de aptitud.<\/span><\/p>\n","protected":false},"excerpt":{"rendered":"<p>BIPEA es una organizaci\u00f3n europea ubicada en Francia. Al reunir cerca de 2600 laboratorios en el mundo (en 130 pa\u00edses), ofrece m\u00e1s de 220 programas de pruebas de competencia regulares. \u200b CREACI\u00d3N DE BIPEA En 1970, las entidades profesionales de los sectores de cereales y molienda, el INRA (Instituto Nacional de Investigaci\u00f3n Agron\u00f3mica) y el CNRS [&hellip;]<\/p>\n","protected":false},"author":1,"featured_media":0,"parent":0,"menu_order":0,"comment_status":"closed","ping_status":"closed","template":"","meta":{"footnotes":""},"class_list":["post-13362","page","type-page","status-publish","hentry"],"yoast_head":"<!-- This site is optimized with the Yoast SEO plugin v27.0 - https:\/\/yoast.com\/product\/yoast-seo-wordpress\/ -->\n<title>Nosotros - Bipea<\/title>\n<meta name=\"robots\" content=\"index, follow, max-snippet:-1, max-image-preview:large, max-video-preview:-1\" \/>\n<link rel=\"canonical\" href=\"https:\/\/www.bipea.org\/es\/nosotros\/\" \/>\n<meta property=\"og:locale\" content=\"es_ES\" \/>\n<meta property=\"og:type\" content=\"article\" \/>\n<meta property=\"og:title\" content=\"Nosotros - Bipea\" \/>\n<meta property=\"og:description\" content=\"BIPEA es una organizaci\u00f3n europea ubicada en Francia. Al reunir cerca de 2600 laboratorios en el mundo (en 130 pa\u00edses), ofrece m\u00e1s de 220 programas de pruebas de competencia regulares. \u200b CREACI\u00d3N DE BIPEA En 1970, las entidades profesionales de los sectores de cereales y molienda, el INRA (Instituto Nacional de Investigaci\u00f3n Agron\u00f3mica) y el CNRS [&hellip;]\" \/>\n<meta property=\"og:url\" content=\"https:\/\/www.bipea.org\/es\/nosotros\/\" \/>\n<meta property=\"og:site_name\" content=\"Bipea\" \/>\n<meta property=\"article:publisher\" content=\"https:\/\/www.facebook.com\/Bipea-Proficiency-Testing-Programs-1726595444310313\/\" \/>\n<meta property=\"article:modified_time\" content=\"2022-10-13T14:50:50+00:00\" \/>\n<meta name=\"twitter:card\" content=\"summary_large_image\" \/>\n<meta name=\"twitter:site\" content=\"@BipeaP\" \/>\n<meta name=\"twitter:label1\" content=\"Tiempo de lectura\" \/>\n\t<meta name=\"twitter:data1\" content=\"2 minutos\" \/>\n<script type=\"application\/ld+json\" class=\"yoast-schema-graph\">{\"@context\":\"https:\/\/schema.org\",\"@graph\":[{\"@type\":\"WebPage\",\"@id\":\"https:\/\/www.bipea.org\/es\/nosotros\/\",\"url\":\"https:\/\/www.bipea.org\/es\/nosotros\/\",\"name\":\"Nosotros - Bipea\",\"isPartOf\":{\"@id\":\"https:\/\/www.bipea.org\/es\/#website\"},\"datePublished\":\"2017-12-21T19:05:59+00:00\",\"dateModified\":\"2022-10-13T14:50:50+00:00\",\"breadcrumb\":{\"@id\":\"https:\/\/www.bipea.org\/es\/nosotros\/#breadcrumb\"},\"inLanguage\":\"es\",\"potentialAction\":[{\"@type\":\"ReadAction\",\"target\":[\"https:\/\/www.bipea.org\/es\/nosotros\/\"]}]},{\"@type\":\"BreadcrumbList\",\"@id\":\"https:\/\/www.bipea.org\/es\/nosotros\/#breadcrumb\",\"itemListElement\":[{\"@type\":\"ListItem\",\"position\":1,\"name\":\"Accueil\",\"item\":\"https:\/\/www.bipea.org\/es\/\"},{\"@type\":\"ListItem\",\"position\":2,\"name\":\"Nosotros\"}]},{\"@type\":\"WebSite\",\"@id\":\"https:\/\/www.bipea.org\/es\/#website\",\"url\":\"https:\/\/www.bipea.org\/es\/\",\"name\":\"Bipea\",\"description\":\"\",\"potentialAction\":[{\"@type\":\"SearchAction\",\"target\":{\"@type\":\"EntryPoint\",\"urlTemplate\":\"https:\/\/www.bipea.org\/es\/?s={search_term_string}\"},\"query-input\":{\"@type\":\"PropertyValueSpecification\",\"valueRequired\":true,\"valueName\":\"search_term_string\"}}],\"inLanguage\":\"es\"}]}<\/script>\n<!-- \/ Yoast SEO plugin. -->","yoast_head_json":{"title":"Nosotros - Bipea","robots":{"index":"index","follow":"follow","max-snippet":"max-snippet:-1","max-image-preview":"max-image-preview:large","max-video-preview":"max-video-preview:-1"},"canonical":"https:\/\/www.bipea.org\/es\/nosotros\/","og_locale":"es_ES","og_type":"article","og_title":"Nosotros - Bipea","og_description":"BIPEA es una organizaci\u00f3n europea ubicada en Francia. Al reunir cerca de 2600 laboratorios en el mundo (en 130 pa\u00edses), ofrece m\u00e1s de 220 programas de pruebas de competencia regulares. \u200b CREACI\u00d3N DE BIPEA En 1970, las entidades profesionales de los sectores de cereales y molienda, el INRA (Instituto Nacional de Investigaci\u00f3n Agron\u00f3mica) y el CNRS [&hellip;]","og_url":"https:\/\/www.bipea.org\/es\/nosotros\/","og_site_name":"Bipea","article_publisher":"https:\/\/www.facebook.com\/Bipea-Proficiency-Testing-Programs-1726595444310313\/","article_modified_time":"2022-10-13T14:50:50+00:00","twitter_card":"summary_large_image","twitter_site":"@BipeaP","twitter_misc":{"Tiempo de lectura":"2 minutos"},"schema":{"@context":"https:\/\/schema.org","@graph":[{"@type":"WebPage","@id":"https:\/\/www.bipea.org\/es\/nosotros\/","url":"https:\/\/www.bipea.org\/es\/nosotros\/","name":"Nosotros - Bipea","isPartOf":{"@id":"https:\/\/www.bipea.org\/es\/#website"},"datePublished":"2017-12-21T19:05:59+00:00","dateModified":"2022-10-13T14:50:50+00:00","breadcrumb":{"@id":"https:\/\/www.bipea.org\/es\/nosotros\/#breadcrumb"},"inLanguage":"es","potentialAction":[{"@type":"ReadAction","target":["https:\/\/www.bipea.org\/es\/nosotros\/"]}]},{"@type":"BreadcrumbList","@id":"https:\/\/www.bipea.org\/es\/nosotros\/#breadcrumb","itemListElement":[{"@type":"ListItem","position":1,"name":"Accueil","item":"https:\/\/www.bipea.org\/es\/"},{"@type":"ListItem","position":2,"name":"Nosotros"}]},{"@type":"WebSite","@id":"https:\/\/www.bipea.org\/es\/#website","url":"https:\/\/www.bipea.org\/es\/","name":"Bipea","description":"","potentialAction":[{"@type":"SearchAction","target":{"@type":"EntryPoint","urlTemplate":"https:\/\/www.bipea.org\/es\/?s={search_term_string}"},"query-input":{"@type":"PropertyValueSpecification","valueRequired":true,"valueName":"search_term_string"}}],"inLanguage":"es"}]}},"_links":{"self":[{"href":"https:\/\/www.bipea.org\/es\/wp-json\/wp\/v2\/pages\/13362","targetHints":{"allow":["GET"]}}],"collection":[{"href":"https:\/\/www.bipea.org\/es\/wp-json\/wp\/v2\/pages"}],"about":[{"href":"https:\/\/www.bipea.org\/es\/wp-json\/wp\/v2\/types\/page"}],"author":[{"embeddable":true,"href":"https:\/\/www.bipea.org\/es\/wp-json\/wp\/v2\/users\/1"}],"replies":[{"embeddable":true,"href":"https:\/\/www.bipea.org\/es\/wp-json\/wp\/v2\/comments?post=13362"}],"version-history":[{"count":5,"href":"https:\/\/www.bipea.org\/es\/wp-json\/wp\/v2\/pages\/13362\/revisions"}],"predecessor-version":[{"id":18840,"href":"https:\/\/www.bipea.org\/es\/wp-json\/wp\/v2\/pages\/13362\/revisions\/18840"}],"wp:attachment":[{"href":"https:\/\/www.bipea.org\/es\/wp-json\/wp\/v2\/media?parent=13362"}],"curies":[{"name":"wp","href":"https:\/\/api.w.org\/{rel}","templated":true}]}}