{"id":13361,"date":"2017-12-21T20:06:19","date_gmt":"2017-12-21T19:06:19","guid":{"rendered":"https:\/\/www.bipea.org\/external-reference-materials\/"},"modified":"2022-10-13T14:07:08","modified_gmt":"2022-10-13T12:07:08","slug":"materiales-de-referencia","status":"publish","type":"page","link":"https:\/\/www.bipea.org\/es\/materiales-de-referencia\/","title":{"rendered":"Materiales de referencia"},"content":{"rendered":"<p class=\"font_8\" style=\"text-align: justify;\"><strong><span style=\"color: #0076b3; font-size: 14pt;\">MATERIALES DE REFERENCIA EXTERNOS<\/span><\/strong><\/p>\n<p class=\"font_8\" style=\"text-align: justify;\"><span style=\"color: #0076b3; font-size: 14pt;\"><span class=\"wixGuard\">\u200b<\/span><\/span><\/p>\n<p class=\"font_8\" style=\"text-align: justify;\"><span style=\"font-size: 14pt;\">Los\u00a0miembros de BIPEA pueden comprar materiales de referencia que son muestras del mismo lote que se utilizan en nuestros programas de ensayos de aptitud regulares.<\/span><\/p>\n<p class=\"font_8\" style=\"text-align: justify;\"><span style=\"font-weight: bold; font-size: 14pt;\">Le permiten verificar su competencia anal\u00edtica con muestras que ya tienen un valor asignado.<\/span><\/p>\n<p class=\"font_8\" style=\"text-align: justify;\"><span style=\"font-size: 14pt;\">Adem\u00e1s de los programas de PT regulares,\u00a0puede controlar su calidad con estas muestras.<\/span><\/p>\n<p class=\"font_8\" style=\"text-align: justify;\"><span class=\"wixGuard\" style=\"font-size: 14pt;\">\u200b<\/span><\/p>\n<p class=\"font_8\" style=\"text-align: justify;\"><span class=\"wixGuard\" style=\"font-size: 14pt;\">\u200b<\/span><\/p>\n<p class=\"font_8\" style=\"text-align: justify;\"><strong><span style=\"color: #0076b3; font-size: 14pt;\">CONDICIONES PARA COMPRAR MRE<\/span><\/strong><\/p>\n<p class=\"font_8\" style=\"text-align: justify;\"><span style=\"color: #0076b3; font-size: 14pt;\"><span class=\"wixGuard\">\u200b<\/span><\/span><\/p>\n<p class=\"font_8\" style=\"text-align: justify;\"><span style=\"font-weight: bold; font-size: 14pt;\">Los materiales de referencia externa de BIPEA e<span title=\"They are exclusively dedicated to our members.\">st\u00e1n dedicados exclusivamente a nuestros miembros. <\/span><span title=\"They are sold individually after the publication of the reports. \">Se venden individualmente despu\u00e9s de la publicaci\u00f3n de los informes<\/span>. <\/span><\/p>\n<p class=\"font_8\" style=\"text-align: justify;\"><span id=\"result_box\" lang=\"es\" style=\"font-size: 14pt;\">Se almacenan en condiciones apropiadas: habitaci\u00f3n fr\u00eda positiva, habitaci\u00f3n templada o habitaci\u00f3n fr\u00eda negativa. El tiempo de almacenamiento depende de la\u00a0muestra.<\/span><\/p>\n<p><span style=\"font-size: 14pt;\">La duraci\u00f3n y las condiciones de almacenamiento est\u00e1n garantizadas por BIPEA y le permiten obtener muestras de la misma calidad en t\u00e9rminos de homogeneidad.<\/span><\/p>\n<p class=\"font_8\" style=\"text-align: justify;\"><span style=\"font-size: 14pt;\"><span style=\"text-decoration: underline;\">Caso particular para los MRE de microbiologia<\/span>:<\/span><\/p>\n<p class=\"font_8\" style=\"text-align: justify;\"><span style=\"font-size: 14pt;\">Programa 51b: <span id=\"result_box\" lang=\"es\">Las muestras de ERM est\u00e1n disponibles durante 6 meses, a partir de la fecha de fabricaci\u00f3n<\/span>,<\/span><\/p>\n<p class=\"font_8\" style=\"text-align: justify;\"><span style=\"font-size: 14pt;\">Programas\u00a0 35-50-51 (options 51a-51c-51d-51e-51f-51h) \u2013 54 \u2013 56 \u2013 79 <span id=\"result_box\" lang=\"es\">no proponemos materiales de referencia para\u00a0estas muestras,<\/span><span id=\"t-served-community-button\" class=\"trans-verified-button goog-toolbar-button\" role=\"button\" aria-hidden=\"true\"><\/span><\/span><\/p>\n<p class=\"font_8\" style=\"text-align: justify;\"><span class=\"wixGuard\" style=\"font-size: 14pt;\">\u200b<\/span><\/p>\n<div id=\"gt-res-dir-ctr\" class=\"trans-verified-button-small\" dir=\"ltr\"><span style=\"font-size: 14pt;\"><span id=\"gt-res-error\"><\/span><span id=\"result_box\" lang=\"es\">Sin embargo, si est\u00e1 interesado en muestras adicionales, puede solicitarlos con anticipaci\u00f3n y se entregar\u00e1n al mismo tiempo que las muestras para los programas PT regulares.<\/span><\/span><\/div>\n<p class=\"font_8\" style=\"text-align: justify;\"><span class=\"wixGuard\" style=\"font-size: 14pt;\">\u200b<\/span><\/p>\n<p class=\"font_8\" style=\"text-align: justify;\"><span style=\"font-size: 14pt;\"><span id=\"result_box\" lang=\"es\">Los precios dependen de las muestras y del pais de la entrega<\/span>.<\/span><\/p>\n<p class=\"font_8\" style=\"text-align: justify;\"><span class=\"wixGuard\" style=\"font-size: 14pt;\">\u200b<\/span><\/p>\n<p class=\"font_8\" style=\"text-align: justify;\"><span style=\"font-size: 14pt;\"><span id=\"result_box\" lang=\"es\">Para obtener la lista de muestras disponibles, contactenos:\u00a0<\/span><span style=\"text-decoration: underline;\"><a href=\"mailto:sales@bipea.org\" target=\"_self\" data-content=\"sales@bipea.org\" data-type=\"mail\" rel=\"noopener\">sales@bipea.org<\/a><\/span><\/span><\/p>\n<p class=\"font_8\" style=\"text-align: justify;\"><span style=\"color: #2b689c; font-size: 14pt;\"><span class=\"wixGuard\">\u200b<\/span><\/span><\/p>\n<p class=\"font_8\" style=\"text-align: justify;\"><span style=\"color: #2b689c; font-size: 14pt;\"><span class=\"wixGuard\">\u200b<\/span><\/span><\/p>\n<p class=\"font_8\" style=\"text-align: justify;\"><strong><span style=\"color: #0076b3; font-size: 14pt;\">CONTRATO DE MATERIALES DE REFERENCIA<\/span><\/strong><\/p>\n<p class=\"font_8\" style=\"text-align: justify;\"><span style=\"color: #0076b3; font-size: 14pt;\"><span class=\"wixGuard\">\u200b<\/span><\/span><\/p>\n<p class=\"font_8\" style=\"text-align: justify;\"><span id=\"result_box\" lang=\"es\" style=\"font-size: 14pt;\">Un contrato MRE se establece a partir de\u00a010 muestras. Con este contrato, se le proporcionar\u00e1 muestras de MRE durante el a\u00f1o y se beneficiar\u00e1 de descuentos (hasta 40% de descuento).<\/span><\/p>\n<p><span style=\"font-size: 14pt;\">Estos contratos nos permiten fabricar m\u00e1s muestras por adelantado y proporcionar suficiente ERM para todos los participantes.<\/span><\/p>\n<p><span style=\"font-size: 14pt;\">P\u00f3ngase en contacto con nuestro departamento de ventas para m\u00e1s informaci\u00f3n: sales@bipea.org<\/span><\/p>\n<p class=\"font_8\" style=\"text-align: justify;\"><span class=\"wixGuard\" style=\"font-size: 14pt;\">\u200b<\/span><\/p>\n","protected":false},"excerpt":{"rendered":"<p>MATERIALES DE REFERENCIA EXTERNOS \u200b Los\u00a0miembros de BIPEA pueden comprar materiales de referencia que son muestras del mismo lote que se utilizan en nuestros programas de ensayos de aptitud regulares. Le permiten verificar su competencia anal\u00edtica con muestras que ya tienen un valor asignado. Adem\u00e1s de los programas de PT regulares,\u00a0puede controlar su calidad con estas [&hellip;]<\/p>\n","protected":false},"author":1,"featured_media":0,"parent":0,"menu_order":0,"comment_status":"closed","ping_status":"closed","template":"","meta":{"footnotes":""},"class_list":["post-13361","page","type-page","status-publish","hentry"],"yoast_head":"<!-- This site is optimized with the Yoast SEO plugin v27.0 - https:\/\/yoast.com\/product\/yoast-seo-wordpress\/ -->\n<title>Materiales de referencia - Bipea<\/title>\n<meta name=\"robots\" content=\"index, follow, max-snippet:-1, max-image-preview:large, max-video-preview:-1\" \/>\n<link rel=\"canonical\" href=\"https:\/\/www.bipea.org\/es\/materiales-de-referencia\/\" \/>\n<meta property=\"og:locale\" content=\"es_ES\" \/>\n<meta property=\"og:type\" content=\"article\" \/>\n<meta property=\"og:title\" content=\"Materiales de referencia - Bipea\" \/>\n<meta property=\"og:description\" content=\"MATERIALES DE REFERENCIA EXTERNOS \u200b Los\u00a0miembros de BIPEA pueden comprar materiales de referencia que son muestras del mismo lote que se utilizan en nuestros programas de ensayos de aptitud regulares. Le permiten verificar su competencia anal\u00edtica con muestras que ya tienen un valor asignado. Adem\u00e1s de los programas de PT regulares,\u00a0puede controlar su calidad con estas [&hellip;]\" \/>\n<meta property=\"og:url\" content=\"https:\/\/www.bipea.org\/es\/materiales-de-referencia\/\" \/>\n<meta property=\"og:site_name\" content=\"Bipea\" \/>\n<meta property=\"article:publisher\" content=\"https:\/\/www.facebook.com\/Bipea-Proficiency-Testing-Programs-1726595444310313\/\" \/>\n<meta property=\"article:modified_time\" content=\"2022-10-13T12:07:08+00:00\" \/>\n<meta name=\"twitter:card\" content=\"summary_large_image\" \/>\n<meta name=\"twitter:site\" content=\"@BipeaP\" \/>\n<meta name=\"twitter:label1\" content=\"Tiempo de lectura\" \/>\n\t<meta name=\"twitter:data1\" content=\"2 minutos\" \/>\n<script type=\"application\/ld+json\" class=\"yoast-schema-graph\">{\"@context\":\"https:\/\/schema.org\",\"@graph\":[{\"@type\":\"WebPage\",\"@id\":\"https:\/\/www.bipea.org\/es\/materiales-de-referencia\/\",\"url\":\"https:\/\/www.bipea.org\/es\/materiales-de-referencia\/\",\"name\":\"Materiales de referencia - Bipea\",\"isPartOf\":{\"@id\":\"https:\/\/www.bipea.org\/es\/#website\"},\"datePublished\":\"2017-12-21T19:06:19+00:00\",\"dateModified\":\"2022-10-13T12:07:08+00:00\",\"breadcrumb\":{\"@id\":\"https:\/\/www.bipea.org\/es\/materiales-de-referencia\/#breadcrumb\"},\"inLanguage\":\"es\",\"potentialAction\":[{\"@type\":\"ReadAction\",\"target\":[\"https:\/\/www.bipea.org\/es\/materiales-de-referencia\/\"]}]},{\"@type\":\"BreadcrumbList\",\"@id\":\"https:\/\/www.bipea.org\/es\/materiales-de-referencia\/#breadcrumb\",\"itemListElement\":[{\"@type\":\"ListItem\",\"position\":1,\"name\":\"Accueil\",\"item\":\"https:\/\/www.bipea.org\/es\/\"},{\"@type\":\"ListItem\",\"position\":2,\"name\":\"Materiales de referencia\"}]},{\"@type\":\"WebSite\",\"@id\":\"https:\/\/www.bipea.org\/es\/#website\",\"url\":\"https:\/\/www.bipea.org\/es\/\",\"name\":\"Bipea\",\"description\":\"\",\"potentialAction\":[{\"@type\":\"SearchAction\",\"target\":{\"@type\":\"EntryPoint\",\"urlTemplate\":\"https:\/\/www.bipea.org\/es\/?s={search_term_string}\"},\"query-input\":{\"@type\":\"PropertyValueSpecification\",\"valueRequired\":true,\"valueName\":\"search_term_string\"}}],\"inLanguage\":\"es\"}]}<\/script>\n<!-- \/ Yoast SEO plugin. -->","yoast_head_json":{"title":"Materiales de referencia - Bipea","robots":{"index":"index","follow":"follow","max-snippet":"max-snippet:-1","max-image-preview":"max-image-preview:large","max-video-preview":"max-video-preview:-1"},"canonical":"https:\/\/www.bipea.org\/es\/materiales-de-referencia\/","og_locale":"es_ES","og_type":"article","og_title":"Materiales de referencia - Bipea","og_description":"MATERIALES DE REFERENCIA EXTERNOS \u200b Los\u00a0miembros de BIPEA pueden comprar materiales de referencia que son muestras del mismo lote que se utilizan en nuestros programas de ensayos de aptitud regulares. Le permiten verificar su competencia anal\u00edtica con muestras que ya tienen un valor asignado. Adem\u00e1s de los programas de PT regulares,\u00a0puede controlar su calidad con estas [&hellip;]","og_url":"https:\/\/www.bipea.org\/es\/materiales-de-referencia\/","og_site_name":"Bipea","article_publisher":"https:\/\/www.facebook.com\/Bipea-Proficiency-Testing-Programs-1726595444310313\/","article_modified_time":"2022-10-13T12:07:08+00:00","twitter_card":"summary_large_image","twitter_site":"@BipeaP","twitter_misc":{"Tiempo de lectura":"2 minutos"},"schema":{"@context":"https:\/\/schema.org","@graph":[{"@type":"WebPage","@id":"https:\/\/www.bipea.org\/es\/materiales-de-referencia\/","url":"https:\/\/www.bipea.org\/es\/materiales-de-referencia\/","name":"Materiales de referencia - Bipea","isPartOf":{"@id":"https:\/\/www.bipea.org\/es\/#website"},"datePublished":"2017-12-21T19:06:19+00:00","dateModified":"2022-10-13T12:07:08+00:00","breadcrumb":{"@id":"https:\/\/www.bipea.org\/es\/materiales-de-referencia\/#breadcrumb"},"inLanguage":"es","potentialAction":[{"@type":"ReadAction","target":["https:\/\/www.bipea.org\/es\/materiales-de-referencia\/"]}]},{"@type":"BreadcrumbList","@id":"https:\/\/www.bipea.org\/es\/materiales-de-referencia\/#breadcrumb","itemListElement":[{"@type":"ListItem","position":1,"name":"Accueil","item":"https:\/\/www.bipea.org\/es\/"},{"@type":"ListItem","position":2,"name":"Materiales de referencia"}]},{"@type":"WebSite","@id":"https:\/\/www.bipea.org\/es\/#website","url":"https:\/\/www.bipea.org\/es\/","name":"Bipea","description":"","potentialAction":[{"@type":"SearchAction","target":{"@type":"EntryPoint","urlTemplate":"https:\/\/www.bipea.org\/es\/?s={search_term_string}"},"query-input":{"@type":"PropertyValueSpecification","valueRequired":true,"valueName":"search_term_string"}}],"inLanguage":"es"}]}},"_links":{"self":[{"href":"https:\/\/www.bipea.org\/es\/wp-json\/wp\/v2\/pages\/13361","targetHints":{"allow":["GET"]}}],"collection":[{"href":"https:\/\/www.bipea.org\/es\/wp-json\/wp\/v2\/pages"}],"about":[{"href":"https:\/\/www.bipea.org\/es\/wp-json\/wp\/v2\/types\/page"}],"author":[{"embeddable":true,"href":"https:\/\/www.bipea.org\/es\/wp-json\/wp\/v2\/users\/1"}],"replies":[{"embeddable":true,"href":"https:\/\/www.bipea.org\/es\/wp-json\/wp\/v2\/comments?post=13361"}],"version-history":[{"count":5,"href":"https:\/\/www.bipea.org\/es\/wp-json\/wp\/v2\/pages\/13361\/revisions"}],"predecessor-version":[{"id":18756,"href":"https:\/\/www.bipea.org\/es\/wp-json\/wp\/v2\/pages\/13361\/revisions\/18756"}],"wp:attachment":[{"href":"https:\/\/www.bipea.org\/es\/wp-json\/wp\/v2\/media?parent=13361"}],"curies":[{"name":"wp","href":"https:\/\/api.w.org\/{rel}","templated":true}]}}