{"id":13355,"date":"2017-12-21T23:57:19","date_gmt":"2017-12-21T22:57:19","guid":{"rendered":"https:\/\/www.bipea.org\/organization-of-our-association\/"},"modified":"2022-10-13T14:03:32","modified_gmt":"2022-10-13T12:03:32","slug":"organizacion-de-bipea","status":"publish","type":"page","link":"https:\/\/www.bipea.org\/es\/organizacion-de-bipea\/","title":{"rendered":"Organizacion de BIPEA"},"content":{"rendered":"<div class=\"fusion-fullwidth fullwidth-box fusion-builder-row-1 nonhundred-percent-fullwidth non-hundred-percent-height-scrolling\" style=\"--awb-border-radius-top-left:0px;--awb-border-radius-top-right:0px;--awb-border-radius-bottom-right:0px;--awb-border-radius-bottom-left:0px;--awb-flex-wrap:wrap;\" ><div class=\"fusion-builder-row fusion-row\"><div class=\"fusion-layout-column fusion_builder_column fusion-builder-column-0 fusion_builder_column_1_2 1_2 fusion-one-half fusion-column-first\" style=\"--awb-bg-size:cover;width:50%;width:calc(50% - ( ( 4% ) * 0.5 ) );margin-right: 4%;\"><div class=\"fusion-column-wrapper fusion-flex-column-wrapper-legacy\"><div class=\"fusion-text fusion-text-1\"><p class=\"font_8\" style=\"text-align: justify;\"><span style=\"font-size: 14pt;\">BIPEA est\u00e1 compuesto por una Asamblea General, una Junta de Directores, un grupo asesor y de un Bureau. Todas estas entidades administran la Organizaci\u00f3n a nivel administrativo y t\u00e9cnico.<\/span><\/p>\n<p class=\"font_8\" style=\"text-align: justify;\"><span class=\"wixGuard\" style=\"font-size: 14pt;\">\u200b<\/span><\/p>\n<p class=\"font_8\" style=\"text-align: justify;\"><span style=\"font-size: 14pt;\">BIPEA BUREAU es la estructura permanente responsable de la administraci\u00f3n administrativa, organizacional y operativa de BIPEA.<\/span><br \/>\n<span style=\"font-size: 14pt;\">Con el fin de optimizar la gesti\u00f3n de los programas de pruebas de aptitud, BIPEA se basa en los siguientes grupos de asesoramiento:<\/span><\/p>\n<p class=\"font_8\" style=\"text-align: justify;\"><span class=\"wixGuard\" style=\"font-size: 14pt;\">\u200b<\/span><\/p>\n<ul class=\"font_8\" style=\"text-align: justify;\">\n<li>\n<p class=\"font_8\"><span style=\"font-size: 14pt;\">Los asesores cient\u00edficos son especialistas a cargo de ayudar BIPEA en el establecimiento de su pol\u00edtica cient\u00edfica y t\u00e9cnica.<\/span><\/p>\n<\/li>\n<\/ul>\n<ul class=\"font_8\" style=\"text-align: justify;\">\n<li>\n<p class=\"font_8\"><span style=\"font-size: 14pt;\">La Junta Directiva T\u00e9cnica es el cuerpo de asistencia cient\u00edfica y t\u00e9cnica de BIPEA. Est\u00e1 compuesto por asesores cient\u00edficos y presidentes de comisi\u00f3n.<\/span><\/p>\n<\/li>\n<\/ul>\n<ul class=\"font_8\" style=\"text-align: justify;\">\n<li>\n<p class=\"font_8\"><span style=\"font-size: 14pt;\">Se crean comit\u00e9s espec\u00edficos para cada programa de evaluaci\u00f3n de aptitud. Est\u00e1n compuestos por los participantes del programa. Estos comit\u00e9s son principalmente un lugar de discusi\u00f3n, dando a los participantes la oportunidad de expresarse f\u00e1cilmente sobre diversos temas relacionados con el programa. Luego pueden hacer propuestas y recomendaciones para mejorar el programa de intercomparacion.<\/span><\/p>\n<\/li>\n<\/ul>\n<p class=\"font_8\" style=\"text-align: justify;\"><span style=\"font-size: 14pt;\">Los grupos t\u00e9cnicos provienen de los comit\u00e9s y est\u00e1n compuestos por personal con reconocida competencia en el los temas adecuados. Los miembros de los grupos t\u00e9cnicos son responsables de los laboratorios que ya participan en organismos de normalizaci\u00f3n o acreditaci\u00f3n. Act\u00faan para hacer propuestas para la evaluaci\u00f3n de los resultados de laboratorio (valores asignados, valores de tolerancia), la aprobaci\u00f3n de los resultados de las pruebas de aptitud y la preparaci\u00f3n de los m\u00e9todos o estudios preliminares.<\/span><\/p>\n<\/div><div class=\"fusion-clearfix\"><\/div><\/div><\/div><div class=\"fusion-layout-column fusion_builder_column fusion-builder-column-1 fusion_builder_column_1_2 1_2 fusion-one-half fusion-column-last\" style=\"--awb-bg-size:cover;width:50%;width:calc(50% - ( ( 4% ) * 0.5 ) );\"><div class=\"fusion-column-wrapper fusion-flex-column-wrapper-legacy\"><div class=\"fusion-text fusion-text-2\"><p><img decoding=\"async\" class=\"alignnone wp-image-11937 size-full\" src=\"https:\/\/www.bipea.org\/wp-content\/uploads\/2017\/12\/graph.png\" alt=\"\" width=\"515\" height=\"709\" srcset=\"https:\/\/www.bipea.org\/wp-content\/uploads\/2017\/12\/graph-200x275.png 200w, https:\/\/www.bipea.org\/wp-content\/uploads\/2017\/12\/graph-218x300.png 218w, https:\/\/www.bipea.org\/wp-content\/uploads\/2017\/12\/graph-400x551.png 400w, https:\/\/www.bipea.org\/wp-content\/uploads\/2017\/12\/graph.png 515w\" sizes=\"(max-width: 515px) 100vw, 515px\" \/><\/p>\n<\/div><div class=\"fusion-clearfix\"><\/div><\/div><\/div><\/div><\/div>\n","protected":false},"excerpt":{"rendered":"","protected":false},"author":1,"featured_media":0,"parent":0,"menu_order":0,"comment_status":"closed","ping_status":"closed","template":"","meta":{"footnotes":""},"class_list":["post-13355","page","type-page","status-publish","hentry"],"yoast_head":"<!-- This site is optimized with the Yoast SEO plugin v27.0 - https:\/\/yoast.com\/product\/yoast-seo-wordpress\/ -->\n<title>Organizacion de BIPEA - Bipea<\/title>\n<meta name=\"robots\" content=\"index, follow, max-snippet:-1, max-image-preview:large, max-video-preview:-1\" \/>\n<link rel=\"canonical\" href=\"https:\/\/www.bipea.org\/es\/organizacion-de-bipea\/\" \/>\n<meta property=\"og:locale\" content=\"es_ES\" \/>\n<meta property=\"og:type\" content=\"article\" \/>\n<meta property=\"og:title\" content=\"Organizacion de BIPEA - Bipea\" \/>\n<meta property=\"og:url\" content=\"https:\/\/www.bipea.org\/es\/organizacion-de-bipea\/\" \/>\n<meta property=\"og:site_name\" content=\"Bipea\" \/>\n<meta property=\"article:publisher\" content=\"https:\/\/www.facebook.com\/Bipea-Proficiency-Testing-Programs-1726595444310313\/\" \/>\n<meta property=\"article:modified_time\" content=\"2022-10-13T12:03:32+00:00\" \/>\n<meta property=\"og:image\" content=\"https:\/\/www.bipea.org\/wp-content\/uploads\/2017\/12\/graph.png\" \/>\n<meta name=\"twitter:card\" content=\"summary_large_image\" \/>\n<meta name=\"twitter:site\" content=\"@BipeaP\" \/>\n<meta name=\"twitter:label1\" content=\"Tiempo de lectura\" \/>\n\t<meta name=\"twitter:data1\" content=\"3 minutos\" \/>\n<script type=\"application\/ld+json\" class=\"yoast-schema-graph\">{\"@context\":\"https:\/\/schema.org\",\"@graph\":[{\"@type\":\"WebPage\",\"@id\":\"https:\/\/www.bipea.org\/es\/organizacion-de-bipea\/\",\"url\":\"https:\/\/www.bipea.org\/es\/organizacion-de-bipea\/\",\"name\":\"Organizacion de BIPEA - Bipea\",\"isPartOf\":{\"@id\":\"https:\/\/www.bipea.org\/es\/#website\"},\"primaryImageOfPage\":{\"@id\":\"https:\/\/www.bipea.org\/es\/organizacion-de-bipea\/#primaryimage\"},\"image\":{\"@id\":\"https:\/\/www.bipea.org\/es\/organizacion-de-bipea\/#primaryimage\"},\"thumbnailUrl\":\"https:\/\/www.bipea.org\/wp-content\/uploads\/2017\/12\/graph.png\",\"datePublished\":\"2017-12-21T22:57:19+00:00\",\"dateModified\":\"2022-10-13T12:03:32+00:00\",\"breadcrumb\":{\"@id\":\"https:\/\/www.bipea.org\/es\/organizacion-de-bipea\/#breadcrumb\"},\"inLanguage\":\"es\",\"potentialAction\":[{\"@type\":\"ReadAction\",\"target\":[\"https:\/\/www.bipea.org\/es\/organizacion-de-bipea\/\"]}]},{\"@type\":\"ImageObject\",\"inLanguage\":\"es\",\"@id\":\"https:\/\/www.bipea.org\/es\/organizacion-de-bipea\/#primaryimage\",\"url\":\"https:\/\/www.bipea.org\/wp-content\/uploads\/2017\/12\/graph.png\",\"contentUrl\":\"https:\/\/www.bipea.org\/wp-content\/uploads\/2017\/12\/graph.png\"},{\"@type\":\"BreadcrumbList\",\"@id\":\"https:\/\/www.bipea.org\/es\/organizacion-de-bipea\/#breadcrumb\",\"itemListElement\":[{\"@type\":\"ListItem\",\"position\":1,\"name\":\"Accueil\",\"item\":\"https:\/\/www.bipea.org\/es\/\"},{\"@type\":\"ListItem\",\"position\":2,\"name\":\"Organizacion de BIPEA\"}]},{\"@type\":\"WebSite\",\"@id\":\"https:\/\/www.bipea.org\/es\/#website\",\"url\":\"https:\/\/www.bipea.org\/es\/\",\"name\":\"Bipea\",\"description\":\"\",\"potentialAction\":[{\"@type\":\"SearchAction\",\"target\":{\"@type\":\"EntryPoint\",\"urlTemplate\":\"https:\/\/www.bipea.org\/es\/?s={search_term_string}\"},\"query-input\":{\"@type\":\"PropertyValueSpecification\",\"valueRequired\":true,\"valueName\":\"search_term_string\"}}],\"inLanguage\":\"es\"}]}<\/script>\n<!-- \/ Yoast SEO plugin. -->","yoast_head_json":{"title":"Organizacion de BIPEA - Bipea","robots":{"index":"index","follow":"follow","max-snippet":"max-snippet:-1","max-image-preview":"max-image-preview:large","max-video-preview":"max-video-preview:-1"},"canonical":"https:\/\/www.bipea.org\/es\/organizacion-de-bipea\/","og_locale":"es_ES","og_type":"article","og_title":"Organizacion de BIPEA - Bipea","og_url":"https:\/\/www.bipea.org\/es\/organizacion-de-bipea\/","og_site_name":"Bipea","article_publisher":"https:\/\/www.facebook.com\/Bipea-Proficiency-Testing-Programs-1726595444310313\/","article_modified_time":"2022-10-13T12:03:32+00:00","og_image":[{"url":"https:\/\/www.bipea.org\/wp-content\/uploads\/2017\/12\/graph.png","type":"","width":"","height":""}],"twitter_card":"summary_large_image","twitter_site":"@BipeaP","twitter_misc":{"Tiempo de lectura":"3 minutos"},"schema":{"@context":"https:\/\/schema.org","@graph":[{"@type":"WebPage","@id":"https:\/\/www.bipea.org\/es\/organizacion-de-bipea\/","url":"https:\/\/www.bipea.org\/es\/organizacion-de-bipea\/","name":"Organizacion de BIPEA - Bipea","isPartOf":{"@id":"https:\/\/www.bipea.org\/es\/#website"},"primaryImageOfPage":{"@id":"https:\/\/www.bipea.org\/es\/organizacion-de-bipea\/#primaryimage"},"image":{"@id":"https:\/\/www.bipea.org\/es\/organizacion-de-bipea\/#primaryimage"},"thumbnailUrl":"https:\/\/www.bipea.org\/wp-content\/uploads\/2017\/12\/graph.png","datePublished":"2017-12-21T22:57:19+00:00","dateModified":"2022-10-13T12:03:32+00:00","breadcrumb":{"@id":"https:\/\/www.bipea.org\/es\/organizacion-de-bipea\/#breadcrumb"},"inLanguage":"es","potentialAction":[{"@type":"ReadAction","target":["https:\/\/www.bipea.org\/es\/organizacion-de-bipea\/"]}]},{"@type":"ImageObject","inLanguage":"es","@id":"https:\/\/www.bipea.org\/es\/organizacion-de-bipea\/#primaryimage","url":"https:\/\/www.bipea.org\/wp-content\/uploads\/2017\/12\/graph.png","contentUrl":"https:\/\/www.bipea.org\/wp-content\/uploads\/2017\/12\/graph.png"},{"@type":"BreadcrumbList","@id":"https:\/\/www.bipea.org\/es\/organizacion-de-bipea\/#breadcrumb","itemListElement":[{"@type":"ListItem","position":1,"name":"Accueil","item":"https:\/\/www.bipea.org\/es\/"},{"@type":"ListItem","position":2,"name":"Organizacion de BIPEA"}]},{"@type":"WebSite","@id":"https:\/\/www.bipea.org\/es\/#website","url":"https:\/\/www.bipea.org\/es\/","name":"Bipea","description":"","potentialAction":[{"@type":"SearchAction","target":{"@type":"EntryPoint","urlTemplate":"https:\/\/www.bipea.org\/es\/?s={search_term_string}"},"query-input":{"@type":"PropertyValueSpecification","valueRequired":true,"valueName":"search_term_string"}}],"inLanguage":"es"}]}},"_links":{"self":[{"href":"https:\/\/www.bipea.org\/es\/wp-json\/wp\/v2\/pages\/13355","targetHints":{"allow":["GET"]}}],"collection":[{"href":"https:\/\/www.bipea.org\/es\/wp-json\/wp\/v2\/pages"}],"about":[{"href":"https:\/\/www.bipea.org\/es\/wp-json\/wp\/v2\/types\/page"}],"author":[{"embeddable":true,"href":"https:\/\/www.bipea.org\/es\/wp-json\/wp\/v2\/users\/1"}],"replies":[{"embeddable":true,"href":"https:\/\/www.bipea.org\/es\/wp-json\/wp\/v2\/comments?post=13355"}],"version-history":[{"count":2,"href":"https:\/\/www.bipea.org\/es\/wp-json\/wp\/v2\/pages\/13355\/revisions"}],"predecessor-version":[{"id":18753,"href":"https:\/\/www.bipea.org\/es\/wp-json\/wp\/v2\/pages\/13355\/revisions\/18753"}],"wp:attachment":[{"href":"https:\/\/www.bipea.org\/es\/wp-json\/wp\/v2\/media?parent=13355"}],"curies":[{"name":"wp","href":"https:\/\/api.w.org\/{rel}","templated":true}]}}