{"id":13354,"date":"2017-12-23T19:33:35","date_gmt":"2017-12-23T18:33:35","guid":{"rendered":"https:\/\/www.bipea.org\/accuracy-monitoring-charts\/"},"modified":"2022-10-13T15:54:09","modified_gmt":"2022-10-13T13:54:09","slug":"tarjeta-de-seguimiento","status":"publish","type":"page","link":"https:\/\/www.bipea.org\/es\/tarjeta-de-seguimiento\/","title":{"rendered":"Tarjeta de seguimiento"},"content":{"rendered":"<p><div class=\"fusion-fullwidth fullwidth-box fusion-builder-row-1 back_box nonhundred-percent-fullwidth non-hundred-percent-height-scrolling\" style=\"--awb-border-radius-top-left:0px;--awb-border-radius-top-right:0px;--awb-border-radius-bottom-right:0px;--awb-border-radius-bottom-left:0px;--awb-flex-wrap:wrap;\" ><div class=\"fusion-builder-row fusion-row\"><div class=\"fusion-layout-column fusion_builder_column fusion-builder-column-0 fusion_builder_column_5_6 5_6 fusion-five-sixth fusion-column-first\" style=\"--awb-bg-size:cover;width:83.333333333333%;width:calc(83.333333333333% - ( ( 4% ) * 0.83333333333333 ) );margin-right: 4%;\"><div class=\"fusion-column-wrapper fusion-flex-column-wrapper-legacy\"><div class=\"fusion-clearfix\"><\/div><\/div><\/div><div class=\"fusion-layout-column fusion_builder_column fusion-builder-column-1 fusion_builder_column_1_6 1_6 fusion-one-sixth fusion-column-last\" style=\"--awb-bg-size:cover;width:16.666666666667%;width:calc(16.666666666667% - ( ( 4% ) * 0.16666666666667 ) );\"><div class=\"fusion-column-wrapper fusion-flex-column-wrapper-legacy\"><div class=\"fusion-text fusion-text-1\"><p><a href=\"https:\/\/www.bipea.org\/es\/programas-ejercios-de-intercomparacion\/\">Volver a los Ejercicios de Intercomparacion<\/a><\/p>\n<\/div><div class=\"fusion-clearfix\"><\/div><\/div><\/div><\/div><\/div><div class=\"fusion-fullwidth fullwidth-box fusion-builder-row-2 nonhundred-percent-fullwidth non-hundred-percent-height-scrolling\" style=\"--awb-border-radius-top-left:0px;--awb-border-radius-top-right:0px;--awb-border-radius-bottom-right:0px;--awb-border-radius-bottom-left:0px;--awb-flex-wrap:wrap;\" ><div class=\"fusion-builder-row fusion-row\"><div class=\"fusion-layout-column fusion_builder_column fusion-builder-column-2 fusion_builder_column_1_1 1_1 fusion-one-full fusion-column-first fusion-column-last\" style=\"--awb-bg-size:cover;--awb-margin-bottom:0px;\"><div class=\"fusion-column-wrapper fusion-flex-column-wrapper-legacy\"><div class=\"fusion-text fusion-text-2\"><p class=\"font_8\"><span style=\"font-size: 14pt;\">Participar en un programa de pruebas de competencia permite controlar la precisi\u00f3n de los resultados anal\u00edticos.<\/span><\/p>\n<p class=\"font_8\"><span style=\"font-size: 14pt;\">Adem\u00e1s y gracias a un criterio dado, BIPEA le da la oportunidad de seguir esta exactitud por configuraci\u00f3n gr\u00e1fica analizando las disparidades de referencia en el tiempo: es la tarjeta de seguimiento.<\/span><\/p>\n<p class=\"font_8\"><span style=\"font-size: 14pt;\"><span style=\"font-weight: bold;\">Ventajas<\/span>:<\/span><\/p>\n<p class=\"font_8\"><span style=\"font-size: 14pt;\">Es una herramienta de vigilancia y de ayuda para decidir qui\u00e9n puede poner en evidencia disparidades que no corresponden a un defecto de exactitud como por ejemplo:<\/span><br \/>\n<span style=\"font-size: 14pt;\">\u2022 Deriva lenta y continua (creciente y descendiente),<\/span><br \/>\n<span style=\"font-size: 14pt;\">\u2022 Desviaci\u00f3n sistem\u00e1tica,<\/span><br \/>\n<span style=\"font-size: 14pt;\">\u2022 Efecto matriz.<\/span><\/p>\n<p class=\"font_8\"><span style=\"font-size: 14pt;\">Durante una auditoria o cualquier otro diagn\u00f3stico que usted decida, su tarjeta de seguimiento permite visualizar r\u00e1pidamente los resultados en el contexto de un ensayo de aptitud y para el criterio seleccionado, poder demostrar la eficacidad de las acciones correctivas del laboratorio.<\/span><\/p>\n<\/div><div class=\"fusion-clearfix\"><\/div><\/div><\/div><\/div><\/div><\/p>\n","protected":false},"excerpt":{"rendered":"","protected":false},"author":1,"featured_media":0,"parent":0,"menu_order":0,"comment_status":"closed","ping_status":"closed","template":"","meta":{"footnotes":""},"class_list":["post-13354","page","type-page","status-publish","hentry"],"yoast_head":"<!-- This site is optimized with the Yoast SEO plugin v27.0 - https:\/\/yoast.com\/product\/yoast-seo-wordpress\/ -->\n<title>Tarjeta de seguimiento - Bipea<\/title>\n<meta name=\"robots\" content=\"index, follow, max-snippet:-1, max-image-preview:large, max-video-preview:-1\" \/>\n<link rel=\"canonical\" href=\"https:\/\/www.bipea.org\/es\/tarjeta-de-seguimiento\/\" \/>\n<meta property=\"og:locale\" content=\"es_ES\" \/>\n<meta property=\"og:type\" content=\"article\" \/>\n<meta property=\"og:title\" content=\"Tarjeta de seguimiento - Bipea\" \/>\n<meta property=\"og:url\" content=\"https:\/\/www.bipea.org\/es\/tarjeta-de-seguimiento\/\" \/>\n<meta property=\"og:site_name\" content=\"Bipea\" \/>\n<meta property=\"article:publisher\" content=\"https:\/\/www.facebook.com\/Bipea-Proficiency-Testing-Programs-1726595444310313\/\" \/>\n<meta property=\"article:modified_time\" content=\"2022-10-13T13:54:09+00:00\" \/>\n<meta name=\"twitter:card\" content=\"summary_large_image\" \/>\n<meta name=\"twitter:site\" content=\"@BipeaP\" \/>\n<meta name=\"twitter:label1\" content=\"Tiempo de lectura\" \/>\n\t<meta name=\"twitter:data1\" content=\"2 minutos\" \/>\n<script type=\"application\/ld+json\" class=\"yoast-schema-graph\">{\"@context\":\"https:\/\/schema.org\",\"@graph\":[{\"@type\":\"WebPage\",\"@id\":\"https:\/\/www.bipea.org\/es\/tarjeta-de-seguimiento\/\",\"url\":\"https:\/\/www.bipea.org\/es\/tarjeta-de-seguimiento\/\",\"name\":\"Tarjeta de seguimiento - Bipea\",\"isPartOf\":{\"@id\":\"https:\/\/www.bipea.org\/es\/#website\"},\"datePublished\":\"2017-12-23T18:33:35+00:00\",\"dateModified\":\"2022-10-13T13:54:09+00:00\",\"breadcrumb\":{\"@id\":\"https:\/\/www.bipea.org\/es\/tarjeta-de-seguimiento\/#breadcrumb\"},\"inLanguage\":\"es\",\"potentialAction\":[{\"@type\":\"ReadAction\",\"target\":[\"https:\/\/www.bipea.org\/es\/tarjeta-de-seguimiento\/\"]}]},{\"@type\":\"BreadcrumbList\",\"@id\":\"https:\/\/www.bipea.org\/es\/tarjeta-de-seguimiento\/#breadcrumb\",\"itemListElement\":[{\"@type\":\"ListItem\",\"position\":1,\"name\":\"Accueil\",\"item\":\"https:\/\/www.bipea.org\/es\/\"},{\"@type\":\"ListItem\",\"position\":2,\"name\":\"Tarjeta de seguimiento\"}]},{\"@type\":\"WebSite\",\"@id\":\"https:\/\/www.bipea.org\/es\/#website\",\"url\":\"https:\/\/www.bipea.org\/es\/\",\"name\":\"Bipea\",\"description\":\"\",\"potentialAction\":[{\"@type\":\"SearchAction\",\"target\":{\"@type\":\"EntryPoint\",\"urlTemplate\":\"https:\/\/www.bipea.org\/es\/?s={search_term_string}\"},\"query-input\":{\"@type\":\"PropertyValueSpecification\",\"valueRequired\":true,\"valueName\":\"search_term_string\"}}],\"inLanguage\":\"es\"}]}<\/script>\n<!-- \/ Yoast SEO plugin. -->","yoast_head_json":{"title":"Tarjeta de seguimiento - Bipea","robots":{"index":"index","follow":"follow","max-snippet":"max-snippet:-1","max-image-preview":"max-image-preview:large","max-video-preview":"max-video-preview:-1"},"canonical":"https:\/\/www.bipea.org\/es\/tarjeta-de-seguimiento\/","og_locale":"es_ES","og_type":"article","og_title":"Tarjeta de seguimiento - Bipea","og_url":"https:\/\/www.bipea.org\/es\/tarjeta-de-seguimiento\/","og_site_name":"Bipea","article_publisher":"https:\/\/www.facebook.com\/Bipea-Proficiency-Testing-Programs-1726595444310313\/","article_modified_time":"2022-10-13T13:54:09+00:00","twitter_card":"summary_large_image","twitter_site":"@BipeaP","twitter_misc":{"Tiempo de lectura":"2 minutos"},"schema":{"@context":"https:\/\/schema.org","@graph":[{"@type":"WebPage","@id":"https:\/\/www.bipea.org\/es\/tarjeta-de-seguimiento\/","url":"https:\/\/www.bipea.org\/es\/tarjeta-de-seguimiento\/","name":"Tarjeta de seguimiento - Bipea","isPartOf":{"@id":"https:\/\/www.bipea.org\/es\/#website"},"datePublished":"2017-12-23T18:33:35+00:00","dateModified":"2022-10-13T13:54:09+00:00","breadcrumb":{"@id":"https:\/\/www.bipea.org\/es\/tarjeta-de-seguimiento\/#breadcrumb"},"inLanguage":"es","potentialAction":[{"@type":"ReadAction","target":["https:\/\/www.bipea.org\/es\/tarjeta-de-seguimiento\/"]}]},{"@type":"BreadcrumbList","@id":"https:\/\/www.bipea.org\/es\/tarjeta-de-seguimiento\/#breadcrumb","itemListElement":[{"@type":"ListItem","position":1,"name":"Accueil","item":"https:\/\/www.bipea.org\/es\/"},{"@type":"ListItem","position":2,"name":"Tarjeta de seguimiento"}]},{"@type":"WebSite","@id":"https:\/\/www.bipea.org\/es\/#website","url":"https:\/\/www.bipea.org\/es\/","name":"Bipea","description":"","potentialAction":[{"@type":"SearchAction","target":{"@type":"EntryPoint","urlTemplate":"https:\/\/www.bipea.org\/es\/?s={search_term_string}"},"query-input":{"@type":"PropertyValueSpecification","valueRequired":true,"valueName":"search_term_string"}}],"inLanguage":"es"}]}},"_links":{"self":[{"href":"https:\/\/www.bipea.org\/es\/wp-json\/wp\/v2\/pages\/13354","targetHints":{"allow":["GET"]}}],"collection":[{"href":"https:\/\/www.bipea.org\/es\/wp-json\/wp\/v2\/pages"}],"about":[{"href":"https:\/\/www.bipea.org\/es\/wp-json\/wp\/v2\/types\/page"}],"author":[{"embeddable":true,"href":"https:\/\/www.bipea.org\/es\/wp-json\/wp\/v2\/users\/1"}],"replies":[{"embeddable":true,"href":"https:\/\/www.bipea.org\/es\/wp-json\/wp\/v2\/comments?post=13354"}],"version-history":[{"count":5,"href":"https:\/\/www.bipea.org\/es\/wp-json\/wp\/v2\/pages\/13354\/revisions"}],"predecessor-version":[{"id":18818,"href":"https:\/\/www.bipea.org\/es\/wp-json\/wp\/v2\/pages\/13354\/revisions\/18818"}],"wp:attachment":[{"href":"https:\/\/www.bipea.org\/es\/wp-json\/wp\/v2\/media?parent=13354"}],"curies":[{"name":"wp","href":"https:\/\/api.w.org\/{rel}","templated":true}]}}