{"id":13351,"date":"2017-12-24T16:50:10","date_gmt":"2017-12-24T15:50:10","guid":{"rendered":"https:\/\/www.bipea.org\/proficiency-testing\/"},"modified":"2022-10-13T15:50:39","modified_gmt":"2022-10-13T13:50:39","slug":"que-es-un-ejercios-de-intercomparacion","status":"publish","type":"page","link":"https:\/\/www.bipea.org\/es\/que-es-un-ejercios-de-intercomparacion\/","title":{"rendered":"\u00bfQu\u00e9 es un ejercicio de intercomparacion?"},"content":{"rendered":"<p><div class=\"fusion-fullwidth fullwidth-box fusion-builder-row-1 back_box nonhundred-percent-fullwidth non-hundred-percent-height-scrolling\" style=\"--awb-border-radius-top-left:0px;--awb-border-radius-top-right:0px;--awb-border-radius-bottom-right:0px;--awb-border-radius-bottom-left:0px;--awb-flex-wrap:wrap;\" ><div class=\"fusion-builder-row fusion-row\"><div class=\"fusion-layout-column fusion_builder_column fusion-builder-column-0 fusion_builder_column_5_6 5_6 fusion-five-sixth fusion-column-first\" style=\"--awb-bg-size:cover;width:83.333333333333%;width:calc(83.333333333333% - ( ( 4% ) * 0.83333333333333 ) );margin-right: 4%;\"><div class=\"fusion-column-wrapper fusion-flex-column-wrapper-legacy\"><div class=\"fusion-clearfix\"><\/div><\/div><\/div><div class=\"fusion-layout-column fusion_builder_column fusion-builder-column-1 fusion_builder_column_1_6 1_6 fusion-one-sixth fusion-column-last\" style=\"--awb-bg-size:cover;width:16.666666666667%;width:calc(16.666666666667% - ( ( 4% ) * 0.16666666666667 ) );\"><div class=\"fusion-column-wrapper fusion-flex-column-wrapper-legacy\"><div class=\"fusion-text fusion-text-1\"><p><a href=\"https:\/\/www.bipea.org\/es\/programas-ejercios-de-intercomparacion\/\">Volver a los Ejercicios de Intercomparacion<\/a><\/p>\n<\/div><div class=\"fusion-clearfix\"><\/div><\/div><\/div><\/div><\/div><div class=\"fusion-fullwidth fullwidth-box fusion-builder-row-2 nonhundred-percent-fullwidth non-hundred-percent-height-scrolling\" style=\"--awb-border-radius-top-left:0px;--awb-border-radius-top-right:0px;--awb-border-radius-bottom-right:0px;--awb-border-radius-bottom-left:0px;--awb-flex-wrap:wrap;\" ><div class=\"fusion-builder-row fusion-row\"><div class=\"fusion-layout-column fusion_builder_column fusion-builder-column-2 fusion_builder_column_1_1 1_1 fusion-one-full fusion-column-first fusion-column-last\" style=\"--awb-bg-size:cover;--awb-margin-bottom:0px;\"><div class=\"fusion-column-wrapper fusion-flex-column-wrapper-legacy\"><div class=\"fusion-text fusion-text-2\"><p><strong><span style=\"color: #0076b3; font-size: 14pt;\">\u00bfQU\u00c9 ES UN EJERCICIO DE INTERCOMPARACION?<\/span><\/strong><\/p>\n<p><span style=\"font-size: 14pt;\">Un ejercicio de intercomparacion \/ ensayo de aptitud es la organizaci\u00f3n, ejecuci\u00f3n y evaluaci\u00f3n de mediciones o pruebas realizadas en la misma muestra por un conjunto de laboratorios, de acuerdo con condiciones predeterminadas.<\/span><\/p>\n<p>&nbsp;<\/p>\n<p><strong><span style=\"color: #0076b3; font-size: 14pt;\">OBJETIVOS DE UN EJERCICIO DE INTERCOMPARACION<\/span><\/strong><\/p>\n<p><span style=\"font-size: 14pt;\">Los tres objetivos de un ejercicio de intercomparacion son la evaluaci\u00f3n de:<\/span><\/p>\n<ul>\n<li><span style=\"font-size: 14pt;\">el rendimiento de los laboratorios (norma ISO \/ IEC 17043),<\/span><\/li>\n<li><span style=\"font-size: 14pt;\">las caracter\u00edsticas de un material (ISO \/ IEC Guide 35),<\/span><\/li>\n<li><span style=\"font-size: 14pt;\">la precisi\u00f3n de un m\u00e9todo (norma ISO 5725).<\/span><\/li>\n<\/ul>\n<p><span style=\"font-size: 14pt;\">Los programas regulares de BIPEA son ensayos de aptitud que eval\u00faan el desempe\u00f1o de los laboratorios participantes. Permiten comparar los resultados de varios laboratorios para evaluar su desempe\u00f1o anal\u00edtico en una misma muestra homog\u00e9nea.<\/span><\/p>\n<p><span style=\"font-size: 14pt;\">Estas pruebas son parte del enfoque de calidad del laboratorio y est\u00e1n organizadas de acuerdo con ISO \/ IEC 17043: \u00abRequisitos generales para las pruebas de competencia\u00bb.<\/span><\/p>\n<p><span style=\"font-size: 14pt;\">Caracter\u00edsticas de nuestros programas:<\/span><\/p>\n<ul>\n<li><span style=\"font-size: 14pt;\">Independencia del organizador,<\/span><\/li>\n<li><span style=\"font-size: 14pt;\">Confidencialidad de los datos,<\/span><\/li>\n<li><span style=\"font-size: 14pt;\">Monitoreo continuo del rendimiento,<\/span><\/li>\n<li><span style=\"font-size: 14pt;\">Diversidad de matrices,<\/span><\/li>\n<li><span style=\"font-size: 14pt;\">Publicaci\u00f3n r\u00e1pida de resultados,<\/span><\/li>\n<li><span style=\"font-size: 14pt;\">Robustez de los valores asignados<\/span><\/li>\n<li><span style=\"font-size: 14pt;\">Participaci\u00f3n internacional.<\/span><\/li>\n<\/ul>\n<\/div><div class=\"fusion-clearfix\"><\/div><\/div><\/div><\/div><\/div><\/p>\n","protected":false},"excerpt":{"rendered":"","protected":false},"author":1,"featured_media":0,"parent":0,"menu_order":0,"comment_status":"closed","ping_status":"closed","template":"","meta":{"footnotes":""},"class_list":["post-13351","page","type-page","status-publish","hentry"],"yoast_head":"<!-- This site is optimized with the Yoast SEO plugin v27.0 - https:\/\/yoast.com\/product\/yoast-seo-wordpress\/ -->\n<title>\u00bfQu\u00e9 es un ejercicio de intercomparacion? - Bipea<\/title>\n<meta name=\"robots\" content=\"index, follow, max-snippet:-1, max-image-preview:large, max-video-preview:-1\" \/>\n<link rel=\"canonical\" href=\"https:\/\/www.bipea.org\/es\/que-es-un-ejercios-de-intercomparacion\/\" \/>\n<meta property=\"og:locale\" content=\"es_ES\" \/>\n<meta property=\"og:type\" content=\"article\" \/>\n<meta property=\"og:title\" content=\"\u00bfQu\u00e9 es un ejercicio de intercomparacion? - Bipea\" \/>\n<meta property=\"og:url\" content=\"https:\/\/www.bipea.org\/es\/que-es-un-ejercios-de-intercomparacion\/\" \/>\n<meta property=\"og:site_name\" content=\"Bipea\" \/>\n<meta property=\"article:publisher\" content=\"https:\/\/www.facebook.com\/Bipea-Proficiency-Testing-Programs-1726595444310313\/\" \/>\n<meta property=\"article:modified_time\" content=\"2022-10-13T13:50:39+00:00\" \/>\n<meta name=\"twitter:card\" content=\"summary_large_image\" \/>\n<meta name=\"twitter:site\" content=\"@BipeaP\" \/>\n<meta name=\"twitter:label1\" content=\"Tiempo de lectura\" \/>\n\t<meta name=\"twitter:data1\" content=\"2 minutos\" \/>\n<script type=\"application\/ld+json\" class=\"yoast-schema-graph\">{\"@context\":\"https:\/\/schema.org\",\"@graph\":[{\"@type\":\"WebPage\",\"@id\":\"https:\/\/www.bipea.org\/es\/que-es-un-ejercios-de-intercomparacion\/\",\"url\":\"https:\/\/www.bipea.org\/es\/que-es-un-ejercios-de-intercomparacion\/\",\"name\":\"\u00bfQu\u00e9 es un ejercicio de intercomparacion? - Bipea\",\"isPartOf\":{\"@id\":\"https:\/\/www.bipea.org\/es\/#website\"},\"datePublished\":\"2017-12-24T15:50:10+00:00\",\"dateModified\":\"2022-10-13T13:50:39+00:00\",\"breadcrumb\":{\"@id\":\"https:\/\/www.bipea.org\/es\/que-es-un-ejercios-de-intercomparacion\/#breadcrumb\"},\"inLanguage\":\"es\",\"potentialAction\":[{\"@type\":\"ReadAction\",\"target\":[\"https:\/\/www.bipea.org\/es\/que-es-un-ejercios-de-intercomparacion\/\"]}]},{\"@type\":\"BreadcrumbList\",\"@id\":\"https:\/\/www.bipea.org\/es\/que-es-un-ejercios-de-intercomparacion\/#breadcrumb\",\"itemListElement\":[{\"@type\":\"ListItem\",\"position\":1,\"name\":\"Accueil\",\"item\":\"https:\/\/www.bipea.org\/es\/\"},{\"@type\":\"ListItem\",\"position\":2,\"name\":\"\u00bfQu\u00e9 es un ejercicio de intercomparacion?\"}]},{\"@type\":\"WebSite\",\"@id\":\"https:\/\/www.bipea.org\/es\/#website\",\"url\":\"https:\/\/www.bipea.org\/es\/\",\"name\":\"Bipea\",\"description\":\"\",\"potentialAction\":[{\"@type\":\"SearchAction\",\"target\":{\"@type\":\"EntryPoint\",\"urlTemplate\":\"https:\/\/www.bipea.org\/es\/?s={search_term_string}\"},\"query-input\":{\"@type\":\"PropertyValueSpecification\",\"valueRequired\":true,\"valueName\":\"search_term_string\"}}],\"inLanguage\":\"es\"}]}<\/script>\n<!-- \/ Yoast SEO plugin. -->","yoast_head_json":{"title":"\u00bfQu\u00e9 es un ejercicio de intercomparacion? - Bipea","robots":{"index":"index","follow":"follow","max-snippet":"max-snippet:-1","max-image-preview":"max-image-preview:large","max-video-preview":"max-video-preview:-1"},"canonical":"https:\/\/www.bipea.org\/es\/que-es-un-ejercios-de-intercomparacion\/","og_locale":"es_ES","og_type":"article","og_title":"\u00bfQu\u00e9 es un ejercicio de intercomparacion? - Bipea","og_url":"https:\/\/www.bipea.org\/es\/que-es-un-ejercios-de-intercomparacion\/","og_site_name":"Bipea","article_publisher":"https:\/\/www.facebook.com\/Bipea-Proficiency-Testing-Programs-1726595444310313\/","article_modified_time":"2022-10-13T13:50:39+00:00","twitter_card":"summary_large_image","twitter_site":"@BipeaP","twitter_misc":{"Tiempo de lectura":"2 minutos"},"schema":{"@context":"https:\/\/schema.org","@graph":[{"@type":"WebPage","@id":"https:\/\/www.bipea.org\/es\/que-es-un-ejercios-de-intercomparacion\/","url":"https:\/\/www.bipea.org\/es\/que-es-un-ejercios-de-intercomparacion\/","name":"\u00bfQu\u00e9 es un ejercicio de intercomparacion? - Bipea","isPartOf":{"@id":"https:\/\/www.bipea.org\/es\/#website"},"datePublished":"2017-12-24T15:50:10+00:00","dateModified":"2022-10-13T13:50:39+00:00","breadcrumb":{"@id":"https:\/\/www.bipea.org\/es\/que-es-un-ejercios-de-intercomparacion\/#breadcrumb"},"inLanguage":"es","potentialAction":[{"@type":"ReadAction","target":["https:\/\/www.bipea.org\/es\/que-es-un-ejercios-de-intercomparacion\/"]}]},{"@type":"BreadcrumbList","@id":"https:\/\/www.bipea.org\/es\/que-es-un-ejercios-de-intercomparacion\/#breadcrumb","itemListElement":[{"@type":"ListItem","position":1,"name":"Accueil","item":"https:\/\/www.bipea.org\/es\/"},{"@type":"ListItem","position":2,"name":"\u00bfQu\u00e9 es un ejercicio de intercomparacion?"}]},{"@type":"WebSite","@id":"https:\/\/www.bipea.org\/es\/#website","url":"https:\/\/www.bipea.org\/es\/","name":"Bipea","description":"","potentialAction":[{"@type":"SearchAction","target":{"@type":"EntryPoint","urlTemplate":"https:\/\/www.bipea.org\/es\/?s={search_term_string}"},"query-input":{"@type":"PropertyValueSpecification","valueRequired":true,"valueName":"search_term_string"}}],"inLanguage":"es"}]}},"_links":{"self":[{"href":"https:\/\/www.bipea.org\/es\/wp-json\/wp\/v2\/pages\/13351","targetHints":{"allow":["GET"]}}],"collection":[{"href":"https:\/\/www.bipea.org\/es\/wp-json\/wp\/v2\/pages"}],"about":[{"href":"https:\/\/www.bipea.org\/es\/wp-json\/wp\/v2\/types\/page"}],"author":[{"embeddable":true,"href":"https:\/\/www.bipea.org\/es\/wp-json\/wp\/v2\/users\/1"}],"replies":[{"embeddable":true,"href":"https:\/\/www.bipea.org\/es\/wp-json\/wp\/v2\/comments?post=13351"}],"version-history":[{"count":12,"href":"https:\/\/www.bipea.org\/es\/wp-json\/wp\/v2\/pages\/13351\/revisions"}],"predecessor-version":[{"id":18816,"href":"https:\/\/www.bipea.org\/es\/wp-json\/wp\/v2\/pages\/13351\/revisions\/18816"}],"wp:attachment":[{"href":"https:\/\/www.bipea.org\/es\/wp-json\/wp\/v2\/media?parent=13351"}],"curies":[{"name":"wp","href":"https:\/\/api.w.org\/{rel}","templated":true}]}}