{"id":13349,"date":"2017-12-24T16:55:57","date_gmt":"2017-12-24T15:55:57","guid":{"rendered":"https:\/\/www.bipea.org\/how-it-works\/"},"modified":"2022-10-13T16:21:56","modified_gmt":"2022-10-13T14:21:56","slug":"como-funcionan","status":"publish","type":"page","link":"https:\/\/www.bipea.org\/es\/como-funcionan\/","title":{"rendered":"\u00bfC\u00f3mo funcionan nuestros ejercicios?"},"content":{"rendered":"<p><div class=\"fusion-fullwidth fullwidth-box fusion-builder-row-1 back_box nonhundred-percent-fullwidth non-hundred-percent-height-scrolling\" style=\"--awb-border-radius-top-left:0px;--awb-border-radius-top-right:0px;--awb-border-radius-bottom-right:0px;--awb-border-radius-bottom-left:0px;--awb-flex-wrap:wrap;\" ><div class=\"fusion-builder-row fusion-row\"><div class=\"fusion-layout-column fusion_builder_column fusion-builder-column-0 fusion_builder_column_5_6 5_6 fusion-five-sixth fusion-column-first\" style=\"--awb-bg-size:cover;width:83.333333333333%;width:calc(83.333333333333% - ( ( 4% ) * 0.83333333333333 ) );margin-right: 4%;\"><div class=\"fusion-column-wrapper fusion-flex-column-wrapper-legacy\"><div class=\"fusion-clearfix\"><\/div><\/div><\/div><div class=\"fusion-layout-column fusion_builder_column fusion-builder-column-1 fusion_builder_column_1_6 1_6 fusion-one-sixth fusion-column-last\" style=\"--awb-bg-size:cover;width:16.666666666667%;width:calc(16.666666666667% - ( ( 4% ) * 0.16666666666667 ) );\"><div class=\"fusion-column-wrapper fusion-flex-column-wrapper-legacy\"><div class=\"fusion-text fusion-text-1\"><p><a href=\"https:\/\/www.bipea.org\/es\/programas-ejercios-de-intercomparacion\/\">Volver a los Ejercicios de Intercomparacion<\/a><\/p>\n<\/div><div class=\"fusion-clearfix\"><\/div><\/div><\/div><\/div><\/div><div class=\"fusion-fullwidth fullwidth-box fusion-builder-row-2 nonhundred-percent-fullwidth non-hundred-percent-height-scrolling\" style=\"--awb-border-radius-top-left:0px;--awb-border-radius-top-right:0px;--awb-border-radius-bottom-right:0px;--awb-border-radius-bottom-left:0px;--awb-flex-wrap:wrap;\" ><div class=\"fusion-builder-row fusion-row\"><div class=\"fusion-layout-column fusion_builder_column fusion-builder-column-2 fusion_builder_column_2_3 2_3 fusion-two-third fusion-column-first\" style=\"--awb-bg-size:cover;--awb-margin-bottom:0px;width:65.3333%; margin-right: 4%;\"><div class=\"fusion-column-wrapper fusion-flex-column-wrapper-legacy\"><div class=\"fusion-text fusion-text-2\"><p class=\"font_8\"><strong><span style=\"color: #0076b3; font-size: 14pt;\">NUESTROS PROGRAMAS DE ENSAYOS DE APTITUD<\/span><\/strong><\/p>\n<p><span style=\"font-size: 14pt;\">Cada a\u00f1o BIPEA organiza programas anuales de ensayos de aptitud, disponibles de septiembre a junio del a\u00f1o siguiente. Los calendarios de cada programa est\u00e1n disponibles en nuestra p\u00e1gina web: <span style=\"color: #0076b3;\"><a style=\"color: #0076b3;\" href=\"http:\/\/www.bipea.org\/\">www.bipea.org<\/a><\/span><\/span><\/p>\n<p><span style=\"font-size: 14pt;\">Un laboratorio que se inscribe en un programa recibir\u00e1 todas las muestras relacionadas con este programa. Cada programa se compone de una serie de rondas que pueden incluir una o m\u00e1s muestras para analizar.<\/span><\/p>\n<p class=\"font_8\"><span class=\"wixGuard\" style=\"font-size: 14pt;\">\u200b<\/span><\/p>\n<p class=\"font_8\"><strong><span style=\"color: #0076b3; font-size: 14pt;\">REGISTRO DE LABORATORIOS<\/span><\/strong><br \/>\n<span style=\"font-size: 14pt;\">Los laboratorios pueden inscribirse en nuestros programas de intercomparacion al principio de la serie anual o en cualquier momento del a\u00f1o, pero a partir de la fecha de registraci\u00f3n, tienen que acabar el programa hasta la \u00faltima ronda del a\u00f1o.<\/span><\/p>\n<p class=\"font_8\"><span class=\"wixGuard\" style=\"font-size: 14pt;\">\u200b<\/span><\/p>\n<p class=\"font_8\"><strong><span style=\"color: #0076b3; font-size: 14pt;\">FABRICACI\u00d3N Y ENV\u00cdO DE LAS MUESTRAS<\/span><\/strong><br \/>\n<span style=\"font-size: 14pt;\">Nuestras muestras se fabrican en nuestra oficina (Paris-FRANCIA) y cumplen con requisitos muy estrictos para garantizar la homogeneidad de estos. Esos materiales son muy similares a los analizados rutinariamente. Para ciertos programas dopamos las muestras para garantizar la presencia de los criterios en el programa.<\/span><\/p>\n<p class=\"font_8\"><span style=\"font-size: 14pt;\">BIPEA ha desarrollado una gran experiencia log\u00edstica en la elecci\u00f3n de embalaje y transporte para garantizar una entrega de muestras r\u00e1pida y conforme. El departamento de fabricaci\u00f3n y env\u00edo asigna un n\u00famero a cada muestra, lo que permite una trazabilidad completa de las muestras a lo largo de la ronda: desde la compra de la matriz hasta el resultado del laboratorio.<\/span><\/p>\n<p class=\"font_8\"><span class=\"wixGuard\" style=\"color: #0076b3; font-size: 14pt;\">\u200b<\/span><\/p>\n<p class=\"font_8\"><strong><span style=\"color: #0076b3; font-size: 14pt;\">AN\u00c1LISIS DE MUESTRAS Y TRATAMIENTO ESTAD\u00cdSTICO<\/span><\/strong><br \/>\n<span style=\"font-size: 14pt;\">Al recibir las muestras, el formulario est\u00e1 disponible en l\u00ednea. Se invita a los laboratorios a realizar los an\u00e1lisis e ingresar sus resultados antes de la fecha l\u00edmite mencionada en el formulario.Los resultados de los participantes son procesados por nuestro departamento de estad\u00edsticas que publicar\u00e1 el Informe de Comparaciones Interlaboratorio dentro de los 17 d\u00edas h\u00e1biles (en promedio) despu\u00e9s de la fecha l\u00edmite de transmisi\u00f3n de los resultados.<\/span><\/p>\n<\/div><div class=\"fusion-clearfix\"><\/div><\/div><\/div><div class=\"fusion-layout-column fusion_builder_column fusion-builder-column-3 fusion_builder_column_1_3 1_3 fusion-one-third fusion-column-last\" style=\"--awb-bg-size:cover;width:30.6666%;\"><div class=\"fusion-column-wrapper fusion-flex-column-wrapper-legacy\"><div class=\"fusion-image-element in-legacy-container\" style=\"--awb-caption-title-font-family:var(--h2_typography-font-family);--awb-caption-title-font-weight:var(--h2_typography-font-weight);--awb-caption-title-font-style:var(--h2_typography-font-style);--awb-caption-title-size:var(--h2_typography-font-size);--awb-caption-title-transform:var(--h2_typography-text-transform);--awb-caption-title-line-height:var(--h2_typography-line-height);--awb-caption-title-letter-spacing:var(--h2_typography-letter-spacing);\"><span class=\" fusion-imageframe imageframe-none imageframe-1 hover-type-none\"><img decoding=\"async\" width=\"325\" height=\"563\" title=\"chart2\" src=\"https:\/\/www.bipea.org\/wp-content\/uploads\/2017\/12\/chart2.png\" alt class=\"img-responsive wp-image-13350\" srcset=\"https:\/\/www.bipea.org\/wp-content\/uploads\/2017\/12\/chart2-200x346.png 200w, https:\/\/www.bipea.org\/wp-content\/uploads\/2017\/12\/chart2.png 325w\" sizes=\"(max-width: 800px) 100vw, 325px\" \/><\/span><\/div><div class=\"fusion-clearfix\"><\/div><\/div><\/div><\/div><\/div><\/p>\n","protected":false},"excerpt":{"rendered":"","protected":false},"author":1,"featured_media":0,"parent":0,"menu_order":0,"comment_status":"closed","ping_status":"closed","template":"","meta":{"footnotes":""},"class_list":["post-13349","page","type-page","status-publish","hentry"],"yoast_head":"<!-- This site is optimized with the Yoast SEO plugin v27.0 - https:\/\/yoast.com\/product\/yoast-seo-wordpress\/ -->\n<title>\u00bfC\u00f3mo funcionan nuestros ejercicios? - Bipea<\/title>\n<meta name=\"robots\" content=\"index, follow, max-snippet:-1, max-image-preview:large, max-video-preview:-1\" \/>\n<link rel=\"canonical\" href=\"https:\/\/www.bipea.org\/es\/como-funcionan\/\" \/>\n<meta property=\"og:locale\" content=\"es_ES\" \/>\n<meta property=\"og:type\" content=\"article\" \/>\n<meta property=\"og:title\" content=\"\u00bfC\u00f3mo funcionan nuestros ejercicios? - Bipea\" \/>\n<meta property=\"og:url\" content=\"https:\/\/www.bipea.org\/es\/como-funcionan\/\" \/>\n<meta property=\"og:site_name\" content=\"Bipea\" \/>\n<meta property=\"article:publisher\" content=\"https:\/\/www.facebook.com\/Bipea-Proficiency-Testing-Programs-1726595444310313\/\" \/>\n<meta property=\"article:modified_time\" content=\"2022-10-13T14:21:56+00:00\" \/>\n<meta name=\"twitter:card\" content=\"summary_large_image\" \/>\n<meta name=\"twitter:site\" content=\"@BipeaP\" \/>\n<meta name=\"twitter:label1\" content=\"Tiempo de lectura\" \/>\n\t<meta name=\"twitter:data1\" content=\"3 minutos\" \/>\n<script type=\"application\/ld+json\" class=\"yoast-schema-graph\">{\"@context\":\"https:\/\/schema.org\",\"@graph\":[{\"@type\":\"WebPage\",\"@id\":\"https:\/\/www.bipea.org\/es\/como-funcionan\/\",\"url\":\"https:\/\/www.bipea.org\/es\/como-funcionan\/\",\"name\":\"\u00bfC\u00f3mo funcionan nuestros ejercicios? - Bipea\",\"isPartOf\":{\"@id\":\"https:\/\/www.bipea.org\/es\/#website\"},\"datePublished\":\"2017-12-24T15:55:57+00:00\",\"dateModified\":\"2022-10-13T14:21:56+00:00\",\"breadcrumb\":{\"@id\":\"https:\/\/www.bipea.org\/es\/como-funcionan\/#breadcrumb\"},\"inLanguage\":\"es\",\"potentialAction\":[{\"@type\":\"ReadAction\",\"target\":[\"https:\/\/www.bipea.org\/es\/como-funcionan\/\"]}]},{\"@type\":\"BreadcrumbList\",\"@id\":\"https:\/\/www.bipea.org\/es\/como-funcionan\/#breadcrumb\",\"itemListElement\":[{\"@type\":\"ListItem\",\"position\":1,\"name\":\"Accueil\",\"item\":\"https:\/\/www.bipea.org\/es\/\"},{\"@type\":\"ListItem\",\"position\":2,\"name\":\"\u00bfC\u00f3mo funcionan nuestros ejercicios?\"}]},{\"@type\":\"WebSite\",\"@id\":\"https:\/\/www.bipea.org\/es\/#website\",\"url\":\"https:\/\/www.bipea.org\/es\/\",\"name\":\"Bipea\",\"description\":\"\",\"potentialAction\":[{\"@type\":\"SearchAction\",\"target\":{\"@type\":\"EntryPoint\",\"urlTemplate\":\"https:\/\/www.bipea.org\/es\/?s={search_term_string}\"},\"query-input\":{\"@type\":\"PropertyValueSpecification\",\"valueRequired\":true,\"valueName\":\"search_term_string\"}}],\"inLanguage\":\"es\"}]}<\/script>\n<!-- \/ Yoast SEO plugin. -->","yoast_head_json":{"title":"\u00bfC\u00f3mo funcionan nuestros ejercicios? - Bipea","robots":{"index":"index","follow":"follow","max-snippet":"max-snippet:-1","max-image-preview":"max-image-preview:large","max-video-preview":"max-video-preview:-1"},"canonical":"https:\/\/www.bipea.org\/es\/como-funcionan\/","og_locale":"es_ES","og_type":"article","og_title":"\u00bfC\u00f3mo funcionan nuestros ejercicios? - Bipea","og_url":"https:\/\/www.bipea.org\/es\/como-funcionan\/","og_site_name":"Bipea","article_publisher":"https:\/\/www.facebook.com\/Bipea-Proficiency-Testing-Programs-1726595444310313\/","article_modified_time":"2022-10-13T14:21:56+00:00","twitter_card":"summary_large_image","twitter_site":"@BipeaP","twitter_misc":{"Tiempo de lectura":"3 minutos"},"schema":{"@context":"https:\/\/schema.org","@graph":[{"@type":"WebPage","@id":"https:\/\/www.bipea.org\/es\/como-funcionan\/","url":"https:\/\/www.bipea.org\/es\/como-funcionan\/","name":"\u00bfC\u00f3mo funcionan nuestros ejercicios? - Bipea","isPartOf":{"@id":"https:\/\/www.bipea.org\/es\/#website"},"datePublished":"2017-12-24T15:55:57+00:00","dateModified":"2022-10-13T14:21:56+00:00","breadcrumb":{"@id":"https:\/\/www.bipea.org\/es\/como-funcionan\/#breadcrumb"},"inLanguage":"es","potentialAction":[{"@type":"ReadAction","target":["https:\/\/www.bipea.org\/es\/como-funcionan\/"]}]},{"@type":"BreadcrumbList","@id":"https:\/\/www.bipea.org\/es\/como-funcionan\/#breadcrumb","itemListElement":[{"@type":"ListItem","position":1,"name":"Accueil","item":"https:\/\/www.bipea.org\/es\/"},{"@type":"ListItem","position":2,"name":"\u00bfC\u00f3mo funcionan nuestros ejercicios?"}]},{"@type":"WebSite","@id":"https:\/\/www.bipea.org\/es\/#website","url":"https:\/\/www.bipea.org\/es\/","name":"Bipea","description":"","potentialAction":[{"@type":"SearchAction","target":{"@type":"EntryPoint","urlTemplate":"https:\/\/www.bipea.org\/es\/?s={search_term_string}"},"query-input":{"@type":"PropertyValueSpecification","valueRequired":true,"valueName":"search_term_string"}}],"inLanguage":"es"}]}},"_links":{"self":[{"href":"https:\/\/www.bipea.org\/es\/wp-json\/wp\/v2\/pages\/13349","targetHints":{"allow":["GET"]}}],"collection":[{"href":"https:\/\/www.bipea.org\/es\/wp-json\/wp\/v2\/pages"}],"about":[{"href":"https:\/\/www.bipea.org\/es\/wp-json\/wp\/v2\/types\/page"}],"author":[{"embeddable":true,"href":"https:\/\/www.bipea.org\/es\/wp-json\/wp\/v2\/users\/1"}],"replies":[{"embeddable":true,"href":"https:\/\/www.bipea.org\/es\/wp-json\/wp\/v2\/comments?post=13349"}],"version-history":[{"count":4,"href":"https:\/\/www.bipea.org\/es\/wp-json\/wp\/v2\/pages\/13349\/revisions"}],"predecessor-version":[{"id":18821,"href":"https:\/\/www.bipea.org\/es\/wp-json\/wp\/v2\/pages\/13349\/revisions\/18821"}],"wp:attachment":[{"href":"https:\/\/www.bipea.org\/es\/wp-json\/wp\/v2\/media?parent=13349"}],"curies":[{"name":"wp","href":"https:\/\/api.w.org\/{rel}","templated":true}]}}