{"id":13348,"date":"2017-12-24T16:57:29","date_gmt":"2017-12-24T15:57:29","guid":{"rendered":"https:\/\/www.bipea.org\/registration-conditions\/"},"modified":"2022-10-13T15:55:11","modified_gmt":"2022-10-13T13:55:11","slug":"conditiones-inscripcion","status":"publish","type":"page","link":"https:\/\/www.bipea.org\/es\/conditiones-inscripcion\/","title":{"rendered":"Condiciones de inscripcion y confidencialidad"},"content":{"rendered":"<p><div class=\"fusion-fullwidth fullwidth-box fusion-builder-row-1 back_box nonhundred-percent-fullwidth non-hundred-percent-height-scrolling\" style=\"--awb-border-radius-top-left:0px;--awb-border-radius-top-right:0px;--awb-border-radius-bottom-right:0px;--awb-border-radius-bottom-left:0px;--awb-flex-wrap:wrap;\" ><div class=\"fusion-builder-row fusion-row\"><div class=\"fusion-layout-column fusion_builder_column fusion-builder-column-0 fusion_builder_column_5_6 5_6 fusion-five-sixth fusion-column-first\" style=\"--awb-bg-size:cover;width:83.333333333333%;width:calc(83.333333333333% - ( ( 4% ) * 0.83333333333333 ) );margin-right: 4%;\"><div class=\"fusion-column-wrapper fusion-flex-column-wrapper-legacy\"><div class=\"fusion-clearfix\"><\/div><\/div><\/div><div class=\"fusion-layout-column fusion_builder_column fusion-builder-column-1 fusion_builder_column_1_6 1_6 fusion-one-sixth fusion-column-last\" style=\"--awb-bg-size:cover;width:16.666666666667%;width:calc(16.666666666667% - ( ( 4% ) * 0.16666666666667 ) );\"><div class=\"fusion-column-wrapper fusion-flex-column-wrapper-legacy\"><div class=\"fusion-text fusion-text-1\"><p><a href=\"https:\/\/www.bipea.org\/es\/programas-ejercios-de-intercomparacion\/\">Volver a los\u00a0Ejercicios de\u00a0Intercomparacion<\/a><\/p>\n<\/div><div class=\"fusion-clearfix\"><\/div><\/div><\/div><\/div><\/div><div class=\"fusion-fullwidth fullwidth-box fusion-builder-row-2 nonhundred-percent-fullwidth non-hundred-percent-height-scrolling\" style=\"--awb-border-radius-top-left:0px;--awb-border-radius-top-right:0px;--awb-border-radius-bottom-right:0px;--awb-border-radius-bottom-left:0px;--awb-flex-wrap:wrap;\" ><div class=\"fusion-builder-row fusion-row\"><div class=\"fusion-layout-column fusion_builder_column fusion-builder-column-2 fusion_builder_column_1_1 1_1 fusion-one-full fusion-column-first fusion-column-last\" style=\"--awb-bg-size:cover;--awb-margin-bottom:0px;\"><div class=\"fusion-column-wrapper fusion-flex-column-wrapper-legacy\"><div class=\"fusion-text fusion-text-2\"><p><strong><span style=\"color: #0076b3; font-size: 14pt;\">CONDICIONES DE INSCRIPCION<\/span><\/strong><\/p>\n<p><span style=\"font-size: 14pt;\">Los laboratorios pueden inscribirse en los programas BIPEA al principio de la serie anual o durante el a\u00f1o.<\/span><\/p>\n<p><span style=\"font-size: 14pt;\">Dado que nuestra pol\u00edtica de an\u00e1lisis de laboratorio se basa en el monitoreo continuo, no es posible que los laboratorios se registren solo para una ronda, con la excepci\u00f3n de las pruebas de Pesticidas. Los laboratorios recibir\u00e1n todas las muestras de la serie anual, a partir de la fecha de la registraci\u00f3n.<\/span><\/p>\n<p><span style=\"font-size: 14pt;\">Para participar en nuestros programas de ensayos de aptitud o beneficiarse de las materiales de referencia, el laboratorio debe ser miembro de BIPEA.<\/span><\/p>\n<p><span style=\"font-size: 14pt;\">Se solicita una suscripci\u00f3n anual a cada participante para cubrir los gastos administrativos.<\/span><\/p>\n<p><span style=\"font-size: 14pt;\">Adem\u00e1s de la tarifa anual, los laboratorios ser\u00e1n facturados por los programas regulares y materiales de referencia que eligen.<\/span><\/p>\n<p>&nbsp;<\/p>\n<p><strong><span style=\"color: #0076b3; font-size: 14pt;\">CONFIDENCIALIDAD DE LOS DATOS<\/span><\/strong><\/p>\n<p><span style=\"font-size: 14pt;\">Aseguramos el anonimato y la confidencialidad total de la informaci\u00f3n de los laboratorios.<\/span><\/p>\n<p><span style=\"font-size: 14pt;\">Para hacer esto, se usa un sistema de codificaci\u00f3n. La confidencialidad de los datos se garantiza en varios niveles:<\/span><\/p>\n<ul>\n<li><span style=\"font-size: 14pt;\">Informaci\u00f3n administrativa: toda la informaci\u00f3n administrativa provista por los laboratorios es confidencial y no puede divulgarse de ninguna manera.<\/span><\/li>\n<li><span style=\"font-size: 14pt;\">Registros de laboratorio: en su primer registro, se asigna un c\u00f3digo de 5 d\u00edgitos a los laboratorios. Este c\u00f3digo se solicitar\u00e1 para todas las comunicaciones.<\/span><\/li>\n<li><span style=\"font-size: 14pt;\">Ingresar los resultados online; Los laboratorios que participan en los programas BIPEA se benefician de varios c\u00f3digos confidenciales:<\/span><\/li>\n<\/ul>\n<p style=\"padding-left: 30px;\"><span style=\"font-size: 14pt;\">&#8211; Contrase\u00f1a INPUT: Este c\u00f3digo es para ingresar los resultados en el formulario online,<\/span><\/p>\n<p style=\"padding-left: 30px;\"><span style=\"font-size: 14pt;\">&#8211; Contrase\u00f1a VALIDATION: este c\u00f3digo es para validar los resultados,<\/span><\/p>\n<p style=\"padding-left: 30px;\"><span style=\"font-size: 14pt;\">&#8211; C\u00f3digo EDICI\u00d3N: Este c\u00f3digo identifica los resultados de cada laboratorio en el informe de comparaciones entre laboratorios. Este c\u00f3digo es confidencial. Se modifica al comienzo de cada a\u00f1o.<\/span><\/p>\n<\/div><div class=\"fusion-clearfix\"><\/div><\/div><\/div><\/div><\/div><\/p>\n","protected":false},"excerpt":{"rendered":"","protected":false},"author":1,"featured_media":0,"parent":0,"menu_order":0,"comment_status":"closed","ping_status":"closed","template":"","meta":{"footnotes":""},"class_list":["post-13348","page","type-page","status-publish","hentry"],"yoast_head":"<!-- This site is optimized with the Yoast SEO plugin v27.0 - https:\/\/yoast.com\/product\/yoast-seo-wordpress\/ -->\n<title>Condiciones de inscripcion y confidencialidad - Bipea<\/title>\n<meta name=\"robots\" content=\"index, follow, max-snippet:-1, max-image-preview:large, max-video-preview:-1\" \/>\n<link rel=\"canonical\" href=\"https:\/\/www.bipea.org\/es\/conditiones-inscripcion\/\" \/>\n<meta property=\"og:locale\" content=\"es_ES\" \/>\n<meta property=\"og:type\" content=\"article\" \/>\n<meta property=\"og:title\" content=\"Condiciones de inscripcion y confidencialidad - Bipea\" \/>\n<meta property=\"og:url\" content=\"https:\/\/www.bipea.org\/es\/conditiones-inscripcion\/\" \/>\n<meta property=\"og:site_name\" content=\"Bipea\" \/>\n<meta property=\"article:publisher\" content=\"https:\/\/www.facebook.com\/Bipea-Proficiency-Testing-Programs-1726595444310313\/\" \/>\n<meta property=\"article:modified_time\" content=\"2022-10-13T13:55:11+00:00\" \/>\n<meta name=\"twitter:card\" content=\"summary_large_image\" \/>\n<meta name=\"twitter:site\" content=\"@BipeaP\" \/>\n<meta name=\"twitter:label1\" content=\"Tiempo de lectura\" \/>\n\t<meta name=\"twitter:data1\" content=\"3 minutos\" \/>\n<script type=\"application\/ld+json\" class=\"yoast-schema-graph\">{\"@context\":\"https:\/\/schema.org\",\"@graph\":[{\"@type\":\"WebPage\",\"@id\":\"https:\/\/www.bipea.org\/es\/conditiones-inscripcion\/\",\"url\":\"https:\/\/www.bipea.org\/es\/conditiones-inscripcion\/\",\"name\":\"Condiciones de inscripcion y confidencialidad - Bipea\",\"isPartOf\":{\"@id\":\"https:\/\/www.bipea.org\/es\/#website\"},\"datePublished\":\"2017-12-24T15:57:29+00:00\",\"dateModified\":\"2022-10-13T13:55:11+00:00\",\"breadcrumb\":{\"@id\":\"https:\/\/www.bipea.org\/es\/conditiones-inscripcion\/#breadcrumb\"},\"inLanguage\":\"es\",\"potentialAction\":[{\"@type\":\"ReadAction\",\"target\":[\"https:\/\/www.bipea.org\/es\/conditiones-inscripcion\/\"]}]},{\"@type\":\"BreadcrumbList\",\"@id\":\"https:\/\/www.bipea.org\/es\/conditiones-inscripcion\/#breadcrumb\",\"itemListElement\":[{\"@type\":\"ListItem\",\"position\":1,\"name\":\"Accueil\",\"item\":\"https:\/\/www.bipea.org\/es\/\"},{\"@type\":\"ListItem\",\"position\":2,\"name\":\"Condiciones de inscripcion y confidencialidad\"}]},{\"@type\":\"WebSite\",\"@id\":\"https:\/\/www.bipea.org\/es\/#website\",\"url\":\"https:\/\/www.bipea.org\/es\/\",\"name\":\"Bipea\",\"description\":\"\",\"potentialAction\":[{\"@type\":\"SearchAction\",\"target\":{\"@type\":\"EntryPoint\",\"urlTemplate\":\"https:\/\/www.bipea.org\/es\/?s={search_term_string}\"},\"query-input\":{\"@type\":\"PropertyValueSpecification\",\"valueRequired\":true,\"valueName\":\"search_term_string\"}}],\"inLanguage\":\"es\"}]}<\/script>\n<!-- \/ Yoast SEO plugin. -->","yoast_head_json":{"title":"Condiciones de inscripcion y confidencialidad - Bipea","robots":{"index":"index","follow":"follow","max-snippet":"max-snippet:-1","max-image-preview":"max-image-preview:large","max-video-preview":"max-video-preview:-1"},"canonical":"https:\/\/www.bipea.org\/es\/conditiones-inscripcion\/","og_locale":"es_ES","og_type":"article","og_title":"Condiciones de inscripcion y confidencialidad - Bipea","og_url":"https:\/\/www.bipea.org\/es\/conditiones-inscripcion\/","og_site_name":"Bipea","article_publisher":"https:\/\/www.facebook.com\/Bipea-Proficiency-Testing-Programs-1726595444310313\/","article_modified_time":"2022-10-13T13:55:11+00:00","twitter_card":"summary_large_image","twitter_site":"@BipeaP","twitter_misc":{"Tiempo de lectura":"3 minutos"},"schema":{"@context":"https:\/\/schema.org","@graph":[{"@type":"WebPage","@id":"https:\/\/www.bipea.org\/es\/conditiones-inscripcion\/","url":"https:\/\/www.bipea.org\/es\/conditiones-inscripcion\/","name":"Condiciones de inscripcion y confidencialidad - Bipea","isPartOf":{"@id":"https:\/\/www.bipea.org\/es\/#website"},"datePublished":"2017-12-24T15:57:29+00:00","dateModified":"2022-10-13T13:55:11+00:00","breadcrumb":{"@id":"https:\/\/www.bipea.org\/es\/conditiones-inscripcion\/#breadcrumb"},"inLanguage":"es","potentialAction":[{"@type":"ReadAction","target":["https:\/\/www.bipea.org\/es\/conditiones-inscripcion\/"]}]},{"@type":"BreadcrumbList","@id":"https:\/\/www.bipea.org\/es\/conditiones-inscripcion\/#breadcrumb","itemListElement":[{"@type":"ListItem","position":1,"name":"Accueil","item":"https:\/\/www.bipea.org\/es\/"},{"@type":"ListItem","position":2,"name":"Condiciones de inscripcion y confidencialidad"}]},{"@type":"WebSite","@id":"https:\/\/www.bipea.org\/es\/#website","url":"https:\/\/www.bipea.org\/es\/","name":"Bipea","description":"","potentialAction":[{"@type":"SearchAction","target":{"@type":"EntryPoint","urlTemplate":"https:\/\/www.bipea.org\/es\/?s={search_term_string}"},"query-input":{"@type":"PropertyValueSpecification","valueRequired":true,"valueName":"search_term_string"}}],"inLanguage":"es"}]}},"_links":{"self":[{"href":"https:\/\/www.bipea.org\/es\/wp-json\/wp\/v2\/pages\/13348","targetHints":{"allow":["GET"]}}],"collection":[{"href":"https:\/\/www.bipea.org\/es\/wp-json\/wp\/v2\/pages"}],"about":[{"href":"https:\/\/www.bipea.org\/es\/wp-json\/wp\/v2\/types\/page"}],"author":[{"embeddable":true,"href":"https:\/\/www.bipea.org\/es\/wp-json\/wp\/v2\/users\/1"}],"replies":[{"embeddable":true,"href":"https:\/\/www.bipea.org\/es\/wp-json\/wp\/v2\/comments?post=13348"}],"version-history":[{"count":9,"href":"https:\/\/www.bipea.org\/es\/wp-json\/wp\/v2\/pages\/13348\/revisions"}],"predecessor-version":[{"id":18820,"href":"https:\/\/www.bipea.org\/es\/wp-json\/wp\/v2\/pages\/13348\/revisions\/18820"}],"wp:attachment":[{"href":"https:\/\/www.bipea.org\/es\/wp-json\/wp\/v2\/media?parent=13348"}],"curies":[{"name":"wp","href":"https:\/\/api.w.org\/{rel}","templated":true}]}}