{"id":13347,"date":"2017-12-24T18:03:52","date_gmt":"2017-12-24T17:03:52","guid":{"rendered":"https:\/\/www.bipea.org\/technical-agreement\/"},"modified":"2022-10-13T14:24:03","modified_gmt":"2022-10-13T12:24:03","slug":"aprobaciones","status":"publish","type":"page","link":"https:\/\/www.bipea.org\/es\/aprobaciones\/","title":{"rendered":"Aprobaciones"},"content":{"rendered":"<p><strong><span style=\"color: #0076b3; font-size: 14pt;\">\u00bfQU\u00c9 ES UN CONTROL T\u00c9CNICO? \u00bfUNA APROBACI\u00d3N T\u00c9CNICA?<\/span><\/strong><\/p>\n<p class=\"font_8\" style=\"text-align: justify;\"><span style=\"color: #2b689c; font-size: 14pt;\"><span class=\"wixGuard\">\u200b<\/span><\/span><\/p>\n<p><span style=\"font-size: 14pt;\">Los controles t\u00e9cnicos son acuerdos firmados entre BIPEA y una organizaci\u00f3n (Ministerio, organismo oficial o profesional u otro), que entregar\u00e1 una aprobaci\u00f3n t\u00e9cnica.<\/span><\/p>\n<p><span style=\"font-size: 14pt;\">Una aprobaci\u00f3n t\u00e9cnica es un reconocimiento otorgado a un laboratorio por esta organizaci\u00f3n, por sus actividades.<\/span><\/p>\n<p><span style=\"font-size: 14pt;\">BIPEA no certifica ni recomienda un laboratorio: solo act\u00faa como soporte t\u00e9cnico.<\/span><\/p>\n<p class=\"font_8\" style=\"text-align: justify;\"><span style=\"font-size: 14pt;\">El organismo certificador retiene la responsabilidad de entregar la aprobaci\u00f3n.<\/span><\/p>\n<p class=\"font_8\" style=\"text-align: justify;\"><span class=\"wixGuard\" style=\"font-size: 14pt;\">\u200b<\/span><\/p>\n<p><span style=\"font-size: 14pt;\">Despu\u00e9s de estudiar los resultados por un grupo de expertos, transmitimos una opini\u00f3n t\u00e9cnica sobre cada candidato de laboratorio, en base a:<\/span><\/p>\n<ul>\n<li><span style=\"font-size: 14pt;\">su participaci\u00f3n regular en programas de intercomparacion,<\/span><\/li>\n<li><span style=\"font-size: 14pt;\">la evaluaci\u00f3n del rendimiento,<\/span><\/li>\n<li><span style=\"font-size: 14pt;\">visitando el laboratorio.<\/span><\/li>\n<\/ul>\n<p class=\"font_8\" style=\"text-align: justify;\"><span class=\"wixGuard\" style=\"font-size: 14pt;\">\u200b<\/span><\/p>\n<p class=\"font_8\" style=\"text-align: justify;\"><span style=\"font-size: 14pt;\">BIPEA puede proporcionar asistencia t\u00e9cnica a los laboratorios a trav\u00e9s de sesiones de capacitaci\u00f3n, reuniones y cuestionarios.<\/span><\/p>\n<p class=\"font_8\" style=\"text-align: justify;\"><span style=\"font-size: 14pt;\">Para obtener m\u00e1s informaci\u00f3n, cont\u00e1ctenos: <a class=\"auto-generated-link\" href=\"mailto:scientific@bipea.org\" data-type=\"mail\" data-content=\"scientific@bipea.org\" data-auto-recognition=\"true\">scientific@bipea.org<\/a><\/span><\/p>\n<p>&nbsp;<\/p>\n<p><span style=\"font-size: 14pt;\"><a class=\"more-link\" href=\"https:\/\/www.bipea.org\/wp-content\/uploads\/2018\/01\/70c41a_54d26982dfe24739968dc98311434e37.pdf\" target=\"blank_\" rel=\"noopener\">Mas&#8230;<\/a><\/span><\/p>\n","protected":false},"excerpt":{"rendered":"<p>\u00bfQU\u00c9 ES UN CONTROL T\u00c9CNICO? \u00bfUNA APROBACI\u00d3N T\u00c9CNICA? \u200b Los controles t\u00e9cnicos son acuerdos firmados entre BIPEA y una organizaci\u00f3n (Ministerio, organismo oficial o profesional u otro), que entregar\u00e1 una aprobaci\u00f3n t\u00e9cnica. Una aprobaci\u00f3n t\u00e9cnica es un reconocimiento otorgado a un laboratorio por esta organizaci\u00f3n, por sus actividades. BIPEA no certifica ni recomienda un laboratorio: solo [&hellip;]<\/p>\n","protected":false},"author":1,"featured_media":0,"parent":0,"menu_order":0,"comment_status":"closed","ping_status":"closed","template":"","meta":{"footnotes":""},"class_list":["post-13347","page","type-page","status-publish","hentry"],"yoast_head":"<!-- This site is optimized with the Yoast SEO plugin v27.0 - https:\/\/yoast.com\/product\/yoast-seo-wordpress\/ -->\n<title>Aprobaciones - Bipea<\/title>\n<meta name=\"robots\" content=\"index, follow, max-snippet:-1, max-image-preview:large, max-video-preview:-1\" \/>\n<link rel=\"canonical\" href=\"https:\/\/www.bipea.org\/es\/aprobaciones\/\" \/>\n<meta property=\"og:locale\" content=\"es_ES\" \/>\n<meta property=\"og:type\" content=\"article\" \/>\n<meta property=\"og:title\" content=\"Aprobaciones - Bipea\" \/>\n<meta property=\"og:description\" content=\"\u00bfQU\u00c9 ES UN CONTROL T\u00c9CNICO? \u00bfUNA APROBACI\u00d3N T\u00c9CNICA? \u200b Los controles t\u00e9cnicos son acuerdos firmados entre BIPEA y una organizaci\u00f3n (Ministerio, organismo oficial o profesional u otro), que entregar\u00e1 una aprobaci\u00f3n t\u00e9cnica. Una aprobaci\u00f3n t\u00e9cnica es un reconocimiento otorgado a un laboratorio por esta organizaci\u00f3n, por sus actividades. BIPEA no certifica ni recomienda un laboratorio: solo [&hellip;]\" \/>\n<meta property=\"og:url\" content=\"https:\/\/www.bipea.org\/es\/aprobaciones\/\" \/>\n<meta property=\"og:site_name\" content=\"Bipea\" \/>\n<meta property=\"article:publisher\" content=\"https:\/\/www.facebook.com\/Bipea-Proficiency-Testing-Programs-1726595444310313\/\" \/>\n<meta property=\"article:modified_time\" content=\"2022-10-13T12:24:03+00:00\" \/>\n<meta name=\"twitter:card\" content=\"summary_large_image\" \/>\n<meta name=\"twitter:site\" content=\"@BipeaP\" \/>\n<meta name=\"twitter:label1\" content=\"Tiempo de lectura\" \/>\n\t<meta name=\"twitter:data1\" content=\"1 minuto\" \/>\n<script type=\"application\/ld+json\" class=\"yoast-schema-graph\">{\"@context\":\"https:\/\/schema.org\",\"@graph\":[{\"@type\":\"WebPage\",\"@id\":\"https:\/\/www.bipea.org\/es\/aprobaciones\/\",\"url\":\"https:\/\/www.bipea.org\/es\/aprobaciones\/\",\"name\":\"Aprobaciones - Bipea\",\"isPartOf\":{\"@id\":\"https:\/\/www.bipea.org\/es\/#website\"},\"datePublished\":\"2017-12-24T17:03:52+00:00\",\"dateModified\":\"2022-10-13T12:24:03+00:00\",\"breadcrumb\":{\"@id\":\"https:\/\/www.bipea.org\/es\/aprobaciones\/#breadcrumb\"},\"inLanguage\":\"es\",\"potentialAction\":[{\"@type\":\"ReadAction\",\"target\":[\"https:\/\/www.bipea.org\/es\/aprobaciones\/\"]}]},{\"@type\":\"BreadcrumbList\",\"@id\":\"https:\/\/www.bipea.org\/es\/aprobaciones\/#breadcrumb\",\"itemListElement\":[{\"@type\":\"ListItem\",\"position\":1,\"name\":\"Accueil\",\"item\":\"https:\/\/www.bipea.org\/es\/\"},{\"@type\":\"ListItem\",\"position\":2,\"name\":\"Aprobaciones\"}]},{\"@type\":\"WebSite\",\"@id\":\"https:\/\/www.bipea.org\/es\/#website\",\"url\":\"https:\/\/www.bipea.org\/es\/\",\"name\":\"Bipea\",\"description\":\"\",\"potentialAction\":[{\"@type\":\"SearchAction\",\"target\":{\"@type\":\"EntryPoint\",\"urlTemplate\":\"https:\/\/www.bipea.org\/es\/?s={search_term_string}\"},\"query-input\":{\"@type\":\"PropertyValueSpecification\",\"valueRequired\":true,\"valueName\":\"search_term_string\"}}],\"inLanguage\":\"es\"}]}<\/script>\n<!-- \/ Yoast SEO plugin. -->","yoast_head_json":{"title":"Aprobaciones - Bipea","robots":{"index":"index","follow":"follow","max-snippet":"max-snippet:-1","max-image-preview":"max-image-preview:large","max-video-preview":"max-video-preview:-1"},"canonical":"https:\/\/www.bipea.org\/es\/aprobaciones\/","og_locale":"es_ES","og_type":"article","og_title":"Aprobaciones - Bipea","og_description":"\u00bfQU\u00c9 ES UN CONTROL T\u00c9CNICO? \u00bfUNA APROBACI\u00d3N T\u00c9CNICA? \u200b Los controles t\u00e9cnicos son acuerdos firmados entre BIPEA y una organizaci\u00f3n (Ministerio, organismo oficial o profesional u otro), que entregar\u00e1 una aprobaci\u00f3n t\u00e9cnica. Una aprobaci\u00f3n t\u00e9cnica es un reconocimiento otorgado a un laboratorio por esta organizaci\u00f3n, por sus actividades. BIPEA no certifica ni recomienda un laboratorio: solo [&hellip;]","og_url":"https:\/\/www.bipea.org\/es\/aprobaciones\/","og_site_name":"Bipea","article_publisher":"https:\/\/www.facebook.com\/Bipea-Proficiency-Testing-Programs-1726595444310313\/","article_modified_time":"2022-10-13T12:24:03+00:00","twitter_card":"summary_large_image","twitter_site":"@BipeaP","twitter_misc":{"Tiempo de lectura":"1 minuto"},"schema":{"@context":"https:\/\/schema.org","@graph":[{"@type":"WebPage","@id":"https:\/\/www.bipea.org\/es\/aprobaciones\/","url":"https:\/\/www.bipea.org\/es\/aprobaciones\/","name":"Aprobaciones - Bipea","isPartOf":{"@id":"https:\/\/www.bipea.org\/es\/#website"},"datePublished":"2017-12-24T17:03:52+00:00","dateModified":"2022-10-13T12:24:03+00:00","breadcrumb":{"@id":"https:\/\/www.bipea.org\/es\/aprobaciones\/#breadcrumb"},"inLanguage":"es","potentialAction":[{"@type":"ReadAction","target":["https:\/\/www.bipea.org\/es\/aprobaciones\/"]}]},{"@type":"BreadcrumbList","@id":"https:\/\/www.bipea.org\/es\/aprobaciones\/#breadcrumb","itemListElement":[{"@type":"ListItem","position":1,"name":"Accueil","item":"https:\/\/www.bipea.org\/es\/"},{"@type":"ListItem","position":2,"name":"Aprobaciones"}]},{"@type":"WebSite","@id":"https:\/\/www.bipea.org\/es\/#website","url":"https:\/\/www.bipea.org\/es\/","name":"Bipea","description":"","potentialAction":[{"@type":"SearchAction","target":{"@type":"EntryPoint","urlTemplate":"https:\/\/www.bipea.org\/es\/?s={search_term_string}"},"query-input":{"@type":"PropertyValueSpecification","valueRequired":true,"valueName":"search_term_string"}}],"inLanguage":"es"}]}},"_links":{"self":[{"href":"https:\/\/www.bipea.org\/es\/wp-json\/wp\/v2\/pages\/13347","targetHints":{"allow":["GET"]}}],"collection":[{"href":"https:\/\/www.bipea.org\/es\/wp-json\/wp\/v2\/pages"}],"about":[{"href":"https:\/\/www.bipea.org\/es\/wp-json\/wp\/v2\/types\/page"}],"author":[{"embeddable":true,"href":"https:\/\/www.bipea.org\/es\/wp-json\/wp\/v2\/users\/1"}],"replies":[{"embeddable":true,"href":"https:\/\/www.bipea.org\/es\/wp-json\/wp\/v2\/comments?post=13347"}],"version-history":[{"count":3,"href":"https:\/\/www.bipea.org\/es\/wp-json\/wp\/v2\/pages\/13347\/revisions"}],"predecessor-version":[{"id":18759,"href":"https:\/\/www.bipea.org\/es\/wp-json\/wp\/v2\/pages\/13347\/revisions\/18759"}],"wp:attachment":[{"href":"https:\/\/www.bipea.org\/es\/wp-json\/wp\/v2\/media?parent=13347"}],"curies":[{"name":"wp","href":"https:\/\/api.w.org\/{rel}","templated":true}]}}