{"id":13346,"date":"2017-12-24T18:08:06","date_gmt":"2017-12-24T17:08:06","guid":{"rendered":"https:\/\/www.bipea.org\/training\/"},"modified":"2022-10-13T14:23:27","modified_gmt":"2022-10-13T12:23:27","slug":"cursos","status":"publish","type":"page","link":"https:\/\/www.bipea.org\/es\/cursos\/","title":{"rendered":"Cursos t\u00e9cnicos"},"content":{"rendered":"<p><span style=\"font-size: 14pt;\">BIPEA ofrece cursos t\u00e9cnicos.<\/span><\/p>\n<p><span style=\"font-size: 14pt;\">Estos cursos son parte del apoyo t\u00e9cnico de BIPEA para sus miembros.<\/span><\/p>\n<p><span style=\"font-size: 14pt;\">Son cursos te\u00f3ricos y \/ o pr\u00e1cticos sobre un tema t\u00e9cnico.<\/span><\/p>\n<p><span style=\"font-size: 14pt;\">Son administrados por BIPEA, pero pueden ser administrados por uno o m\u00e1s expertos reconocidos en el tema en cuesti\u00f3n.<\/span><\/p>\n<p><span style=\"font-size: 14pt;\">Estos cursos est\u00e1n hechos en franc\u00e9s, pero podemos organizarlas en ingl\u00e9s.<\/span><\/p>\n","protected":false},"excerpt":{"rendered":"<p>BIPEA ofrece cursos t\u00e9cnicos. Estos cursos son parte del apoyo t\u00e9cnico de BIPEA para sus miembros. Son cursos te\u00f3ricos y \/ o pr\u00e1cticos sobre un tema t\u00e9cnico. Son administrados por BIPEA, pero pueden ser administrados por uno o m\u00e1s expertos reconocidos en el tema en cuesti\u00f3n. Estos cursos est\u00e1n hechos en franc\u00e9s, pero podemos organizarlas en [&hellip;]<\/p>\n","protected":false},"author":1,"featured_media":0,"parent":0,"menu_order":0,"comment_status":"closed","ping_status":"closed","template":"","meta":{"footnotes":""},"class_list":["post-13346","page","type-page","status-publish","hentry"],"yoast_head":"<!-- This site is optimized with the Yoast SEO plugin v27.0 - https:\/\/yoast.com\/product\/yoast-seo-wordpress\/ -->\n<title>Cursos t\u00e9cnicos - Bipea<\/title>\n<meta name=\"robots\" content=\"index, follow, max-snippet:-1, max-image-preview:large, max-video-preview:-1\" \/>\n<link rel=\"canonical\" href=\"https:\/\/www.bipea.org\/es\/cursos\/\" \/>\n<meta property=\"og:locale\" content=\"es_ES\" \/>\n<meta property=\"og:type\" content=\"article\" \/>\n<meta property=\"og:title\" content=\"Cursos t\u00e9cnicos - Bipea\" \/>\n<meta property=\"og:description\" content=\"BIPEA ofrece cursos t\u00e9cnicos. Estos cursos son parte del apoyo t\u00e9cnico de BIPEA para sus miembros. Son cursos te\u00f3ricos y \/ o pr\u00e1cticos sobre un tema t\u00e9cnico. Son administrados por BIPEA, pero pueden ser administrados por uno o m\u00e1s expertos reconocidos en el tema en cuesti\u00f3n. Estos cursos est\u00e1n hechos en franc\u00e9s, pero podemos organizarlas en [&hellip;]\" \/>\n<meta property=\"og:url\" content=\"https:\/\/www.bipea.org\/es\/cursos\/\" \/>\n<meta property=\"og:site_name\" content=\"Bipea\" \/>\n<meta property=\"article:publisher\" content=\"https:\/\/www.facebook.com\/Bipea-Proficiency-Testing-Programs-1726595444310313\/\" \/>\n<meta property=\"article:modified_time\" content=\"2022-10-13T12:23:27+00:00\" \/>\n<meta name=\"twitter:card\" content=\"summary_large_image\" \/>\n<meta name=\"twitter:site\" content=\"@BipeaP\" \/>\n<meta name=\"twitter:label1\" content=\"Tiempo de lectura\" \/>\n\t<meta name=\"twitter:data1\" content=\"1 minuto\" \/>\n<script type=\"application\/ld+json\" class=\"yoast-schema-graph\">{\"@context\":\"https:\/\/schema.org\",\"@graph\":[{\"@type\":\"WebPage\",\"@id\":\"https:\/\/www.bipea.org\/es\/cursos\/\",\"url\":\"https:\/\/www.bipea.org\/es\/cursos\/\",\"name\":\"Cursos t\u00e9cnicos - Bipea\",\"isPartOf\":{\"@id\":\"https:\/\/www.bipea.org\/es\/#website\"},\"datePublished\":\"2017-12-24T17:08:06+00:00\",\"dateModified\":\"2022-10-13T12:23:27+00:00\",\"breadcrumb\":{\"@id\":\"https:\/\/www.bipea.org\/es\/cursos\/#breadcrumb\"},\"inLanguage\":\"es\",\"potentialAction\":[{\"@type\":\"ReadAction\",\"target\":[\"https:\/\/www.bipea.org\/es\/cursos\/\"]}]},{\"@type\":\"BreadcrumbList\",\"@id\":\"https:\/\/www.bipea.org\/es\/cursos\/#breadcrumb\",\"itemListElement\":[{\"@type\":\"ListItem\",\"position\":1,\"name\":\"Accueil\",\"item\":\"https:\/\/www.bipea.org\/es\/\"},{\"@type\":\"ListItem\",\"position\":2,\"name\":\"Cursos t\u00e9cnicos\"}]},{\"@type\":\"WebSite\",\"@id\":\"https:\/\/www.bipea.org\/es\/#website\",\"url\":\"https:\/\/www.bipea.org\/es\/\",\"name\":\"Bipea\",\"description\":\"\",\"potentialAction\":[{\"@type\":\"SearchAction\",\"target\":{\"@type\":\"EntryPoint\",\"urlTemplate\":\"https:\/\/www.bipea.org\/es\/?s={search_term_string}\"},\"query-input\":{\"@type\":\"PropertyValueSpecification\",\"valueRequired\":true,\"valueName\":\"search_term_string\"}}],\"inLanguage\":\"es\"}]}<\/script>\n<!-- \/ Yoast SEO plugin. -->","yoast_head_json":{"title":"Cursos t\u00e9cnicos - Bipea","robots":{"index":"index","follow":"follow","max-snippet":"max-snippet:-1","max-image-preview":"max-image-preview:large","max-video-preview":"max-video-preview:-1"},"canonical":"https:\/\/www.bipea.org\/es\/cursos\/","og_locale":"es_ES","og_type":"article","og_title":"Cursos t\u00e9cnicos - Bipea","og_description":"BIPEA ofrece cursos t\u00e9cnicos. Estos cursos son parte del apoyo t\u00e9cnico de BIPEA para sus miembros. Son cursos te\u00f3ricos y \/ o pr\u00e1cticos sobre un tema t\u00e9cnico. Son administrados por BIPEA, pero pueden ser administrados por uno o m\u00e1s expertos reconocidos en el tema en cuesti\u00f3n. Estos cursos est\u00e1n hechos en franc\u00e9s, pero podemos organizarlas en [&hellip;]","og_url":"https:\/\/www.bipea.org\/es\/cursos\/","og_site_name":"Bipea","article_publisher":"https:\/\/www.facebook.com\/Bipea-Proficiency-Testing-Programs-1726595444310313\/","article_modified_time":"2022-10-13T12:23:27+00:00","twitter_card":"summary_large_image","twitter_site":"@BipeaP","twitter_misc":{"Tiempo de lectura":"1 minuto"},"schema":{"@context":"https:\/\/schema.org","@graph":[{"@type":"WebPage","@id":"https:\/\/www.bipea.org\/es\/cursos\/","url":"https:\/\/www.bipea.org\/es\/cursos\/","name":"Cursos t\u00e9cnicos - Bipea","isPartOf":{"@id":"https:\/\/www.bipea.org\/es\/#website"},"datePublished":"2017-12-24T17:08:06+00:00","dateModified":"2022-10-13T12:23:27+00:00","breadcrumb":{"@id":"https:\/\/www.bipea.org\/es\/cursos\/#breadcrumb"},"inLanguage":"es","potentialAction":[{"@type":"ReadAction","target":["https:\/\/www.bipea.org\/es\/cursos\/"]}]},{"@type":"BreadcrumbList","@id":"https:\/\/www.bipea.org\/es\/cursos\/#breadcrumb","itemListElement":[{"@type":"ListItem","position":1,"name":"Accueil","item":"https:\/\/www.bipea.org\/es\/"},{"@type":"ListItem","position":2,"name":"Cursos t\u00e9cnicos"}]},{"@type":"WebSite","@id":"https:\/\/www.bipea.org\/es\/#website","url":"https:\/\/www.bipea.org\/es\/","name":"Bipea","description":"","potentialAction":[{"@type":"SearchAction","target":{"@type":"EntryPoint","urlTemplate":"https:\/\/www.bipea.org\/es\/?s={search_term_string}"},"query-input":{"@type":"PropertyValueSpecification","valueRequired":true,"valueName":"search_term_string"}}],"inLanguage":"es"}]}},"_links":{"self":[{"href":"https:\/\/www.bipea.org\/es\/wp-json\/wp\/v2\/pages\/13346","targetHints":{"allow":["GET"]}}],"collection":[{"href":"https:\/\/www.bipea.org\/es\/wp-json\/wp\/v2\/pages"}],"about":[{"href":"https:\/\/www.bipea.org\/es\/wp-json\/wp\/v2\/types\/page"}],"author":[{"embeddable":true,"href":"https:\/\/www.bipea.org\/es\/wp-json\/wp\/v2\/users\/1"}],"replies":[{"embeddable":true,"href":"https:\/\/www.bipea.org\/es\/wp-json\/wp\/v2\/comments?post=13346"}],"version-history":[{"count":4,"href":"https:\/\/www.bipea.org\/es\/wp-json\/wp\/v2\/pages\/13346\/revisions"}],"predecessor-version":[{"id":18758,"href":"https:\/\/www.bipea.org\/es\/wp-json\/wp\/v2\/pages\/13346\/revisions\/18758"}],"wp:attachment":[{"href":"https:\/\/www.bipea.org\/es\/wp-json\/wp\/v2\/media?parent=13346"}],"curies":[{"name":"wp","href":"https:\/\/api.w.org\/{rel}","templated":true}]}}