{"id":13342,"date":"2017-12-24T18:29:32","date_gmt":"2017-12-24T17:29:32","guid":{"rendered":"https:\/\/www.bipea.org\/role-and-services\/"},"modified":"2022-10-13T16:51:31","modified_gmt":"2022-10-13T14:51:31","slug":"mision-de-bipea","status":"publish","type":"page","link":"https:\/\/www.bipea.org\/es\/mision-de-bipea\/","title":{"rendered":"Mision de BIPEA"},"content":{"rendered":"<p>&nbsp;<\/p>\n<p class=\"font_8\" style=\"text-align: justify; margin-bottom: 15px;\"><strong><span style=\"color: #0076b3; font-size: 14pt;\">LA MISI\u00d3N DE BIPEA<\/span><\/strong><\/p>\n<p class=\"font_8\" style=\"text-align: justify;\"><span style=\"color: #2f2e2e; font-size: 14pt;\">BIPEA act\u00faa para apoyar el rendimiento anal\u00edtico de los laboratorios. Su misi\u00f3n es garantizar y mejorar el nivel de experiencia de los laboratorios en Europa y en todo el mundo a trav\u00e9s de la organizaci\u00f3n de programas de ensayos de aptitud y otros servicios asociados.<\/span><\/p>\n<p class=\"font_8\" style=\"text-align: justify;\"><span style=\"font-size: 14pt;\">\u200b<\/span><\/p>\n<p class=\"font_8\" style=\"text-align: justify; margin-bottom: 15px;\"><strong><span style=\"color: #0076b3; font-size: 14pt;\">SERVICIOS DE CALIDAD<\/span><\/strong><\/p>\n<p class=\"font_8\" style=\"text-align: justify;\"><span style=\"font-size: 14pt;\">BIPEA ofrece varios servicios a los laboratorios:<\/span><\/p>\n<ul class=\"font_8\" style=\"text-align: justify;\">\n<li>\n<p class=\"font_8\"><span style=\"font-size: 14pt;\"><strong>Ejercicios de intercomparacion regulares<\/strong>: ofrecemos m\u00e1s de 220 programas regulares de ensayos de aptitud para an\u00e1lisis fisicoqu\u00edmicos, microbiol\u00f3gicos, sensoriales y de contaminantes, con una amplia gama de par\u00e1metros. Cubrimos los temas de los Alimentos, Bebidas, Granos, Alimentos para animales, Aguas, Suelos, Cosm\u00e9ticos \u2026<\/span><\/p>\n<\/li>\n<\/ul>\n<ul class=\"font_8\" style=\"text-align: justify;\">\n<li>\n<p class=\"font_8\"><span style=\"font-size: 14pt;\"><strong>Materiales de referencia externos<\/strong>: BIPEA ofrece materiales de referencia externos a precios atractivos para sus miembros.<\/span><\/p>\n<\/li>\n<\/ul>\n<ul class=\"font_8\" style=\"text-align: justify;\">\n<li>\n<p class=\"font_8\"><span style=\"font-size: 14pt;\"><span style=\"font-weight: bold;\">Tarjetas de seguimiento<\/span>: BIPEA ofrece a los participantes de los intercomparativos, gr\u00e1ficos de monitoreo de precisi\u00f3n para seguir la precisi\u00f3n de sus resultados en el tiempo, mediante una interpretaci\u00f3n de gr\u00e1fico y para un criterio dado.<\/span><\/p>\n<\/li>\n<\/ul>\n<ul class=\"font_8\" style=\"text-align: justify;\">\n<li>\n<p class=\"font_8\"><span style=\"font-size: 14pt;\"><span style=\"font-weight: bold;\">Ejercicios de intercomparacion personalizados<\/span>: seg\u00fan sus necesidades y objetivos, BIPEA puede organizar intercomparaciones entre laboratorios espec\u00edficos, ya sea para evaluar el rendimiento de un grupo de laboratorios, un m\u00e9todo o para producir muestras de referencia. Tambi\u00e9n puede tomar medidas en uno o m\u00e1s pasos de una comparaci\u00f3n entre laboratorios y proporcionar su experiencia.<\/span><\/p>\n<\/li>\n<\/ul>\n<ul class=\"font_8\" style=\"text-align: justify;\">\n<li>\n<p class=\"font_8\"><span style=\"font-size: 14pt;\"><span style=\"font-weight: bold;\">Control tecnico<\/span>: BIPEA gestiona el control t\u00e9cnico para organismos oficiales para otorgar a los laboratorios un reconocimiento espec\u00edfico a trav\u00e9s de aprobaciones o autorizaciones.<\/span><\/p>\n<\/li>\n<\/ul>\n<ul class=\"font_8\" style=\"text-align: justify; margin-bottom: 30px;\">\n<li>\n<p class=\"font_8\"><span style=\"font-size: 14pt;\"><span style=\"font-weight: bold;\">Formaciones<\/span>: <span id=\"result_box\" lang=\"es\">BIPEA organiza cursos te\u00f3ricos y \/ o pr\u00e1cticos sobre temas t\u00e9cnicos<\/span>.<\/span><\/p>\n<\/li>\n<\/ul>\n<p style=\"margin-bottom: 15px;\"><strong><span style=\"color: #0076b3; font-size: 14pt;\"><span id=\"result_box\" lang=\"es\">\u00bfPARA QUIEN?<\/span><\/span><\/strong><\/p>\n<p class=\"font_8\"><span style=\"font-size: 14pt;\">Nuestros programas est\u00e1n dedicados a los laboratorios que realizan an\u00e1lisis fisicoqu\u00edmicos, microbiol\u00f3gicos y \/ o sensoriales de rutina en diferentes tipos de matrices (alimentos, medio ambiente, cosm\u00e9ticos).<\/span><br \/>\n<span style=\"font-size: 14pt;\">Pueden ser laboratorios acreditados o no (p\u00fablicos, privados, laboratorios de f\u00e1brica &#8230;).<\/span><\/p>\n<p>&nbsp;<\/p>\n<p class=\"font_8\" style=\"text-align: justify;\"><span style=\"color: #0076b3; font-size: 14pt;\"><strong>OBJETIVOS PARA LOS\u00a0LABORATORIOS:<\/strong> <\/span><\/p>\n<ul class=\"font_8\" style=\"text-align: justify;\">\n<li>\n<p class=\"font_8\"><span style=\"font-size: 14pt;\">Evaluar la precisi\u00f3n de sus resultados anal\u00edticos,<\/span><\/p>\n<\/li>\n<li>\n<p class=\"font_8\"><span style=\"font-size: 14pt;\">Controlar y mejorar el rendimiento de su an\u00e1lisis a corto, mediano y largo plazo,<\/span><\/p>\n<\/li>\n<li>\n<p class=\"font_8\"><span style=\"font-size: 14pt;\">Verificar el buen funcionamiento de sus equipos, as\u00ed como las habilidades t\u00e9cnicas de su personal,<\/span><\/p>\n<\/li>\n<li>\n<p class=\"font_8\"><span style=\"font-size: 14pt;\">Cumplir con los requisitos de los est\u00e1ndares de calidad<\/span><\/p>\n<\/li>\n<li>\n<p class=\"font_8\"><span style=\"font-size: 14pt;\">Dar confianza a sus clientes en la calidad y seguridad de sus productos o servicios,<\/span><\/p>\n<\/li>\n<li>\n<p class=\"font_8\"><span style=\"font-size: 14pt;\">Promover su desempe\u00f1o anal\u00edtico a sus clientes.<\/span><\/p>\n<\/li>\n<\/ul>\n<p class=\"font_8\"><span style=\"font-size: 14pt;\">\u200b<\/span><\/p>\n","protected":false},"excerpt":{"rendered":"<p>&nbsp; LA MISI\u00d3N DE BIPEA BIPEA act\u00faa para apoyar el rendimiento anal\u00edtico de los laboratorios. Su misi\u00f3n es garantizar y mejorar el nivel de experiencia de los laboratorios en Europa y en todo el mundo a trav\u00e9s de la organizaci\u00f3n de programas de ensayos de aptitud y otros servicios asociados. \u200b SERVICIOS DE CALIDAD BIPEA ofrece [&hellip;]<\/p>\n","protected":false},"author":1,"featured_media":0,"parent":0,"menu_order":0,"comment_status":"closed","ping_status":"closed","template":"","meta":{"footnotes":""},"class_list":["post-13342","page","type-page","status-publish","hentry"],"yoast_head":"<!-- This site is optimized with the Yoast SEO plugin v27.0 - https:\/\/yoast.com\/product\/yoast-seo-wordpress\/ -->\n<title>Mision de BIPEA - Bipea<\/title>\n<meta name=\"robots\" content=\"index, follow, max-snippet:-1, max-image-preview:large, max-video-preview:-1\" \/>\n<link rel=\"canonical\" href=\"https:\/\/www.bipea.org\/es\/mision-de-bipea\/\" \/>\n<meta property=\"og:locale\" content=\"es_ES\" \/>\n<meta property=\"og:type\" content=\"article\" \/>\n<meta property=\"og:title\" content=\"Mision de BIPEA - Bipea\" \/>\n<meta property=\"og:description\" content=\"&nbsp; LA MISI\u00d3N DE BIPEA BIPEA act\u00faa para apoyar el rendimiento anal\u00edtico de los laboratorios. Su misi\u00f3n es garantizar y mejorar el nivel de experiencia de los laboratorios en Europa y en todo el mundo a trav\u00e9s de la organizaci\u00f3n de programas de ensayos de aptitud y otros servicios asociados. \u200b SERVICIOS DE CALIDAD BIPEA ofrece [&hellip;]\" \/>\n<meta property=\"og:url\" content=\"https:\/\/www.bipea.org\/es\/mision-de-bipea\/\" \/>\n<meta property=\"og:site_name\" content=\"Bipea\" \/>\n<meta property=\"article:publisher\" content=\"https:\/\/www.facebook.com\/Bipea-Proficiency-Testing-Programs-1726595444310313\/\" \/>\n<meta property=\"article:modified_time\" content=\"2022-10-13T14:51:31+00:00\" \/>\n<meta name=\"twitter:card\" content=\"summary_large_image\" \/>\n<meta name=\"twitter:site\" content=\"@BipeaP\" \/>\n<meta name=\"twitter:label1\" content=\"Tiempo de lectura\" \/>\n\t<meta name=\"twitter:data1\" content=\"2 minutos\" \/>\n<script type=\"application\/ld+json\" class=\"yoast-schema-graph\">{\"@context\":\"https:\/\/schema.org\",\"@graph\":[{\"@type\":\"WebPage\",\"@id\":\"https:\/\/www.bipea.org\/es\/mision-de-bipea\/\",\"url\":\"https:\/\/www.bipea.org\/es\/mision-de-bipea\/\",\"name\":\"Mision de BIPEA - Bipea\",\"isPartOf\":{\"@id\":\"https:\/\/www.bipea.org\/es\/#website\"},\"datePublished\":\"2017-12-24T17:29:32+00:00\",\"dateModified\":\"2022-10-13T14:51:31+00:00\",\"breadcrumb\":{\"@id\":\"https:\/\/www.bipea.org\/es\/mision-de-bipea\/#breadcrumb\"},\"inLanguage\":\"es\",\"potentialAction\":[{\"@type\":\"ReadAction\",\"target\":[\"https:\/\/www.bipea.org\/es\/mision-de-bipea\/\"]}]},{\"@type\":\"BreadcrumbList\",\"@id\":\"https:\/\/www.bipea.org\/es\/mision-de-bipea\/#breadcrumb\",\"itemListElement\":[{\"@type\":\"ListItem\",\"position\":1,\"name\":\"Accueil\",\"item\":\"https:\/\/www.bipea.org\/es\/\"},{\"@type\":\"ListItem\",\"position\":2,\"name\":\"Mision de BIPEA\"}]},{\"@type\":\"WebSite\",\"@id\":\"https:\/\/www.bipea.org\/es\/#website\",\"url\":\"https:\/\/www.bipea.org\/es\/\",\"name\":\"Bipea\",\"description\":\"\",\"potentialAction\":[{\"@type\":\"SearchAction\",\"target\":{\"@type\":\"EntryPoint\",\"urlTemplate\":\"https:\/\/www.bipea.org\/es\/?s={search_term_string}\"},\"query-input\":{\"@type\":\"PropertyValueSpecification\",\"valueRequired\":true,\"valueName\":\"search_term_string\"}}],\"inLanguage\":\"es\"}]}<\/script>\n<!-- \/ Yoast SEO plugin. -->","yoast_head_json":{"title":"Mision de BIPEA - Bipea","robots":{"index":"index","follow":"follow","max-snippet":"max-snippet:-1","max-image-preview":"max-image-preview:large","max-video-preview":"max-video-preview:-1"},"canonical":"https:\/\/www.bipea.org\/es\/mision-de-bipea\/","og_locale":"es_ES","og_type":"article","og_title":"Mision de BIPEA - Bipea","og_description":"&nbsp; LA MISI\u00d3N DE BIPEA BIPEA act\u00faa para apoyar el rendimiento anal\u00edtico de los laboratorios. Su misi\u00f3n es garantizar y mejorar el nivel de experiencia de los laboratorios en Europa y en todo el mundo a trav\u00e9s de la organizaci\u00f3n de programas de ensayos de aptitud y otros servicios asociados. \u200b SERVICIOS DE CALIDAD BIPEA ofrece [&hellip;]","og_url":"https:\/\/www.bipea.org\/es\/mision-de-bipea\/","og_site_name":"Bipea","article_publisher":"https:\/\/www.facebook.com\/Bipea-Proficiency-Testing-Programs-1726595444310313\/","article_modified_time":"2022-10-13T14:51:31+00:00","twitter_card":"summary_large_image","twitter_site":"@BipeaP","twitter_misc":{"Tiempo de lectura":"2 minutos"},"schema":{"@context":"https:\/\/schema.org","@graph":[{"@type":"WebPage","@id":"https:\/\/www.bipea.org\/es\/mision-de-bipea\/","url":"https:\/\/www.bipea.org\/es\/mision-de-bipea\/","name":"Mision de BIPEA - Bipea","isPartOf":{"@id":"https:\/\/www.bipea.org\/es\/#website"},"datePublished":"2017-12-24T17:29:32+00:00","dateModified":"2022-10-13T14:51:31+00:00","breadcrumb":{"@id":"https:\/\/www.bipea.org\/es\/mision-de-bipea\/#breadcrumb"},"inLanguage":"es","potentialAction":[{"@type":"ReadAction","target":["https:\/\/www.bipea.org\/es\/mision-de-bipea\/"]}]},{"@type":"BreadcrumbList","@id":"https:\/\/www.bipea.org\/es\/mision-de-bipea\/#breadcrumb","itemListElement":[{"@type":"ListItem","position":1,"name":"Accueil","item":"https:\/\/www.bipea.org\/es\/"},{"@type":"ListItem","position":2,"name":"Mision de BIPEA"}]},{"@type":"WebSite","@id":"https:\/\/www.bipea.org\/es\/#website","url":"https:\/\/www.bipea.org\/es\/","name":"Bipea","description":"","potentialAction":[{"@type":"SearchAction","target":{"@type":"EntryPoint","urlTemplate":"https:\/\/www.bipea.org\/es\/?s={search_term_string}"},"query-input":{"@type":"PropertyValueSpecification","valueRequired":true,"valueName":"search_term_string"}}],"inLanguage":"es"}]}},"_links":{"self":[{"href":"https:\/\/www.bipea.org\/es\/wp-json\/wp\/v2\/pages\/13342","targetHints":{"allow":["GET"]}}],"collection":[{"href":"https:\/\/www.bipea.org\/es\/wp-json\/wp\/v2\/pages"}],"about":[{"href":"https:\/\/www.bipea.org\/es\/wp-json\/wp\/v2\/types\/page"}],"author":[{"embeddable":true,"href":"https:\/\/www.bipea.org\/es\/wp-json\/wp\/v2\/users\/1"}],"replies":[{"embeddable":true,"href":"https:\/\/www.bipea.org\/es\/wp-json\/wp\/v2\/comments?post=13342"}],"version-history":[{"count":6,"href":"https:\/\/www.bipea.org\/es\/wp-json\/wp\/v2\/pages\/13342\/revisions"}],"predecessor-version":[{"id":18841,"href":"https:\/\/www.bipea.org\/es\/wp-json\/wp\/v2\/pages\/13342\/revisions\/18841"}],"wp:attachment":[{"href":"https:\/\/www.bipea.org\/es\/wp-json\/wp\/v2\/media?parent=13342"}],"curies":[{"name":"wp","href":"https:\/\/api.w.org\/{rel}","templated":true}]}}