{"id":13339,"date":"2017-12-24T18:37:55","date_gmt":"2017-12-24T17:37:55","guid":{"rendered":"https:\/\/www.bipea.org\/members-roles\/"},"modified":"2018-08-07T10:05:33","modified_gmt":"2018-08-07T08:05:33","slug":"miembros","status":"publish","type":"page","link":"https:\/\/www.bipea.org\/es\/miembros\/","title":{"rendered":"Colaboraci\u00f3n de los miembros"},"content":{"rendered":"<div id=\"gt-res-c\" class=\"g-unit\">\n<div id=\"gt-res-p\">\n<div id=\"gt-res-data\">\n<div id=\"gt-res-wrap\">\n<div id=\"gt-res-content\">\n<div id=\"gt-res-dir-ctr\" class=\"trans-verified-button-small\" dir=\"ltr\">\n<p><span id=\"gt-res-error\"><\/span><span id=\"result_box\" lang=\"es\">Los miembros de BIPEA tienen un rol de colaboraci\u00f3n en nuestra organizaci\u00f3n.<\/span><\/p>\n<p>A trav\u00e9s de reuniones tecnicas, participan en el dise\u00f1o, la organizaci\u00f3n y la operaci\u00f3n de programas de intercomparaciones. Est\u00e1n particularmente involucrados en la elecci\u00f3n de las matrices, los criterios y la frecuencia de las rondas &#8230;<\/p>\n<p>Cuando los miembros han expresado sus deseos, el departamento cient\u00edfico y t\u00e9cnico de BIPEA estudia la viabilidad del programa y luego lo configura.<\/p>\n<p>Este tipo de trabajo colaborativo es una gran fuerza de BIPEA.<\/p>\n<\/div>\n<\/div>\n<\/div>\n<\/div>\n<\/div>\n<\/div>\n","protected":false},"excerpt":{"rendered":"<p>Los miembros de BIPEA tienen un rol de colaboraci\u00f3n en nuestra organizaci\u00f3n. A trav\u00e9s de reuniones tecnicas, participan en el dise\u00f1o, la organizaci\u00f3n y la operaci\u00f3n de programas de intercomparaciones. Est\u00e1n particularmente involucrados en la elecci\u00f3n de las matrices, los criterios y la frecuencia de las rondas &#8230; Cuando los miembros han expresado sus deseos, el [&hellip;]<\/p>\n","protected":false},"author":1,"featured_media":0,"parent":0,"menu_order":0,"comment_status":"closed","ping_status":"closed","template":"","meta":{"footnotes":""},"class_list":["post-13339","page","type-page","status-publish","hentry"],"yoast_head":"<!-- This site is optimized with the Yoast SEO plugin v27.0 - https:\/\/yoast.com\/product\/yoast-seo-wordpress\/ -->\n<title>Colaboraci\u00f3n de los miembros - Bipea<\/title>\n<meta name=\"robots\" content=\"index, follow, max-snippet:-1, max-image-preview:large, max-video-preview:-1\" \/>\n<link rel=\"canonical\" href=\"https:\/\/www.bipea.org\/es\/miembros\/\" \/>\n<meta property=\"og:locale\" content=\"es_ES\" \/>\n<meta property=\"og:type\" content=\"article\" \/>\n<meta property=\"og:title\" content=\"Colaboraci\u00f3n de los miembros - Bipea\" \/>\n<meta property=\"og:description\" content=\"Los miembros de BIPEA tienen un rol de colaboraci\u00f3n en nuestra organizaci\u00f3n. A trav\u00e9s de reuniones tecnicas, participan en el dise\u00f1o, la organizaci\u00f3n y la operaci\u00f3n de programas de intercomparaciones. Est\u00e1n particularmente involucrados en la elecci\u00f3n de las matrices, los criterios y la frecuencia de las rondas &#8230; Cuando los miembros han expresado sus deseos, el [&hellip;]\" \/>\n<meta property=\"og:url\" content=\"https:\/\/www.bipea.org\/es\/miembros\/\" \/>\n<meta property=\"og:site_name\" content=\"Bipea\" \/>\n<meta property=\"article:publisher\" content=\"https:\/\/www.facebook.com\/Bipea-Proficiency-Testing-Programs-1726595444310313\/\" \/>\n<meta property=\"article:modified_time\" content=\"2018-08-07T08:05:33+00:00\" \/>\n<meta name=\"twitter:card\" content=\"summary_large_image\" \/>\n<meta name=\"twitter:site\" content=\"@BipeaP\" \/>\n<script type=\"application\/ld+json\" class=\"yoast-schema-graph\">{\"@context\":\"https:\/\/schema.org\",\"@graph\":[{\"@type\":\"WebPage\",\"@id\":\"https:\/\/www.bipea.org\/es\/miembros\/\",\"url\":\"https:\/\/www.bipea.org\/es\/miembros\/\",\"name\":\"Colaboraci\u00f3n de los miembros - Bipea\",\"isPartOf\":{\"@id\":\"https:\/\/www.bipea.org\/es\/#website\"},\"datePublished\":\"2017-12-24T17:37:55+00:00\",\"dateModified\":\"2018-08-07T08:05:33+00:00\",\"breadcrumb\":{\"@id\":\"https:\/\/www.bipea.org\/es\/miembros\/#breadcrumb\"},\"inLanguage\":\"es\",\"potentialAction\":[{\"@type\":\"ReadAction\",\"target\":[\"https:\/\/www.bipea.org\/es\/miembros\/\"]}]},{\"@type\":\"BreadcrumbList\",\"@id\":\"https:\/\/www.bipea.org\/es\/miembros\/#breadcrumb\",\"itemListElement\":[{\"@type\":\"ListItem\",\"position\":1,\"name\":\"Accueil\",\"item\":\"https:\/\/www.bipea.org\/es\/\"},{\"@type\":\"ListItem\",\"position\":2,\"name\":\"Colaboraci\u00f3n de los miembros\"}]},{\"@type\":\"WebSite\",\"@id\":\"https:\/\/www.bipea.org\/es\/#website\",\"url\":\"https:\/\/www.bipea.org\/es\/\",\"name\":\"Bipea\",\"description\":\"\",\"potentialAction\":[{\"@type\":\"SearchAction\",\"target\":{\"@type\":\"EntryPoint\",\"urlTemplate\":\"https:\/\/www.bipea.org\/es\/?s={search_term_string}\"},\"query-input\":{\"@type\":\"PropertyValueSpecification\",\"valueRequired\":true,\"valueName\":\"search_term_string\"}}],\"inLanguage\":\"es\"}]}<\/script>\n<!-- \/ Yoast SEO plugin. -->","yoast_head_json":{"title":"Colaboraci\u00f3n de los miembros - Bipea","robots":{"index":"index","follow":"follow","max-snippet":"max-snippet:-1","max-image-preview":"max-image-preview:large","max-video-preview":"max-video-preview:-1"},"canonical":"https:\/\/www.bipea.org\/es\/miembros\/","og_locale":"es_ES","og_type":"article","og_title":"Colaboraci\u00f3n de los miembros - Bipea","og_description":"Los miembros de BIPEA tienen un rol de colaboraci\u00f3n en nuestra organizaci\u00f3n. A trav\u00e9s de reuniones tecnicas, participan en el dise\u00f1o, la organizaci\u00f3n y la operaci\u00f3n de programas de intercomparaciones. Est\u00e1n particularmente involucrados en la elecci\u00f3n de las matrices, los criterios y la frecuencia de las rondas &#8230; Cuando los miembros han expresado sus deseos, el [&hellip;]","og_url":"https:\/\/www.bipea.org\/es\/miembros\/","og_site_name":"Bipea","article_publisher":"https:\/\/www.facebook.com\/Bipea-Proficiency-Testing-Programs-1726595444310313\/","article_modified_time":"2018-08-07T08:05:33+00:00","twitter_card":"summary_large_image","twitter_site":"@BipeaP","schema":{"@context":"https:\/\/schema.org","@graph":[{"@type":"WebPage","@id":"https:\/\/www.bipea.org\/es\/miembros\/","url":"https:\/\/www.bipea.org\/es\/miembros\/","name":"Colaboraci\u00f3n de los miembros - Bipea","isPartOf":{"@id":"https:\/\/www.bipea.org\/es\/#website"},"datePublished":"2017-12-24T17:37:55+00:00","dateModified":"2018-08-07T08:05:33+00:00","breadcrumb":{"@id":"https:\/\/www.bipea.org\/es\/miembros\/#breadcrumb"},"inLanguage":"es","potentialAction":[{"@type":"ReadAction","target":["https:\/\/www.bipea.org\/es\/miembros\/"]}]},{"@type":"BreadcrumbList","@id":"https:\/\/www.bipea.org\/es\/miembros\/#breadcrumb","itemListElement":[{"@type":"ListItem","position":1,"name":"Accueil","item":"https:\/\/www.bipea.org\/es\/"},{"@type":"ListItem","position":2,"name":"Colaboraci\u00f3n de los miembros"}]},{"@type":"WebSite","@id":"https:\/\/www.bipea.org\/es\/#website","url":"https:\/\/www.bipea.org\/es\/","name":"Bipea","description":"","potentialAction":[{"@type":"SearchAction","target":{"@type":"EntryPoint","urlTemplate":"https:\/\/www.bipea.org\/es\/?s={search_term_string}"},"query-input":{"@type":"PropertyValueSpecification","valueRequired":true,"valueName":"search_term_string"}}],"inLanguage":"es"}]}},"_links":{"self":[{"href":"https:\/\/www.bipea.org\/es\/wp-json\/wp\/v2\/pages\/13339","targetHints":{"allow":["GET"]}}],"collection":[{"href":"https:\/\/www.bipea.org\/es\/wp-json\/wp\/v2\/pages"}],"about":[{"href":"https:\/\/www.bipea.org\/es\/wp-json\/wp\/v2\/types\/page"}],"author":[{"embeddable":true,"href":"https:\/\/www.bipea.org\/es\/wp-json\/wp\/v2\/users\/1"}],"replies":[{"embeddable":true,"href":"https:\/\/www.bipea.org\/es\/wp-json\/wp\/v2\/comments?post=13339"}],"version-history":[{"count":4,"href":"https:\/\/www.bipea.org\/es\/wp-json\/wp\/v2\/pages\/13339\/revisions"}],"predecessor-version":[{"id":13501,"href":"https:\/\/www.bipea.org\/es\/wp-json\/wp\/v2\/pages\/13339\/revisions\/13501"}],"wp:attachment":[{"href":"https:\/\/www.bipea.org\/es\/wp-json\/wp\/v2\/media?parent=13339"}],"curies":[{"name":"wp","href":"https:\/\/api.w.org\/{rel}","templated":true}]}}