{"id":13338,"date":"2017-12-24T18:39:07","date_gmt":"2017-12-24T17:39:07","guid":{"rendered":"https:\/\/www.bipea.org\/some-figures\/"},"modified":"2022-10-13T14:05:45","modified_gmt":"2022-10-13T12:05:45","slug":"cifras","status":"publish","type":"page","link":"https:\/\/www.bipea.org\/es\/cifras\/","title":{"rendered":"BIPEA en cifras"},"content":{"rendered":"<ul class=\"font_8 color_14\">\n<li>\n<p class=\"font_8\"><span class=\"color_14\" style=\"font-size: 14pt;\">+ <strong>50 a\u00f1os de experiencia<\/strong>,<\/span><\/p>\n<\/li>\n<li>\n<p class=\"font_8\"><span class=\"color_14\" style=\"font-size: 14pt;\">+ <strong>4000 laboratorios<\/strong> participantes en m\u00e1s de 130 countries,<\/span><\/p>\n<\/li>\n<li>\n<p class=\"font_8\"><span class=\"color_14\" style=\"font-size: 14pt;\">+ <strong>220 programas regular de ensayos de aptitud<\/strong>,<\/span><\/p>\n<\/li>\n<li>\n<p class=\"font_8\"><span class=\"color_14\" style=\"font-size: 14pt;\">+ <strong>150 000 muestras fabricadas<\/strong> y enviadas por a\u00f1o,<\/span><\/p>\n<\/li>\n<li>\n<p class=\"font_8\"><span class=\"color_14\" style=\"font-size: 14pt;\">+ <strong>60 000 datos<\/strong> procesados por\u00a0a\u00f1o,<\/span><\/p>\n<\/li>\n<li>\n<p class=\"font_8\"><span class=\"color_14\" style=\"font-size: 14pt;\">+ <strong>1000 informes publicados<\/strong> por a\u00f1o,<\/span><\/p>\n<\/li>\n<li>\n<p class=\"font_8\"><span class=\"color_14\" style=\"font-size: 14pt;\">Un equipo de\u00a0<strong>30 personas<\/strong>.<\/span><\/p>\n<\/li>\n<\/ul>\n","protected":false},"excerpt":{"rendered":"<p>+ 50 a\u00f1os de experiencia, + 4000 laboratorios participantes en m\u00e1s de 130 countries, + 220 programas regular de ensayos de aptitud, + 150 000 muestras fabricadas y enviadas por a\u00f1o, + 60 000 datos procesados por\u00a0a\u00f1o, + 1000 informes publicados por a\u00f1o, Un equipo de\u00a030 personas.<\/p>\n","protected":false},"author":1,"featured_media":0,"parent":0,"menu_order":0,"comment_status":"closed","ping_status":"closed","template":"","meta":{"footnotes":""},"class_list":["post-13338","page","type-page","status-publish","hentry"],"yoast_head":"<!-- This site is optimized with the Yoast SEO plugin v27.0 - https:\/\/yoast.com\/product\/yoast-seo-wordpress\/ -->\n<title>BIPEA en cifras - Bipea<\/title>\n<meta name=\"robots\" content=\"index, follow, max-snippet:-1, max-image-preview:large, max-video-preview:-1\" \/>\n<link rel=\"canonical\" href=\"https:\/\/www.bipea.org\/es\/cifras\/\" \/>\n<meta property=\"og:locale\" content=\"es_ES\" \/>\n<meta property=\"og:type\" content=\"article\" \/>\n<meta property=\"og:title\" content=\"BIPEA en cifras - Bipea\" \/>\n<meta property=\"og:description\" content=\"+ 50 a\u00f1os de experiencia, + 4000 laboratorios participantes en m\u00e1s de 130 countries, + 220 programas regular de ensayos de aptitud, + 150 000 muestras fabricadas y enviadas por a\u00f1o, + 60 000 datos procesados por\u00a0a\u00f1o, + 1000 informes publicados por a\u00f1o, Un equipo de\u00a030 personas.\" \/>\n<meta property=\"og:url\" content=\"https:\/\/www.bipea.org\/es\/cifras\/\" \/>\n<meta property=\"og:site_name\" content=\"Bipea\" \/>\n<meta property=\"article:publisher\" content=\"https:\/\/www.facebook.com\/Bipea-Proficiency-Testing-Programs-1726595444310313\/\" \/>\n<meta property=\"article:modified_time\" content=\"2022-10-13T12:05:45+00:00\" \/>\n<meta name=\"twitter:card\" content=\"summary_large_image\" \/>\n<meta name=\"twitter:site\" content=\"@BipeaP\" \/>\n<meta name=\"twitter:label1\" content=\"Tiempo de lectura\" \/>\n\t<meta name=\"twitter:data1\" content=\"1 minuto\" \/>\n<script type=\"application\/ld+json\" class=\"yoast-schema-graph\">{\"@context\":\"https:\/\/schema.org\",\"@graph\":[{\"@type\":\"WebPage\",\"@id\":\"https:\/\/www.bipea.org\/es\/cifras\/\",\"url\":\"https:\/\/www.bipea.org\/es\/cifras\/\",\"name\":\"BIPEA en cifras - Bipea\",\"isPartOf\":{\"@id\":\"https:\/\/www.bipea.org\/es\/#website\"},\"datePublished\":\"2017-12-24T17:39:07+00:00\",\"dateModified\":\"2022-10-13T12:05:45+00:00\",\"breadcrumb\":{\"@id\":\"https:\/\/www.bipea.org\/es\/cifras\/#breadcrumb\"},\"inLanguage\":\"es\",\"potentialAction\":[{\"@type\":\"ReadAction\",\"target\":[\"https:\/\/www.bipea.org\/es\/cifras\/\"]}]},{\"@type\":\"BreadcrumbList\",\"@id\":\"https:\/\/www.bipea.org\/es\/cifras\/#breadcrumb\",\"itemListElement\":[{\"@type\":\"ListItem\",\"position\":1,\"name\":\"Accueil\",\"item\":\"https:\/\/www.bipea.org\/es\/\"},{\"@type\":\"ListItem\",\"position\":2,\"name\":\"BIPEA en cifras\"}]},{\"@type\":\"WebSite\",\"@id\":\"https:\/\/www.bipea.org\/es\/#website\",\"url\":\"https:\/\/www.bipea.org\/es\/\",\"name\":\"Bipea\",\"description\":\"\",\"potentialAction\":[{\"@type\":\"SearchAction\",\"target\":{\"@type\":\"EntryPoint\",\"urlTemplate\":\"https:\/\/www.bipea.org\/es\/?s={search_term_string}\"},\"query-input\":{\"@type\":\"PropertyValueSpecification\",\"valueRequired\":true,\"valueName\":\"search_term_string\"}}],\"inLanguage\":\"es\"}]}<\/script>\n<!-- \/ Yoast SEO plugin. -->","yoast_head_json":{"title":"BIPEA en cifras - Bipea","robots":{"index":"index","follow":"follow","max-snippet":"max-snippet:-1","max-image-preview":"max-image-preview:large","max-video-preview":"max-video-preview:-1"},"canonical":"https:\/\/www.bipea.org\/es\/cifras\/","og_locale":"es_ES","og_type":"article","og_title":"BIPEA en cifras - Bipea","og_description":"+ 50 a\u00f1os de experiencia, + 4000 laboratorios participantes en m\u00e1s de 130 countries, + 220 programas regular de ensayos de aptitud, + 150 000 muestras fabricadas y enviadas por a\u00f1o, + 60 000 datos procesados por\u00a0a\u00f1o, + 1000 informes publicados por a\u00f1o, Un equipo de\u00a030 personas.","og_url":"https:\/\/www.bipea.org\/es\/cifras\/","og_site_name":"Bipea","article_publisher":"https:\/\/www.facebook.com\/Bipea-Proficiency-Testing-Programs-1726595444310313\/","article_modified_time":"2022-10-13T12:05:45+00:00","twitter_card":"summary_large_image","twitter_site":"@BipeaP","twitter_misc":{"Tiempo de lectura":"1 minuto"},"schema":{"@context":"https:\/\/schema.org","@graph":[{"@type":"WebPage","@id":"https:\/\/www.bipea.org\/es\/cifras\/","url":"https:\/\/www.bipea.org\/es\/cifras\/","name":"BIPEA en cifras - Bipea","isPartOf":{"@id":"https:\/\/www.bipea.org\/es\/#website"},"datePublished":"2017-12-24T17:39:07+00:00","dateModified":"2022-10-13T12:05:45+00:00","breadcrumb":{"@id":"https:\/\/www.bipea.org\/es\/cifras\/#breadcrumb"},"inLanguage":"es","potentialAction":[{"@type":"ReadAction","target":["https:\/\/www.bipea.org\/es\/cifras\/"]}]},{"@type":"BreadcrumbList","@id":"https:\/\/www.bipea.org\/es\/cifras\/#breadcrumb","itemListElement":[{"@type":"ListItem","position":1,"name":"Accueil","item":"https:\/\/www.bipea.org\/es\/"},{"@type":"ListItem","position":2,"name":"BIPEA en cifras"}]},{"@type":"WebSite","@id":"https:\/\/www.bipea.org\/es\/#website","url":"https:\/\/www.bipea.org\/es\/","name":"Bipea","description":"","potentialAction":[{"@type":"SearchAction","target":{"@type":"EntryPoint","urlTemplate":"https:\/\/www.bipea.org\/es\/?s={search_term_string}"},"query-input":{"@type":"PropertyValueSpecification","valueRequired":true,"valueName":"search_term_string"}}],"inLanguage":"es"}]}},"_links":{"self":[{"href":"https:\/\/www.bipea.org\/es\/wp-json\/wp\/v2\/pages\/13338","targetHints":{"allow":["GET"]}}],"collection":[{"href":"https:\/\/www.bipea.org\/es\/wp-json\/wp\/v2\/pages"}],"about":[{"href":"https:\/\/www.bipea.org\/es\/wp-json\/wp\/v2\/types\/page"}],"author":[{"embeddable":true,"href":"https:\/\/www.bipea.org\/es\/wp-json\/wp\/v2\/users\/1"}],"replies":[{"embeddable":true,"href":"https:\/\/www.bipea.org\/es\/wp-json\/wp\/v2\/comments?post=13338"}],"version-history":[{"count":8,"href":"https:\/\/www.bipea.org\/es\/wp-json\/wp\/v2\/pages\/13338\/revisions"}],"predecessor-version":[{"id":18754,"href":"https:\/\/www.bipea.org\/es\/wp-json\/wp\/v2\/pages\/13338\/revisions\/18754"}],"wp:attachment":[{"href":"https:\/\/www.bipea.org\/es\/wp-json\/wp\/v2\/media?parent=13338"}],"curies":[{"name":"wp","href":"https:\/\/api.w.org\/{rel}","templated":true}]}}