{"id":13337,"date":"2017-12-24T18:40:12","date_gmt":"2017-12-24T17:40:12","guid":{"rendered":"https:\/\/www.bipea.org\/regulation\/"},"modified":"2022-10-13T14:06:23","modified_gmt":"2022-10-13T12:06:23","slug":"normas","status":"publish","type":"page","link":"https:\/\/www.bipea.org\/es\/normas\/","title":{"rendered":"Colaboraci\u00f3n normativa"},"content":{"rendered":"<p class=\"font_8\"><span style=\"color: #2b689c; font-size: 14pt;\"><strong><span id=\"result_box\" class=\"short_text\" lang=\"es\">COLABORACI\u00d3N T\u00c9CNICA<\/span><\/strong><span id=\"t-served-community-button\" class=\"trans-verified-button goog-toolbar-button\" role=\"button\" aria-hidden=\"true\"><\/span><\/span><\/p>\n<p>&nbsp;<\/p>\n<ul class=\"font_8\">\n<li>\n<p class=\"font_8\"><span style=\"font-size: 14pt;\">Colaboraci\u00f3n con AFNOR: validaci\u00f3n est\u00e1ndar (tema de grano)<\/span><\/p>\n<\/li>\n<li>\n<p class=\"font_8\"><span style=\"font-size: 14pt;\">Colaboraci\u00f3n con SNIA y COOP DE FRANCE: OQUALIM: comit\u00e9 de referencia de m\u00e9todos y laboratorios<\/span><\/p>\n<\/li>\n<\/ul>\n<p><span class=\"wixGuard\" style=\"font-size: 14pt;\">\u200b<\/span><\/p>\n<p class=\"font_8\"><span class=\"wixGuard\" style=\"font-size: 14pt;\">\u200b<\/span><\/p>\n<p class=\"font_8\" style=\"text-align: justify;\"><strong><span style=\"color: #2b689c; font-size: 14pt;\">PARTICIPACI\u00d3N EN COMISIONES DE NORMALIZACI\u00d3N<\/span><\/strong><\/p>\n<p class=\"font_8\" style=\"text-align: justify;\"><span style=\"color: #2b689c; font-size: 14pt;\"><span class=\"wixGuard\">\u200b<\/span><\/span><\/p>\n<ul class=\"font_8\">\n<li>\n<p class=\"font_8\"><span style=\"font-size: 14pt;\">V30A (cereales y legumbres)<\/span><\/p>\n<\/li>\n<li>\n<p class=\"font_8\"><span style=\"font-size: 14pt;\">T90E (detecci\u00f3n de Legionella)<\/span><\/p>\n<\/li>\n<li>\n<p class=\"font_8\"><span style=\"font-size: 14pt;\">T90D (microbiolog\u00eda del agua)<\/span><\/p>\n<\/li>\n<li>\n<p class=\"font_8\"><span style=\"font-size: 14pt;\">V03B (m\u00e9todos de an\u00e1lisis agroalimentario)<\/span><\/p>\n<\/li>\n<li>\n<p class=\"font_8\"><span style=\"font-size: 14pt;\">X06G (revisi\u00f3n de la norma ISO 5725)<\/span><\/p>\n<\/li>\n<li>\n<p class=\"font_8\"><span style=\"font-size: 14pt;\">\u00ab Comisi\u00f3n de validaci\u00f3n de agua\u00bb<\/span><\/p>\n<\/li>\n<li>\n<p class=\"font_8\"><span style=\"font-size: 14pt;\">BT Microbiolog\u00eda del agua &#8211; Protocolo general<\/span><\/p>\n<\/li>\n<\/ul>\n<p class=\"font_8\"><span class=\"wixGuard\" style=\"font-size: 14pt;\">\u200b<\/span><\/p>\n<p class=\"font_8\"><span class=\"wixGuard\" style=\"font-size: 14pt;\">\u200b<\/span><\/p>\n<p class=\"font_8\"><strong><span style=\"color: #2b689c; font-size: 14pt;\">PARTICIPACI\u00d3N EN EL GRUPO DE TRABAJO EUROPEO<\/span><\/strong><\/p>\n<p class=\"font_8\"><span style=\"color: #2b689c; font-size: 14pt;\"><span class=\"wixGuard\">\u200b<\/span><\/span><\/p>\n<ul class=\"font_8\">\n<li>\n<p class=\"font_8\"><span style=\"font-size: 14pt;\">BIPEA es el representante de Francia dentro de la organizacion\u00a0EURACHEM<\/span><\/p>\n<\/li>\n<li>\n<p class=\"font_8\"><span style=\"font-size: 14pt;\">Participaci\u00f3n en el PT WG EURACHEM (C. Laurent)<\/span><\/p>\n<\/li>\n<\/ul>\n","protected":false},"excerpt":{"rendered":"<p>COLABORACI\u00d3N T\u00c9CNICA &nbsp; Colaboraci\u00f3n con AFNOR: validaci\u00f3n est\u00e1ndar (tema de grano) Colaboraci\u00f3n con SNIA y COOP DE FRANCE: OQUALIM: comit\u00e9 de referencia de m\u00e9todos y laboratorios \u200b \u200b PARTICIPACI\u00d3N EN COMISIONES DE NORMALIZACI\u00d3N \u200b V30A (cereales y legumbres) T90E (detecci\u00f3n de Legionella) T90D (microbiolog\u00eda del agua) V03B (m\u00e9todos de an\u00e1lisis agroalimentario) X06G (revisi\u00f3n de la norma [&hellip;]<\/p>\n","protected":false},"author":1,"featured_media":0,"parent":0,"menu_order":0,"comment_status":"closed","ping_status":"closed","template":"","meta":{"footnotes":""},"class_list":["post-13337","page","type-page","status-publish","hentry"],"yoast_head":"<!-- This site is optimized with the Yoast SEO plugin v27.0 - https:\/\/yoast.com\/product\/yoast-seo-wordpress\/ -->\n<title>Colaboraci\u00f3n normativa - Bipea<\/title>\n<meta name=\"robots\" content=\"index, follow, max-snippet:-1, max-image-preview:large, max-video-preview:-1\" \/>\n<link rel=\"canonical\" href=\"https:\/\/www.bipea.org\/es\/normas\/\" \/>\n<meta property=\"og:locale\" content=\"es_ES\" \/>\n<meta property=\"og:type\" content=\"article\" \/>\n<meta property=\"og:title\" content=\"Colaboraci\u00f3n normativa - Bipea\" \/>\n<meta property=\"og:description\" content=\"COLABORACI\u00d3N T\u00c9CNICA &nbsp; Colaboraci\u00f3n con AFNOR: validaci\u00f3n est\u00e1ndar (tema de grano) Colaboraci\u00f3n con SNIA y COOP DE FRANCE: OQUALIM: comit\u00e9 de referencia de m\u00e9todos y laboratorios \u200b \u200b PARTICIPACI\u00d3N EN COMISIONES DE NORMALIZACI\u00d3N \u200b V30A (cereales y legumbres) T90E (detecci\u00f3n de Legionella) T90D (microbiolog\u00eda del agua) V03B (m\u00e9todos de an\u00e1lisis agroalimentario) X06G (revisi\u00f3n de la norma [&hellip;]\" \/>\n<meta property=\"og:url\" content=\"https:\/\/www.bipea.org\/es\/normas\/\" \/>\n<meta property=\"og:site_name\" content=\"Bipea\" \/>\n<meta property=\"article:publisher\" content=\"https:\/\/www.facebook.com\/Bipea-Proficiency-Testing-Programs-1726595444310313\/\" \/>\n<meta property=\"article:modified_time\" content=\"2022-10-13T12:06:23+00:00\" \/>\n<meta name=\"twitter:card\" content=\"summary_large_image\" \/>\n<meta name=\"twitter:site\" content=\"@BipeaP\" \/>\n<meta name=\"twitter:label1\" content=\"Tiempo de lectura\" \/>\n\t<meta name=\"twitter:data1\" content=\"1 minuto\" \/>\n<script type=\"application\/ld+json\" class=\"yoast-schema-graph\">{\"@context\":\"https:\/\/schema.org\",\"@graph\":[{\"@type\":\"WebPage\",\"@id\":\"https:\/\/www.bipea.org\/es\/normas\/\",\"url\":\"https:\/\/www.bipea.org\/es\/normas\/\",\"name\":\"Colaboraci\u00f3n normativa - Bipea\",\"isPartOf\":{\"@id\":\"https:\/\/www.bipea.org\/es\/#website\"},\"datePublished\":\"2017-12-24T17:40:12+00:00\",\"dateModified\":\"2022-10-13T12:06:23+00:00\",\"breadcrumb\":{\"@id\":\"https:\/\/www.bipea.org\/es\/normas\/#breadcrumb\"},\"inLanguage\":\"es\",\"potentialAction\":[{\"@type\":\"ReadAction\",\"target\":[\"https:\/\/www.bipea.org\/es\/normas\/\"]}]},{\"@type\":\"BreadcrumbList\",\"@id\":\"https:\/\/www.bipea.org\/es\/normas\/#breadcrumb\",\"itemListElement\":[{\"@type\":\"ListItem\",\"position\":1,\"name\":\"Accueil\",\"item\":\"https:\/\/www.bipea.org\/es\/\"},{\"@type\":\"ListItem\",\"position\":2,\"name\":\"Colaboraci\u00f3n normativa\"}]},{\"@type\":\"WebSite\",\"@id\":\"https:\/\/www.bipea.org\/es\/#website\",\"url\":\"https:\/\/www.bipea.org\/es\/\",\"name\":\"Bipea\",\"description\":\"\",\"potentialAction\":[{\"@type\":\"SearchAction\",\"target\":{\"@type\":\"EntryPoint\",\"urlTemplate\":\"https:\/\/www.bipea.org\/es\/?s={search_term_string}\"},\"query-input\":{\"@type\":\"PropertyValueSpecification\",\"valueRequired\":true,\"valueName\":\"search_term_string\"}}],\"inLanguage\":\"es\"}]}<\/script>\n<!-- \/ Yoast SEO plugin. -->","yoast_head_json":{"title":"Colaboraci\u00f3n normativa - Bipea","robots":{"index":"index","follow":"follow","max-snippet":"max-snippet:-1","max-image-preview":"max-image-preview:large","max-video-preview":"max-video-preview:-1"},"canonical":"https:\/\/www.bipea.org\/es\/normas\/","og_locale":"es_ES","og_type":"article","og_title":"Colaboraci\u00f3n normativa - Bipea","og_description":"COLABORACI\u00d3N T\u00c9CNICA &nbsp; Colaboraci\u00f3n con AFNOR: validaci\u00f3n est\u00e1ndar (tema de grano) Colaboraci\u00f3n con SNIA y COOP DE FRANCE: OQUALIM: comit\u00e9 de referencia de m\u00e9todos y laboratorios \u200b \u200b PARTICIPACI\u00d3N EN COMISIONES DE NORMALIZACI\u00d3N \u200b V30A (cereales y legumbres) T90E (detecci\u00f3n de Legionella) T90D (microbiolog\u00eda del agua) V03B (m\u00e9todos de an\u00e1lisis agroalimentario) X06G (revisi\u00f3n de la norma [&hellip;]","og_url":"https:\/\/www.bipea.org\/es\/normas\/","og_site_name":"Bipea","article_publisher":"https:\/\/www.facebook.com\/Bipea-Proficiency-Testing-Programs-1726595444310313\/","article_modified_time":"2022-10-13T12:06:23+00:00","twitter_card":"summary_large_image","twitter_site":"@BipeaP","twitter_misc":{"Tiempo de lectura":"1 minuto"},"schema":{"@context":"https:\/\/schema.org","@graph":[{"@type":"WebPage","@id":"https:\/\/www.bipea.org\/es\/normas\/","url":"https:\/\/www.bipea.org\/es\/normas\/","name":"Colaboraci\u00f3n normativa - Bipea","isPartOf":{"@id":"https:\/\/www.bipea.org\/es\/#website"},"datePublished":"2017-12-24T17:40:12+00:00","dateModified":"2022-10-13T12:06:23+00:00","breadcrumb":{"@id":"https:\/\/www.bipea.org\/es\/normas\/#breadcrumb"},"inLanguage":"es","potentialAction":[{"@type":"ReadAction","target":["https:\/\/www.bipea.org\/es\/normas\/"]}]},{"@type":"BreadcrumbList","@id":"https:\/\/www.bipea.org\/es\/normas\/#breadcrumb","itemListElement":[{"@type":"ListItem","position":1,"name":"Accueil","item":"https:\/\/www.bipea.org\/es\/"},{"@type":"ListItem","position":2,"name":"Colaboraci\u00f3n normativa"}]},{"@type":"WebSite","@id":"https:\/\/www.bipea.org\/es\/#website","url":"https:\/\/www.bipea.org\/es\/","name":"Bipea","description":"","potentialAction":[{"@type":"SearchAction","target":{"@type":"EntryPoint","urlTemplate":"https:\/\/www.bipea.org\/es\/?s={search_term_string}"},"query-input":{"@type":"PropertyValueSpecification","valueRequired":true,"valueName":"search_term_string"}}],"inLanguage":"es"}]}},"_links":{"self":[{"href":"https:\/\/www.bipea.org\/es\/wp-json\/wp\/v2\/pages\/13337","targetHints":{"allow":["GET"]}}],"collection":[{"href":"https:\/\/www.bipea.org\/es\/wp-json\/wp\/v2\/pages"}],"about":[{"href":"https:\/\/www.bipea.org\/es\/wp-json\/wp\/v2\/types\/page"}],"author":[{"embeddable":true,"href":"https:\/\/www.bipea.org\/es\/wp-json\/wp\/v2\/users\/1"}],"replies":[{"embeddable":true,"href":"https:\/\/www.bipea.org\/es\/wp-json\/wp\/v2\/comments?post=13337"}],"version-history":[{"count":4,"href":"https:\/\/www.bipea.org\/es\/wp-json\/wp\/v2\/pages\/13337\/revisions"}],"predecessor-version":[{"id":18755,"href":"https:\/\/www.bipea.org\/es\/wp-json\/wp\/v2\/pages\/13337\/revisions\/18755"}],"wp:attachment":[{"href":"https:\/\/www.bipea.org\/es\/wp-json\/wp\/v2\/media?parent=13337"}],"curies":[{"name":"wp","href":"https:\/\/api.w.org\/{rel}","templated":true}]}}