{"id":12936,"date":"2017-12-23T19:33:35","date_gmt":"2017-12-23T18:33:35","guid":{"rendered":"https:\/\/www.bipea.org\/accuracy-monitoring-charts\/"},"modified":"2022-10-13T15:48:30","modified_gmt":"2022-10-13T13:48:30","slug":"monitoring-chart","status":"publish","type":"page","link":"https:\/\/www.bipea.org\/de\/monitoring-chart\/","title":{"rendered":"MONITORING CHARTS"},"content":{"rendered":"<p><div class=\"fusion-fullwidth fullwidth-box fusion-builder-row-1 back_box nonhundred-percent-fullwidth non-hundred-percent-height-scrolling\" style=\"--awb-border-radius-top-left:0px;--awb-border-radius-top-right:0px;--awb-border-radius-bottom-right:0px;--awb-border-radius-bottom-left:0px;--awb-flex-wrap:wrap;\" ><div class=\"fusion-builder-row fusion-row\"><div class=\"fusion-layout-column fusion_builder_column fusion-builder-column-0 fusion_builder_column_5_6 5_6 fusion-five-sixth fusion-column-first\" style=\"--awb-bg-size:cover;width:83.333333333333%;width:calc(83.333333333333% - ( ( 4% ) * 0.83333333333333 ) );margin-right: 4%;\"><div class=\"fusion-column-wrapper fusion-flex-column-wrapper-legacy\"><div class=\"fusion-clearfix\"><\/div><\/div><\/div><div class=\"fusion-layout-column fusion_builder_column fusion-builder-column-1 fusion_builder_column_1_6 1_6 fusion-one-sixth fusion-column-last\" style=\"--awb-bg-size:cover;width:16.666666666667%;width:calc(16.666666666667% - ( ( 4% ) * 0.16666666666667 ) );\"><div class=\"fusion-column-wrapper fusion-flex-column-wrapper-legacy\"><div class=\"fusion-text fusion-text-1\"><p><a href=\"https:\/\/www.bipea.org\/de\/ringversuche\/\">back to &#8222;RINGVERSUCHE&#8220;<\/a><\/p>\n<\/div><div class=\"fusion-clearfix\"><\/div><\/div><\/div><\/div><\/div><div class=\"fusion-fullwidth fullwidth-box fusion-builder-row-2 nonhundred-percent-fullwidth non-hundred-percent-height-scrolling\" style=\"--awb-border-radius-top-left:0px;--awb-border-radius-top-right:0px;--awb-border-radius-bottom-right:0px;--awb-border-radius-bottom-left:0px;--awb-flex-wrap:wrap;\" ><div class=\"fusion-builder-row fusion-row\"><div class=\"fusion-layout-column fusion_builder_column fusion-builder-column-2 fusion_builder_column_1_1 1_1 fusion-one-full fusion-column-first fusion-column-last\" style=\"--awb-bg-size:cover;--awb-margin-bottom:0px;\"><div class=\"fusion-column-wrapper fusion-flex-column-wrapper-legacy\"><div class=\"fusion-text fusion-text-2\"><p class=\"font_8\" style=\"text-align: justify;\"><span style=\"font-size: 14pt;\">Die Teilnahme an einer Eignungspr\u00fcfung erlaubt, die Genauigkeit Ihrer Analyseergebnisse zu pr\u00fcfen. Sie erhalten hierzu eine zeitnahe und regelm\u00e4\u00dfige Information \u00fcber die unterschiedlichen Analyseproben eines jeden Ringversuches: Das ist der Ringversuchsbericht.<\/span><\/p>\n<p class=\"font_8\" style=\"text-align: justify;\"><span class=\"wixGuard\" style=\"font-size: 14pt;\">\u200b<\/span><\/p>\n<p class=\"font_8\" style=\"text-align: justify;\"><span style=\"font-size: 14pt;\">Zus\u00e4tzlich bietet Ihnen BIPEA die M\u00f6glichkeit, diese Genauigkeit f\u00fcr ein bestimmtes Kriterium \u00fcber einen l\u00e4ngeren Zeitraum graphisch darzustellen, um die Abweichungen vom Referenzwert aufzuzeigen: Der Monitoring Chart.<\/span><\/p>\n<p class=\"font_8\" style=\"text-align: justify;\"><span style=\"font-size: 14pt;\">Dieser Service zur Erstellung von Monitoring Charts ist nur BIPEA-Mitgliedern vorbehalten.<\/span><\/p>\n<p class=\"font_8\" style=\"text-align: justify;\"><span style=\"font-size: 14pt;\">Die Vorteile sind vielf\u00e4ltig:<\/span><\/p>\n<p class=\"font_8\" style=\"text-align: justify;\"><span style=\"font-size: 14pt;\">Dies ist ein Beobachtungs-Tool sowie eine Entscheidungshilfe, durch die Abweichungen schnell erkannt werden, die nicht auf einen (einzel-) Genauigkeitsfehler zur\u00fcckzuf\u00fchren sind:<\/span><\/p>\n<p class=\"font_8\" style=\"text-align: justify;\"><span style=\"font-size: 14pt;\">&#8211; Langsame und kontinuierlicher Drift (aufsteigend oder absteigend)<\/span><\/p>\n<p class=\"font_8\" style=\"text-align: justify;\"><span style=\"font-size: 14pt;\">&#8211; Systematische Abweichung<\/span><\/p>\n<p class=\"font_8\" style=\"text-align: justify;\"><span style=\"font-size: 14pt;\">&#8211; Matrix-Effekt<\/span><\/p>\n<p class=\"font_8\" style=\"text-align: justify;\"><span style=\"font-size: 14pt;\">W\u00e4hrend eines Audits oder f\u00fcr andere gew\u00fcnschte Zwecke erlauben Ihnen die Monitoring Charts das schnelle Visualisieren der Ergebnisse eines Ringtests und f\u00fcr die ausgew\u00e4hlten Leistungskriterien sind Sie in der Lage, die Wirksamkeit der Korrekturma\u00dfnahmen des Labors aufzuzeigen.<\/span><\/p>\n<p class=\"font_8\" style=\"text-align: justify;\"><span style=\"font-size: 14pt;\">WIE EIN RINGVERSUCH ORGANISIERT IST?<\/span><\/p>\n<p class=\"font_8\" style=\"text-align: justify;\"><span style=\"font-size: 14pt;\">UNSERE RINGVERSUCHE<\/span><\/p>\n<p class=\"font_8\" style=\"text-align: justify;\"><span style=\"font-size: 14pt;\">Bipea bietet seinen Mitgliedern j\u00e4hrliche Kampagnen von Laborvergleichsuntersuchungen an. Diese 10-monatigen Kampagnen beginnen im September jeden Jahres und enden im Juni des Folgejahres.<\/span><\/p>\n<p class=\"font_8\" style=\"text-align: justify;\"><span style=\"font-size: 14pt;\">Je nachdem f\u00fcr welche Kampagne Sie sich anmelden, werden Sie die jeweils festgelegte Anzahl an Proben in einem vorab bestimmten Zeitfenster erhalten. Jede Kampagne besteht aus einer bestimmten Anzahl von Einzel-Ringversuchen, die ein oder mehrere zu analysierende Produkte beinhaltet.<\/span><\/p>\n<p class=\"font_8\" style=\"text-align: justify;\"><span style=\"font-size: 14pt;\">ANMELDUNG ALS MITGLIED<\/span><\/p>\n<p class=\"font_8\" style=\"text-align: justify;\"><span style=\"font-size: 14pt;\">An der Teilnahme von Bipea-Ringversuchen interessierte Labore k\u00f6nnen sich entweder zu Beginn oder auch w\u00e4hrend der j\u00e4hrlichen Kampagne anmelden. Wenn sie sich w\u00e4hrend der laufenden Kampagne zur Teilnahme anmelden, werden die Kosten f\u00fcr die Versuchsreihe nur anteilig berechnet. Bitte kontaktieren Sie hierzu gerne die Vertriebsabteilung von Bipea per Email unter <span style=\"text-decoration: underline;\"><a href=\"mailto:sales@bipea.org\" target=\"_self\" data-content=\"sales@bipea.org\" data-type=\"mail\" rel=\"noopener\">sales@bipea.org<\/a><\/span>.<\/span><\/p>\n<p class=\"font_8\" style=\"text-align: justify;\"><span class=\"wixGuard\" style=\"font-size: 14pt;\">\u200b<\/span><\/p>\n<\/div><div class=\"fusion-clearfix\"><\/div><\/div><\/div><\/div><\/div><\/p>\n","protected":false},"excerpt":{"rendered":"","protected":false},"author":1,"featured_media":0,"parent":0,"menu_order":0,"comment_status":"closed","ping_status":"closed","template":"","meta":{"footnotes":""},"class_list":["post-12936","page","type-page","status-publish","hentry"],"yoast_head":"<!-- This site is optimized with the Yoast SEO plugin v27.0 - https:\/\/yoast.com\/product\/yoast-seo-wordpress\/ -->\n<title>MONITORING CHARTS - Bipea<\/title>\n<meta name=\"robots\" content=\"index, follow, max-snippet:-1, max-image-preview:large, max-video-preview:-1\" \/>\n<link rel=\"canonical\" href=\"https:\/\/www.bipea.org\/de\/monitoring-chart\/\" \/>\n<meta property=\"og:locale\" content=\"de_DE\" \/>\n<meta property=\"og:type\" content=\"article\" \/>\n<meta property=\"og:title\" content=\"MONITORING CHARTS - Bipea\" \/>\n<meta property=\"og:url\" content=\"https:\/\/www.bipea.org\/de\/monitoring-chart\/\" \/>\n<meta property=\"og:site_name\" content=\"Bipea\" \/>\n<meta property=\"article:publisher\" content=\"https:\/\/www.facebook.com\/Bipea-Proficiency-Testing-Programs-1726595444310313\/\" \/>\n<meta property=\"article:modified_time\" content=\"2022-10-13T13:48:30+00:00\" \/>\n<meta name=\"twitter:card\" content=\"summary_large_image\" \/>\n<meta name=\"twitter:site\" content=\"@BipeaP\" \/>\n<meta name=\"twitter:label1\" content=\"Gesch\u00e4tzte Lesezeit\" \/>\n\t<meta name=\"twitter:data1\" content=\"3\u00a0Minuten\" \/>\n<script type=\"application\/ld+json\" class=\"yoast-schema-graph\">{\"@context\":\"https:\/\/schema.org\",\"@graph\":[{\"@type\":\"WebPage\",\"@id\":\"https:\/\/www.bipea.org\/de\/monitoring-chart\/\",\"url\":\"https:\/\/www.bipea.org\/de\/monitoring-chart\/\",\"name\":\"MONITORING CHARTS - Bipea\",\"isPartOf\":{\"@id\":\"https:\/\/www.bipea.org\/de\/#website\"},\"datePublished\":\"2017-12-23T18:33:35+00:00\",\"dateModified\":\"2022-10-13T13:48:30+00:00\",\"breadcrumb\":{\"@id\":\"https:\/\/www.bipea.org\/de\/monitoring-chart\/#breadcrumb\"},\"inLanguage\":\"de\",\"potentialAction\":[{\"@type\":\"ReadAction\",\"target\":[\"https:\/\/www.bipea.org\/de\/monitoring-chart\/\"]}]},{\"@type\":\"BreadcrumbList\",\"@id\":\"https:\/\/www.bipea.org\/de\/monitoring-chart\/#breadcrumb\",\"itemListElement\":[{\"@type\":\"ListItem\",\"position\":1,\"name\":\"Accueil\",\"item\":\"https:\/\/www.bipea.org\/de\/\"},{\"@type\":\"ListItem\",\"position\":2,\"name\":\"MONITORING CHARTS\"}]},{\"@type\":\"WebSite\",\"@id\":\"https:\/\/www.bipea.org\/de\/#website\",\"url\":\"https:\/\/www.bipea.org\/de\/\",\"name\":\"Bipea\",\"description\":\"\",\"potentialAction\":[{\"@type\":\"SearchAction\",\"target\":{\"@type\":\"EntryPoint\",\"urlTemplate\":\"https:\/\/www.bipea.org\/de\/?s={search_term_string}\"},\"query-input\":{\"@type\":\"PropertyValueSpecification\",\"valueRequired\":true,\"valueName\":\"search_term_string\"}}],\"inLanguage\":\"de\"}]}<\/script>\n<!-- \/ Yoast SEO plugin. -->","yoast_head_json":{"title":"MONITORING CHARTS - Bipea","robots":{"index":"index","follow":"follow","max-snippet":"max-snippet:-1","max-image-preview":"max-image-preview:large","max-video-preview":"max-video-preview:-1"},"canonical":"https:\/\/www.bipea.org\/de\/monitoring-chart\/","og_locale":"de_DE","og_type":"article","og_title":"MONITORING CHARTS - Bipea","og_url":"https:\/\/www.bipea.org\/de\/monitoring-chart\/","og_site_name":"Bipea","article_publisher":"https:\/\/www.facebook.com\/Bipea-Proficiency-Testing-Programs-1726595444310313\/","article_modified_time":"2022-10-13T13:48:30+00:00","twitter_card":"summary_large_image","twitter_site":"@BipeaP","twitter_misc":{"Gesch\u00e4tzte Lesezeit":"3\u00a0Minuten"},"schema":{"@context":"https:\/\/schema.org","@graph":[{"@type":"WebPage","@id":"https:\/\/www.bipea.org\/de\/monitoring-chart\/","url":"https:\/\/www.bipea.org\/de\/monitoring-chart\/","name":"MONITORING CHARTS - Bipea","isPartOf":{"@id":"https:\/\/www.bipea.org\/de\/#website"},"datePublished":"2017-12-23T18:33:35+00:00","dateModified":"2022-10-13T13:48:30+00:00","breadcrumb":{"@id":"https:\/\/www.bipea.org\/de\/monitoring-chart\/#breadcrumb"},"inLanguage":"de","potentialAction":[{"@type":"ReadAction","target":["https:\/\/www.bipea.org\/de\/monitoring-chart\/"]}]},{"@type":"BreadcrumbList","@id":"https:\/\/www.bipea.org\/de\/monitoring-chart\/#breadcrumb","itemListElement":[{"@type":"ListItem","position":1,"name":"Accueil","item":"https:\/\/www.bipea.org\/de\/"},{"@type":"ListItem","position":2,"name":"MONITORING CHARTS"}]},{"@type":"WebSite","@id":"https:\/\/www.bipea.org\/de\/#website","url":"https:\/\/www.bipea.org\/de\/","name":"Bipea","description":"","potentialAction":[{"@type":"SearchAction","target":{"@type":"EntryPoint","urlTemplate":"https:\/\/www.bipea.org\/de\/?s={search_term_string}"},"query-input":{"@type":"PropertyValueSpecification","valueRequired":true,"valueName":"search_term_string"}}],"inLanguage":"de"}]}},"_links":{"self":[{"href":"https:\/\/www.bipea.org\/de\/wp-json\/wp\/v2\/pages\/12936","targetHints":{"allow":["GET"]}}],"collection":[{"href":"https:\/\/www.bipea.org\/de\/wp-json\/wp\/v2\/pages"}],"about":[{"href":"https:\/\/www.bipea.org\/de\/wp-json\/wp\/v2\/types\/page"}],"author":[{"embeddable":true,"href":"https:\/\/www.bipea.org\/de\/wp-json\/wp\/v2\/users\/1"}],"replies":[{"embeddable":true,"href":"https:\/\/www.bipea.org\/de\/wp-json\/wp\/v2\/comments?post=12936"}],"version-history":[{"count":2,"href":"https:\/\/www.bipea.org\/de\/wp-json\/wp\/v2\/pages\/12936\/revisions"}],"predecessor-version":[{"id":18813,"href":"https:\/\/www.bipea.org\/de\/wp-json\/wp\/v2\/pages\/12936\/revisions\/18813"}],"wp:attachment":[{"href":"https:\/\/www.bipea.org\/de\/wp-json\/wp\/v2\/media?parent=12936"}],"curies":[{"name":"wp","href":"https:\/\/api.w.org\/{rel}","templated":true}]}}