{"id":12797,"date":"2017-12-24T16:57:29","date_gmt":"2017-12-24T15:57:29","guid":{"rendered":"https:\/\/www.bipea.org\/conditions-dinscription-et-confidentialite\/"},"modified":"2022-10-13T15:46:37","modified_gmt":"2022-10-13T13:46:37","slug":"anmeldebedingungen-und-vertraulichkeit","status":"publish","type":"page","link":"https:\/\/www.bipea.org\/de\/anmeldebedingungen-und-vertraulichkeit\/","title":{"rendered":"ANMELDEBEDINGUNGEN UND VERTRAULICHKEIT"},"content":{"rendered":"<p><div class=\"fusion-fullwidth fullwidth-box fusion-builder-row-1 back_box nonhundred-percent-fullwidth non-hundred-percent-height-scrolling\" style=\"--awb-border-radius-top-left:0px;--awb-border-radius-top-right:0px;--awb-border-radius-bottom-right:0px;--awb-border-radius-bottom-left:0px;--awb-flex-wrap:wrap;\" ><div class=\"fusion-builder-row fusion-row\"><div class=\"fusion-layout-column fusion_builder_column fusion-builder-column-0 fusion_builder_column_5_6 5_6 fusion-five-sixth fusion-column-first\" style=\"--awb-bg-size:cover;width:83.333333333333%;width:calc(83.333333333333% - ( ( 4% ) * 0.83333333333333 ) );margin-right: 4%;\"><div class=\"fusion-column-wrapper fusion-flex-column-wrapper-legacy\"><div class=\"fusion-clearfix\"><\/div><\/div><\/div><div class=\"fusion-layout-column fusion_builder_column fusion-builder-column-1 fusion_builder_column_1_6 1_6 fusion-one-sixth fusion-column-last\" style=\"--awb-bg-size:cover;width:16.666666666667%;width:calc(16.666666666667% - ( ( 4% ) * 0.16666666666667 ) );\"><div class=\"fusion-column-wrapper fusion-flex-column-wrapper-legacy\"><div class=\"fusion-text fusion-text-1\"><p><a href=\"https:\/\/www.bipea.org\/de\/ringversuche\/\">back to &#8222;RINGVERSUCHE&#8220;<\/a><\/p>\n<\/div><div class=\"fusion-clearfix\"><\/div><\/div><\/div><\/div><\/div><div class=\"fusion-fullwidth fullwidth-box fusion-builder-row-2 nonhundred-percent-fullwidth non-hundred-percent-height-scrolling\" style=\"--awb-border-radius-top-left:0px;--awb-border-radius-top-right:0px;--awb-border-radius-bottom-right:0px;--awb-border-radius-bottom-left:0px;--awb-flex-wrap:wrap;\" ><div class=\"fusion-builder-row fusion-row\"><div class=\"fusion-layout-column fusion_builder_column fusion-builder-column-2 fusion_builder_column_1_1 1_1 fusion-one-full fusion-column-first fusion-column-last\" style=\"--awb-bg-size:cover;--awb-margin-bottom:0px;\"><div class=\"fusion-column-wrapper fusion-flex-column-wrapper-legacy\"><div class=\"fusion-text fusion-text-2\"><p class=\"font_8\" style=\"text-align: justify;\"><strong><span style=\"color: #0076b3; font-size: 14pt;\">MITGLIEDSBEDINGUNGEN<\/span><\/strong><\/p>\n<p class=\"font_8\" style=\"text-align: justify;\"><span class=\"wixGuard\" style=\"font-size: 14pt;\">\u200b<\/span><\/p>\n<p class=\"font_8\" style=\"text-align: justify;\"><span style=\"font-size: 14pt;\">Die Ringversuche von BIPEA sind konzipiert f\u00fcr alle Labore, die physikalische und chemische, mikrobiologische und sensorische Analysen durchf\u00fchren.<\/span><\/p>\n<p class=\"font_8\" style=\"text-align: justify;\"><span style=\"font-size: 14pt;\">Die Labore k\u00f6nnen sich f\u00fcr die Teilnahme an den Ringversuchen am Anfang (im September) oder auch im Laufe der Ringversuchskampagne anmelden. Unser Prinzip der Leistungs\u00fcberpr\u00fcfung der Labore basiert auf Langfristigkeit. Es ist deshalb nicht m\u00f6glich, sich nur f\u00fcr einen Versuch anzumelden. Ab Registrierung erhalten die Labore daher alle Proben innerhalb der laufenden Jahreskampagne.<\/span><\/p>\n<p class=\"font_8\" style=\"text-align: justify;\"><span style=\"font-size: 14pt;\">Aufgrund unserer Unabh\u00e4ngigkeit sowie unseres assoziativen Status ben\u00f6tigen wir eine finanzielle Beteiligung der Labormitglieder. Aus diesem Grund wird eine j\u00e4hrliche Geb\u00fchr erhoben, um die Verwaltungskosten zu decken.<\/span><\/p>\n<p class=\"font_8\" style=\"text-align: justify;\"><span class=\"wixGuard\" style=\"font-size: 14pt;\">\u200b<\/span><\/p>\n<p class=\"font_8\" style=\"text-align: justify;\"><strong><span style=\"color: #0076b3; font-size: 14pt;\">DATENSCHUTZ<\/span><\/strong><\/p>\n<p class=\"font_8\" style=\"text-align: justify;\"><span class=\"wixGuard\" style=\"font-size: 14pt;\">\u200b<\/span><\/p>\n<p class=\"font_8\" style=\"text-align: justify;\"><span style=\"font-size: 14pt;\">Um die Anonymit\u00e4t und absolute Vertraulichkeit der Informationen von Laboren zu gew\u00e4hrleisten, wird bei bipea ein Codierungssystem verwendet unter Beachtung des Datenschutzes auf mehreren Ebenen:<\/span><\/p>\n<p class=\"font_8\" style=\"text-align: justify;\"><span style=\"font-size: 14pt;\">Administrative Information: Alle administrativen Angaben aus den Laboren sind vertraulich und d\u00fcrfen nicht an Dritte offengelegt werden.<\/span><\/p>\n<p class=\"font_8\" style=\"text-align: justify;\"><span style=\"font-size: 14pt;\">Anmeldung der Labore : Nach der Anmeldung erh\u00e4lt jedes Labor einen 5-stelligen Code. Diese Mitgliedsnummer ist dauerhaft g\u00fcltig und f\u00fcr die gesamte Kommunikation mit Bipea erforderlich.<\/span><\/p>\n<p class=\"font_8\" style=\"text-align: justify;\"><span style=\"font-size: 14pt;\">Berichtsergebnisse auf dem Online-Formular: Die teilnehmenden Labore erhalten mehrere vertrauliche Sicherheitscodes. Diese Codes dienen der Eingabe ihrer Ergebnisse auf unserem Online-Formular im Mitgliedsbereich (Member Area) und zu ihrer Identifizierung im Ergebnsbericht.<\/span><\/p>\n<p class=\"font_8\" style=\"text-align: justify;\"><span style=\"font-size: 14pt;\">Die Codes werden zu Beginn jeder Jahreskampagne ge\u00e4ndert und sind verf\u00fcgbar \u00fcber den Mitgliedsbereich (Member Area) auf der BIPEA Website. Diese Daten k\u00f6nnen nicht an Dritte \u00fcbertragen werden und werden weder per Email noch per Telefon mitgeteilt.<\/span><\/p>\n<\/div><div class=\"fusion-clearfix\"><\/div><\/div><\/div><\/div><\/div><\/p>\n","protected":false},"excerpt":{"rendered":"","protected":false},"author":1,"featured_media":0,"parent":0,"menu_order":0,"comment_status":"closed","ping_status":"closed","template":"","meta":{"footnotes":""},"class_list":["post-12797","page","type-page","status-publish","hentry"],"yoast_head":"<!-- This site is optimized with the Yoast SEO plugin v27.0 - https:\/\/yoast.com\/product\/yoast-seo-wordpress\/ -->\n<title>ANMELDEBEDINGUNGEN UND VERTRAULICHKEIT - Bipea<\/title>\n<meta name=\"robots\" content=\"index, follow, max-snippet:-1, max-image-preview:large, max-video-preview:-1\" \/>\n<link rel=\"canonical\" href=\"https:\/\/www.bipea.org\/de\/anmeldebedingungen-und-vertraulichkeit\/\" \/>\n<meta property=\"og:locale\" content=\"de_DE\" \/>\n<meta property=\"og:type\" content=\"article\" \/>\n<meta property=\"og:title\" content=\"ANMELDEBEDINGUNGEN UND VERTRAULICHKEIT - Bipea\" \/>\n<meta property=\"og:url\" content=\"https:\/\/www.bipea.org\/de\/anmeldebedingungen-und-vertraulichkeit\/\" \/>\n<meta property=\"og:site_name\" content=\"Bipea\" \/>\n<meta property=\"article:publisher\" content=\"https:\/\/www.facebook.com\/Bipea-Proficiency-Testing-Programs-1726595444310313\/\" \/>\n<meta property=\"article:modified_time\" content=\"2022-10-13T13:46:37+00:00\" \/>\n<meta name=\"twitter:card\" content=\"summary_large_image\" \/>\n<meta name=\"twitter:site\" content=\"@BipeaP\" \/>\n<meta name=\"twitter:label1\" content=\"Gesch\u00e4tzte Lesezeit\" \/>\n\t<meta name=\"twitter:data1\" content=\"3\u00a0Minuten\" \/>\n<script type=\"application\/ld+json\" class=\"yoast-schema-graph\">{\"@context\":\"https:\/\/schema.org\",\"@graph\":[{\"@type\":\"WebPage\",\"@id\":\"https:\/\/www.bipea.org\/de\/anmeldebedingungen-und-vertraulichkeit\/\",\"url\":\"https:\/\/www.bipea.org\/de\/anmeldebedingungen-und-vertraulichkeit\/\",\"name\":\"ANMELDEBEDINGUNGEN UND VERTRAULICHKEIT - Bipea\",\"isPartOf\":{\"@id\":\"https:\/\/www.bipea.org\/de\/#website\"},\"datePublished\":\"2017-12-24T15:57:29+00:00\",\"dateModified\":\"2022-10-13T13:46:37+00:00\",\"breadcrumb\":{\"@id\":\"https:\/\/www.bipea.org\/de\/anmeldebedingungen-und-vertraulichkeit\/#breadcrumb\"},\"inLanguage\":\"de\",\"potentialAction\":[{\"@type\":\"ReadAction\",\"target\":[\"https:\/\/www.bipea.org\/de\/anmeldebedingungen-und-vertraulichkeit\/\"]}]},{\"@type\":\"BreadcrumbList\",\"@id\":\"https:\/\/www.bipea.org\/de\/anmeldebedingungen-und-vertraulichkeit\/#breadcrumb\",\"itemListElement\":[{\"@type\":\"ListItem\",\"position\":1,\"name\":\"Accueil\",\"item\":\"https:\/\/www.bipea.org\/de\/\"},{\"@type\":\"ListItem\",\"position\":2,\"name\":\"ANMELDEBEDINGUNGEN UND VERTRAULICHKEIT\"}]},{\"@type\":\"WebSite\",\"@id\":\"https:\/\/www.bipea.org\/de\/#website\",\"url\":\"https:\/\/www.bipea.org\/de\/\",\"name\":\"Bipea\",\"description\":\"\",\"potentialAction\":[{\"@type\":\"SearchAction\",\"target\":{\"@type\":\"EntryPoint\",\"urlTemplate\":\"https:\/\/www.bipea.org\/de\/?s={search_term_string}\"},\"query-input\":{\"@type\":\"PropertyValueSpecification\",\"valueRequired\":true,\"valueName\":\"search_term_string\"}}],\"inLanguage\":\"de\"}]}<\/script>\n<!-- \/ Yoast SEO plugin. -->","yoast_head_json":{"title":"ANMELDEBEDINGUNGEN UND VERTRAULICHKEIT - Bipea","robots":{"index":"index","follow":"follow","max-snippet":"max-snippet:-1","max-image-preview":"max-image-preview:large","max-video-preview":"max-video-preview:-1"},"canonical":"https:\/\/www.bipea.org\/de\/anmeldebedingungen-und-vertraulichkeit\/","og_locale":"de_DE","og_type":"article","og_title":"ANMELDEBEDINGUNGEN UND VERTRAULICHKEIT - Bipea","og_url":"https:\/\/www.bipea.org\/de\/anmeldebedingungen-und-vertraulichkeit\/","og_site_name":"Bipea","article_publisher":"https:\/\/www.facebook.com\/Bipea-Proficiency-Testing-Programs-1726595444310313\/","article_modified_time":"2022-10-13T13:46:37+00:00","twitter_card":"summary_large_image","twitter_site":"@BipeaP","twitter_misc":{"Gesch\u00e4tzte Lesezeit":"3\u00a0Minuten"},"schema":{"@context":"https:\/\/schema.org","@graph":[{"@type":"WebPage","@id":"https:\/\/www.bipea.org\/de\/anmeldebedingungen-und-vertraulichkeit\/","url":"https:\/\/www.bipea.org\/de\/anmeldebedingungen-und-vertraulichkeit\/","name":"ANMELDEBEDINGUNGEN UND VERTRAULICHKEIT - Bipea","isPartOf":{"@id":"https:\/\/www.bipea.org\/de\/#website"},"datePublished":"2017-12-24T15:57:29+00:00","dateModified":"2022-10-13T13:46:37+00:00","breadcrumb":{"@id":"https:\/\/www.bipea.org\/de\/anmeldebedingungen-und-vertraulichkeit\/#breadcrumb"},"inLanguage":"de","potentialAction":[{"@type":"ReadAction","target":["https:\/\/www.bipea.org\/de\/anmeldebedingungen-und-vertraulichkeit\/"]}]},{"@type":"BreadcrumbList","@id":"https:\/\/www.bipea.org\/de\/anmeldebedingungen-und-vertraulichkeit\/#breadcrumb","itemListElement":[{"@type":"ListItem","position":1,"name":"Accueil","item":"https:\/\/www.bipea.org\/de\/"},{"@type":"ListItem","position":2,"name":"ANMELDEBEDINGUNGEN UND VERTRAULICHKEIT"}]},{"@type":"WebSite","@id":"https:\/\/www.bipea.org\/de\/#website","url":"https:\/\/www.bipea.org\/de\/","name":"Bipea","description":"","potentialAction":[{"@type":"SearchAction","target":{"@type":"EntryPoint","urlTemplate":"https:\/\/www.bipea.org\/de\/?s={search_term_string}"},"query-input":{"@type":"PropertyValueSpecification","valueRequired":true,"valueName":"search_term_string"}}],"inLanguage":"de"}]}},"_links":{"self":[{"href":"https:\/\/www.bipea.org\/de\/wp-json\/wp\/v2\/pages\/12797","targetHints":{"allow":["GET"]}}],"collection":[{"href":"https:\/\/www.bipea.org\/de\/wp-json\/wp\/v2\/pages"}],"about":[{"href":"https:\/\/www.bipea.org\/de\/wp-json\/wp\/v2\/types\/page"}],"author":[{"embeddable":true,"href":"https:\/\/www.bipea.org\/de\/wp-json\/wp\/v2\/users\/1"}],"replies":[{"embeddable":true,"href":"https:\/\/www.bipea.org\/de\/wp-json\/wp\/v2\/comments?post=12797"}],"version-history":[{"count":3,"href":"https:\/\/www.bipea.org\/de\/wp-json\/wp\/v2\/pages\/12797\/revisions"}],"predecessor-version":[{"id":18811,"href":"https:\/\/www.bipea.org\/de\/wp-json\/wp\/v2\/pages\/12797\/revisions\/18811"}],"wp:attachment":[{"href":"https:\/\/www.bipea.org\/de\/wp-json\/wp\/v2\/media?parent=12797"}],"curies":[{"name":"wp","href":"https:\/\/api.w.org\/{rel}","templated":true}]}}