{"id":12785,"date":"2017-12-24T16:55:57","date_gmt":"2017-12-24T15:55:57","guid":{"rendered":"https:\/\/www.bipea.org\/fonctionnement-des-cil-bipea\/"},"modified":"2022-10-13T15:49:17","modified_gmt":"2022-10-13T13:49:17","slug":"wie-ein-ringversuch-organisiert-ist","status":"publish","type":"page","link":"https:\/\/www.bipea.org\/de\/wie-ein-ringversuch-organisiert-ist\/","title":{"rendered":"WIE EIN RINGVERSUCH ORGANISIERT IST?"},"content":{"rendered":"<p><div class=\"fusion-fullwidth fullwidth-box fusion-builder-row-1 back_box nonhundred-percent-fullwidth non-hundred-percent-height-scrolling\" style=\"--awb-border-radius-top-left:0px;--awb-border-radius-top-right:0px;--awb-border-radius-bottom-right:0px;--awb-border-radius-bottom-left:0px;--awb-flex-wrap:wrap;\" ><div class=\"fusion-builder-row fusion-row\"><div class=\"fusion-layout-column fusion_builder_column fusion-builder-column-0 fusion_builder_column_5_6 5_6 fusion-five-sixth fusion-column-first\" style=\"--awb-bg-size:cover;width:83.333333333333%;width:calc(83.333333333333% - ( ( 4% ) * 0.83333333333333 ) );margin-right: 4%;\"><div class=\"fusion-column-wrapper fusion-flex-column-wrapper-legacy\"><div class=\"fusion-clearfix\"><\/div><\/div><\/div><div class=\"fusion-layout-column fusion_builder_column fusion-builder-column-1 fusion_builder_column_1_6 1_6 fusion-one-sixth fusion-column-last\" style=\"--awb-bg-size:cover;width:16.666666666667%;width:calc(16.666666666667% - ( ( 4% ) * 0.16666666666667 ) );\"><div class=\"fusion-column-wrapper fusion-flex-column-wrapper-legacy\"><div class=\"fusion-text fusion-text-1\"><p><a href=\"https:\/\/www.bipea.org\/de\/ringversuche\/\">back to &#8222;RINGVERSUCHE&#8220;<\/a><\/p>\n<\/div><div class=\"fusion-clearfix\"><\/div><\/div><\/div><\/div><\/div><div class=\"fusion-fullwidth fullwidth-box fusion-builder-row-2 nonhundred-percent-fullwidth non-hundred-percent-height-scrolling\" style=\"--awb-border-radius-top-left:0px;--awb-border-radius-top-right:0px;--awb-border-radius-bottom-right:0px;--awb-border-radius-bottom-left:0px;--awb-flex-wrap:wrap;\" ><div class=\"fusion-builder-row fusion-row\"><div class=\"fusion-layout-column fusion_builder_column fusion-builder-column-2 fusion_builder_column_2_3 2_3 fusion-two-third fusion-column-first\" style=\"--awb-bg-size:cover;--awb-margin-bottom:0px;width:65.3333%; margin-right: 4%;\"><div class=\"fusion-column-wrapper fusion-flex-column-wrapper-legacy\"><div class=\"fusion-text fusion-text-2\"><p class=\"font_8\" style=\"text-align: justify;\"><strong><span style=\"color: #0076b3; font-size: 14pt;\">UNSERE RINGVERSUCHE<\/span><\/strong><\/p>\n<p class=\"font_8\" style=\"text-align: justify;\"><span style=\"font-size: 14pt;\">Bipea bietet seinen Mitgliedern j\u00e4hrliche Kampagnen von Laborvergleichsuntersuchungen an. Diese 10-monatigen Kampagnen beginnen im September jeden Jahres und enden im Juni des Folgejahres.<\/span><\/p>\n<p class=\"font_8\" style=\"text-align: justify;\"><span style=\"font-size: 14pt;\">Je nachdem f\u00fcr welche Kampagne Sie sich anmelden, werden Sie die jeweils festgelegte Anzahl an Proben in einem vorab bestimmten Zeitfenster erhalten. Jede Kampagne besteht aus einer bestimmten Anzahl von Einzel-Ringversuchen, die ein oder mehrere zu analysierende Produkte beinhaltet.<\/span><\/p>\n<p class=\"font_8\" style=\"text-align: justify;\"><span style=\"text-decoration: underline; font-size: 14pt;\"><span class=\"wixGuard\">\u200b\u200b<\/span><\/span><\/p>\n<p class=\"font_8\" style=\"text-align: justify;\"><strong><span style=\"color: #0076b3; font-size: 14pt;\">ANMELDUNG ALS MITGLIED<\/span><\/strong><br \/>\n<span style=\"font-size: 14pt;\">An der Teilnahme von Bipea-Ringversuchen interessierte Labore k\u00f6nnen sich entweder zu Beginn oder auch w\u00e4hrend der j\u00e4hrlichen Kampagne anmelden. Wenn sie sich w\u00e4hrend der laufenden Kampagne zur Teilnahme anmelden, werden die Kosten f\u00fcr die Versuchsreihe nur anteilig berechnet. Bitte kontaktieren Sie hierzu gerne die Vertriebsabteilung von Bipea per Email unter <span style=\"text-decoration: underline;\"><a href=\"mailto:sales@bipea.org\" target=\"_self\" data-content=\"sales@bipea.org\" data-type=\"mail\" rel=\"noopener\">sales@bipea.org<\/a><\/span><\/span><\/p>\n<p class=\"font_8\" style=\"text-align: justify;\"><span class=\"wixGuard\" style=\"font-size: 14pt;\">\u200b<\/span><\/p>\n<p class=\"font_8\" style=\"text-align: justify;\"><strong><span style=\"color: #0076b3; font-size: 14pt;\">HERSTELLUNG UND VERSAND DER PROBEN<\/span><\/strong><\/p>\n<p class=\"font_8\" style=\"text-align: justify;\"><span style=\"font-size: 14pt;\">Die Proben werden \u00fcberwiegend bei uns selbst hergestellt &#8211; von unserer Abteilung \u201eProbenherstellung\u201c. Die Proben erf\u00fcllen strenge Anforderungen, um die Homogenit\u00e4t sicherzustellen. Die hergestellten Proben sind den Routine-Proben sehr \u00e4hnlich und die Dotierungen erm\u00f6glichen somit eine bestm\u00f6gliche Qualit\u00e4tskontrolle Ihrer Analysen.<\/span><\/p>\n<p class=\"font_8\" style=\"text-align: justify;\"><span style=\"font-size: 14pt;\">BIPEA hat sich eine umfangreiche Fachkompetenz im Bereich Logistik angeeignet f\u00fcr die Auswahl der Probenkonditionierung und Transport, um den Empfang der Proben bei dem teilnehmenden Labor in einwandfreiem Zustand zu gew\u00e4hrleisten. Gegebenenfalls werden K\u00fchlgel, K\u00fchlakkus, Puffermaterial, Isothermverpackung oder andere spezielle Verpackung je nach Empfindlichkeit des Probenmaterials verwendet.<\/span><\/p>\n<p class=\"font_8\" style=\"text-align: justify;\"><span style=\"text-decoration: underline; font-size: 14pt;\"><span class=\"wixGuard\">\u200b\u200b<\/span><\/span><\/p>\n<p class=\"font_8\" style=\"text-align: justify;\"><strong><span style=\"color: #0076b3; font-size: 14pt;\">LABORATORIEN F\u00dcHREN DIE ANALYSEN DURCH F\u00dcR DIE STATISTISCHE BEARBEITUNG DER ERGEBNISVERGLEICHE<\/span><\/strong><\/p>\n<p class=\"font_8\" style=\"text-align: justify;\"><span style=\"font-size: 14pt;\">Nach Erhalt des Testmaterials ist das Formular f\u00fcr die Abfrage der Analysenergebnisse im Internet auf der BIPEA-Website verf\u00fcgbar. Die teilnehmenden Labore f\u00fchren die Analysen durch und \u00fcbermitteln ihre Ergebnisse auf diesem Online-Formular vor Ende der Abgabefrist (letzter Abgabetermin wird im Formular genannt).<\/span><\/p>\n<p class=\"font_8\" style=\"text-align: justify;\"><span style=\"font-size: 14pt;\">Die berichteten Analysenergebnisse werden \u00fcber die Website von BIPEA an die statistische Abteilung \u00fcbermittelt. Sie ist f\u00fcr die Erstellung des Ergebnisberichts (Inter-laboratory comparison report) zust\u00e4ndig, der durchschnittlich innerhalb von 17 Arbeitstagen nach Abgabefrist ver\u00f6ffentlicht wird.<\/span><\/p>\n<\/div><div class=\"fusion-clearfix\"><\/div><\/div><\/div><div class=\"fusion-layout-column fusion_builder_column fusion-builder-column-3 fusion_builder_column_1_3 1_3 fusion-one-third fusion-column-last\" style=\"--awb-bg-size:cover;width:30.6666%;\"><div class=\"fusion-column-wrapper fusion-flex-column-wrapper-legacy\"><div class=\"fusion-image-element in-legacy-container\" style=\"--awb-caption-title-font-family:var(--h2_typography-font-family);--awb-caption-title-font-weight:var(--h2_typography-font-weight);--awb-caption-title-font-style:var(--h2_typography-font-style);--awb-caption-title-size:var(--h2_typography-font-size);--awb-caption-title-transform:var(--h2_typography-text-transform);--awb-caption-title-line-height:var(--h2_typography-line-height);--awb-caption-title-letter-spacing:var(--h2_typography-letter-spacing);\"><span class=\" fusion-imageframe imageframe-none imageframe-1 hover-type-none\"><img decoding=\"async\" width=\"325\" height=\"563\" title=\"chart2\" src=\"https:\/\/www.bipea.org\/wp-content\/uploads\/2017\/12\/chart2.png\" alt class=\"img-responsive wp-image-12058\" srcset=\"https:\/\/www.bipea.org\/wp-content\/uploads\/2017\/12\/chart2-200x346.png 200w, https:\/\/www.bipea.org\/wp-content\/uploads\/2017\/12\/chart2.png 325w\" sizes=\"(max-width: 800px) 100vw, 325px\" \/><\/span><\/div><div class=\"fusion-clearfix\"><\/div><\/div><\/div><\/div><\/div><\/p>\n","protected":false},"excerpt":{"rendered":"","protected":false},"author":1,"featured_media":0,"parent":0,"menu_order":0,"comment_status":"closed","ping_status":"closed","template":"","meta":{"footnotes":""},"class_list":["post-12785","page","type-page","status-publish","hentry"],"yoast_head":"<!-- This site is optimized with the Yoast SEO plugin v27.0 - https:\/\/yoast.com\/product\/yoast-seo-wordpress\/ -->\n<title>WIE EIN RINGVERSUCH ORGANISIERT IST? - Bipea<\/title>\n<meta name=\"robots\" content=\"index, follow, max-snippet:-1, max-image-preview:large, max-video-preview:-1\" \/>\n<link rel=\"canonical\" href=\"https:\/\/www.bipea.org\/de\/wie-ein-ringversuch-organisiert-ist\/\" \/>\n<meta property=\"og:locale\" content=\"de_DE\" \/>\n<meta property=\"og:type\" content=\"article\" \/>\n<meta property=\"og:title\" content=\"WIE EIN RINGVERSUCH ORGANISIERT IST? - Bipea\" \/>\n<meta property=\"og:url\" content=\"https:\/\/www.bipea.org\/de\/wie-ein-ringversuch-organisiert-ist\/\" \/>\n<meta property=\"og:site_name\" content=\"Bipea\" \/>\n<meta property=\"article:publisher\" content=\"https:\/\/www.facebook.com\/Bipea-Proficiency-Testing-Programs-1726595444310313\/\" \/>\n<meta property=\"article:modified_time\" content=\"2022-10-13T13:49:17+00:00\" \/>\n<meta name=\"twitter:card\" content=\"summary_large_image\" \/>\n<meta name=\"twitter:site\" content=\"@BipeaP\" \/>\n<meta name=\"twitter:label1\" content=\"Gesch\u00e4tzte Lesezeit\" \/>\n\t<meta name=\"twitter:data1\" content=\"3\u00a0Minuten\" \/>\n<script type=\"application\/ld+json\" class=\"yoast-schema-graph\">{\"@context\":\"https:\/\/schema.org\",\"@graph\":[{\"@type\":\"WebPage\",\"@id\":\"https:\/\/www.bipea.org\/de\/wie-ein-ringversuch-organisiert-ist\/\",\"url\":\"https:\/\/www.bipea.org\/de\/wie-ein-ringversuch-organisiert-ist\/\",\"name\":\"WIE EIN RINGVERSUCH ORGANISIERT IST? - Bipea\",\"isPartOf\":{\"@id\":\"https:\/\/www.bipea.org\/de\/#website\"},\"datePublished\":\"2017-12-24T15:55:57+00:00\",\"dateModified\":\"2022-10-13T13:49:17+00:00\",\"breadcrumb\":{\"@id\":\"https:\/\/www.bipea.org\/de\/wie-ein-ringversuch-organisiert-ist\/#breadcrumb\"},\"inLanguage\":\"de\",\"potentialAction\":[{\"@type\":\"ReadAction\",\"target\":[\"https:\/\/www.bipea.org\/de\/wie-ein-ringversuch-organisiert-ist\/\"]}]},{\"@type\":\"BreadcrumbList\",\"@id\":\"https:\/\/www.bipea.org\/de\/wie-ein-ringversuch-organisiert-ist\/#breadcrumb\",\"itemListElement\":[{\"@type\":\"ListItem\",\"position\":1,\"name\":\"Accueil\",\"item\":\"https:\/\/www.bipea.org\/de\/\"},{\"@type\":\"ListItem\",\"position\":2,\"name\":\"WIE EIN RINGVERSUCH ORGANISIERT IST?\"}]},{\"@type\":\"WebSite\",\"@id\":\"https:\/\/www.bipea.org\/de\/#website\",\"url\":\"https:\/\/www.bipea.org\/de\/\",\"name\":\"Bipea\",\"description\":\"\",\"potentialAction\":[{\"@type\":\"SearchAction\",\"target\":{\"@type\":\"EntryPoint\",\"urlTemplate\":\"https:\/\/www.bipea.org\/de\/?s={search_term_string}\"},\"query-input\":{\"@type\":\"PropertyValueSpecification\",\"valueRequired\":true,\"valueName\":\"search_term_string\"}}],\"inLanguage\":\"de\"}]}<\/script>\n<!-- \/ Yoast SEO plugin. -->","yoast_head_json":{"title":"WIE EIN RINGVERSUCH ORGANISIERT IST? - Bipea","robots":{"index":"index","follow":"follow","max-snippet":"max-snippet:-1","max-image-preview":"max-image-preview:large","max-video-preview":"max-video-preview:-1"},"canonical":"https:\/\/www.bipea.org\/de\/wie-ein-ringversuch-organisiert-ist\/","og_locale":"de_DE","og_type":"article","og_title":"WIE EIN RINGVERSUCH ORGANISIERT IST? - Bipea","og_url":"https:\/\/www.bipea.org\/de\/wie-ein-ringversuch-organisiert-ist\/","og_site_name":"Bipea","article_publisher":"https:\/\/www.facebook.com\/Bipea-Proficiency-Testing-Programs-1726595444310313\/","article_modified_time":"2022-10-13T13:49:17+00:00","twitter_card":"summary_large_image","twitter_site":"@BipeaP","twitter_misc":{"Gesch\u00e4tzte Lesezeit":"3\u00a0Minuten"},"schema":{"@context":"https:\/\/schema.org","@graph":[{"@type":"WebPage","@id":"https:\/\/www.bipea.org\/de\/wie-ein-ringversuch-organisiert-ist\/","url":"https:\/\/www.bipea.org\/de\/wie-ein-ringversuch-organisiert-ist\/","name":"WIE EIN RINGVERSUCH ORGANISIERT IST? - Bipea","isPartOf":{"@id":"https:\/\/www.bipea.org\/de\/#website"},"datePublished":"2017-12-24T15:55:57+00:00","dateModified":"2022-10-13T13:49:17+00:00","breadcrumb":{"@id":"https:\/\/www.bipea.org\/de\/wie-ein-ringversuch-organisiert-ist\/#breadcrumb"},"inLanguage":"de","potentialAction":[{"@type":"ReadAction","target":["https:\/\/www.bipea.org\/de\/wie-ein-ringversuch-organisiert-ist\/"]}]},{"@type":"BreadcrumbList","@id":"https:\/\/www.bipea.org\/de\/wie-ein-ringversuch-organisiert-ist\/#breadcrumb","itemListElement":[{"@type":"ListItem","position":1,"name":"Accueil","item":"https:\/\/www.bipea.org\/de\/"},{"@type":"ListItem","position":2,"name":"WIE EIN RINGVERSUCH ORGANISIERT IST?"}]},{"@type":"WebSite","@id":"https:\/\/www.bipea.org\/de\/#website","url":"https:\/\/www.bipea.org\/de\/","name":"Bipea","description":"","potentialAction":[{"@type":"SearchAction","target":{"@type":"EntryPoint","urlTemplate":"https:\/\/www.bipea.org\/de\/?s={search_term_string}"},"query-input":{"@type":"PropertyValueSpecification","valueRequired":true,"valueName":"search_term_string"}}],"inLanguage":"de"}]}},"_links":{"self":[{"href":"https:\/\/www.bipea.org\/de\/wp-json\/wp\/v2\/pages\/12785","targetHints":{"allow":["GET"]}}],"collection":[{"href":"https:\/\/www.bipea.org\/de\/wp-json\/wp\/v2\/pages"}],"about":[{"href":"https:\/\/www.bipea.org\/de\/wp-json\/wp\/v2\/types\/page"}],"author":[{"embeddable":true,"href":"https:\/\/www.bipea.org\/de\/wp-json\/wp\/v2\/users\/1"}],"replies":[{"embeddable":true,"href":"https:\/\/www.bipea.org\/de\/wp-json\/wp\/v2\/comments?post=12785"}],"version-history":[{"count":3,"href":"https:\/\/www.bipea.org\/de\/wp-json\/wp\/v2\/pages\/12785\/revisions"}],"predecessor-version":[{"id":18814,"href":"https:\/\/www.bipea.org\/de\/wp-json\/wp\/v2\/pages\/12785\/revisions\/18814"}],"wp:attachment":[{"href":"https:\/\/www.bipea.org\/de\/wp-json\/wp\/v2\/media?parent=12785"}],"curies":[{"name":"wp","href":"https:\/\/api.w.org\/{rel}","templated":true}]}}