{"id":12718,"date":"2017-12-24T18:03:52","date_gmt":"2017-12-24T17:03:52","guid":{"rendered":"https:\/\/www.bipea.org\/technical-agreement\/"},"modified":"2022-10-11T17:10:28","modified_gmt":"2022-10-11T15:10:28","slug":"technische-kontrollen-und-vertragsvereinbarungen","status":"publish","type":"page","link":"https:\/\/www.bipea.org\/de\/technische-kontrollen-und-vertragsvereinbarungen\/","title":{"rendered":"TECHNISCHE KONTROLLEN UND VERTRAGSVEREINBARUNGEN"},"content":{"rendered":"<p class=\"font_8\" style=\"text-align: justify;\"><strong><span style=\"color: #0076b3; font-size: 14pt;\">WAS IST EINE TECHNISCHE KONTROLLE UND eine VEREINBARUNG?<\/span><\/strong><\/p>\n<p class=\"font_8\" style=\"text-align: justify;\">\n<p class=\"font_8\"><span style=\"font-size: 14pt;\">Technische Kontrollen sind schriftliche \u00dcbereinkommen f\u00fcr die Ausf\u00fchrung von technischen Bewertungen zwischen BIPEA und einer offiziellen Institution (z.B. Inspektionsstellen \/ Zertifizierungs\u00adorganisationen).<\/span><\/p>\n<p class=\"font_8\">\n<p class=\"font_8\"><span style=\"font-size: 14pt;\">Eine technische Vereinbarung ist eine durch (z.B.) ein Ministerium (offiziellen Institution) an ein Labor erteilte Genehmigung, f\u00fcr die Erlaubnis zur Aus\u00fcbung seines Amtes.<\/span><\/p>\n<p class=\"font_8\">\n<p class=\"font_8\"><span style=\"font-size: 14pt;\">BIPEA selbst schlie\u00dft keine technische Vereinbarungen im Namen der offiziellen Institution ab; daf\u00fcr ist die entsprechende offizielle Insititution zust\u00e4ndig. BIPEA agiert nur als Vermittler und empfiehlt der offiziellen Institution auch keine Labore.<\/span><\/p>\n<p class=\"font_8\">\n<p class=\"font_8\"><span style=\"font-size: 14pt;\">Nach \u00dcberpr\u00fcfung der Ergebnisse von einer Expertengruppe, wird eine technische Mitteilung \u00fcber die einzelnen Labore an die offizielle Institution \u00fcbermittelt auf der Grundlage von:<\/span><\/p>\n<p class=\"font_8\">\n<p class=\"font_8\"><span style=\"font-size: 14pt;\">\u2022 der Teilnahme an Ringversuchen<\/span><\/p>\n<p class=\"font_8\"><span style=\"font-size: 14pt;\">\u2022 der Leistungsentwicklung,<\/span><\/p>\n<p class=\"font_8\"><span style=\"font-size: 14pt;\">\u2022 dem Besuch bei dem entsprechenden Labor.<\/span><\/p>\n<p class=\"font_8\">\n<p class=\"font_8\"><span style=\"font-size: 14pt;\">BIPEA kann den Laboren auch technische Unterst\u00fctzung anbieten durch Schulungen, Frageb\u00f6gen und technische Assistenz.<\/span><\/p>\n","protected":false},"excerpt":{"rendered":"<p>WAS IST EINE TECHNISCHE KONTROLLE UND eine VEREINBARUNG? Technische Kontrollen sind schriftliche \u00dcbereinkommen f\u00fcr die Ausf\u00fchrung von technischen Bewertungen zwischen BIPEA und einer offiziellen Institution (z.B. Inspektionsstellen \/ Zertifizierungs\u00adorganisationen). Eine technische Vereinbarung ist eine durch (z.B.) ein Ministerium (offiziellen Institution) an ein Labor erteilte Genehmigung, f\u00fcr die Erlaubnis zur Aus\u00fcbung seines Amtes. BIPEA selbst schlie\u00dft keine [&hellip;]<\/p>\n","protected":false},"author":1,"featured_media":0,"parent":0,"menu_order":0,"comment_status":"closed","ping_status":"closed","template":"","meta":{"footnotes":""},"class_list":["post-12718","page","type-page","status-publish","hentry"],"yoast_head":"<!-- This site is optimized with the Yoast SEO plugin v27.0 - https:\/\/yoast.com\/product\/yoast-seo-wordpress\/ -->\n<title>TECHNISCHE KONTROLLEN UND VERTRAGSVEREINBARUNGEN - Bipea<\/title>\n<meta name=\"robots\" content=\"index, follow, max-snippet:-1, max-image-preview:large, max-video-preview:-1\" \/>\n<link rel=\"canonical\" href=\"https:\/\/www.bipea.org\/de\/technische-kontrollen-und-vertragsvereinbarungen\/\" \/>\n<meta property=\"og:locale\" content=\"de_DE\" \/>\n<meta property=\"og:type\" content=\"article\" \/>\n<meta property=\"og:title\" content=\"TECHNISCHE KONTROLLEN UND VERTRAGSVEREINBARUNGEN - Bipea\" \/>\n<meta property=\"og:description\" content=\"WAS IST EINE TECHNISCHE KONTROLLE UND eine VEREINBARUNG? Technische Kontrollen sind schriftliche \u00dcbereinkommen f\u00fcr die Ausf\u00fchrung von technischen Bewertungen zwischen BIPEA und einer offiziellen Institution (z.B. Inspektionsstellen \/ Zertifizierungs\u00adorganisationen). Eine technische Vereinbarung ist eine durch (z.B.) ein Ministerium (offiziellen Institution) an ein Labor erteilte Genehmigung, f\u00fcr die Erlaubnis zur Aus\u00fcbung seines Amtes. BIPEA selbst schlie\u00dft keine [&hellip;]\" \/>\n<meta property=\"og:url\" content=\"https:\/\/www.bipea.org\/de\/technische-kontrollen-und-vertragsvereinbarungen\/\" \/>\n<meta property=\"og:site_name\" content=\"Bipea\" \/>\n<meta property=\"article:publisher\" content=\"https:\/\/www.facebook.com\/Bipea-Proficiency-Testing-Programs-1726595444310313\/\" \/>\n<meta property=\"article:modified_time\" content=\"2022-10-11T15:10:28+00:00\" \/>\n<meta name=\"twitter:card\" content=\"summary_large_image\" \/>\n<meta name=\"twitter:site\" content=\"@BipeaP\" \/>\n<meta name=\"twitter:label1\" content=\"Gesch\u00e4tzte Lesezeit\" \/>\n\t<meta name=\"twitter:data1\" content=\"1\u00a0Minute\" \/>\n<script type=\"application\/ld+json\" class=\"yoast-schema-graph\">{\"@context\":\"https:\/\/schema.org\",\"@graph\":[{\"@type\":\"WebPage\",\"@id\":\"https:\/\/www.bipea.org\/de\/technische-kontrollen-und-vertragsvereinbarungen\/\",\"url\":\"https:\/\/www.bipea.org\/de\/technische-kontrollen-und-vertragsvereinbarungen\/\",\"name\":\"TECHNISCHE KONTROLLEN UND VERTRAGSVEREINBARUNGEN - Bipea\",\"isPartOf\":{\"@id\":\"https:\/\/www.bipea.org\/de\/#website\"},\"datePublished\":\"2017-12-24T17:03:52+00:00\",\"dateModified\":\"2022-10-11T15:10:28+00:00\",\"breadcrumb\":{\"@id\":\"https:\/\/www.bipea.org\/de\/technische-kontrollen-und-vertragsvereinbarungen\/#breadcrumb\"},\"inLanguage\":\"de\",\"potentialAction\":[{\"@type\":\"ReadAction\",\"target\":[\"https:\/\/www.bipea.org\/de\/technische-kontrollen-und-vertragsvereinbarungen\/\"]}]},{\"@type\":\"BreadcrumbList\",\"@id\":\"https:\/\/www.bipea.org\/de\/technische-kontrollen-und-vertragsvereinbarungen\/#breadcrumb\",\"itemListElement\":[{\"@type\":\"ListItem\",\"position\":1,\"name\":\"Accueil\",\"item\":\"https:\/\/www.bipea.org\/de\/\"},{\"@type\":\"ListItem\",\"position\":2,\"name\":\"TECHNISCHE KONTROLLEN UND VERTRAGSVEREINBARUNGEN\"}]},{\"@type\":\"WebSite\",\"@id\":\"https:\/\/www.bipea.org\/de\/#website\",\"url\":\"https:\/\/www.bipea.org\/de\/\",\"name\":\"Bipea\",\"description\":\"\",\"potentialAction\":[{\"@type\":\"SearchAction\",\"target\":{\"@type\":\"EntryPoint\",\"urlTemplate\":\"https:\/\/www.bipea.org\/de\/?s={search_term_string}\"},\"query-input\":{\"@type\":\"PropertyValueSpecification\",\"valueRequired\":true,\"valueName\":\"search_term_string\"}}],\"inLanguage\":\"de\"}]}<\/script>\n<!-- \/ Yoast SEO plugin. -->","yoast_head_json":{"title":"TECHNISCHE KONTROLLEN UND VERTRAGSVEREINBARUNGEN - Bipea","robots":{"index":"index","follow":"follow","max-snippet":"max-snippet:-1","max-image-preview":"max-image-preview:large","max-video-preview":"max-video-preview:-1"},"canonical":"https:\/\/www.bipea.org\/de\/technische-kontrollen-und-vertragsvereinbarungen\/","og_locale":"de_DE","og_type":"article","og_title":"TECHNISCHE KONTROLLEN UND VERTRAGSVEREINBARUNGEN - Bipea","og_description":"WAS IST EINE TECHNISCHE KONTROLLE UND eine VEREINBARUNG? Technische Kontrollen sind schriftliche \u00dcbereinkommen f\u00fcr die Ausf\u00fchrung von technischen Bewertungen zwischen BIPEA und einer offiziellen Institution (z.B. Inspektionsstellen \/ Zertifizierungs\u00adorganisationen). Eine technische Vereinbarung ist eine durch (z.B.) ein Ministerium (offiziellen Institution) an ein Labor erteilte Genehmigung, f\u00fcr die Erlaubnis zur Aus\u00fcbung seines Amtes. BIPEA selbst schlie\u00dft keine [&hellip;]","og_url":"https:\/\/www.bipea.org\/de\/technische-kontrollen-und-vertragsvereinbarungen\/","og_site_name":"Bipea","article_publisher":"https:\/\/www.facebook.com\/Bipea-Proficiency-Testing-Programs-1726595444310313\/","article_modified_time":"2022-10-11T15:10:28+00:00","twitter_card":"summary_large_image","twitter_site":"@BipeaP","twitter_misc":{"Gesch\u00e4tzte Lesezeit":"1\u00a0Minute"},"schema":{"@context":"https:\/\/schema.org","@graph":[{"@type":"WebPage","@id":"https:\/\/www.bipea.org\/de\/technische-kontrollen-und-vertragsvereinbarungen\/","url":"https:\/\/www.bipea.org\/de\/technische-kontrollen-und-vertragsvereinbarungen\/","name":"TECHNISCHE KONTROLLEN UND VERTRAGSVEREINBARUNGEN - Bipea","isPartOf":{"@id":"https:\/\/www.bipea.org\/de\/#website"},"datePublished":"2017-12-24T17:03:52+00:00","dateModified":"2022-10-11T15:10:28+00:00","breadcrumb":{"@id":"https:\/\/www.bipea.org\/de\/technische-kontrollen-und-vertragsvereinbarungen\/#breadcrumb"},"inLanguage":"de","potentialAction":[{"@type":"ReadAction","target":["https:\/\/www.bipea.org\/de\/technische-kontrollen-und-vertragsvereinbarungen\/"]}]},{"@type":"BreadcrumbList","@id":"https:\/\/www.bipea.org\/de\/technische-kontrollen-und-vertragsvereinbarungen\/#breadcrumb","itemListElement":[{"@type":"ListItem","position":1,"name":"Accueil","item":"https:\/\/www.bipea.org\/de\/"},{"@type":"ListItem","position":2,"name":"TECHNISCHE KONTROLLEN UND VERTRAGSVEREINBARUNGEN"}]},{"@type":"WebSite","@id":"https:\/\/www.bipea.org\/de\/#website","url":"https:\/\/www.bipea.org\/de\/","name":"Bipea","description":"","potentialAction":[{"@type":"SearchAction","target":{"@type":"EntryPoint","urlTemplate":"https:\/\/www.bipea.org\/de\/?s={search_term_string}"},"query-input":{"@type":"PropertyValueSpecification","valueRequired":true,"valueName":"search_term_string"}}],"inLanguage":"de"}]}},"_links":{"self":[{"href":"https:\/\/www.bipea.org\/de\/wp-json\/wp\/v2\/pages\/12718","targetHints":{"allow":["GET"]}}],"collection":[{"href":"https:\/\/www.bipea.org\/de\/wp-json\/wp\/v2\/pages"}],"about":[{"href":"https:\/\/www.bipea.org\/de\/wp-json\/wp\/v2\/types\/page"}],"author":[{"embeddable":true,"href":"https:\/\/www.bipea.org\/de\/wp-json\/wp\/v2\/users\/1"}],"replies":[{"embeddable":true,"href":"https:\/\/www.bipea.org\/de\/wp-json\/wp\/v2\/comments?post=12718"}],"version-history":[{"count":3,"href":"https:\/\/www.bipea.org\/de\/wp-json\/wp\/v2\/pages\/12718\/revisions"}],"predecessor-version":[{"id":18747,"href":"https:\/\/www.bipea.org\/de\/wp-json\/wp\/v2\/pages\/12718\/revisions\/18747"}],"wp:attachment":[{"href":"https:\/\/www.bipea.org\/de\/wp-json\/wp\/v2\/media?parent=12718"}],"curies":[{"name":"wp","href":"https:\/\/api.w.org\/{rel}","templated":true}]}}