{"id":12711,"date":"2017-12-24T18:08:06","date_gmt":"2017-12-24T17:08:06","guid":{"rendered":"https:\/\/www.bipea.org\/training\/"},"modified":"2022-10-11T17:09:53","modified_gmt":"2022-10-11T15:09:53","slug":"weiterbildung-und-schulungen","status":"publish","type":"page","link":"https:\/\/www.bipea.org\/de\/weiterbildung-und-schulungen\/","title":{"rendered":"WEITERBILDUNG UND SCHULUNGEN"},"content":{"rendered":"<p class=\"font_8\"><span style=\"font-size: 14pt;\">BIPEA ist in der Lage, professionelle Schulungen zur Weiterbildung durchzuf\u00fchren. Diese Kurse werden je nach Bedarf der BIPEA-Mitglieder organisiert. Sie sollen einen gemeinsam definierten Bedarf decken und eine logische Erg\u00e4nzung zur Teilnahme an den Ringversuchen darstellen. Sie werden von BIPEA geleitet und warden unterst\u00fctzt durch einen oder mehrere anerkannte Sachverst\u00e4ndige auf dem entsprechenden Gebiet.<\/span><\/p>\n<p class=\"font_8\">\n<p class=\"font_8\"><span style=\"font-size: 14pt;\">Im Allgemeinen handelt es sich um theoretische und \/ oder praktische Schulungen zu einem technischen Thema (einschlie\u00dflich praktischer T\u00e4tigkeit in geeigneten R\u00e4umlichkeiten).<\/span><\/p>\n<p class=\"font_8\">\n<p class=\"font_8\"><span style=\"font-size: 14pt;\">Weitere Informationen zu diesen Angeboten erhalten Sie bei der wissenschaftlichen und technische Abteilung von BIPEA per Email unter scientific@bipea.org.<\/span><\/p>\n<p class=\"font_8\">\n<p class=\"font_8\"><span style=\"font-size: 14pt;\">Nat\u00fcrlich sind wir offen f\u00fcr Vorschl\u00e4ge in diesem Bereich, die wir mit entsprechender Sorgfalt aufgreifen werden.<\/span><\/p>\n","protected":false},"excerpt":{"rendered":"<p>BIPEA ist in der Lage, professionelle Schulungen zur Weiterbildung durchzuf\u00fchren. Diese Kurse werden je nach Bedarf der BIPEA-Mitglieder organisiert. Sie sollen einen gemeinsam definierten Bedarf decken und eine logische Erg\u00e4nzung zur Teilnahme an den Ringversuchen darstellen. Sie werden von BIPEA geleitet und warden unterst\u00fctzt durch einen oder mehrere anerkannte Sachverst\u00e4ndige auf dem entsprechenden Gebiet. Im Allgemeinen [&hellip;]<\/p>\n","protected":false},"author":1,"featured_media":0,"parent":0,"menu_order":0,"comment_status":"closed","ping_status":"closed","template":"","meta":{"footnotes":""},"class_list":["post-12711","page","type-page","status-publish","hentry"],"yoast_head":"<!-- This site is optimized with the Yoast SEO plugin v27.0 - https:\/\/yoast.com\/product\/yoast-seo-wordpress\/ -->\n<title>WEITERBILDUNG UND SCHULUNGEN - Bipea<\/title>\n<meta name=\"robots\" content=\"index, follow, max-snippet:-1, max-image-preview:large, max-video-preview:-1\" \/>\n<link rel=\"canonical\" href=\"https:\/\/www.bipea.org\/de\/weiterbildung-und-schulungen\/\" \/>\n<meta property=\"og:locale\" content=\"de_DE\" \/>\n<meta property=\"og:type\" content=\"article\" \/>\n<meta property=\"og:title\" content=\"WEITERBILDUNG UND SCHULUNGEN - Bipea\" \/>\n<meta property=\"og:description\" content=\"BIPEA ist in der Lage, professionelle Schulungen zur Weiterbildung durchzuf\u00fchren. Diese Kurse werden je nach Bedarf der BIPEA-Mitglieder organisiert. Sie sollen einen gemeinsam definierten Bedarf decken und eine logische Erg\u00e4nzung zur Teilnahme an den Ringversuchen darstellen. Sie werden von BIPEA geleitet und warden unterst\u00fctzt durch einen oder mehrere anerkannte Sachverst\u00e4ndige auf dem entsprechenden Gebiet. Im Allgemeinen [&hellip;]\" \/>\n<meta property=\"og:url\" content=\"https:\/\/www.bipea.org\/de\/weiterbildung-und-schulungen\/\" \/>\n<meta property=\"og:site_name\" content=\"Bipea\" \/>\n<meta property=\"article:publisher\" content=\"https:\/\/www.facebook.com\/Bipea-Proficiency-Testing-Programs-1726595444310313\/\" \/>\n<meta property=\"article:modified_time\" content=\"2022-10-11T15:09:53+00:00\" \/>\n<meta name=\"twitter:card\" content=\"summary_large_image\" \/>\n<meta name=\"twitter:site\" content=\"@BipeaP\" \/>\n<meta name=\"twitter:label1\" content=\"Gesch\u00e4tzte Lesezeit\" \/>\n\t<meta name=\"twitter:data1\" content=\"1\u00a0Minute\" \/>\n<script type=\"application\/ld+json\" class=\"yoast-schema-graph\">{\"@context\":\"https:\/\/schema.org\",\"@graph\":[{\"@type\":\"WebPage\",\"@id\":\"https:\/\/www.bipea.org\/de\/weiterbildung-und-schulungen\/\",\"url\":\"https:\/\/www.bipea.org\/de\/weiterbildung-und-schulungen\/\",\"name\":\"WEITERBILDUNG UND SCHULUNGEN - Bipea\",\"isPartOf\":{\"@id\":\"https:\/\/www.bipea.org\/de\/#website\"},\"datePublished\":\"2017-12-24T17:08:06+00:00\",\"dateModified\":\"2022-10-11T15:09:53+00:00\",\"breadcrumb\":{\"@id\":\"https:\/\/www.bipea.org\/de\/weiterbildung-und-schulungen\/#breadcrumb\"},\"inLanguage\":\"de\",\"potentialAction\":[{\"@type\":\"ReadAction\",\"target\":[\"https:\/\/www.bipea.org\/de\/weiterbildung-und-schulungen\/\"]}]},{\"@type\":\"BreadcrumbList\",\"@id\":\"https:\/\/www.bipea.org\/de\/weiterbildung-und-schulungen\/#breadcrumb\",\"itemListElement\":[{\"@type\":\"ListItem\",\"position\":1,\"name\":\"Accueil\",\"item\":\"https:\/\/www.bipea.org\/de\/\"},{\"@type\":\"ListItem\",\"position\":2,\"name\":\"WEITERBILDUNG UND SCHULUNGEN\"}]},{\"@type\":\"WebSite\",\"@id\":\"https:\/\/www.bipea.org\/de\/#website\",\"url\":\"https:\/\/www.bipea.org\/de\/\",\"name\":\"Bipea\",\"description\":\"\",\"potentialAction\":[{\"@type\":\"SearchAction\",\"target\":{\"@type\":\"EntryPoint\",\"urlTemplate\":\"https:\/\/www.bipea.org\/de\/?s={search_term_string}\"},\"query-input\":{\"@type\":\"PropertyValueSpecification\",\"valueRequired\":true,\"valueName\":\"search_term_string\"}}],\"inLanguage\":\"de\"}]}<\/script>\n<!-- \/ Yoast SEO plugin. -->","yoast_head_json":{"title":"WEITERBILDUNG UND SCHULUNGEN - Bipea","robots":{"index":"index","follow":"follow","max-snippet":"max-snippet:-1","max-image-preview":"max-image-preview:large","max-video-preview":"max-video-preview:-1"},"canonical":"https:\/\/www.bipea.org\/de\/weiterbildung-und-schulungen\/","og_locale":"de_DE","og_type":"article","og_title":"WEITERBILDUNG UND SCHULUNGEN - Bipea","og_description":"BIPEA ist in der Lage, professionelle Schulungen zur Weiterbildung durchzuf\u00fchren. Diese Kurse werden je nach Bedarf der BIPEA-Mitglieder organisiert. Sie sollen einen gemeinsam definierten Bedarf decken und eine logische Erg\u00e4nzung zur Teilnahme an den Ringversuchen darstellen. Sie werden von BIPEA geleitet und warden unterst\u00fctzt durch einen oder mehrere anerkannte Sachverst\u00e4ndige auf dem entsprechenden Gebiet. Im Allgemeinen [&hellip;]","og_url":"https:\/\/www.bipea.org\/de\/weiterbildung-und-schulungen\/","og_site_name":"Bipea","article_publisher":"https:\/\/www.facebook.com\/Bipea-Proficiency-Testing-Programs-1726595444310313\/","article_modified_time":"2022-10-11T15:09:53+00:00","twitter_card":"summary_large_image","twitter_site":"@BipeaP","twitter_misc":{"Gesch\u00e4tzte Lesezeit":"1\u00a0Minute"},"schema":{"@context":"https:\/\/schema.org","@graph":[{"@type":"WebPage","@id":"https:\/\/www.bipea.org\/de\/weiterbildung-und-schulungen\/","url":"https:\/\/www.bipea.org\/de\/weiterbildung-und-schulungen\/","name":"WEITERBILDUNG UND SCHULUNGEN - Bipea","isPartOf":{"@id":"https:\/\/www.bipea.org\/de\/#website"},"datePublished":"2017-12-24T17:08:06+00:00","dateModified":"2022-10-11T15:09:53+00:00","breadcrumb":{"@id":"https:\/\/www.bipea.org\/de\/weiterbildung-und-schulungen\/#breadcrumb"},"inLanguage":"de","potentialAction":[{"@type":"ReadAction","target":["https:\/\/www.bipea.org\/de\/weiterbildung-und-schulungen\/"]}]},{"@type":"BreadcrumbList","@id":"https:\/\/www.bipea.org\/de\/weiterbildung-und-schulungen\/#breadcrumb","itemListElement":[{"@type":"ListItem","position":1,"name":"Accueil","item":"https:\/\/www.bipea.org\/de\/"},{"@type":"ListItem","position":2,"name":"WEITERBILDUNG UND SCHULUNGEN"}]},{"@type":"WebSite","@id":"https:\/\/www.bipea.org\/de\/#website","url":"https:\/\/www.bipea.org\/de\/","name":"Bipea","description":"","potentialAction":[{"@type":"SearchAction","target":{"@type":"EntryPoint","urlTemplate":"https:\/\/www.bipea.org\/de\/?s={search_term_string}"},"query-input":{"@type":"PropertyValueSpecification","valueRequired":true,"valueName":"search_term_string"}}],"inLanguage":"de"}]}},"_links":{"self":[{"href":"https:\/\/www.bipea.org\/de\/wp-json\/wp\/v2\/pages\/12711","targetHints":{"allow":["GET"]}}],"collection":[{"href":"https:\/\/www.bipea.org\/de\/wp-json\/wp\/v2\/pages"}],"about":[{"href":"https:\/\/www.bipea.org\/de\/wp-json\/wp\/v2\/types\/page"}],"author":[{"embeddable":true,"href":"https:\/\/www.bipea.org\/de\/wp-json\/wp\/v2\/users\/1"}],"replies":[{"embeddable":true,"href":"https:\/\/www.bipea.org\/de\/wp-json\/wp\/v2\/comments?post=12711"}],"version-history":[{"count":2,"href":"https:\/\/www.bipea.org\/de\/wp-json\/wp\/v2\/pages\/12711\/revisions"}],"predecessor-version":[{"id":18746,"href":"https:\/\/www.bipea.org\/de\/wp-json\/wp\/v2\/pages\/12711\/revisions\/18746"}],"wp:attachment":[{"href":"https:\/\/www.bipea.org\/de\/wp-json\/wp\/v2\/media?parent=12711"}],"curies":[{"name":"wp","href":"https:\/\/api.w.org\/{rel}","templated":true}]}}