{"id":12705,"date":"2017-12-24T18:02:32","date_gmt":"2017-12-24T17:02:32","guid":{"rendered":"https:\/\/www.bipea.org\/customized-pt-programs\/"},"modified":"2022-10-11T17:09:16","modified_gmt":"2022-10-11T15:09:16","slug":"individuelle-ringversuche","status":"publish","type":"page","link":"https:\/\/www.bipea.org\/de\/individuelle-ringversuche\/","title":{"rendered":"INDIVIDUELLE RINGVERSUCHE"},"content":{"rendered":"<p class=\"font_8\" style=\"text-align: justify;\"><span style=\"font-size: 14pt;\">Bei den geschlossenen Ringversuchen handelt es sich um einen stark wachsenden T\u00e4tigkeitsbereich bei BIPEA. Es handelt sich dabei um individuelle Ringversuche, die auf Anfrage einer Gruppe von Laboren organisiert werden, oder auf Wunsch von Branchenverb\u00e4nden, oder auf Anfrage von Industrieunternehmen, um auf deren Bed\u00fcrfnisse zu reagieren.<\/span><\/p>\n<p class=\"font_8\" style=\"text-align: justify;\"><span class=\"wixGuard\" style=\"font-size: 14pt;\">\u200b<\/span><\/p>\n<p class=\"font_8\" style=\"text-align: justify;\"><span style=\"font-size: 14pt;\">Bei den geschlossenen Ringversuchen handelt es sich u.a. um:<\/span><\/p>\n<p class=\"font_8\" style=\"text-align: justify;\">\n<ul class=\"font_8\" style=\"color: #0076b3; text-align: justify;\">\n<li>\n<p class=\"font_8\"><span style=\"color: #0076b3; font-size: 14pt;\">die Qualit\u00e4tskontrolle einer Gruppe von Laboren,<\/span><\/p>\n<\/li>\n<li>\n<p class=\"font_8\"><span style=\"color: #0076b3; font-size: 14pt;\">Methoden\u00fcberpr\u00fcfung \/ Methodenvergleich,<\/span><\/p>\n<\/li>\n<li>\n<p class=\"font_8\"><span style=\"color: #0076b3; font-size: 14pt;\">die Charakterisierung von Methoden (ISO 5725): Absch\u00e4tzung der Genauigkeit f\u00fcr eine Methode w\u00e4hrend der Validierungsphase,<\/span><\/p>\n<\/li>\n<li>\n<p class=\"font_8\"><span style=\"color: #0076b3; font-size: 14pt;\">Statistische Ergebnisstudien,<\/span><\/p>\n<\/li>\n<li>\n<p class=\"font_8\"><span style=\"color: #0076b3; font-size: 14pt;\">die Bereitstellung von Internen Referenzmaterialien,<\/span><\/p>\n<\/li>\n<li>\n<p class=\"font_8\"><span style=\"color: #0076b3; font-size: 14pt;\">die Probenvorbereitung.<\/span><\/p>\n<\/li>\n<\/ul>\n<p class=\"font_8\" style=\"text-align: justify;\">\n<p class=\"font_8\" style=\"text-align: justify;\"><span style=\"font-size: 14pt;\">BIPEA kann die komplette Organisation dieser Ringversuche durchf\u00fchren oder auch nur einen Teil davon:<\/span><\/p>\n<p class=\"font_8\" style=\"text-align: justify;\">\n<ul class=\"font_8\" style=\"color: #0076b3; text-align: justify;\">\n<li>\n<p class=\"font_8\"><span style=\"color: #0076b3; font-size: 14pt;\">die Lieferung von Rohmaterialien,<\/span><\/p>\n<\/li>\n<li>\n<p class=\"font_8\"><span style=\"color: #0076b3; font-size: 14pt;\">die Probenherstellung,<\/span><\/p>\n<\/li>\n<li>\n<p class=\"font_8\"><span style=\"color: #0076b3; font-size: 14pt;\">den Versand der Proben,<\/span><\/p>\n<\/li>\n<li>\n<p class=\"font_8\"><span style=\"color: #0076b3; font-size: 14pt;\">die statistische Auswertung der Ergebnisse,<\/span><\/p>\n<\/li>\n<li>\n<p class=\"font_8\"><span style=\"color: #0076b3; font-size: 14pt;\">die Ver\u00f6ffentlichung der Analysenergebnisse.<\/span><\/p>\n<\/li>\n<\/ul>\n<p class=\"font_8\" style=\"text-align: justify;\">\n<p class=\"font_8\" style=\"text-align: justify;\"><span style=\"font-size: 14pt;\">Der Vorteil bei der Organisation durch BIPEA liegt in der Zusicherung der ordnungsgem\u00e4\u00dfen Umsetzung Ihrer Anforderungen und Bed\u00fcrfnisse. Sie profitieren von BIPEAs gro\u00dfem Know-how in der Organisation von individuellen Ringversuchen. Jeder Schritt kann von BIPEA durchgef\u00fchrt werden &#8211; je nach Wunsch des Kunden.<\/span><\/p>\n<p class=\"font_8\" style=\"text-align: justify;\">\n<p class=\"font_8\" style=\"text-align: justify;\"><span style=\"font-size: 14pt;\">F\u00fcr diese ma\u00dfgeschneiderten Ringversuche werden die Matrizes, die zu analysierenden Parameter, die M\u00f6glichkeit der Wiederholungen und die Methoden in enger Zusammenarbeit zwischen dem Auftraggeber und den zust\u00e4ndigen Abteilungen von BIPEA (Produktion, wissenschaftliche und technische Abteilung, Statistik) entwickelt.<\/span><\/p>\n<p class=\"font_8\" style=\"text-align: justify;\">\n<p class=\"font_8\" style=\"text-align: justify;\"><span style=\"font-size: 14pt;\">Nach einer sorgf\u00e4ltigen Definition der spezifischen Anforderungen f\u00fcr den individuellen Ringversuch wird BIPEA Ihnen ein Angebot unterbreiten k\u00f6nnen.<\/span><\/p>\n","protected":false},"excerpt":{"rendered":"<p>Bei den geschlossenen Ringversuchen handelt es sich um einen stark wachsenden T\u00e4tigkeitsbereich bei BIPEA. Es handelt sich dabei um individuelle Ringversuche, die auf Anfrage einer Gruppe von Laboren organisiert werden, oder auf Wunsch von Branchenverb\u00e4nden, oder auf Anfrage von Industrieunternehmen, um auf deren Bed\u00fcrfnisse zu reagieren. \u200b Bei den geschlossenen Ringversuchen handelt es sich u.a. um: [&hellip;]<\/p>\n","protected":false},"author":1,"featured_media":0,"parent":0,"menu_order":0,"comment_status":"closed","ping_status":"closed","template":"","meta":{"footnotes":""},"class_list":["post-12705","page","type-page","status-publish","hentry"],"yoast_head":"<!-- This site is optimized with the Yoast SEO plugin v27.0 - https:\/\/yoast.com\/product\/yoast-seo-wordpress\/ -->\n<title>INDIVIDUELLE RINGVERSUCHE - Bipea<\/title>\n<meta name=\"robots\" content=\"index, follow, max-snippet:-1, max-image-preview:large, max-video-preview:-1\" \/>\n<link rel=\"canonical\" href=\"https:\/\/www.bipea.org\/de\/individuelle-ringversuche\/\" \/>\n<meta property=\"og:locale\" content=\"de_DE\" \/>\n<meta property=\"og:type\" content=\"article\" \/>\n<meta property=\"og:title\" content=\"INDIVIDUELLE RINGVERSUCHE - Bipea\" \/>\n<meta property=\"og:description\" content=\"Bei den geschlossenen Ringversuchen handelt es sich um einen stark wachsenden T\u00e4tigkeitsbereich bei BIPEA. Es handelt sich dabei um individuelle Ringversuche, die auf Anfrage einer Gruppe von Laboren organisiert werden, oder auf Wunsch von Branchenverb\u00e4nden, oder auf Anfrage von Industrieunternehmen, um auf deren Bed\u00fcrfnisse zu reagieren. \u200b Bei den geschlossenen Ringversuchen handelt es sich u.a. um: [&hellip;]\" \/>\n<meta property=\"og:url\" content=\"https:\/\/www.bipea.org\/de\/individuelle-ringversuche\/\" \/>\n<meta property=\"og:site_name\" content=\"Bipea\" \/>\n<meta property=\"article:publisher\" content=\"https:\/\/www.facebook.com\/Bipea-Proficiency-Testing-Programs-1726595444310313\/\" \/>\n<meta property=\"article:modified_time\" content=\"2022-10-11T15:09:16+00:00\" \/>\n<meta name=\"twitter:card\" content=\"summary_large_image\" \/>\n<meta name=\"twitter:site\" content=\"@BipeaP\" \/>\n<meta name=\"twitter:label1\" content=\"Gesch\u00e4tzte Lesezeit\" \/>\n\t<meta name=\"twitter:data1\" content=\"2\u00a0Minuten\" \/>\n<script type=\"application\/ld+json\" class=\"yoast-schema-graph\">{\"@context\":\"https:\/\/schema.org\",\"@graph\":[{\"@type\":\"WebPage\",\"@id\":\"https:\/\/www.bipea.org\/de\/individuelle-ringversuche\/\",\"url\":\"https:\/\/www.bipea.org\/de\/individuelle-ringversuche\/\",\"name\":\"INDIVIDUELLE RINGVERSUCHE - Bipea\",\"isPartOf\":{\"@id\":\"https:\/\/www.bipea.org\/de\/#website\"},\"datePublished\":\"2017-12-24T17:02:32+00:00\",\"dateModified\":\"2022-10-11T15:09:16+00:00\",\"breadcrumb\":{\"@id\":\"https:\/\/www.bipea.org\/de\/individuelle-ringversuche\/#breadcrumb\"},\"inLanguage\":\"de\",\"potentialAction\":[{\"@type\":\"ReadAction\",\"target\":[\"https:\/\/www.bipea.org\/de\/individuelle-ringversuche\/\"]}]},{\"@type\":\"BreadcrumbList\",\"@id\":\"https:\/\/www.bipea.org\/de\/individuelle-ringversuche\/#breadcrumb\",\"itemListElement\":[{\"@type\":\"ListItem\",\"position\":1,\"name\":\"Accueil\",\"item\":\"https:\/\/www.bipea.org\/de\/\"},{\"@type\":\"ListItem\",\"position\":2,\"name\":\"INDIVIDUELLE RINGVERSUCHE\"}]},{\"@type\":\"WebSite\",\"@id\":\"https:\/\/www.bipea.org\/de\/#website\",\"url\":\"https:\/\/www.bipea.org\/de\/\",\"name\":\"Bipea\",\"description\":\"\",\"potentialAction\":[{\"@type\":\"SearchAction\",\"target\":{\"@type\":\"EntryPoint\",\"urlTemplate\":\"https:\/\/www.bipea.org\/de\/?s={search_term_string}\"},\"query-input\":{\"@type\":\"PropertyValueSpecification\",\"valueRequired\":true,\"valueName\":\"search_term_string\"}}],\"inLanguage\":\"de\"}]}<\/script>\n<!-- \/ Yoast SEO plugin. -->","yoast_head_json":{"title":"INDIVIDUELLE RINGVERSUCHE - Bipea","robots":{"index":"index","follow":"follow","max-snippet":"max-snippet:-1","max-image-preview":"max-image-preview:large","max-video-preview":"max-video-preview:-1"},"canonical":"https:\/\/www.bipea.org\/de\/individuelle-ringversuche\/","og_locale":"de_DE","og_type":"article","og_title":"INDIVIDUELLE RINGVERSUCHE - Bipea","og_description":"Bei den geschlossenen Ringversuchen handelt es sich um einen stark wachsenden T\u00e4tigkeitsbereich bei BIPEA. Es handelt sich dabei um individuelle Ringversuche, die auf Anfrage einer Gruppe von Laboren organisiert werden, oder auf Wunsch von Branchenverb\u00e4nden, oder auf Anfrage von Industrieunternehmen, um auf deren Bed\u00fcrfnisse zu reagieren. \u200b Bei den geschlossenen Ringversuchen handelt es sich u.a. um: [&hellip;]","og_url":"https:\/\/www.bipea.org\/de\/individuelle-ringversuche\/","og_site_name":"Bipea","article_publisher":"https:\/\/www.facebook.com\/Bipea-Proficiency-Testing-Programs-1726595444310313\/","article_modified_time":"2022-10-11T15:09:16+00:00","twitter_card":"summary_large_image","twitter_site":"@BipeaP","twitter_misc":{"Gesch\u00e4tzte Lesezeit":"2\u00a0Minuten"},"schema":{"@context":"https:\/\/schema.org","@graph":[{"@type":"WebPage","@id":"https:\/\/www.bipea.org\/de\/individuelle-ringversuche\/","url":"https:\/\/www.bipea.org\/de\/individuelle-ringversuche\/","name":"INDIVIDUELLE RINGVERSUCHE - Bipea","isPartOf":{"@id":"https:\/\/www.bipea.org\/de\/#website"},"datePublished":"2017-12-24T17:02:32+00:00","dateModified":"2022-10-11T15:09:16+00:00","breadcrumb":{"@id":"https:\/\/www.bipea.org\/de\/individuelle-ringversuche\/#breadcrumb"},"inLanguage":"de","potentialAction":[{"@type":"ReadAction","target":["https:\/\/www.bipea.org\/de\/individuelle-ringversuche\/"]}]},{"@type":"BreadcrumbList","@id":"https:\/\/www.bipea.org\/de\/individuelle-ringversuche\/#breadcrumb","itemListElement":[{"@type":"ListItem","position":1,"name":"Accueil","item":"https:\/\/www.bipea.org\/de\/"},{"@type":"ListItem","position":2,"name":"INDIVIDUELLE RINGVERSUCHE"}]},{"@type":"WebSite","@id":"https:\/\/www.bipea.org\/de\/#website","url":"https:\/\/www.bipea.org\/de\/","name":"Bipea","description":"","potentialAction":[{"@type":"SearchAction","target":{"@type":"EntryPoint","urlTemplate":"https:\/\/www.bipea.org\/de\/?s={search_term_string}"},"query-input":{"@type":"PropertyValueSpecification","valueRequired":true,"valueName":"search_term_string"}}],"inLanguage":"de"}]}},"_links":{"self":[{"href":"https:\/\/www.bipea.org\/de\/wp-json\/wp\/v2\/pages\/12705","targetHints":{"allow":["GET"]}}],"collection":[{"href":"https:\/\/www.bipea.org\/de\/wp-json\/wp\/v2\/pages"}],"about":[{"href":"https:\/\/www.bipea.org\/de\/wp-json\/wp\/v2\/types\/page"}],"author":[{"embeddable":true,"href":"https:\/\/www.bipea.org\/de\/wp-json\/wp\/v2\/users\/1"}],"replies":[{"embeddable":true,"href":"https:\/\/www.bipea.org\/de\/wp-json\/wp\/v2\/comments?post=12705"}],"version-history":[{"count":2,"href":"https:\/\/www.bipea.org\/de\/wp-json\/wp\/v2\/pages\/12705\/revisions"}],"predecessor-version":[{"id":18745,"href":"https:\/\/www.bipea.org\/de\/wp-json\/wp\/v2\/pages\/12705\/revisions\/18745"}],"wp:attachment":[{"href":"https:\/\/www.bipea.org\/de\/wp-json\/wp\/v2\/media?parent=12705"}],"curies":[{"name":"wp","href":"https:\/\/api.w.org\/{rel}","templated":true}]}}