{"id":12697,"date":"2017-12-21T20:06:19","date_gmt":"2017-12-21T19:06:19","guid":{"rendered":"https:\/\/www.bipea.org\/external-reference-materials\/"},"modified":"2022-10-11T17:08:41","modified_gmt":"2022-10-11T15:08:41","slug":"externes-referenzmaterial","status":"publish","type":"page","link":"https:\/\/www.bipea.org\/de\/externes-referenzmaterial\/","title":{"rendered":"EXTERNES REFERENZMATERIAL"},"content":{"rendered":"<p class=\"font_8\" style=\"text-align: justify;\"><strong><span style=\"color: #0076b3; font-size: 14pt;\">WAS IST EIN EXTERNES REFERENZMATERIAL?<\/span><\/strong><\/p>\n<p class=\"font_8\" style=\"text-align: justify;\"><span style=\"color: #0076b3; font-size: 14pt;\"><span class=\"wixGuard\">\u200b<\/span><\/span><\/p>\n<p class=\"font_8\" style=\"text-align: justify;\"><span style=\"font-size: 14pt;\">Externe Referenzmaterialien sind Proben aus (bereits durchgef\u00fchrten) Laborvergleichsuntersuchungen.<\/span><\/p>\n<p class=\"font_8\" style=\"text-align: justify;\">\n<p class=\"font_8\" style=\"text-align: justify;\"><span style=\"font-size: 14pt;\">Sie erm\u00f6glichen Ihnen, die analytische Leistung Ihres Labores zu verifizieren anhand von Proben aus regelm\u00e4\u00dfig stattfindenen Ringversuchsreihen, deren Referenzwerte \/ Pr\u00fcfkenngr\u00f6\u00dfen bereits bermittelt wurden.<\/span><\/p>\n<p class=\"font_8\" style=\"text-align: justify;\">\n<p class=\"font_8\" style=\"text-align: justify;\"><span style=\"font-size: 14pt;\">Diese Proben sollen dazu beitragen, Ihren Qualit\u00e4tssicherungsma\u00dfnahmen auch au\u00dferhalb der regul\u00e4ren Ringversuchsteilnahmen weiter zu entwickeln.<\/span><\/p>\n<p class=\"font_8\" style=\"text-align: justify;\">\n<p class=\"font_8\" style=\"text-align: justify;\"><span style=\"font-size: 14pt;\">Um dies zu erreichen legen wir gr\u00f6\u00dfte Sorgfalt auf die Lagerung von externem Referenzmaterial sowie auf den Versand bis hin zur Ankunft der bestellten Probe in Ihrem Labor<\/span><\/p>\n<p class=\"font_8\" style=\"text-align: justify;\"><span class=\"wixGuard\" style=\"font-size: 14pt;\">\u200b<\/span><\/p>\n<p class=\"font_8\" style=\"text-align: justify;\"><span class=\"wixGuard\" style=\"font-size: 14pt;\">\u200b<\/span><\/p>\n<p class=\"font_8\" style=\"text-align: justify;\"><strong><span style=\"color: #0076b3; font-size: 14pt;\">VORAUSSETZUNGEN F\u00dcR DEN ERHALT VON EXTERNEM REFERENZMATERIAL:<\/span><\/strong><\/p>\n<p class=\"font_8\" style=\"text-align: justify;\"><span style=\"color: #0076b3; font-size: 14pt;\"><span class=\"wixGuard\">\u200b<\/span><\/span><\/p>\n<p class=\"font_8\" style=\"text-align: justify;\"><span style=\"font-size: 14pt;\">Die externe Referenzmaterialien erf\u00fcllen dem technischen Standard FD V03-115 von AFNOR (\u201eAnalysis of agricultural and food products. Guide for the use of reference materials\u201c). Die Referenzmaterialien werden einzeln angeboten und sind exklusiv nur f\u00fcr BIPEA-Mitglieder erh\u00e4ltlich. Sie werden erst nach Auswertung der Referenzwerte durch den Pr\u00e4sidenten des Ringversuchs und nach Ver\u00f6ffentlichung des Ergebnisreports (zu dem Ringversuch) zur Verf\u00fcgung gestellt.<\/span><\/p>\n<p class=\"font_8\" style=\"text-align: justify;\">\n<p class=\"font_8\" style=\"text-align: justify;\"><span style=\"font-size: 14pt;\">Die externe Referenzmaterialien werden je nach Verf\u00fcgbarkeit angeboten. Sie werden zu geeigneten Bedingungen gelagert : im K\u00fchlraum, bei einer andereren geeigneten Temperatur\u00a0 oder im Gefrierschrank: Die Lagerzeit variiert je nach Art der Probe (siehe Tabelle unten).<\/span><\/p>\n<p class=\"font_8\" style=\"text-align: justify;\">\n<p class=\"font_8\" style=\"text-align: justify;\"><span style=\"font-size: 14pt;\">Die Lagerzeit und die Lagerbedingungen werden durch BIPEA garantiert und erlauben Ihnen, Proben von der gleichen Qualit\u00e4t in Bezug auf die Homogenit\u00e4t zu erhalten.<\/span><\/p>\n<p class=\"font_8\" style=\"text-align: justify;\"><span class=\"wixGuard\" style=\"font-size: 14pt;\">\u200b<\/span><\/p>\n","protected":false},"excerpt":{"rendered":"<p>WAS IST EIN EXTERNES REFERENZMATERIAL? \u200b Externe Referenzmaterialien sind Proben aus (bereits durchgef\u00fchrten) Laborvergleichsuntersuchungen. Sie erm\u00f6glichen Ihnen, die analytische Leistung Ihres Labores zu verifizieren anhand von Proben aus regelm\u00e4\u00dfig stattfindenen Ringversuchsreihen, deren Referenzwerte \/ Pr\u00fcfkenngr\u00f6\u00dfen bereits bermittelt wurden. Diese Proben sollen dazu beitragen, Ihren Qualit\u00e4tssicherungsma\u00dfnahmen auch au\u00dferhalb der regul\u00e4ren Ringversuchsteilnahmen weiter zu entwickeln. Um dies zu [&hellip;]<\/p>\n","protected":false},"author":1,"featured_media":0,"parent":0,"menu_order":0,"comment_status":"closed","ping_status":"closed","template":"","meta":{"footnotes":""},"class_list":["post-12697","page","type-page","status-publish","hentry"],"yoast_head":"<!-- This site is optimized with the Yoast SEO plugin v27.0 - https:\/\/yoast.com\/product\/yoast-seo-wordpress\/ -->\n<title>EXTERNES REFERENZMATERIAL - Bipea<\/title>\n<meta name=\"robots\" content=\"index, follow, max-snippet:-1, max-image-preview:large, max-video-preview:-1\" \/>\n<link rel=\"canonical\" href=\"https:\/\/www.bipea.org\/de\/externes-referenzmaterial\/\" \/>\n<meta property=\"og:locale\" content=\"de_DE\" \/>\n<meta property=\"og:type\" content=\"article\" \/>\n<meta property=\"og:title\" content=\"EXTERNES REFERENZMATERIAL - Bipea\" \/>\n<meta property=\"og:description\" content=\"WAS IST EIN EXTERNES REFERENZMATERIAL? \u200b Externe Referenzmaterialien sind Proben aus (bereits durchgef\u00fchrten) Laborvergleichsuntersuchungen. Sie erm\u00f6glichen Ihnen, die analytische Leistung Ihres Labores zu verifizieren anhand von Proben aus regelm\u00e4\u00dfig stattfindenen Ringversuchsreihen, deren Referenzwerte \/ Pr\u00fcfkenngr\u00f6\u00dfen bereits bermittelt wurden. Diese Proben sollen dazu beitragen, Ihren Qualit\u00e4tssicherungsma\u00dfnahmen auch au\u00dferhalb der regul\u00e4ren Ringversuchsteilnahmen weiter zu entwickeln. Um dies zu [&hellip;]\" \/>\n<meta property=\"og:url\" content=\"https:\/\/www.bipea.org\/de\/externes-referenzmaterial\/\" \/>\n<meta property=\"og:site_name\" content=\"Bipea\" \/>\n<meta property=\"article:publisher\" content=\"https:\/\/www.facebook.com\/Bipea-Proficiency-Testing-Programs-1726595444310313\/\" \/>\n<meta property=\"article:modified_time\" content=\"2022-10-11T15:08:41+00:00\" \/>\n<meta name=\"twitter:card\" content=\"summary_large_image\" \/>\n<meta name=\"twitter:site\" content=\"@BipeaP\" \/>\n<meta name=\"twitter:label1\" content=\"Gesch\u00e4tzte Lesezeit\" \/>\n\t<meta name=\"twitter:data1\" content=\"2\u00a0Minuten\" \/>\n<script type=\"application\/ld+json\" class=\"yoast-schema-graph\">{\"@context\":\"https:\/\/schema.org\",\"@graph\":[{\"@type\":\"WebPage\",\"@id\":\"https:\/\/www.bipea.org\/de\/externes-referenzmaterial\/\",\"url\":\"https:\/\/www.bipea.org\/de\/externes-referenzmaterial\/\",\"name\":\"EXTERNES REFERENZMATERIAL - Bipea\",\"isPartOf\":{\"@id\":\"https:\/\/www.bipea.org\/de\/#website\"},\"datePublished\":\"2017-12-21T19:06:19+00:00\",\"dateModified\":\"2022-10-11T15:08:41+00:00\",\"breadcrumb\":{\"@id\":\"https:\/\/www.bipea.org\/de\/externes-referenzmaterial\/#breadcrumb\"},\"inLanguage\":\"de\",\"potentialAction\":[{\"@type\":\"ReadAction\",\"target\":[\"https:\/\/www.bipea.org\/de\/externes-referenzmaterial\/\"]}]},{\"@type\":\"BreadcrumbList\",\"@id\":\"https:\/\/www.bipea.org\/de\/externes-referenzmaterial\/#breadcrumb\",\"itemListElement\":[{\"@type\":\"ListItem\",\"position\":1,\"name\":\"Accueil\",\"item\":\"https:\/\/www.bipea.org\/de\/\"},{\"@type\":\"ListItem\",\"position\":2,\"name\":\"EXTERNES REFERENZMATERIAL\"}]},{\"@type\":\"WebSite\",\"@id\":\"https:\/\/www.bipea.org\/de\/#website\",\"url\":\"https:\/\/www.bipea.org\/de\/\",\"name\":\"Bipea\",\"description\":\"\",\"potentialAction\":[{\"@type\":\"SearchAction\",\"target\":{\"@type\":\"EntryPoint\",\"urlTemplate\":\"https:\/\/www.bipea.org\/de\/?s={search_term_string}\"},\"query-input\":{\"@type\":\"PropertyValueSpecification\",\"valueRequired\":true,\"valueName\":\"search_term_string\"}}],\"inLanguage\":\"de\"}]}<\/script>\n<!-- \/ Yoast SEO plugin. -->","yoast_head_json":{"title":"EXTERNES REFERENZMATERIAL - Bipea","robots":{"index":"index","follow":"follow","max-snippet":"max-snippet:-1","max-image-preview":"max-image-preview:large","max-video-preview":"max-video-preview:-1"},"canonical":"https:\/\/www.bipea.org\/de\/externes-referenzmaterial\/","og_locale":"de_DE","og_type":"article","og_title":"EXTERNES REFERENZMATERIAL - Bipea","og_description":"WAS IST EIN EXTERNES REFERENZMATERIAL? \u200b Externe Referenzmaterialien sind Proben aus (bereits durchgef\u00fchrten) Laborvergleichsuntersuchungen. Sie erm\u00f6glichen Ihnen, die analytische Leistung Ihres Labores zu verifizieren anhand von Proben aus regelm\u00e4\u00dfig stattfindenen Ringversuchsreihen, deren Referenzwerte \/ Pr\u00fcfkenngr\u00f6\u00dfen bereits bermittelt wurden. Diese Proben sollen dazu beitragen, Ihren Qualit\u00e4tssicherungsma\u00dfnahmen auch au\u00dferhalb der regul\u00e4ren Ringversuchsteilnahmen weiter zu entwickeln. Um dies zu [&hellip;]","og_url":"https:\/\/www.bipea.org\/de\/externes-referenzmaterial\/","og_site_name":"Bipea","article_publisher":"https:\/\/www.facebook.com\/Bipea-Proficiency-Testing-Programs-1726595444310313\/","article_modified_time":"2022-10-11T15:08:41+00:00","twitter_card":"summary_large_image","twitter_site":"@BipeaP","twitter_misc":{"Gesch\u00e4tzte Lesezeit":"2\u00a0Minuten"},"schema":{"@context":"https:\/\/schema.org","@graph":[{"@type":"WebPage","@id":"https:\/\/www.bipea.org\/de\/externes-referenzmaterial\/","url":"https:\/\/www.bipea.org\/de\/externes-referenzmaterial\/","name":"EXTERNES REFERENZMATERIAL - Bipea","isPartOf":{"@id":"https:\/\/www.bipea.org\/de\/#website"},"datePublished":"2017-12-21T19:06:19+00:00","dateModified":"2022-10-11T15:08:41+00:00","breadcrumb":{"@id":"https:\/\/www.bipea.org\/de\/externes-referenzmaterial\/#breadcrumb"},"inLanguage":"de","potentialAction":[{"@type":"ReadAction","target":["https:\/\/www.bipea.org\/de\/externes-referenzmaterial\/"]}]},{"@type":"BreadcrumbList","@id":"https:\/\/www.bipea.org\/de\/externes-referenzmaterial\/#breadcrumb","itemListElement":[{"@type":"ListItem","position":1,"name":"Accueil","item":"https:\/\/www.bipea.org\/de\/"},{"@type":"ListItem","position":2,"name":"EXTERNES REFERENZMATERIAL"}]},{"@type":"WebSite","@id":"https:\/\/www.bipea.org\/de\/#website","url":"https:\/\/www.bipea.org\/de\/","name":"Bipea","description":"","potentialAction":[{"@type":"SearchAction","target":{"@type":"EntryPoint","urlTemplate":"https:\/\/www.bipea.org\/de\/?s={search_term_string}"},"query-input":{"@type":"PropertyValueSpecification","valueRequired":true,"valueName":"search_term_string"}}],"inLanguage":"de"}]}},"_links":{"self":[{"href":"https:\/\/www.bipea.org\/de\/wp-json\/wp\/v2\/pages\/12697","targetHints":{"allow":["GET"]}}],"collection":[{"href":"https:\/\/www.bipea.org\/de\/wp-json\/wp\/v2\/pages"}],"about":[{"href":"https:\/\/www.bipea.org\/de\/wp-json\/wp\/v2\/types\/page"}],"author":[{"embeddable":true,"href":"https:\/\/www.bipea.org\/de\/wp-json\/wp\/v2\/users\/1"}],"replies":[{"embeddable":true,"href":"https:\/\/www.bipea.org\/de\/wp-json\/wp\/v2\/comments?post=12697"}],"version-history":[{"count":3,"href":"https:\/\/www.bipea.org\/de\/wp-json\/wp\/v2\/pages\/12697\/revisions"}],"predecessor-version":[{"id":18744,"href":"https:\/\/www.bipea.org\/de\/wp-json\/wp\/v2\/pages\/12697\/revisions\/18744"}],"wp:attachment":[{"href":"https:\/\/www.bipea.org\/de\/wp-json\/wp\/v2\/media?parent=12697"}],"curies":[{"name":"wp","href":"https:\/\/api.w.org\/{rel}","templated":true}]}}