{"id":12648,"date":"2017-12-24T18:29:32","date_gmt":"2017-12-24T17:29:32","guid":{"rendered":"https:\/\/www.bipea.org\/missions-et-services\/"},"modified":"2022-10-11T17:01:16","modified_gmt":"2022-10-11T15:01:16","slug":"unser-services","status":"publish","type":"page","link":"https:\/\/www.bipea.org\/de\/unser-services\/","title":{"rendered":"UNSER SERVICES"},"content":{"rendered":"<p class=\"font_8\" style=\"text-align: justify;\"><strong><span style=\"color: #0076b3; font-size: 14pt;\">UNSER\u00a0ANPRUCH<\/span><\/strong><\/p>\n<p class=\"font_8\" style=\"text-align: justify;\"><span style=\"color: #0076b3; font-size: 14pt;\"><span class=\"wixGuard\">\u200b<\/span><\/span><\/p>\n<p class=\"font_8\" style=\"text-align: justify;\"><span style=\"color: #2f2e2e; font-size: 14pt;\">BIPEA m\u00f6chte zur Verbesserung der Qualit\u00e4t von Analyselaboren beitragen. Grunds\u00e4tzliches Ziel von Bipea ist es,\u00a0Ringversuche\u00a0in unterschiedlichen Marktsegmenten anzubieten, die ein sehr gutes Preis-Leistungsverh\u00e4ltnis haben.<\/span><\/p>\n<p class=\"font_8\" style=\"text-align: justify;\"><span class=\"wixGuard\" style=\"font-size: 14pt;\">\u200b<\/span><\/p>\n<p class=\"font_8\" style=\"text-align: justify;\"><span class=\"wixGuard\" style=\"font-size: 14pt;\">\u200b<\/span><\/p>\n<p class=\"font_8\" style=\"text-align: justify;\"><strong><span style=\"color: #0076b3; font-size: 14pt;\">UNSER\u00a0SERVICE<\/span><\/strong><\/p>\n<p class=\"font_8\" style=\"text-align: justify;\"><span style=\"font-size: 14pt;\">Bipea bietet Laboren, die physikalisch-chemische, mikrobiologische und sensorische Analysen durchf\u00fchren, einen vielf\u00e4ltigen und individuellen Service an:<\/span><\/p>\n<p class=\"font_8\"><span class=\"wixGuard\" style=\"font-size: 14pt;\">\u200b<\/span><\/p>\n<ul class=\"font_8\" style=\"text-align: justify;\">\n<li>\n<p class=\"font_8\"><span style=\"font-size: 14pt;\"><span style=\"font-weight: bold;\">LABORVERGLEICHSUNTERSUCHUNGEN<\/span>: Bipea bietet ein vielf\u00e4ltiges Programm an von mehr als 60 Versuchen in den Bereichen Getreide und Mehle, Nahrungs- und Futtermittel, Umwelt und Kosmetik. Um einen qualitativ hohen Service zu gew\u00e4hrleisten, werden alle n\u00f6tigen Abwicklungsprozesse betriebsintern durchgef\u00fchrt, die Konzeption der Ringversuche, die Herstellung und der Versand der Proben und die statistische Auswertung<\/span><\/p>\n<\/li>\n<li>\n<p class=\"font_8\"><span style=\"font-size: 14pt;\"><span style=\"font-weight: bold;\">EXTERNES REFERENZMATERIAL<\/span>: Bipea bietet seinen Mitgliedern externes Referenzmaterial mit einem vielf\u00e4ltigem Spektrum an Parametern auf einem g\u00fcnstigen Preisniveau.<\/span><\/p>\n<\/li>\n<li>\n<p class=\"font_8\"><span style=\"font-size: 14pt;\"><span style=\"font-weight: bold;\">MONITORING CHARTS<\/span>: BBipea erstellt genaue Messdiagramme, um die Genauigkeit der Analysenresultate zu verfolgen durch grafische Darstellung der Abweichung zum \u201eAssigned value\u201c und f\u00fcr weitere festgelegte Leistungskriterien.<\/span><\/p>\n<\/li>\n<li>\n<p class=\"font_8\"><span style=\"font-size: 14pt;\"><span style=\"font-weight: bold;\">INDIVIDUELLE LABORVERGLEICHSUNTERSUCHUNGEN<\/span>: Auf Anfrage kann Bipea individuelle Ringtests organisieren und diese auswerten. Weiterhin kann Testmaterial f\u00fcr Validierungsstudien bereit gestellt werden, um die Validierung zu standardisieren. Bipea kann auch homogenisierte Proben in einer umfangreichen Auswahl an Matrices anbieten und statistische Analysen ausarbeiten.<\/span><\/p>\n<\/li>\n<li>\n<p class=\"font_8\"><span style=\"font-size: 14pt;\"><span style=\"font-weight: bold;\">QUALIT\u00c4TSKONTROLLEN<\/span>: Labore k\u00f6nnen von ihren Vertragspartnern (z. B. Verb\u00e4nde) mit Analysen beauftragt werden. Auch k\u00f6nnen Labore von \u00f6ffentlichen Institutionen (z. B. Ministerien) mit hoheitlichen Aufgaben beliehen werden. Bipea f\u00fchrt Qualit\u00e4tskontrollen (z. B. durch Ringversuche) bei den Laboren durch, die die Analysekompetenz der Labore auf den jeweiligen Analysegebieten sicherstellen soll.<\/span><\/p>\n<\/li>\n<li>\n<p class=\"font_8\"><span style=\"font-size: 14pt;\"><span style=\"font-weight: bold;\">TRAININGSANGEBOTE<\/span>: Bipea stellt Trainingsangebote zur Verf\u00fcgung, bei Bedarf auch zu technischen Fragestellungen.<\/span><\/p>\n<\/li>\n<\/ul>\n<p>&nbsp;<\/p>\n<p class=\"font_8\" style=\"text-align: justify;\"><span style=\"color: #0076b3; font-size: 14pt;\"><strong>ZIELE F\u00dcR LABORATORIEN:<\/strong> <\/span><\/p>\n<p class=\"font_8\" style=\"text-align: justify;\"><span style=\"color: #0076b3; font-size: 14pt;\"><span class=\"wixGuard\">\u200b<\/span><\/span><\/p>\n<ul class=\"font_8\" style=\"text-align: justify;\">\n<li>\n<p class=\"font_8\"><span style=\"font-size: 14pt;\">die Bewertung der Richtigkeite Ihrer Analysenergebnisse,<\/span><\/p>\n<\/li>\n<li>\n<p class=\"font_8\"><span style=\"font-size: 14pt;\">die \u00dcberwachung und Verbesserung Ihrer analytischen Leistung kurz-, mittel- und langfristig,<\/span><\/p>\n<\/li>\n<li>\n<p class=\"font_8\"><span style=\"font-size: 14pt;\">die \u00dcberpr\u00fcfung der Funktionsf\u00e4higkeit Ihrer Laborausstattung sowie eine \u00dcberpr\u00fcfung des technischen Fachwissens Ihres Personals,<\/span><\/p>\n<\/li>\n<li>\n<p class=\"font_8\"><span style=\"font-size: 14pt;\">das Eingehen auf aktuelle Anforderungen von Qualit\u00e4tsnormen,<\/span><\/p>\n<\/li>\n<li>\n<p class=\"font_8\"><span style=\"font-size: 14pt;\">die Zusicherung gegen\u00fcber Ihrem Auftraggeber f\u00fcr die Qualit\u00e4t und Sicherheit Ihres Analysenangebotes,<\/span><\/p>\n<\/li>\n<li>\n<p class=\"font_8\"><span style=\"font-size: 14pt;\">die Vermittlung eines positiven Images sowie unterst\u00fctzende Argumente f\u00fcr Ihre analytische Leistung gegen\u00fcber Ihren Kunden.<\/span><\/p>\n<\/li>\n<\/ul>\n","protected":false},"excerpt":{"rendered":"<p>UNSER\u00a0ANPRUCH \u200b BIPEA m\u00f6chte zur Verbesserung der Qualit\u00e4t von Analyselaboren beitragen. Grunds\u00e4tzliches Ziel von Bipea ist es,\u00a0Ringversuche\u00a0in unterschiedlichen Marktsegmenten anzubieten, die ein sehr gutes Preis-Leistungsverh\u00e4ltnis haben. \u200b \u200b UNSER\u00a0SERVICE Bipea bietet Laboren, die physikalisch-chemische, mikrobiologische und sensorische Analysen durchf\u00fchren, einen vielf\u00e4ltigen und individuellen Service an: \u200b LABORVERGLEICHSUNTERSUCHUNGEN: Bipea bietet ein vielf\u00e4ltiges Programm an von mehr als [&hellip;]<\/p>\n","protected":false},"author":1,"featured_media":0,"parent":0,"menu_order":0,"comment_status":"closed","ping_status":"closed","template":"","meta":{"footnotes":""},"class_list":["post-12648","page","type-page","status-publish","hentry"],"yoast_head":"<!-- This site is optimized with the Yoast SEO plugin v27.0 - https:\/\/yoast.com\/product\/yoast-seo-wordpress\/ -->\n<title>UNSER SERVICES - Bipea<\/title>\n<meta name=\"robots\" content=\"index, follow, max-snippet:-1, max-image-preview:large, max-video-preview:-1\" \/>\n<link rel=\"canonical\" href=\"https:\/\/www.bipea.org\/de\/unser-services\/\" \/>\n<meta property=\"og:locale\" content=\"de_DE\" \/>\n<meta property=\"og:type\" content=\"article\" \/>\n<meta property=\"og:title\" content=\"UNSER SERVICES - Bipea\" \/>\n<meta property=\"og:description\" content=\"UNSER\u00a0ANPRUCH \u200b BIPEA m\u00f6chte zur Verbesserung der Qualit\u00e4t von Analyselaboren beitragen. Grunds\u00e4tzliches Ziel von Bipea ist es,\u00a0Ringversuche\u00a0in unterschiedlichen Marktsegmenten anzubieten, die ein sehr gutes Preis-Leistungsverh\u00e4ltnis haben. \u200b \u200b UNSER\u00a0SERVICE Bipea bietet Laboren, die physikalisch-chemische, mikrobiologische und sensorische Analysen durchf\u00fchren, einen vielf\u00e4ltigen und individuellen Service an: \u200b LABORVERGLEICHSUNTERSUCHUNGEN: Bipea bietet ein vielf\u00e4ltiges Programm an von mehr als [&hellip;]\" \/>\n<meta property=\"og:url\" content=\"https:\/\/www.bipea.org\/de\/unser-services\/\" \/>\n<meta property=\"og:site_name\" content=\"Bipea\" \/>\n<meta property=\"article:publisher\" content=\"https:\/\/www.facebook.com\/Bipea-Proficiency-Testing-Programs-1726595444310313\/\" \/>\n<meta property=\"article:modified_time\" content=\"2022-10-11T15:01:16+00:00\" \/>\n<meta name=\"twitter:card\" content=\"summary_large_image\" \/>\n<meta name=\"twitter:site\" content=\"@BipeaP\" \/>\n<meta name=\"twitter:label1\" content=\"Gesch\u00e4tzte Lesezeit\" \/>\n\t<meta name=\"twitter:data1\" content=\"2\u00a0Minuten\" \/>\n<script type=\"application\/ld+json\" class=\"yoast-schema-graph\">{\"@context\":\"https:\/\/schema.org\",\"@graph\":[{\"@type\":\"WebPage\",\"@id\":\"https:\/\/www.bipea.org\/de\/unser-services\/\",\"url\":\"https:\/\/www.bipea.org\/de\/unser-services\/\",\"name\":\"UNSER SERVICES - Bipea\",\"isPartOf\":{\"@id\":\"https:\/\/www.bipea.org\/de\/#website\"},\"datePublished\":\"2017-12-24T17:29:32+00:00\",\"dateModified\":\"2022-10-11T15:01:16+00:00\",\"breadcrumb\":{\"@id\":\"https:\/\/www.bipea.org\/de\/unser-services\/#breadcrumb\"},\"inLanguage\":\"de\",\"potentialAction\":[{\"@type\":\"ReadAction\",\"target\":[\"https:\/\/www.bipea.org\/de\/unser-services\/\"]}]},{\"@type\":\"BreadcrumbList\",\"@id\":\"https:\/\/www.bipea.org\/de\/unser-services\/#breadcrumb\",\"itemListElement\":[{\"@type\":\"ListItem\",\"position\":1,\"name\":\"Accueil\",\"item\":\"https:\/\/www.bipea.org\/de\/\"},{\"@type\":\"ListItem\",\"position\":2,\"name\":\"UNSER SERVICES\"}]},{\"@type\":\"WebSite\",\"@id\":\"https:\/\/www.bipea.org\/de\/#website\",\"url\":\"https:\/\/www.bipea.org\/de\/\",\"name\":\"Bipea\",\"description\":\"\",\"potentialAction\":[{\"@type\":\"SearchAction\",\"target\":{\"@type\":\"EntryPoint\",\"urlTemplate\":\"https:\/\/www.bipea.org\/de\/?s={search_term_string}\"},\"query-input\":{\"@type\":\"PropertyValueSpecification\",\"valueRequired\":true,\"valueName\":\"search_term_string\"}}],\"inLanguage\":\"de\"}]}<\/script>\n<!-- \/ Yoast SEO plugin. -->","yoast_head_json":{"title":"UNSER SERVICES - Bipea","robots":{"index":"index","follow":"follow","max-snippet":"max-snippet:-1","max-image-preview":"max-image-preview:large","max-video-preview":"max-video-preview:-1"},"canonical":"https:\/\/www.bipea.org\/de\/unser-services\/","og_locale":"de_DE","og_type":"article","og_title":"UNSER SERVICES - Bipea","og_description":"UNSER\u00a0ANPRUCH \u200b BIPEA m\u00f6chte zur Verbesserung der Qualit\u00e4t von Analyselaboren beitragen. Grunds\u00e4tzliches Ziel von Bipea ist es,\u00a0Ringversuche\u00a0in unterschiedlichen Marktsegmenten anzubieten, die ein sehr gutes Preis-Leistungsverh\u00e4ltnis haben. \u200b \u200b UNSER\u00a0SERVICE Bipea bietet Laboren, die physikalisch-chemische, mikrobiologische und sensorische Analysen durchf\u00fchren, einen vielf\u00e4ltigen und individuellen Service an: \u200b LABORVERGLEICHSUNTERSUCHUNGEN: Bipea bietet ein vielf\u00e4ltiges Programm an von mehr als [&hellip;]","og_url":"https:\/\/www.bipea.org\/de\/unser-services\/","og_site_name":"Bipea","article_publisher":"https:\/\/www.facebook.com\/Bipea-Proficiency-Testing-Programs-1726595444310313\/","article_modified_time":"2022-10-11T15:01:16+00:00","twitter_card":"summary_large_image","twitter_site":"@BipeaP","twitter_misc":{"Gesch\u00e4tzte Lesezeit":"2\u00a0Minuten"},"schema":{"@context":"https:\/\/schema.org","@graph":[{"@type":"WebPage","@id":"https:\/\/www.bipea.org\/de\/unser-services\/","url":"https:\/\/www.bipea.org\/de\/unser-services\/","name":"UNSER SERVICES - Bipea","isPartOf":{"@id":"https:\/\/www.bipea.org\/de\/#website"},"datePublished":"2017-12-24T17:29:32+00:00","dateModified":"2022-10-11T15:01:16+00:00","breadcrumb":{"@id":"https:\/\/www.bipea.org\/de\/unser-services\/#breadcrumb"},"inLanguage":"de","potentialAction":[{"@type":"ReadAction","target":["https:\/\/www.bipea.org\/de\/unser-services\/"]}]},{"@type":"BreadcrumbList","@id":"https:\/\/www.bipea.org\/de\/unser-services\/#breadcrumb","itemListElement":[{"@type":"ListItem","position":1,"name":"Accueil","item":"https:\/\/www.bipea.org\/de\/"},{"@type":"ListItem","position":2,"name":"UNSER SERVICES"}]},{"@type":"WebSite","@id":"https:\/\/www.bipea.org\/de\/#website","url":"https:\/\/www.bipea.org\/de\/","name":"Bipea","description":"","potentialAction":[{"@type":"SearchAction","target":{"@type":"EntryPoint","urlTemplate":"https:\/\/www.bipea.org\/de\/?s={search_term_string}"},"query-input":{"@type":"PropertyValueSpecification","valueRequired":true,"valueName":"search_term_string"}}],"inLanguage":"de"}]}},"_links":{"self":[{"href":"https:\/\/www.bipea.org\/de\/wp-json\/wp\/v2\/pages\/12648","targetHints":{"allow":["GET"]}}],"collection":[{"href":"https:\/\/www.bipea.org\/de\/wp-json\/wp\/v2\/pages"}],"about":[{"href":"https:\/\/www.bipea.org\/de\/wp-json\/wp\/v2\/types\/page"}],"author":[{"embeddable":true,"href":"https:\/\/www.bipea.org\/de\/wp-json\/wp\/v2\/users\/1"}],"replies":[{"embeddable":true,"href":"https:\/\/www.bipea.org\/de\/wp-json\/wp\/v2\/comments?post=12648"}],"version-history":[{"count":5,"href":"https:\/\/www.bipea.org\/de\/wp-json\/wp\/v2\/pages\/12648\/revisions"}],"predecessor-version":[{"id":18739,"href":"https:\/\/www.bipea.org\/de\/wp-json\/wp\/v2\/pages\/12648\/revisions\/18739"}],"wp:attachment":[{"href":"https:\/\/www.bipea.org\/de\/wp-json\/wp\/v2\/media?parent=12648"}],"curies":[{"name":"wp","href":"https:\/\/api.w.org\/{rel}","templated":true}]}}