{"id":12641,"date":"2017-12-21T20:05:59","date_gmt":"2017-12-21T19:05:59","guid":{"rendered":"https:\/\/www.bipea.org\/who-we-are\/"},"modified":"2022-10-11T17:00:29","modified_gmt":"2022-10-11T15:00:29","slug":"wir-uber-uns","status":"publish","type":"page","link":"https:\/\/www.bipea.org\/de\/wir-uber-uns\/","title":{"rendered":"WIR \u00dcBER UNS"},"content":{"rendered":"<p class=\"font_8\" style=\"text-align: justify;\"><span style=\"font-size: 14pt;\">Seit \u00fcber 50 Jahren organisiert Bipea Laborvergleichsuntersuchungen in verschiedenen Bereichen wie Getreide und Mehle, Nahrungs- und Futtermittel, Umwelt und Kosmetik. F\u00fcr die Testlaboratorien ist es eine Notwendigkeit, die Richtigkeit ihrer Resultate kurz-, mittel- und langfristig zu kontrollieren. Das Ziel von Bipea ist es daher, mit vielf\u00e4ltigem Service die Labore bei der Verbesserung ihrer Leistung zu unterst\u00fctzen und damit zur dauerhaften Qualit\u00e4tssicherung beizutragen.<\/span><\/p>\n<p class=\"font_8\" style=\"text-align: justify;\"><span class=\"wixGuard\" style=\"font-size: 14pt;\">\u200b<\/span><\/p>\n<p class=\"font_8\" style=\"text-align: justify;\"><strong><span style=\"color: #0076b3; font-size: 14pt;\">FIRMENHISTORIE<\/span><\/strong><\/p>\n<p class=\"font_8\"><span style=\"font-size: 14pt;\">BIPEA (Bureau Interprofessionnel d&#8217;Etudes Analytiques) ist eine private, internationale Non-Profit-Organisation und unterliegt dem Gesetz von 1901.<\/span><\/p>\n<p class=\"font_8\"><span style=\"font-size: 14pt;\">Im Jahr 1963 wurde eine Laborvergleichsuntersuchung mit Weizen und Mehl auf die Privatinitiative des ARIA (Association R\u00e9gionale des Industries Alimentaires\/Landesverband der Lebensmittelindustrie), INRA (Institut de Recherche Agronomique \/Institut f\u00fcr Agrarforschung) und dem CERDIA etabliert. Diese Ringversuche vereinten die Anliegen von etwa sechzig franz\u00f6sischen Laboren. Schnell wurde eine Struktur aufgebaut, deren vorwiegende T\u00e4tigkeit in der Organisation von Laborvergleichsuntersuchungen bestand. Hiermit war BIPEA geboren<\/span><\/p>\n<p style=\"text-align: justify;\"><span class=\"wixGuard\" style=\"font-size: 14pt;\">\u200b<\/span><\/p>\n<p class=\"font_8\" style=\"text-align: justify;\"><strong><span style=\"color: #0076b3; font-size: 14pt;\">BIPEA TODAY<\/span><\/strong><\/p>\n<p class=\"font_8\"><span style=\"font-size: 14pt;\">Im Jahr 1970 z\u00e4hlte BIPEA 60 Labore zu seinen Mitgliedern und bot 8 Ringversuche im Bereich Getreide an. Schrittweise erweiterte sich das T\u00e4tigkeitsfeld.<\/span><\/p>\n<p class=\"font_8\"><span style=\"font-size: 14pt;\">Sehr schnell wandte BIPEA sich dem internationalen Markt zu und erh\u00f6hte die Anzahl der Teilnehmer.<\/span><\/p>\n<p class=\"font_8\"><span style=\"font-size: 14pt;\">In den fr\u00fchen 1990er Jahren wurden zus\u00e4tzlich Ringversuche in den Bereichen Lebensmittel und Kontaminanten angeboten. Ende der 1990er Jahre wurde die Entstehung von Ringversuchen im Umweltbereich etabliert. Im Jahr 2009 f\u00fchrte BIPEA Ringversuche im Kosmetikbereich ein.<\/span><\/p>\n<p class=\"font_8\"><span style=\"font-size: 14pt;\">Heute, nach \u00fcber 50 Jahren des Bestehens hat BIPEA fast 2500 Labore als Mitglieder weltweit und bietet \u00fcber 120 regelm\u00e4\u00dfig stattfindende Laborvergleichsuntersuchungen an.<\/span><\/p>\n<p class=\"font_8\">\n","protected":false},"excerpt":{"rendered":"<p>Seit \u00fcber 50 Jahren organisiert Bipea Laborvergleichsuntersuchungen in verschiedenen Bereichen wie Getreide und Mehle, Nahrungs- und Futtermittel, Umwelt und Kosmetik. F\u00fcr die Testlaboratorien ist es eine Notwendigkeit, die Richtigkeit ihrer Resultate kurz-, mittel- und langfristig zu kontrollieren. Das Ziel von Bipea ist es daher, mit vielf\u00e4ltigem Service die Labore bei der Verbesserung ihrer Leistung zu unterst\u00fctzen [&hellip;]<\/p>\n","protected":false},"author":1,"featured_media":0,"parent":0,"menu_order":0,"comment_status":"closed","ping_status":"closed","template":"","meta":{"footnotes":""},"class_list":["post-12641","page","type-page","status-publish","hentry"],"yoast_head":"<!-- This site is optimized with the Yoast SEO plugin v27.0 - https:\/\/yoast.com\/product\/yoast-seo-wordpress\/ -->\n<title>WIR \u00dcBER UNS - Bipea<\/title>\n<meta name=\"robots\" content=\"index, follow, max-snippet:-1, max-image-preview:large, max-video-preview:-1\" \/>\n<link rel=\"canonical\" href=\"https:\/\/www.bipea.org\/de\/wir-uber-uns\/\" \/>\n<meta property=\"og:locale\" content=\"de_DE\" \/>\n<meta property=\"og:type\" content=\"article\" \/>\n<meta property=\"og:title\" content=\"WIR \u00dcBER UNS - Bipea\" \/>\n<meta property=\"og:description\" content=\"Seit \u00fcber 50 Jahren organisiert Bipea Laborvergleichsuntersuchungen in verschiedenen Bereichen wie Getreide und Mehle, Nahrungs- und Futtermittel, Umwelt und Kosmetik. F\u00fcr die Testlaboratorien ist es eine Notwendigkeit, die Richtigkeit ihrer Resultate kurz-, mittel- und langfristig zu kontrollieren. Das Ziel von Bipea ist es daher, mit vielf\u00e4ltigem Service die Labore bei der Verbesserung ihrer Leistung zu unterst\u00fctzen [&hellip;]\" \/>\n<meta property=\"og:url\" content=\"https:\/\/www.bipea.org\/de\/wir-uber-uns\/\" \/>\n<meta property=\"og:site_name\" content=\"Bipea\" \/>\n<meta property=\"article:publisher\" content=\"https:\/\/www.facebook.com\/Bipea-Proficiency-Testing-Programs-1726595444310313\/\" \/>\n<meta property=\"article:modified_time\" content=\"2022-10-11T15:00:29+00:00\" \/>\n<meta name=\"twitter:card\" content=\"summary_large_image\" \/>\n<meta name=\"twitter:site\" content=\"@BipeaP\" \/>\n<meta name=\"twitter:label1\" content=\"Gesch\u00e4tzte Lesezeit\" \/>\n\t<meta name=\"twitter:data1\" content=\"2\u00a0Minuten\" \/>\n<script type=\"application\/ld+json\" class=\"yoast-schema-graph\">{\"@context\":\"https:\/\/schema.org\",\"@graph\":[{\"@type\":\"WebPage\",\"@id\":\"https:\/\/www.bipea.org\/de\/wir-uber-uns\/\",\"url\":\"https:\/\/www.bipea.org\/de\/wir-uber-uns\/\",\"name\":\"WIR \u00dcBER UNS - Bipea\",\"isPartOf\":{\"@id\":\"https:\/\/www.bipea.org\/de\/#website\"},\"datePublished\":\"2017-12-21T19:05:59+00:00\",\"dateModified\":\"2022-10-11T15:00:29+00:00\",\"breadcrumb\":{\"@id\":\"https:\/\/www.bipea.org\/de\/wir-uber-uns\/#breadcrumb\"},\"inLanguage\":\"de\",\"potentialAction\":[{\"@type\":\"ReadAction\",\"target\":[\"https:\/\/www.bipea.org\/de\/wir-uber-uns\/\"]}]},{\"@type\":\"BreadcrumbList\",\"@id\":\"https:\/\/www.bipea.org\/de\/wir-uber-uns\/#breadcrumb\",\"itemListElement\":[{\"@type\":\"ListItem\",\"position\":1,\"name\":\"Accueil\",\"item\":\"https:\/\/www.bipea.org\/de\/\"},{\"@type\":\"ListItem\",\"position\":2,\"name\":\"WIR \u00dcBER UNS\"}]},{\"@type\":\"WebSite\",\"@id\":\"https:\/\/www.bipea.org\/de\/#website\",\"url\":\"https:\/\/www.bipea.org\/de\/\",\"name\":\"Bipea\",\"description\":\"\",\"potentialAction\":[{\"@type\":\"SearchAction\",\"target\":{\"@type\":\"EntryPoint\",\"urlTemplate\":\"https:\/\/www.bipea.org\/de\/?s={search_term_string}\"},\"query-input\":{\"@type\":\"PropertyValueSpecification\",\"valueRequired\":true,\"valueName\":\"search_term_string\"}}],\"inLanguage\":\"de\"}]}<\/script>\n<!-- \/ Yoast SEO plugin. -->","yoast_head_json":{"title":"WIR \u00dcBER UNS - Bipea","robots":{"index":"index","follow":"follow","max-snippet":"max-snippet:-1","max-image-preview":"max-image-preview:large","max-video-preview":"max-video-preview:-1"},"canonical":"https:\/\/www.bipea.org\/de\/wir-uber-uns\/","og_locale":"de_DE","og_type":"article","og_title":"WIR \u00dcBER UNS - Bipea","og_description":"Seit \u00fcber 50 Jahren organisiert Bipea Laborvergleichsuntersuchungen in verschiedenen Bereichen wie Getreide und Mehle, Nahrungs- und Futtermittel, Umwelt und Kosmetik. F\u00fcr die Testlaboratorien ist es eine Notwendigkeit, die Richtigkeit ihrer Resultate kurz-, mittel- und langfristig zu kontrollieren. Das Ziel von Bipea ist es daher, mit vielf\u00e4ltigem Service die Labore bei der Verbesserung ihrer Leistung zu unterst\u00fctzen [&hellip;]","og_url":"https:\/\/www.bipea.org\/de\/wir-uber-uns\/","og_site_name":"Bipea","article_publisher":"https:\/\/www.facebook.com\/Bipea-Proficiency-Testing-Programs-1726595444310313\/","article_modified_time":"2022-10-11T15:00:29+00:00","twitter_card":"summary_large_image","twitter_site":"@BipeaP","twitter_misc":{"Gesch\u00e4tzte Lesezeit":"2\u00a0Minuten"},"schema":{"@context":"https:\/\/schema.org","@graph":[{"@type":"WebPage","@id":"https:\/\/www.bipea.org\/de\/wir-uber-uns\/","url":"https:\/\/www.bipea.org\/de\/wir-uber-uns\/","name":"WIR \u00dcBER UNS - Bipea","isPartOf":{"@id":"https:\/\/www.bipea.org\/de\/#website"},"datePublished":"2017-12-21T19:05:59+00:00","dateModified":"2022-10-11T15:00:29+00:00","breadcrumb":{"@id":"https:\/\/www.bipea.org\/de\/wir-uber-uns\/#breadcrumb"},"inLanguage":"de","potentialAction":[{"@type":"ReadAction","target":["https:\/\/www.bipea.org\/de\/wir-uber-uns\/"]}]},{"@type":"BreadcrumbList","@id":"https:\/\/www.bipea.org\/de\/wir-uber-uns\/#breadcrumb","itemListElement":[{"@type":"ListItem","position":1,"name":"Accueil","item":"https:\/\/www.bipea.org\/de\/"},{"@type":"ListItem","position":2,"name":"WIR \u00dcBER UNS"}]},{"@type":"WebSite","@id":"https:\/\/www.bipea.org\/de\/#website","url":"https:\/\/www.bipea.org\/de\/","name":"Bipea","description":"","potentialAction":[{"@type":"SearchAction","target":{"@type":"EntryPoint","urlTemplate":"https:\/\/www.bipea.org\/de\/?s={search_term_string}"},"query-input":{"@type":"PropertyValueSpecification","valueRequired":true,"valueName":"search_term_string"}}],"inLanguage":"de"}]}},"_links":{"self":[{"href":"https:\/\/www.bipea.org\/de\/wp-json\/wp\/v2\/pages\/12641","targetHints":{"allow":["GET"]}}],"collection":[{"href":"https:\/\/www.bipea.org\/de\/wp-json\/wp\/v2\/pages"}],"about":[{"href":"https:\/\/www.bipea.org\/de\/wp-json\/wp\/v2\/types\/page"}],"author":[{"embeddable":true,"href":"https:\/\/www.bipea.org\/de\/wp-json\/wp\/v2\/users\/1"}],"replies":[{"embeddable":true,"href":"https:\/\/www.bipea.org\/de\/wp-json\/wp\/v2\/comments?post=12641"}],"version-history":[{"count":6,"href":"https:\/\/www.bipea.org\/de\/wp-json\/wp\/v2\/pages\/12641\/revisions"}],"predecessor-version":[{"id":18738,"href":"https:\/\/www.bipea.org\/de\/wp-json\/wp\/v2\/pages\/12641\/revisions\/18738"}],"wp:attachment":[{"href":"https:\/\/www.bipea.org\/de\/wp-json\/wp\/v2\/media?parent=12641"}],"curies":[{"name":"wp","href":"https:\/\/api.w.org\/{rel}","templated":true}]}}